{"id":16289,"date":"2021-12-21T12:07:54","date_gmt":"2021-12-21T11:07:54","guid":{"rendered":"https:\/\/www.incomsa.ch\/condizioni-generali-di-vendita-e-consegna\/"},"modified":"2021-12-21T18:13:45","modified_gmt":"2021-12-21T17:13:45","slug":"allgemeine-verkaufs-und-lieferbedingungen","status":"publish","type":"page","link":"https:\/\/www.incomsa.ch\/de\/allgemeine-verkaufs-und-lieferbedingungen\/","title":{"rendered":"ALLGEMEINE VERKAUFS- UND LIEFERBEDINGUNGEN"},"content":{"rendered":"<div class=\"fusion-fullwidth fullwidth-box fusion-builder-row-1 fusion-flex-container nonhundred-percent-fullwidth non-hundred-percent-height-scrolling\" style=\"--awb-border-radius-top-left:0px;--awb-border-radius-top-right:0px;--awb-border-radius-bottom-right:0px;--awb-border-radius-bottom-left:0px;--awb-flex-wrap:wrap;\" ><div class=\"fusion-builder-row fusion-row fusion-flex-align-items-flex-start fusion-flex-content-wrap\" style=\"max-width:1144px;margin-left: calc(-4% \/ 2 );margin-right: calc(-4% \/ 2 );\"><div class=\"fusion-layout-column fusion_builder_column fusion-builder-column-0 fusion_builder_column_1_1 1_1 fusion-flex-column\" style=\"--awb-bg-size:cover;--awb-width-large:100%;--awb-margin-top-large:0px;--awb-spacing-right-large:1.92%;--awb-margin-bottom-large:20px;--awb-spacing-left-large:1.92%;--awb-width-medium:100%;--awb-order-medium:0;--awb-spacing-right-medium:1.92%;--awb-spacing-left-medium:1.92%;--awb-width-small:100%;--awb-order-small:0;--awb-spacing-right-small:1.92%;--awb-spacing-left-small:1.92%;\"><div class=\"fusion-column-wrapper fusion-column-has-shadow fusion-flex-justify-content-flex-start fusion-content-layout-column\"><div class=\"fusion-text fusion-text-1\" style=\"--awb-text-transform:none;\"><p style=\"text-align: center;\"><strong>ALLGEMEINE VERKAUFS- UND LIEFERBEDINGUNGEN<\/strong><\/p>\n<\/div><div class=\"fusion-text fusion-text-2\" style=\"--awb-text-transform:none;\"><ol>\n<li>Die vorliegenden allgemeinen Bedingungen (AVLB) sind ein fester Bestandteil aller Verkaufs- und Liefervertr\u00e4ge, die zwischen Incomsa SA und den Kunden abgeschlossen werden. Die allgemeinen Bedingungen des Bestellers finden keine Anwendung, auch nicht, wenn die Besteller auf diese Bedingungen verweisen. Die aktualisierten AVLB werden bei den Angeboten, den Preislisten und auf der Webseite www.incomsa.ch ver\u00f6ffentlicht Etwaige \u00c4nderungen und\/oder Erg\u00e4nzungen der vorliegenden AVLB erfordern zwangsl\u00e4ufig die Schriftform.<\/li>\n<li>Die Lieferungen und die etwaigen Leistungen sind in der Bestellbest\u00e4tigung in umfassender Weise aufgef\u00fchrt. Incomsa beh\u00e4lt sich das Recht vor, die Bestellmenge um einen Prozentsatz zwischen +\/- 10% (zehn) zu \u00e4ndern, damit die entsprechende Menge den Standardverpackungen entspricht.<br \/>\nAndere \u00c4nderungen, als jene, die im vorgehenden Abschnitt erl\u00e4utert werden, m\u00fcssen schriftlich mitgeteilt und schriftlich vom Kunden angenommen werden.<\/li>\n<li>Die in den Prospekten und Katalogen enthaltenen Angaben sind nicht verbindlich. Die Angebote sind bis zur schriftlichen Bestellbest\u00e4tigung durch Incomsa SA an den Kunden nicht als verbindlich zu betrachten. Auch die vom Kunden aufgegebenen Bestellungen sind nur unter der Ber\u00fccksichtigung der entsprechenden geltenden AVLB und nur nach der ausdr\u00fccklichen schriftlichen Annahme durch Incomsa SA g\u00fcltig.<\/li>\n<li>Es gelten die Preise, die zum Zeitpunkt des Erhalts der Bestellung in Kraft sind, Incomsa SA beh\u00e4lt sich jedoch das Recht vor, diese anzupassen, wenn sie durch die Marktbedingungen zum Zeitpunkt der Rechnungsstellung Schwankungen erlitten haben. Der Kunde wird immer schriftlich \u00fcber etwaige Preis\u00e4nderungen informiert, die bei der Rechnungsstellung erforderlich sein sollten. Die Listenpreise verstehen sich ausschliesslich gesetzlicher MwSt.<\/li>\n<li>Incomsa beh\u00e4lt sich das Recht vor, bereits best\u00e4tigte Bestellungen aufgrund von unvorhersehbaren Ereignissen oder h\u00f6herer Gewalt zu stornieren.<br \/>\nDie Lieferfristen dienen ausschliesslich der Information, insofern soweit Hinderungsgr\u00fcnde eintreten, die Incomsa SA trotz angemessener Bem\u00fchungen nicht vorhersehen kann. Die Nichteinhaltung von Lieferdaten und- fristen r\u00e4umt dem Kunden keinen Anspruch auf Schadenersatz ein.<\/li>\n<li>Alle Rechnungen m\u00fcssen innerhalb der Fristen, die auf den jeweiligen Rechnungen angegeben sind, beglichen werden.<br \/>\nBei Nichtzahlung im festgelegten Zeitraum ist der Kunde verpflichtet, ab dem F\u00e4lligkeitsdatum Verzugszinsen zu bezahlen, ohne dass dazu eine formelle Mahnung von Incomsa SA erforderlich w\u00e4re.<\/li>\n<li>Sofern nicht anderweitig schriftlich vereinbart, gehen die Nutzen und Risiken beim Ausgang der Waren aus dem Lager von Incomsa auf den Kunden \u00fcber.<br \/>\nDer Versand erfolgt auf Risiko und Gefahr des Kunden. Incomsa organisiert den Transport der Ware nach eigenem Ermessen, wobei sie im Rahmen des M\u00f6glichen die besonderen Bed\u00fcrfnisse des Kunden ber\u00fccksichtigt. S\u00e4mtliche Kosten f\u00fcr Versand und zus\u00e4tzliche Leistungen im Bereich der Logistik gehen zulasten des Kunden, sofern es sich nicht um Kosten der Nacherf\u00fcllung aufgrund von M\u00e4ngeln handelt.<\/li>\n<li>Der Kunde muss die gelieferte Ware und die entsprechende Rechnung rechtzeitig \u00fcberpr\u00fcfen und unverz\u00fcglich jedweden Mangel in Bezug auf die Produkte, Dienstleistungen und\/oder Fehler bei der Rechnung beanstanden. Dies hat sp\u00e4testens innerhalb von 8 (acht) Tagen ab dem Erhalt der Produkte oder der Rechnung oder der Erbringung der Dienstleistungen zu geschehen. Etwaige versteckte M\u00e4ngel m\u00fcssen sofort nach deren Entdeckung beanstandet werden.<\/li>\n<li>Incomsa SA garantiert, dass die gelieferten Produkte bei der Herstellung frei von M\u00e4ngeln und Fehlern sind.<br \/>\nDie Garantie ist jedoch nur unter der Voraussetzung g\u00fcltig, dass das Produkt in \u00dcbereinstimmung mit dem jeweiligen Verwendungszweck, f\u00fcr den es bestimmt ist, angewandt, gehandhabt und aufbewahrt wird, sowie auch gem\u00e4ss den allf\u00e4lligen spezifischen Anweisungen von Incomsa SA. Die Garantierechte m\u00fcssen schriftlich geltend gemacht werden, mit der Angabe des Kaufdatums und einer detaillierten Beschreibung des Mangels. Bei nachgewiesenen M\u00e4ngeln hat der Kunde Anspruch auf Umtausch der Ware. Weitere Anspr\u00fcche sind ausdr\u00fccklich ausgeschlossen, insbesondere ausgeschlossen sind der Schadenersatzanspruch, die K\u00fcrzung der Rechnung und\/oder der R\u00fccktritt vom Vertrag.<\/li>\n<li>Incomsa SA beh\u00e4lt sich das Recht vor, jederzeit \u00c4nderungen an den Allgemeinen Verkaufs- und Lieferbedingungen vorzunehmen.<\/li>\n<li>Das Vertragsverh\u00e4ltnis unterliegt dem Schweizer Recht und bei Streitigkeiten, die aus der Ausf\u00fchrung und\/oder Auslegung des Vertrags hervorgehen, ist das Gericht von Mendrisio zust\u00e4ndig.<\/li>\n<\/ol>\n<\/div><\/div><\/div><\/div><\/div>\n","protected":false},"excerpt":{"rendered":"","protected":false},"author":3,"featured_media":0,"parent":0,"menu_order":0,"comment_status":"closed","ping_status":"closed","template":"","meta":{"footnotes":""},"class_list":["post-16289","page","type-page","status-publish","hentry"],"yoast_head":"<!-- This site is optimized with the Yoast SEO plugin v27.4 - https:\/\/yoast.com\/product\/yoast-seo-wordpress\/ -->\n<title>ALLGEMEINE VERKAUFS- UND LIEFERBEDINGUNGEN - INCOMSA<\/title>\n<meta name=\"robots\" content=\"index, follow, max-snippet:-1, max-image-preview:large, max-video-preview:-1\" \/>\n<link rel=\"canonical\" href=\"https:\/\/www.incomsa.ch\/de\/allgemeine-verkaufs-und-lieferbedingungen\/\" \/>\n<meta property=\"og:locale\" content=\"de_DE\" \/>\n<meta property=\"og:type\" content=\"article\" \/>\n<meta property=\"og:title\" content=\"ALLGEMEINE VERKAUFS- UND LIEFERBEDINGUNGEN - INCOMSA\" \/>\n<meta property=\"og:url\" content=\"https:\/\/www.incomsa.ch\/de\/allgemeine-verkaufs-und-lieferbedingungen\/\" \/>\n<meta property=\"og:site_name\" content=\"INCOMSA\" \/>\n<meta property=\"article:modified_time\" content=\"2021-12-21T17:13:45+00:00\" \/>\n<meta property=\"og:image\" content=\"https:\/\/www.incomsa.ch\/wp-content\/uploads\/2022\/05\/nastri-personalizzati-1.jpg\" \/>\n\t<meta property=\"og:image:width\" content=\"900\" \/>\n\t<meta property=\"og:image:height\" content=\"600\" \/>\n\t<meta property=\"og:image:type\" content=\"image\/jpeg\" \/>\n<meta name=\"twitter:card\" content=\"summary_large_image\" \/>\n<meta name=\"twitter:label1\" content=\"Gesch\u00e4tzte Lesezeit\" \/>\n\t<meta name=\"twitter:data1\" content=\"7\u00a0Minuten\" \/>\n<script type=\"application\/ld+json\" class=\"yoast-schema-graph\">{\"@context\":\"https:\\\/\\\/schema.org\",\"@graph\":[{\"@type\":\"WebPage\",\"@id\":\"https:\\\/\\\/www.incomsa.ch\\\/de\\\/allgemeine-verkaufs-und-lieferbedingungen\\\/\",\"url\":\"https:\\\/\\\/www.incomsa.ch\\\/de\\\/allgemeine-verkaufs-und-lieferbedingungen\\\/\",\"name\":\"ALLGEMEINE VERKAUFS- UND LIEFERBEDINGUNGEN - INCOMSA\",\"isPartOf\":{\"@id\":\"https:\\\/\\\/www.incomsa.ch\\\/de\\\/#website\"},\"datePublished\":\"2021-12-21T11:07:54+00:00\",\"dateModified\":\"2021-12-21T17:13:45+00:00\",\"breadcrumb\":{\"@id\":\"https:\\\/\\\/www.incomsa.ch\\\/de\\\/allgemeine-verkaufs-und-lieferbedingungen\\\/#breadcrumb\"},\"inLanguage\":\"de\",\"potentialAction\":[{\"@type\":\"ReadAction\",\"target\":[\"https:\\\/\\\/www.incomsa.ch\\\/de\\\/allgemeine-verkaufs-und-lieferbedingungen\\\/\"]}]},{\"@type\":\"BreadcrumbList\",\"@id\":\"https:\\\/\\\/www.incomsa.ch\\\/de\\\/allgemeine-verkaufs-und-lieferbedingungen\\\/#breadcrumb\",\"itemListElement\":[{\"@type\":\"ListItem\",\"position\":1,\"name\":\"Home\",\"item\":\"https:\\\/\\\/www.incomsa.ch\\\/de\\\/\"},{\"@type\":\"ListItem\",\"position\":2,\"name\":\"ALLGEMEINE VERKAUFS- UND LIEFERBEDINGUNGEN\"}]},{\"@type\":\"WebSite\",\"@id\":\"https:\\\/\\\/www.incomsa.ch\\\/de\\\/#website\",\"url\":\"https:\\\/\\\/www.incomsa.ch\\\/de\\\/\",\"name\":\"INCOMSA SA - Nastri adesivi, Film estensibili e Imballaggio\",\"description\":\"Nastri adesivi, Film estensibili e Imballaggio\",\"publisher\":{\"@id\":\"https:\\\/\\\/www.incomsa.ch\\\/de\\\/#organization\"},\"alternateName\":\"Nastri adesivi, Film estensibili e Imballaggio - Svizzara\",\"potentialAction\":[{\"@type\":\"SearchAction\",\"target\":{\"@type\":\"EntryPoint\",\"urlTemplate\":\"https:\\\/\\\/www.incomsa.ch\\\/de\\\/?s={search_term_string}\"},\"query-input\":{\"@type\":\"PropertyValueSpecification\",\"valueRequired\":true,\"valueName\":\"search_term_string\"}}],\"inLanguage\":\"de\"},{\"@type\":\"Organization\",\"@id\":\"https:\\\/\\\/www.incomsa.ch\\\/de\\\/#organization\",\"name\":\"INCOMSA SA - Nastri adesivi, Film estensibili e Imballaggio\",\"alternateName\":\"Nastri adesivi, Film estensibili e Imballaggio - Svizzera\",\"url\":\"https:\\\/\\\/www.incomsa.ch\\\/de\\\/\",\"logo\":{\"@type\":\"ImageObject\",\"inLanguage\":\"de\",\"@id\":\"https:\\\/\\\/www.incomsa.ch\\\/de\\\/#\\\/schema\\\/logo\\\/image\\\/\",\"url\":\"https:\\\/\\\/www.incomsa.ch\\\/wp-content\\\/uploads\\\/2021\\\/06\\\/incomsa-logo.jpg\",\"contentUrl\":\"https:\\\/\\\/www.incomsa.ch\\\/wp-content\\\/uploads\\\/2021\\\/06\\\/incomsa-logo.jpg\",\"width\":1200,\"height\":1200,\"caption\":\"INCOMSA SA - Nastri adesivi, Film estensibili e Imballaggio\"},\"image\":{\"@id\":\"https:\\\/\\\/www.incomsa.ch\\\/de\\\/#\\\/schema\\\/logo\\\/image\\\/\"}}]}<\/script>\n<!-- \/ Yoast SEO plugin. -->","yoast_head_json":{"title":"ALLGEMEINE VERKAUFS- UND LIEFERBEDINGUNGEN - INCOMSA","robots":{"index":"index","follow":"follow","max-snippet":"max-snippet:-1","max-image-preview":"max-image-preview:large","max-video-preview":"max-video-preview:-1"},"canonical":"https:\/\/www.incomsa.ch\/de\/allgemeine-verkaufs-und-lieferbedingungen\/","og_locale":"de_DE","og_type":"article","og_title":"ALLGEMEINE VERKAUFS- UND LIEFERBEDINGUNGEN - INCOMSA","og_url":"https:\/\/www.incomsa.ch\/de\/allgemeine-verkaufs-und-lieferbedingungen\/","og_site_name":"INCOMSA","article_modified_time":"2021-12-21T17:13:45+00:00","og_image":[{"width":900,"height":600,"url":"https:\/\/www.incomsa.ch\/wp-content\/uploads\/2022\/05\/nastri-personalizzati-1.jpg","type":"image\/jpeg"}],"twitter_card":"summary_large_image","twitter_misc":{"Gesch\u00e4tzte Lesezeit":"7\u00a0Minuten"},"schema":{"@context":"https:\/\/schema.org","@graph":[{"@type":"WebPage","@id":"https:\/\/www.incomsa.ch\/de\/allgemeine-verkaufs-und-lieferbedingungen\/","url":"https:\/\/www.incomsa.ch\/de\/allgemeine-verkaufs-und-lieferbedingungen\/","name":"ALLGEMEINE VERKAUFS- UND LIEFERBEDINGUNGEN - INCOMSA","isPartOf":{"@id":"https:\/\/www.incomsa.ch\/de\/#website"},"datePublished":"2021-12-21T11:07:54+00:00","dateModified":"2021-12-21T17:13:45+00:00","breadcrumb":{"@id":"https:\/\/www.incomsa.ch\/de\/allgemeine-verkaufs-und-lieferbedingungen\/#breadcrumb"},"inLanguage":"de","potentialAction":[{"@type":"ReadAction","target":["https:\/\/www.incomsa.ch\/de\/allgemeine-verkaufs-und-lieferbedingungen\/"]}]},{"@type":"BreadcrumbList","@id":"https:\/\/www.incomsa.ch\/de\/allgemeine-verkaufs-und-lieferbedingungen\/#breadcrumb","itemListElement":[{"@type":"ListItem","position":1,"name":"Home","item":"https:\/\/www.incomsa.ch\/de\/"},{"@type":"ListItem","position":2,"name":"ALLGEMEINE VERKAUFS- UND LIEFERBEDINGUNGEN"}]},{"@type":"WebSite","@id":"https:\/\/www.incomsa.ch\/de\/#website","url":"https:\/\/www.incomsa.ch\/de\/","name":"INCOMSA SA - Nastri adesivi, Film estensibili e Imballaggio","description":"Nastri adesivi, Film estensibili e Imballaggio","publisher":{"@id":"https:\/\/www.incomsa.ch\/de\/#organization"},"alternateName":"Nastri adesivi, Film estensibili e Imballaggio - Svizzara","potentialAction":[{"@type":"SearchAction","target":{"@type":"EntryPoint","urlTemplate":"https:\/\/www.incomsa.ch\/de\/?s={search_term_string}"},"query-input":{"@type":"PropertyValueSpecification","valueRequired":true,"valueName":"search_term_string"}}],"inLanguage":"de"},{"@type":"Organization","@id":"https:\/\/www.incomsa.ch\/de\/#organization","name":"INCOMSA SA - Nastri adesivi, Film estensibili e Imballaggio","alternateName":"Nastri adesivi, Film estensibili e Imballaggio - Svizzera","url":"https:\/\/www.incomsa.ch\/de\/","logo":{"@type":"ImageObject","inLanguage":"de","@id":"https:\/\/www.incomsa.ch\/de\/#\/schema\/logo\/image\/","url":"https:\/\/www.incomsa.ch\/wp-content\/uploads\/2021\/06\/incomsa-logo.jpg","contentUrl":"https:\/\/www.incomsa.ch\/wp-content\/uploads\/2021\/06\/incomsa-logo.jpg","width":1200,"height":1200,"caption":"INCOMSA SA - Nastri adesivi, Film estensibili e Imballaggio"},"image":{"@id":"https:\/\/www.incomsa.ch\/de\/#\/schema\/logo\/image\/"}}]}},"_links":{"self":[{"href":"https:\/\/www.incomsa.ch\/de\/wp-json\/wp\/v2\/pages\/16289","targetHints":{"allow":["GET"]}}],"collection":[{"href":"https:\/\/www.incomsa.ch\/de\/wp-json\/wp\/v2\/pages"}],"about":[{"href":"https:\/\/www.incomsa.ch\/de\/wp-json\/wp\/v2\/types\/page"}],"author":[{"embeddable":true,"href":"https:\/\/www.incomsa.ch\/de\/wp-json\/wp\/v2\/users\/3"}],"replies":[{"embeddable":true,"href":"https:\/\/www.incomsa.ch\/de\/wp-json\/wp\/v2\/comments?post=16289"}],"version-history":[{"count":9,"href":"https:\/\/www.incomsa.ch\/de\/wp-json\/wp\/v2\/pages\/16289\/revisions"}],"predecessor-version":[{"id":16298,"href":"https:\/\/www.incomsa.ch\/de\/wp-json\/wp\/v2\/pages\/16289\/revisions\/16298"}],"wp:attachment":[{"href":"https:\/\/www.incomsa.ch\/de\/wp-json\/wp\/v2\/media?parent=16289"}],"curies":[{"name":"wp","href":"https:\/\/api.w.org\/{rel}","templated":true}]}}