{"id":1799,"date":"2013-09-17T10:56:00","date_gmt":"2013-09-17T08:56:00","guid":{"rendered":"http:\/\/www.incomsa.ch\/produkte\/linea-adesivi-scotch-3m\/"},"modified":"2018-04-17T11:58:37","modified_gmt":"2018-04-17T09:58:37","slug":"klebstoffe-scotch-3m","status":"publish","type":"page","link":"https:\/\/www.incomsa.ch\/de\/klebstoffe-scotch-3m\/","title":{"rendered":"Klebstoffe Scotch 3M"},"content":{"rendered":"<div class=\"fusion-fullwidth fullwidth-box fusion-builder-row-1 nonhundred-percent-fullwidth non-hundred-percent-height-scrolling\" style=\"--awb-border-radius-top-left:0px;--awb-border-radius-top-right:0px;--awb-border-radius-bottom-right:0px;--awb-border-radius-bottom-left:0px;--awb-flex-wrap:wrap;\" ><div class=\"fusion-builder-row fusion-row\"><div class=\"fusion-layout-column fusion_builder_column fusion-builder-column-0 fusion_builder_column_1_1 1_1 fusion-one-full fusion-column-first fusion-column-last\" style=\"--awb-bg-size:cover;--awb-margin-bottom:0px;\"><div class=\"fusion-column-wrapper fusion-flex-column-wrapper-legacy\"><div class=\"fusion-text fusion-text-1\"><p>Jahrzehntelange Erfahrung und innovative Forschung in der Technologie der Klebstoffe und Klebeb\u00e4nder haben dazu gef\u016bhrt, dass die bekannte amerikanische Firma 3M (Minnesota Mining &amp; Manufacturing Company) uns eine unendliche Auswahl an Befestigungsl\u00f6sungen f\u016br die verschiedene Sektoren bietet.<\/p>\n<p><strong>F\u00dcR VERSCHIEDENE SEKTOREN:<br \/>\n<\/strong><br \/>\n<strong>INDUSTRIE<\/strong><br \/>\n\u2022 Doppelseitig Klebeb\u00e4nder<br \/>\n\u2022 Sch\u00e4ume und verschiedene Tr\u00e4germaterialien<br \/>\n\u2022 Verpackungsklebeb\u00e4nder<br \/>\n\u2022 Signalisation<br \/>\n\u2022 Klebstoffe aus Wasserbasis Acryl, Naturkautschuk, Hotmelt, usw.<\/p>\n<p><strong>BAUSEKTOR:<\/strong><br \/>\n\u2022 Standard Abdeckb\u00e4nder<br \/>\n\u2022 UV-best\u00e4ndige Abdeckb\u00e4nder<br \/>\n\u2022 Klebeb\u00e4nder mit niedriger Dicke f\u00fcr Fein- und Pr\u00e4zisionsbearbeitungen<br \/>\n\u2022 Klebeb\u00e4nder mit geringer oder hoher Klebekraft je nach Anwendungsbedarf<br \/>\n\u2022 Schleifmittel-Systeme<br \/>\n\u2022 Schw\u00e4mme und Scotch Brite Produkte<br \/>\n\u2022 Anti-Rutsch-B\u00e4nder<br \/>\n\u2022 Arbeitsschutz-Produkte, Atemschutz Masken usw.<\/p>\n<\/div><div class=\"fusion-clearfix\"><\/div><\/div><\/div><\/div><\/div>\n","protected":false},"excerpt":{"rendered":"","protected":false},"author":3,"featured_media":589,"parent":0,"menu_order":0,"comment_status":"open","ping_status":"closed","template":"","meta":{"footnotes":""},"class_list":["post-1799","page","type-page","status-publish","has-post-thumbnail","hentry"],"yoast_head":"<!-- This site is optimized with the Yoast SEO plugin v27.4 - https:\/\/yoast.com\/product\/yoast-seo-wordpress\/ -->\n<title>Klebstoffe Scotch 3M - INCOMSA<\/title>\n<meta name=\"robots\" content=\"index, follow, max-snippet:-1, max-image-preview:large, max-video-preview:-1\" \/>\n<link rel=\"canonical\" href=\"https:\/\/www.incomsa.ch\/de\/klebstoffe-scotch-3m\/\" \/>\n<meta property=\"og:locale\" content=\"de_DE\" \/>\n<meta property=\"og:type\" content=\"article\" \/>\n<meta property=\"og:title\" content=\"Klebstoffe Scotch 3M - INCOMSA\" \/>\n<meta property=\"og:url\" content=\"https:\/\/www.incomsa.ch\/de\/klebstoffe-scotch-3m\/\" \/>\n<meta property=\"og:site_name\" content=\"INCOMSA\" \/>\n<meta property=\"article:modified_time\" content=\"2018-04-17T09:58:37+00:00\" \/>\n<meta property=\"og:image\" content=\"https:\/\/www.incomsa.ch\/wp-content\/uploads\/2013\/09\/IMG_1599-11.jpg\" \/>\n\t<meta property=\"og:image:width\" content=\"900\" \/>\n\t<meta property=\"og:image:height\" content=\"600\" \/>\n\t<meta property=\"og:image:type\" content=\"image\/jpeg\" \/>\n<meta name=\"twitter:card\" content=\"summary_large_image\" \/>\n<meta name=\"twitter:label1\" content=\"Gesch\u00e4tzte Lesezeit\" \/>\n\t<meta name=\"twitter:data1\" content=\"1\u00a0Minute\" \/>\n<script type=\"application\/ld+json\" class=\"yoast-schema-graph\">{\"@context\":\"https:\\\/\\\/schema.org\",\"@graph\":[{\"@type\":\"WebPage\",\"@id\":\"https:\\\/\\\/www.incomsa.ch\\\/de\\\/klebstoffe-scotch-3m\\\/\",\"url\":\"https:\\\/\\\/www.incomsa.ch\\\/de\\\/klebstoffe-scotch-3m\\\/\",\"name\":\"Klebstoffe Scotch 3M - INCOMSA\",\"isPartOf\":{\"@id\":\"https:\\\/\\\/www.incomsa.ch\\\/de\\\/#website\"},\"primaryImageOfPage\":{\"@id\":\"https:\\\/\\\/www.incomsa.ch\\\/de\\\/klebstoffe-scotch-3m\\\/#primaryimage\"},\"image\":{\"@id\":\"https:\\\/\\\/www.incomsa.ch\\\/de\\\/klebstoffe-scotch-3m\\\/#primaryimage\"},\"thumbnailUrl\":\"https:\\\/\\\/www.incomsa.ch\\\/wp-content\\\/uploads\\\/2013\\\/09\\\/IMG_1599-11.jpg\",\"datePublished\":\"2013-09-17T08:56:00+00:00\",\"dateModified\":\"2018-04-17T09:58:37+00:00\",\"breadcrumb\":{\"@id\":\"https:\\\/\\\/www.incomsa.ch\\\/de\\\/klebstoffe-scotch-3m\\\/#breadcrumb\"},\"inLanguage\":\"de\",\"potentialAction\":[{\"@type\":\"ReadAction\",\"target\":[\"https:\\\/\\\/www.incomsa.ch\\\/de\\\/klebstoffe-scotch-3m\\\/\"]}]},{\"@type\":\"ImageObject\",\"inLanguage\":\"de\",\"@id\":\"https:\\\/\\\/www.incomsa.ch\\\/de\\\/klebstoffe-scotch-3m\\\/#primaryimage\",\"url\":\"https:\\\/\\\/www.incomsa.ch\\\/wp-content\\\/uploads\\\/2013\\\/09\\\/IMG_1599-11.jpg\",\"contentUrl\":\"https:\\\/\\\/www.incomsa.ch\\\/wp-content\\\/uploads\\\/2013\\\/09\\\/IMG_1599-11.jpg\",\"width\":900,\"height\":600},{\"@type\":\"BreadcrumbList\",\"@id\":\"https:\\\/\\\/www.incomsa.ch\\\/de\\\/klebstoffe-scotch-3m\\\/#breadcrumb\",\"itemListElement\":[{\"@type\":\"ListItem\",\"position\":1,\"name\":\"Home\",\"item\":\"https:\\\/\\\/www.incomsa.ch\\\/de\\\/\"},{\"@type\":\"ListItem\",\"position\":2,\"name\":\"Klebstoffe Scotch 3M\"}]},{\"@type\":\"WebSite\",\"@id\":\"https:\\\/\\\/www.incomsa.ch\\\/de\\\/#website\",\"url\":\"https:\\\/\\\/www.incomsa.ch\\\/de\\\/\",\"name\":\"INCOMSA SA - Nastri adesivi, Film estensibili e Imballaggio\",\"description\":\"Nastri adesivi, Film estensibili e Imballaggio\",\"publisher\":{\"@id\":\"https:\\\/\\\/www.incomsa.ch\\\/de\\\/#organization\"},\"alternateName\":\"Nastri adesivi, Film estensibili e Imballaggio - Svizzara\",\"potentialAction\":[{\"@type\":\"SearchAction\",\"target\":{\"@type\":\"EntryPoint\",\"urlTemplate\":\"https:\\\/\\\/www.incomsa.ch\\\/de\\\/?s={search_term_string}\"},\"query-input\":{\"@type\":\"PropertyValueSpecification\",\"valueRequired\":true,\"valueName\":\"search_term_string\"}}],\"inLanguage\":\"de\"},{\"@type\":\"Organization\",\"@id\":\"https:\\\/\\\/www.incomsa.ch\\\/de\\\/#organization\",\"name\":\"INCOMSA SA - Nastri adesivi, Film estensibili e Imballaggio\",\"alternateName\":\"Nastri adesivi, Film estensibili e Imballaggio - Svizzera\",\"url\":\"https:\\\/\\\/www.incomsa.ch\\\/de\\\/\",\"logo\":{\"@type\":\"ImageObject\",\"inLanguage\":\"de\",\"@id\":\"https:\\\/\\\/www.incomsa.ch\\\/de\\\/#\\\/schema\\\/logo\\\/image\\\/\",\"url\":\"https:\\\/\\\/www.incomsa.ch\\\/wp-content\\\/uploads\\\/2021\\\/06\\\/incomsa-logo.jpg\",\"contentUrl\":\"https:\\\/\\\/www.incomsa.ch\\\/wp-content\\\/uploads\\\/2021\\\/06\\\/incomsa-logo.jpg\",\"width\":1200,\"height\":1200,\"caption\":\"INCOMSA SA - Nastri adesivi, Film estensibili e Imballaggio\"},\"image\":{\"@id\":\"https:\\\/\\\/www.incomsa.ch\\\/de\\\/#\\\/schema\\\/logo\\\/image\\\/\"}}]}<\/script>\n<!-- \/ Yoast SEO plugin. -->","yoast_head_json":{"title":"Klebstoffe Scotch 3M - INCOMSA","robots":{"index":"index","follow":"follow","max-snippet":"max-snippet:-1","max-image-preview":"max-image-preview:large","max-video-preview":"max-video-preview:-1"},"canonical":"https:\/\/www.incomsa.ch\/de\/klebstoffe-scotch-3m\/","og_locale":"de_DE","og_type":"article","og_title":"Klebstoffe Scotch 3M - INCOMSA","og_url":"https:\/\/www.incomsa.ch\/de\/klebstoffe-scotch-3m\/","og_site_name":"INCOMSA","article_modified_time":"2018-04-17T09:58:37+00:00","og_image":[{"width":900,"height":600,"url":"https:\/\/www.incomsa.ch\/wp-content\/uploads\/2013\/09\/IMG_1599-11.jpg","type":"image\/jpeg"}],"twitter_card":"summary_large_image","twitter_misc":{"Gesch\u00e4tzte Lesezeit":"1\u00a0Minute"},"schema":{"@context":"https:\/\/schema.org","@graph":[{"@type":"WebPage","@id":"https:\/\/www.incomsa.ch\/de\/klebstoffe-scotch-3m\/","url":"https:\/\/www.incomsa.ch\/de\/klebstoffe-scotch-3m\/","name":"Klebstoffe Scotch 3M - INCOMSA","isPartOf":{"@id":"https:\/\/www.incomsa.ch\/de\/#website"},"primaryImageOfPage":{"@id":"https:\/\/www.incomsa.ch\/de\/klebstoffe-scotch-3m\/#primaryimage"},"image":{"@id":"https:\/\/www.incomsa.ch\/de\/klebstoffe-scotch-3m\/#primaryimage"},"thumbnailUrl":"https:\/\/www.incomsa.ch\/wp-content\/uploads\/2013\/09\/IMG_1599-11.jpg","datePublished":"2013-09-17T08:56:00+00:00","dateModified":"2018-04-17T09:58:37+00:00","breadcrumb":{"@id":"https:\/\/www.incomsa.ch\/de\/klebstoffe-scotch-3m\/#breadcrumb"},"inLanguage":"de","potentialAction":[{"@type":"ReadAction","target":["https:\/\/www.incomsa.ch\/de\/klebstoffe-scotch-3m\/"]}]},{"@type":"ImageObject","inLanguage":"de","@id":"https:\/\/www.incomsa.ch\/de\/klebstoffe-scotch-3m\/#primaryimage","url":"https:\/\/www.incomsa.ch\/wp-content\/uploads\/2013\/09\/IMG_1599-11.jpg","contentUrl":"https:\/\/www.incomsa.ch\/wp-content\/uploads\/2013\/09\/IMG_1599-11.jpg","width":900,"height":600},{"@type":"BreadcrumbList","@id":"https:\/\/www.incomsa.ch\/de\/klebstoffe-scotch-3m\/#breadcrumb","itemListElement":[{"@type":"ListItem","position":1,"name":"Home","item":"https:\/\/www.incomsa.ch\/de\/"},{"@type":"ListItem","position":2,"name":"Klebstoffe Scotch 3M"}]},{"@type":"WebSite","@id":"https:\/\/www.incomsa.ch\/de\/#website","url":"https:\/\/www.incomsa.ch\/de\/","name":"INCOMSA SA - Nastri adesivi, Film estensibili e Imballaggio","description":"Nastri adesivi, Film estensibili e Imballaggio","publisher":{"@id":"https:\/\/www.incomsa.ch\/de\/#organization"},"alternateName":"Nastri adesivi, Film estensibili e Imballaggio - Svizzara","potentialAction":[{"@type":"SearchAction","target":{"@type":"EntryPoint","urlTemplate":"https:\/\/www.incomsa.ch\/de\/?s={search_term_string}"},"query-input":{"@type":"PropertyValueSpecification","valueRequired":true,"valueName":"search_term_string"}}],"inLanguage":"de"},{"@type":"Organization","@id":"https:\/\/www.incomsa.ch\/de\/#organization","name":"INCOMSA SA - Nastri adesivi, Film estensibili e Imballaggio","alternateName":"Nastri adesivi, Film estensibili e Imballaggio - Svizzera","url":"https:\/\/www.incomsa.ch\/de\/","logo":{"@type":"ImageObject","inLanguage":"de","@id":"https:\/\/www.incomsa.ch\/de\/#\/schema\/logo\/image\/","url":"https:\/\/www.incomsa.ch\/wp-content\/uploads\/2021\/06\/incomsa-logo.jpg","contentUrl":"https:\/\/www.incomsa.ch\/wp-content\/uploads\/2021\/06\/incomsa-logo.jpg","width":1200,"height":1200,"caption":"INCOMSA SA - Nastri adesivi, Film estensibili e Imballaggio"},"image":{"@id":"https:\/\/www.incomsa.ch\/de\/#\/schema\/logo\/image\/"}}]}},"_links":{"self":[{"href":"https:\/\/www.incomsa.ch\/de\/wp-json\/wp\/v2\/pages\/1799","targetHints":{"allow":["GET"]}}],"collection":[{"href":"https:\/\/www.incomsa.ch\/de\/wp-json\/wp\/v2\/pages"}],"about":[{"href":"https:\/\/www.incomsa.ch\/de\/wp-json\/wp\/v2\/types\/page"}],"author":[{"embeddable":true,"href":"https:\/\/www.incomsa.ch\/de\/wp-json\/wp\/v2\/users\/3"}],"replies":[{"embeddable":true,"href":"https:\/\/www.incomsa.ch\/de\/wp-json\/wp\/v2\/comments?post=1799"}],"version-history":[{"count":18,"href":"https:\/\/www.incomsa.ch\/de\/wp-json\/wp\/v2\/pages\/1799\/revisions"}],"predecessor-version":[{"id":4468,"href":"https:\/\/www.incomsa.ch\/de\/wp-json\/wp\/v2\/pages\/1799\/revisions\/4468"}],"wp:featuredmedia":[{"embeddable":true,"href":"https:\/\/www.incomsa.ch\/de\/wp-json\/wp\/v2\/media\/589"}],"wp:attachment":[{"href":"https:\/\/www.incomsa.ch\/de\/wp-json\/wp\/v2\/media?parent=1799"}],"curies":[{"name":"wp","href":"https:\/\/api.w.org\/{rel}","templated":true}]}}