{"id":3774,"date":"2017-02-20T14:35:38","date_gmt":"2017-02-20T13:35:38","guid":{"rendered":"http:\/\/www.incomsa.ch\/carrozzeria\/"},"modified":"2023-02-21T20:15:52","modified_gmt":"2023-02-21T19:15:52","slug":"karosserie-produkte","status":"publish","type":"page","link":"https:\/\/www.incomsa.ch\/de\/klebebaender\/karosserie-produkte\/","title":{"rendered":"Karosserie-produkte"},"content":{"rendered":"<p><div class=\"fusion-fullwidth fullwidth-box fusion-builder-row-1 nonhundred-percent-fullwidth non-hundred-percent-height-scrolling\" style=\"--awb-border-radius-top-left:0px;--awb-border-radius-top-right:0px;--awb-border-radius-bottom-right:0px;--awb-border-radius-bottom-left:0px;--awb-padding-top:5%;--awb-padding-bottom:20px;--awb-flex-wrap:wrap;\" ><div class=\"fusion-builder-row fusion-row\"><div class=\"fusion-layout-column fusion_builder_column fusion-builder-column-0 fusion_builder_column_1_1 1_1 fusion-one-full fusion-column-first fusion-column-last\" style=\"--awb-bg-size:cover;\"><div class=\"fusion-column-wrapper fusion-flex-column-wrapper-legacy\"><div class=\"fusion-text fusion-text-1\"><p>Im Karosseriebereich m\u00fcssen Abdeckb\u00e4nder w\u00e4hrend der Lackierung und dem Trocknungsprozess in den \u00d6fen wiederstehen und auf der behandelten Oberfl\u00e4che keinen Kleberr\u00fcckstand hinterlassen.<br \/>\nUnser Arikel:<\/p>\n<p>\u2022 Abdeckband, von 60\u00b0C bis 80\u00b0C Hitzebest\u00e4ndig<br \/>\n\u2022 An -UV-Klebeb\u00e4ndern fu\u0308r Innen- und Aussenanwendung, Hitzebest\u00e4ndig bis 120\u00b0C<\/p>\n<\/div><div class=\"fusion-clearfix\"><\/div><\/div><\/div><div class=\"fusion-layout-column fusion_builder_column fusion-builder-column-1 fusion_builder_column_1_1 1_1 fusion-one-full fusion-column-first fusion-column-last\" style=\"--awb-bg-blend:overlay;--awb-bg-size:cover;\"><div class=\"fusion-column-wrapper fusion-flex-column-wrapper-legacy\"><div class=\"fusion-builder-row fusion-builder-row-inner fusion-row\"><div class=\"fusion-layout-column fusion_builder_column_inner fusion-builder-nested-column-0 fusion_builder_column_inner_1_2 1_2 fusion-one-half fusion-column-first fusion-column-inner-bg-wrapper\" style=\"--awb-inner-bg-size:cover;width:50%;width:calc(50% - ( ( 4% ) * 0.5 ) );margin-right: 4%;\"><span class=\"fusion-column-inner-bg hover-type-none\"><a class=\"fusion-column-anchor\" href=\"https:\/\/www.incomsa.ch\/de\/klebebaender\/karosserie-produkte\/karosserie-abdeckband\/\" aria-label=\"nastro per CARROZZERIA\"><span class=\"fusion-column-inner-bg-image\"><\/span><\/a><\/span><div class=\"fusion-column-wrapper fusion-column-has-shadow fusion-flex-column-wrapper-legacy\"><div class=\"fusion-image-element fusion-image-align-center in-legacy-container\" style=\"text-align:center;--awb-caption-title-font-family:var(--h2_typography-font-family);--awb-caption-title-font-weight:var(--h2_typography-font-weight);--awb-caption-title-font-style:var(--h2_typography-font-style);--awb-caption-title-size:var(--h2_typography-font-size);--awb-caption-title-transform:var(--h2_typography-text-transform);--awb-caption-title-line-height:var(--h2_typography-line-height);--awb-caption-title-letter-spacing:var(--h2_typography-letter-spacing);\"><div class=\"imageframe-align-center\"><span class=\" fusion-imageframe imageframe-none imageframe-1 hover-type-none\"><img decoding=\"async\" width=\"900\" height=\"600\" alt=\"KAROSSERIE ABDECKBAND\" title=\"NASTRO PER CARROZZERIA\" src=\"https:\/\/www.incomsa.ch\/wp-content\/uploads\/2023\/02\/NASTRO-PER-CARROZZERIA.jpg\" class=\"img-responsive wp-image-18366\" srcset=\"https:\/\/www.incomsa.ch\/wp-content\/uploads\/2023\/02\/NASTRO-PER-CARROZZERIA-200x133.jpg 200w, https:\/\/www.incomsa.ch\/wp-content\/uploads\/2023\/02\/NASTRO-PER-CARROZZERIA-400x267.jpg 400w, https:\/\/www.incomsa.ch\/wp-content\/uploads\/2023\/02\/NASTRO-PER-CARROZZERIA-600x400.jpg 600w, https:\/\/www.incomsa.ch\/wp-content\/uploads\/2023\/02\/NASTRO-PER-CARROZZERIA-800x533.jpg 800w, https:\/\/www.incomsa.ch\/wp-content\/uploads\/2023\/02\/NASTRO-PER-CARROZZERIA.jpg 900w\" sizes=\"(max-width: 800px) 100vw, 600px\" \/><\/span><\/div><\/div><div class=\"fusion-sep-clear\"><\/div><div class=\"fusion-separator fusion-full-width-sep\" style=\"margin-left: auto;margin-right: auto;margin-top:10px;width:100%;\"><div class=\"fusion-separator-border sep-single sep-solid\" style=\"--awb-height:20px;--awb-amount:20px;--awb-sep-color:var(--awb-color6);border-color:var(--awb-color6);border-top-width:1px;\"><\/div><\/div><div class=\"fusion-sep-clear\"><\/div><div class=\"fusion-text fusion-text-2\" style=\"--awb-margin-top:10px;\"><p style=\"text-align: center;\">KAROSSERIE ABDECKBAND<\/p>\n<\/div><div class=\"fusion-text fusion-text-3\" style=\"--awb-margin-top:-10px;\"><p style=\"text-align: justify;\">Selbstklebeband aus impr\u00e4gniertem und gekrepptem Papier, f\u00fcr glatte Oberfl\u00e4chen, resistent bis zu einer Hitze von 80\u00b0C, keine R\u00fcckst\u00e4nde bei der Abl\u00f6sung, speziell f\u00fcr Karosserien, Spritzwerke, usw.<\/p>\n<\/div><div class=\"fusion-clearfix\"><\/div><\/div><\/div><div class=\"fusion-layout-column fusion_builder_column_inner fusion-builder-nested-column-1 fusion_builder_column_inner_1_2 1_2 fusion-one-half fusion-column-last fusion-column-inner-bg-wrapper\" style=\"--awb-inner-bg-size:cover;width:50%;width:calc(50% - ( ( 4% ) * 0.5 ) );\"><span class=\"fusion-column-inner-bg hover-type-none\"><a class=\"fusion-column-anchor\" href=\"https:\/\/www.incomsa.ch\/de\/klebebaender\/karosserie-produkte\/kraftpapier\/\" aria-label=\"carta per mascheratura\"><span class=\"fusion-column-inner-bg-image\"><\/span><\/a><\/span><div class=\"fusion-column-wrapper fusion-column-has-shadow fusion-flex-column-wrapper-legacy\"><div class=\"fusion-image-element fusion-image-align-center in-legacy-container\" style=\"text-align:center;--awb-caption-title-font-family:var(--h2_typography-font-family);--awb-caption-title-font-weight:var(--h2_typography-font-weight);--awb-caption-title-font-style:var(--h2_typography-font-style);--awb-caption-title-size:var(--h2_typography-font-size);--awb-caption-title-transform:var(--h2_typography-text-transform);--awb-caption-title-line-height:var(--h2_typography-line-height);--awb-caption-title-letter-spacing:var(--h2_typography-letter-spacing);\"><div class=\"imageframe-align-center\"><span class=\" fusion-imageframe imageframe-none imageframe-2 hover-type-none\"><img decoding=\"async\" width=\"900\" height=\"600\" alt=\"KRAFTPAPIER\" title=\"CARTA PER MASCHERATURA\" src=\"https:\/\/www.incomsa.ch\/wp-content\/uploads\/2023\/02\/CARTA-PER-MASCHERATURA-1.jpg\" class=\"img-responsive wp-image-18353\" srcset=\"https:\/\/www.incomsa.ch\/wp-content\/uploads\/2023\/02\/CARTA-PER-MASCHERATURA-1-200x133.jpg 200w, https:\/\/www.incomsa.ch\/wp-content\/uploads\/2023\/02\/CARTA-PER-MASCHERATURA-1-400x267.jpg 400w, https:\/\/www.incomsa.ch\/wp-content\/uploads\/2023\/02\/CARTA-PER-MASCHERATURA-1-600x400.jpg 600w, https:\/\/www.incomsa.ch\/wp-content\/uploads\/2023\/02\/CARTA-PER-MASCHERATURA-1-800x533.jpg 800w, https:\/\/www.incomsa.ch\/wp-content\/uploads\/2023\/02\/CARTA-PER-MASCHERATURA-1.jpg 900w\" sizes=\"(max-width: 800px) 100vw, 600px\" \/><\/span><\/div><\/div><div class=\"fusion-sep-clear\"><\/div><div class=\"fusion-separator fusion-full-width-sep\" style=\"margin-left: auto;margin-right: auto;margin-top:10px;width:100%;\"><div class=\"fusion-separator-border sep-single sep-solid\" style=\"--awb-height:20px;--awb-amount:20px;--awb-sep-color:var(--awb-color6);border-color:var(--awb-color6);border-top-width:1px;\"><\/div><\/div><div class=\"fusion-sep-clear\"><\/div><div class=\"fusion-text fusion-text-4\" style=\"--awb-margin-top:10px;\"><p style=\"text-align: center;\">KRAFTPAPIER<\/p>\n<\/div><div class=\"fusion-text fusion-text-5\" style=\"--awb-margin-top:-10px;\"><p style=\"text-align: justify;\">Abdeckpapier in Rollen, diverse Gr\u00f6ssen, zum Schutz der Oberfl\u00e4chen, saugf\u00e4hig und reissfest.<\/p>\n<\/div><div class=\"fusion-clearfix\"><\/div><\/div><\/div><\/div><div class=\"fusion-clearfix\"><\/div><\/div><\/div><\/div><\/div><div class=\"fusion-fullwidth fullwidth-box fusion-builder-row-2 hundred-percent-fullwidth non-hundred-percent-height-scrolling fusion-equal-height-columns\" style=\"--awb-border-radius-top-left:0px;--awb-border-radius-top-right:0px;--awb-border-radius-bottom-right:0px;--awb-border-radius-bottom-left:0px;--awb-padding-top:20px;--awb-padding-right:20px;--awb-padding-bottom:20px;--awb-padding-left:20px;--awb-background-color:#dddddd;--awb-flex-wrap:wrap;\" ><div class=\"fusion-builder-row fusion-row\"><div class=\"fusion-layout-column fusion_builder_column fusion-builder-column-2 fusion_builder_column_1_1 1_1 fusion-one-full fusion-column-first fusion-column-last\" style=\"--awb-bg-size:cover;\"><div class=\"fusion-column-wrapper fusion-flex-column-wrapper-legacy\"><div class=\"fusion-title title fusion-title-1 fusion-sep-none fusion-title-text fusion-title-size-one\" style=\"--awb-margin-top:0px;--awb-margin-bottom:0px;\"><h1 class=\"fusion-title-heading title-heading-left\" style=\"margin:0;\"><h1>FORDERN SIE UNS EIN KOSTENLOSE ANGEBOT<br \/>\n<\/h1><\/h1><\/div><div class=\"fusion-text fusion-text-6\"><p>F\u00fcllen Sie bitte das Formular aus, Sie erhalten von uns innert kurzer Zeit das gew\u00fcnschte Angebot oder je nach wunsch gezielte Informationen.<\/p>\n<p>Wir freuen uns auf Ihre Nachfrage.<\/p>\n<\/div>\n<div class=\"wpcf7 no-js\" id=\"wpcf7-f3820-o1\" lang=\"it-IT\" dir=\"ltr\" data-wpcf7-id=\"3820\">\n<div class=\"screen-reader-response\"><p role=\"status\" aria-live=\"polite\" aria-atomic=\"true\"><\/p> <ul><\/ul><\/div>\n<form action=\"\/de\/wp-json\/wp\/v2\/pages\/3774#wpcf7-f3820-o1\" method=\"post\" class=\"wpcf7-form init\" aria-label=\"Modulo di contatto\" novalidate=\"novalidate\" data-status=\"init\">\n<fieldset class=\"hidden-fields-container\"><input type=\"hidden\" name=\"_wpcf7\" value=\"3820\" \/><input type=\"hidden\" name=\"_wpcf7_version\" value=\"6.1.5\" \/><input type=\"hidden\" name=\"_wpcf7_locale\" value=\"it_IT\" \/><input type=\"hidden\" name=\"_wpcf7_unit_tag\" value=\"wpcf7-f3820-o1\" \/><input type=\"hidden\" name=\"_wpcf7_container_post\" value=\"0\" \/><input type=\"hidden\" name=\"_wpcf7_posted_data_hash\" value=\"\" \/><input type=\"hidden\" name=\"_wpcf7_recaptcha_response\" value=\"\" \/>\n<\/fieldset>\n<p>NAME UND NACHNAME (obligatorisch) <span class=\"wpcf7-form-control-wrap\" data-name=\"your-name\"><input size=\"40\" maxlength=\"400\" class=\"wpcf7-form-control wpcf7-text wpcf7-validates-as-required\" aria-required=\"true\" aria-invalid=\"false\" placeholder=\"Geben Sie den Namen der Kontaktperson und eventuell der Name der Firma\" value=\"\" type=\"text\" name=\"your-name\" \/><\/span>\n<\/p>\n<p>EMAIL (obligatorisch) <span class=\"wpcf7-form-control-wrap\" data-name=\"your-email\"><input size=\"40\" maxlength=\"400\" class=\"wpcf7-form-control wpcf7-email wpcf7-validates-as-required wpcf7-text wpcf7-validates-as-email\" aria-required=\"true\" aria-invalid=\"false\" placeholder=\"Geben Sie eine Referenz E-Mail-Adresse\" value=\"\" type=\"email\" name=\"your-email\" \/><\/span>\n<\/p>\n<p>PRODUKT <span class=\"wpcf7-form-control-wrap\" data-name=\"prodotto\"><input size=\"40\" maxlength=\"400\" class=\"wpcf7-form-control wpcf7-text wpcf7-validates-as-required\" aria-required=\"true\" aria-invalid=\"false\" placeholder=\"Geben Sie den Namen des Produkts, f\u00fcr das Sie weitere Informationen ben\u00f6tigen\" value=\"\" type=\"text\" name=\"prodotto\" \/><\/span>\n<\/p>\n<p>MATERIAL <span class=\"wpcf7-form-control-wrap\" data-name=\"materiale-818\"><span class=\"wpcf7-form-control wpcf7-checkbox wpcf7-validates-as-required wpcf7-exclusive-checkbox\"><span class=\"wpcf7-list-item first\"><label><input type=\"checkbox\" name=\"materiale-818\" value=\"Klebeb\u00e4nder\" \/><span class=\"wpcf7-list-item-label\">Klebeb\u00e4nder<\/span><\/label><\/span><span class=\"wpcf7-list-item\"><label><input type=\"checkbox\" name=\"materiale-818\" value=\"Papier\" \/><span class=\"wpcf7-list-item-label\">Papier<\/span><\/label><\/span><span class=\"wpcf7-list-item\"><label><input type=\"checkbox\" name=\"materiale-818\" value=\"Kunststoff\" \/><span class=\"wpcf7-list-item-label\">Kunststoff<\/span><\/label><\/span><span class=\"wpcf7-list-item last\"><label><input type=\"checkbox\" name=\"materiale-818\" value=\"sonstiges\" \/><span class=\"wpcf7-list-item-label\">sonstiges<\/span><\/label><\/span><\/span><\/span>\n<\/p>\n<p style=\" width:40%;\">MENGE <span class=\"wpcf7-form-control-wrap\" data-name=\"quantita-272\"><select class=\"wpcf7-form-control wpcf7-select wpcf7-validates-as-required\" aria-required=\"true\" aria-invalid=\"false\" name=\"quantita-272\"><option value=\"Anzahl- Karton\/Palette\/Verpackung\">Anzahl- Karton\/Palette\/Verpackung<\/option><option value=\"1\">1<\/option><option value=\"5\">5<\/option><option value=\"10\">10<\/option><option value=\"20\">20<\/option><option value=\"50\">50<\/option><option value=\"80\">80<\/option><option value=\"100\">100<\/option><option value=\"200\">200<\/option><option value=\"&gt; 200\">&gt; 200<\/option><\/select><\/span>\n<\/p>\n<p>NACHRICHT<br \/>\n<span class=\"wpcf7-form-control-wrap\" data-name=\"your-message\"><textarea cols=\"40\" rows=\"10\" maxlength=\"2000\" class=\"wpcf7-form-control wpcf7-textarea\" aria-invalid=\"false\" placeholder=\"Zus\u00e4tzliche Informationen oder konkrete W\u00fcnsche\" name=\"your-message\"><\/textarea><\/span>\n<\/p>\n<p><input class=\"wpcf7-form-control wpcf7-submit has-spinner\" type=\"submit\" value=\"JETZT ANFRAGEN!\" \/>\n<\/p><p style=\"display: none !important;\" class=\"akismet-fields-container\" data-prefix=\"_wpcf7_ak_\"><label>&#916;<textarea name=\"_wpcf7_ak_hp_textarea\" cols=\"45\" rows=\"8\" maxlength=\"100\"><\/textarea><\/label><input type=\"hidden\" id=\"ak_js_1\" name=\"_wpcf7_ak_js\" value=\"143\"\/><script type=\"text\/javascript\">\n\/* <![CDATA[ *\/\ndocument.getElementById( \"ak_js_1\" ).setAttribute( \"value\", ( new Date() ).getTime() );\n\/* ]]> *\/\n<\/script>\n<\/p><div class=\"fusion-alert alert custom alert-custom fusion-alert-center wpcf7-response-output fusion-alert-capitalize awb-alert-native-link-color alert-dismissable awb-alert-close-boxed\" style=\"--awb-border-top-left-radius:0px;--awb-border-top-right-radius:0px;--awb-border-bottom-left-radius:0px;--awb-border-bottom-right-radius:0px;\" role=\"alert\"><div class=\"fusion-alert-content-wrapper\"><span class=\"fusion-alert-content\"><\/span><\/div><button type=\"button\" class=\"close toggle-alert\" data-dismiss=\"alert\" aria-label=\"Chiudi\">&times;<\/button><\/div>\n<\/form>\n<\/div>\n<div class=\"fusion-clearfix\"><\/div><\/div><\/div><\/div><\/div><\/p>\n","protected":false},"excerpt":{"rendered":"","protected":false},"author":3,"featured_media":0,"parent":15709,"menu_order":0,"comment_status":"closed","ping_status":"closed","template":"","meta":{"footnotes":""},"class_list":["post-3774","page","type-page","status-publish","hentry"],"yoast_head":"<!-- This site is optimized with the Yoast SEO plugin v27.5 - https:\/\/yoast.com\/product\/yoast-seo-wordpress\/ -->\n<title>Karosserie-produkte - INCOMSA<\/title>\n<meta name=\"robots\" content=\"index, follow, max-snippet:-1, max-image-preview:large, max-video-preview:-1\" \/>\n<link rel=\"canonical\" href=\"https:\/\/www.incomsa.ch\/de\/klebebaender\/karosserie-produkte\/\" \/>\n<meta property=\"og:locale\" content=\"de_DE\" \/>\n<meta property=\"og:type\" content=\"article\" \/>\n<meta property=\"og:title\" content=\"Karosserie-produkte - INCOMSA\" \/>\n<meta property=\"og:url\" content=\"https:\/\/www.incomsa.ch\/de\/klebebaender\/karosserie-produkte\/\" \/>\n<meta property=\"og:site_name\" content=\"INCOMSA\" \/>\n<meta property=\"article:modified_time\" content=\"2023-02-21T19:15:52+00:00\" \/>\n<meta property=\"og:image\" content=\"https:\/\/www.incomsa.ch\/wp-content\/uploads\/2022\/05\/nastri-personalizzati-1.jpg\" \/>\n\t<meta property=\"og:image:width\" content=\"900\" \/>\n\t<meta property=\"og:image:height\" content=\"600\" \/>\n\t<meta property=\"og:image:type\" content=\"image\/jpeg\" \/>\n<meta name=\"twitter:card\" content=\"summary_large_image\" \/>\n<meta name=\"twitter:label1\" content=\"Gesch\u00e4tzte Lesezeit\" \/>\n\t<meta name=\"twitter:data1\" content=\"12\u00a0Minuten\" \/>\n<script type=\"application\/ld+json\" class=\"yoast-schema-graph\">{\"@context\":\"https:\\\/\\\/schema.org\",\"@graph\":[{\"@type\":\"WebPage\",\"@id\":\"https:\\\/\\\/www.incomsa.ch\\\/de\\\/klebebaender\\\/karosserie-produkte\\\/\",\"url\":\"https:\\\/\\\/www.incomsa.ch\\\/de\\\/klebebaender\\\/karosserie-produkte\\\/\",\"name\":\"Karosserie-produkte - INCOMSA\",\"isPartOf\":{\"@id\":\"https:\\\/\\\/www.incomsa.ch\\\/de\\\/#website\"},\"datePublished\":\"2017-02-20T13:35:38+00:00\",\"dateModified\":\"2023-02-21T19:15:52+00:00\",\"breadcrumb\":{\"@id\":\"https:\\\/\\\/www.incomsa.ch\\\/de\\\/klebebaender\\\/karosserie-produkte\\\/#breadcrumb\"},\"inLanguage\":\"de\",\"potentialAction\":[{\"@type\":\"ReadAction\",\"target\":[\"https:\\\/\\\/www.incomsa.ch\\\/de\\\/klebebaender\\\/karosserie-produkte\\\/\"]}]},{\"@type\":\"BreadcrumbList\",\"@id\":\"https:\\\/\\\/www.incomsa.ch\\\/de\\\/klebebaender\\\/karosserie-produkte\\\/#breadcrumb\",\"itemListElement\":[{\"@type\":\"ListItem\",\"position\":1,\"name\":\"Home\",\"item\":\"https:\\\/\\\/www.incomsa.ch\\\/de\\\/\"},{\"@type\":\"ListItem\",\"position\":2,\"name\":\"KLEBEB\u00c4NDER\",\"item\":\"https:\\\/\\\/www.incomsa.ch\\\/de\\\/klebebaender\\\/\"},{\"@type\":\"ListItem\",\"position\":3,\"name\":\"Karosserie-produkte\"}]},{\"@type\":\"WebSite\",\"@id\":\"https:\\\/\\\/www.incomsa.ch\\\/de\\\/#website\",\"url\":\"https:\\\/\\\/www.incomsa.ch\\\/de\\\/\",\"name\":\"INCOMSA SA - Nastri adesivi, Film estensibili e Imballaggio\",\"description\":\"Nastri adesivi, Film estensibili e Imballaggio\",\"publisher\":{\"@id\":\"https:\\\/\\\/www.incomsa.ch\\\/de\\\/#organization\"},\"alternateName\":\"Nastri adesivi, Film estensibili e Imballaggio - Svizzara\",\"potentialAction\":[{\"@type\":\"SearchAction\",\"target\":{\"@type\":\"EntryPoint\",\"urlTemplate\":\"https:\\\/\\\/www.incomsa.ch\\\/de\\\/?s={search_term_string}\"},\"query-input\":{\"@type\":\"PropertyValueSpecification\",\"valueRequired\":true,\"valueName\":\"search_term_string\"}}],\"inLanguage\":\"de\"},{\"@type\":\"Organization\",\"@id\":\"https:\\\/\\\/www.incomsa.ch\\\/de\\\/#organization\",\"name\":\"INCOMSA SA - Nastri adesivi, Film estensibili e Imballaggio\",\"alternateName\":\"Nastri adesivi, Film estensibili e Imballaggio - Svizzera\",\"url\":\"https:\\\/\\\/www.incomsa.ch\\\/de\\\/\",\"logo\":{\"@type\":\"ImageObject\",\"inLanguage\":\"de\",\"@id\":\"https:\\\/\\\/www.incomsa.ch\\\/de\\\/#\\\/schema\\\/logo\\\/image\\\/\",\"url\":\"https:\\\/\\\/www.incomsa.ch\\\/wp-content\\\/uploads\\\/2021\\\/06\\\/incomsa-logo.jpg\",\"contentUrl\":\"https:\\\/\\\/www.incomsa.ch\\\/wp-content\\\/uploads\\\/2021\\\/06\\\/incomsa-logo.jpg\",\"width\":1200,\"height\":1200,\"caption\":\"INCOMSA SA - Nastri adesivi, Film estensibili e Imballaggio\"},\"image\":{\"@id\":\"https:\\\/\\\/www.incomsa.ch\\\/de\\\/#\\\/schema\\\/logo\\\/image\\\/\"}}]}<\/script>\n<!-- \/ Yoast SEO plugin. -->","yoast_head_json":{"title":"Karosserie-produkte - INCOMSA","robots":{"index":"index","follow":"follow","max-snippet":"max-snippet:-1","max-image-preview":"max-image-preview:large","max-video-preview":"max-video-preview:-1"},"canonical":"https:\/\/www.incomsa.ch\/de\/klebebaender\/karosserie-produkte\/","og_locale":"de_DE","og_type":"article","og_title":"Karosserie-produkte - INCOMSA","og_url":"https:\/\/www.incomsa.ch\/de\/klebebaender\/karosserie-produkte\/","og_site_name":"INCOMSA","article_modified_time":"2023-02-21T19:15:52+00:00","og_image":[{"width":900,"height":600,"url":"https:\/\/www.incomsa.ch\/wp-content\/uploads\/2022\/05\/nastri-personalizzati-1.jpg","type":"image\/jpeg"}],"twitter_card":"summary_large_image","twitter_misc":{"Gesch\u00e4tzte Lesezeit":"12\u00a0Minuten"},"schema":{"@context":"https:\/\/schema.org","@graph":[{"@type":"WebPage","@id":"https:\/\/www.incomsa.ch\/de\/klebebaender\/karosserie-produkte\/","url":"https:\/\/www.incomsa.ch\/de\/klebebaender\/karosserie-produkte\/","name":"Karosserie-produkte - INCOMSA","isPartOf":{"@id":"https:\/\/www.incomsa.ch\/de\/#website"},"datePublished":"2017-02-20T13:35:38+00:00","dateModified":"2023-02-21T19:15:52+00:00","breadcrumb":{"@id":"https:\/\/www.incomsa.ch\/de\/klebebaender\/karosserie-produkte\/#breadcrumb"},"inLanguage":"de","potentialAction":[{"@type":"ReadAction","target":["https:\/\/www.incomsa.ch\/de\/klebebaender\/karosserie-produkte\/"]}]},{"@type":"BreadcrumbList","@id":"https:\/\/www.incomsa.ch\/de\/klebebaender\/karosserie-produkte\/#breadcrumb","itemListElement":[{"@type":"ListItem","position":1,"name":"Home","item":"https:\/\/www.incomsa.ch\/de\/"},{"@type":"ListItem","position":2,"name":"KLEBEB\u00c4NDER","item":"https:\/\/www.incomsa.ch\/de\/klebebaender\/"},{"@type":"ListItem","position":3,"name":"Karosserie-produkte"}]},{"@type":"WebSite","@id":"https:\/\/www.incomsa.ch\/de\/#website","url":"https:\/\/www.incomsa.ch\/de\/","name":"INCOMSA SA - Nastri adesivi, Film estensibili e Imballaggio","description":"Nastri adesivi, Film estensibili e Imballaggio","publisher":{"@id":"https:\/\/www.incomsa.ch\/de\/#organization"},"alternateName":"Nastri adesivi, Film estensibili e Imballaggio - Svizzara","potentialAction":[{"@type":"SearchAction","target":{"@type":"EntryPoint","urlTemplate":"https:\/\/www.incomsa.ch\/de\/?s={search_term_string}"},"query-input":{"@type":"PropertyValueSpecification","valueRequired":true,"valueName":"search_term_string"}}],"inLanguage":"de"},{"@type":"Organization","@id":"https:\/\/www.incomsa.ch\/de\/#organization","name":"INCOMSA SA - Nastri adesivi, Film estensibili e Imballaggio","alternateName":"Nastri adesivi, Film estensibili e Imballaggio - Svizzera","url":"https:\/\/www.incomsa.ch\/de\/","logo":{"@type":"ImageObject","inLanguage":"de","@id":"https:\/\/www.incomsa.ch\/de\/#\/schema\/logo\/image\/","url":"https:\/\/www.incomsa.ch\/wp-content\/uploads\/2021\/06\/incomsa-logo.jpg","contentUrl":"https:\/\/www.incomsa.ch\/wp-content\/uploads\/2021\/06\/incomsa-logo.jpg","width":1200,"height":1200,"caption":"INCOMSA SA - Nastri adesivi, Film estensibili e Imballaggio"},"image":{"@id":"https:\/\/www.incomsa.ch\/de\/#\/schema\/logo\/image\/"}}]}},"_links":{"self":[{"href":"https:\/\/www.incomsa.ch\/de\/wp-json\/wp\/v2\/pages\/3774","targetHints":{"allow":["GET"]}}],"collection":[{"href":"https:\/\/www.incomsa.ch\/de\/wp-json\/wp\/v2\/pages"}],"about":[{"href":"https:\/\/www.incomsa.ch\/de\/wp-json\/wp\/v2\/types\/page"}],"author":[{"embeddable":true,"href":"https:\/\/www.incomsa.ch\/de\/wp-json\/wp\/v2\/users\/3"}],"replies":[{"embeddable":true,"href":"https:\/\/www.incomsa.ch\/de\/wp-json\/wp\/v2\/comments?post=3774"}],"version-history":[{"count":11,"href":"https:\/\/www.incomsa.ch\/de\/wp-json\/wp\/v2\/pages\/3774\/revisions"}],"predecessor-version":[{"id":18469,"href":"https:\/\/www.incomsa.ch\/de\/wp-json\/wp\/v2\/pages\/3774\/revisions\/18469"}],"up":[{"embeddable":true,"href":"https:\/\/www.incomsa.ch\/de\/wp-json\/wp\/v2\/pages\/15709"}],"wp:attachment":[{"href":"https:\/\/www.incomsa.ch\/de\/wp-json\/wp\/v2\/media?parent=3774"}],"curies":[{"name":"wp","href":"https:\/\/api.w.org\/{rel}","templated":true}]}}