{"id":1096,"date":"2013-09-13T10:14:47","date_gmt":"2013-09-13T08:14:47","guid":{"rendered":"http:\/\/www.incomsa.ch\/produits\/rubans-divers\/nastro-rinforzato\/"},"modified":"2013-09-23T09:52:42","modified_gmt":"2013-09-23T07:52:42","slug":"ruban-arme","status":"publish","type":"page","link":"https:\/\/www.incomsa.ch\/fr\/rubans\/emballage\/ruban-arme\/","title":{"rendered":"Ruban arm\u00e9"},"content":{"rendered":"<p>Ruban en film de polypropyl\u00e8ne renforc\u00e9 avec fibres de verre.<br \/>\nArt. 825 arm\u00e9 fil \u00e0 fil \u00e0 haute r\u00e9sistance longitudinale pour le cerclage d&#8217;emballages lourds.<\/p>\n<p>Art. 808 arm\u00e9 cha\u00eene et trame ind\u00e9chirable dans la longueur et la largeur pour emballages et mat\u00e9riaux lourds. Les fibres de verre assurent une r\u00e9sistance comparable au feuillard et une quantit\u00e9 importante d&rsquo;adh\u00e9sif Hotmelt assure une accroche imm\u00e9diate sur carton et autres mat\u00e9riaux.<b><\/b><\/p>\n","protected":false},"excerpt":{"rendered":"<p>Ruban en film de polypropyl\u00e8ne renforc\u00e9 avec fibres de verre. Art. 825 arm\u00e9 fil \u00e0 fil \u00e0 haute r\u00e9sistance longitudinale pour le cerclage d&#8217;emballages lourds. Art. 808 arm\u00e9 cha\u00eene et trame ind\u00e9chirable dans la longueur et la largeur pour emballages et mat\u00e9riaux lourds. Les fibres de verre assurent une r\u00e9sistance comparable au feuillard et une  [&#8230;]<\/p>\n","protected":false},"author":3,"featured_media":402,"parent":3777,"menu_order":0,"comment_status":"open","ping_status":"closed","template":"","meta":{"footnotes":""},"class_list":["post-1096","page","type-page","status-publish","has-post-thumbnail","hentry"],"yoast_head":"<!-- This site is optimized with the Yoast SEO plugin v27.4 - https:\/\/yoast.com\/product\/yoast-seo-wordpress\/ -->\n<title>Ruban arm\u00e9 - INCOMSA<\/title>\n<meta name=\"robots\" content=\"index, follow, max-snippet:-1, max-image-preview:large, max-video-preview:-1\" \/>\n<link rel=\"canonical\" href=\"https:\/\/www.incomsa.ch\/fr\/rubans\/emballage\/ruban-arme\/\" \/>\n<meta property=\"og:locale\" content=\"fr_FR\" \/>\n<meta property=\"og:type\" content=\"article\" \/>\n<meta property=\"og:title\" content=\"Ruban arm\u00e9 - INCOMSA\" \/>\n<meta property=\"og:description\" content=\"Ruban en film de polypropyl\u00e8ne renforc\u00e9 avec fibres de verre. Art. 825 arm\u00e9 fil \u00e0 fil \u00e0 haute r\u00e9sistance longitudinale pour le cerclage d&#8217;emballages lourds. Art. 808 arm\u00e9 cha\u00eene et trame ind\u00e9chirable dans la longueur et la largeur pour emballages et mat\u00e9riaux lourds. Les fibres de verre assurent une r\u00e9sistance comparable au feuillard et une [...]\" \/>\n<meta property=\"og:url\" content=\"https:\/\/www.incomsa.ch\/fr\/rubans\/emballage\/ruban-arme\/\" \/>\n<meta property=\"og:site_name\" content=\"INCOMSA\" \/>\n<meta property=\"article:modified_time\" content=\"2013-09-23T07:52:42+00:00\" \/>\n<meta property=\"og:image\" content=\"https:\/\/www.incomsa.ch\/wp-content\/uploads\/2013\/09\/IMG_1434.jpg\" \/>\n\t<meta property=\"og:image:width\" content=\"900\" \/>\n\t<meta property=\"og:image:height\" content=\"600\" \/>\n\t<meta property=\"og:image:type\" content=\"image\/jpeg\" \/>\n<meta name=\"twitter:card\" content=\"summary_large_image\" \/>\n<script type=\"application\/ld+json\" class=\"yoast-schema-graph\">{\"@context\":\"https:\\\/\\\/schema.org\",\"@graph\":[{\"@type\":\"WebPage\",\"@id\":\"https:\\\/\\\/www.incomsa.ch\\\/fr\\\/rubans\\\/emballage\\\/ruban-arme\\\/\",\"url\":\"https:\\\/\\\/www.incomsa.ch\\\/fr\\\/rubans\\\/emballage\\\/ruban-arme\\\/\",\"name\":\"Ruban arm\u00e9 - INCOMSA\",\"isPartOf\":{\"@id\":\"https:\\\/\\\/www.incomsa.ch\\\/fr\\\/#website\"},\"primaryImageOfPage\":{\"@id\":\"https:\\\/\\\/www.incomsa.ch\\\/fr\\\/rubans\\\/emballage\\\/ruban-arme\\\/#primaryimage\"},\"image\":{\"@id\":\"https:\\\/\\\/www.incomsa.ch\\\/fr\\\/rubans\\\/emballage\\\/ruban-arme\\\/#primaryimage\"},\"thumbnailUrl\":\"https:\\\/\\\/www.incomsa.ch\\\/wp-content\\\/uploads\\\/2013\\\/09\\\/IMG_1434.jpg\",\"datePublished\":\"2013-09-13T08:14:47+00:00\",\"dateModified\":\"2013-09-23T07:52:42+00:00\",\"breadcrumb\":{\"@id\":\"https:\\\/\\\/www.incomsa.ch\\\/fr\\\/rubans\\\/emballage\\\/ruban-arme\\\/#breadcrumb\"},\"inLanguage\":\"fr-FR\",\"potentialAction\":[{\"@type\":\"ReadAction\",\"target\":[\"https:\\\/\\\/www.incomsa.ch\\\/fr\\\/rubans\\\/emballage\\\/ruban-arme\\\/\"]}]},{\"@type\":\"ImageObject\",\"inLanguage\":\"fr-FR\",\"@id\":\"https:\\\/\\\/www.incomsa.ch\\\/fr\\\/rubans\\\/emballage\\\/ruban-arme\\\/#primaryimage\",\"url\":\"https:\\\/\\\/www.incomsa.ch\\\/wp-content\\\/uploads\\\/2013\\\/09\\\/IMG_1434.jpg\",\"contentUrl\":\"https:\\\/\\\/www.incomsa.ch\\\/wp-content\\\/uploads\\\/2013\\\/09\\\/IMG_1434.jpg\",\"width\":900,\"height\":600},{\"@type\":\"BreadcrumbList\",\"@id\":\"https:\\\/\\\/www.incomsa.ch\\\/fr\\\/rubans\\\/emballage\\\/ruban-arme\\\/#breadcrumb\",\"itemListElement\":[{\"@type\":\"ListItem\",\"position\":1,\"name\":\"Home\",\"item\":\"https:\\\/\\\/www.incomsa.ch\\\/fr\\\/\"},{\"@type\":\"ListItem\",\"position\":2,\"name\":\"RUBAN ADH\u00c9SIF\",\"item\":\"https:\\\/\\\/www.incomsa.ch\\\/fr\\\/rubans\\\/\"},{\"@type\":\"ListItem\",\"position\":3,\"name\":\"Emballage\",\"item\":\"https:\\\/\\\/www.incomsa.ch\\\/fr\\\/rubans\\\/emballage\\\/\"},{\"@type\":\"ListItem\",\"position\":4,\"name\":\"Ruban arm\u00e9\"}]},{\"@type\":\"WebSite\",\"@id\":\"https:\\\/\\\/www.incomsa.ch\\\/fr\\\/#website\",\"url\":\"https:\\\/\\\/www.incomsa.ch\\\/fr\\\/\",\"name\":\"INCOMSA SA - Nastri adesivi, Film estensibili e Imballaggio\",\"description\":\"Nastri adesivi, Film estensibili e Imballaggio\",\"publisher\":{\"@id\":\"https:\\\/\\\/www.incomsa.ch\\\/fr\\\/#organization\"},\"alternateName\":\"Nastri adesivi, Film estensibili e Imballaggio - Svizzara\",\"potentialAction\":[{\"@type\":\"SearchAction\",\"target\":{\"@type\":\"EntryPoint\",\"urlTemplate\":\"https:\\\/\\\/www.incomsa.ch\\\/fr\\\/?s={search_term_string}\"},\"query-input\":{\"@type\":\"PropertyValueSpecification\",\"valueRequired\":true,\"valueName\":\"search_term_string\"}}],\"inLanguage\":\"fr-FR\"},{\"@type\":\"Organization\",\"@id\":\"https:\\\/\\\/www.incomsa.ch\\\/fr\\\/#organization\",\"name\":\"INCOMSA SA - Nastri adesivi, Film estensibili e Imballaggio\",\"alternateName\":\"Nastri adesivi, Film estensibili e Imballaggio - Svizzera\",\"url\":\"https:\\\/\\\/www.incomsa.ch\\\/fr\\\/\",\"logo\":{\"@type\":\"ImageObject\",\"inLanguage\":\"fr-FR\",\"@id\":\"https:\\\/\\\/www.incomsa.ch\\\/fr\\\/#\\\/schema\\\/logo\\\/image\\\/\",\"url\":\"https:\\\/\\\/www.incomsa.ch\\\/wp-content\\\/uploads\\\/2021\\\/06\\\/incomsa-logo.jpg\",\"contentUrl\":\"https:\\\/\\\/www.incomsa.ch\\\/wp-content\\\/uploads\\\/2021\\\/06\\\/incomsa-logo.jpg\",\"width\":1200,\"height\":1200,\"caption\":\"INCOMSA SA - Nastri adesivi, Film estensibili e Imballaggio\"},\"image\":{\"@id\":\"https:\\\/\\\/www.incomsa.ch\\\/fr\\\/#\\\/schema\\\/logo\\\/image\\\/\"}}]}<\/script>\n<!-- \/ Yoast SEO plugin. -->","yoast_head_json":{"title":"Ruban arm\u00e9 - INCOMSA","robots":{"index":"index","follow":"follow","max-snippet":"max-snippet:-1","max-image-preview":"max-image-preview:large","max-video-preview":"max-video-preview:-1"},"canonical":"https:\/\/www.incomsa.ch\/fr\/rubans\/emballage\/ruban-arme\/","og_locale":"fr_FR","og_type":"article","og_title":"Ruban arm\u00e9 - INCOMSA","og_description":"Ruban en film de polypropyl\u00e8ne renforc\u00e9 avec fibres de verre. Art. 825 arm\u00e9 fil \u00e0 fil \u00e0 haute r\u00e9sistance longitudinale pour le cerclage d&#8217;emballages lourds. Art. 808 arm\u00e9 cha\u00eene et trame ind\u00e9chirable dans la longueur et la largeur pour emballages et mat\u00e9riaux lourds. Les fibres de verre assurent une r\u00e9sistance comparable au feuillard et une [...]","og_url":"https:\/\/www.incomsa.ch\/fr\/rubans\/emballage\/ruban-arme\/","og_site_name":"INCOMSA","article_modified_time":"2013-09-23T07:52:42+00:00","og_image":[{"width":900,"height":600,"url":"https:\/\/www.incomsa.ch\/wp-content\/uploads\/2013\/09\/IMG_1434.jpg","type":"image\/jpeg"}],"twitter_card":"summary_large_image","schema":{"@context":"https:\/\/schema.org","@graph":[{"@type":"WebPage","@id":"https:\/\/www.incomsa.ch\/fr\/rubans\/emballage\/ruban-arme\/","url":"https:\/\/www.incomsa.ch\/fr\/rubans\/emballage\/ruban-arme\/","name":"Ruban arm\u00e9 - INCOMSA","isPartOf":{"@id":"https:\/\/www.incomsa.ch\/fr\/#website"},"primaryImageOfPage":{"@id":"https:\/\/www.incomsa.ch\/fr\/rubans\/emballage\/ruban-arme\/#primaryimage"},"image":{"@id":"https:\/\/www.incomsa.ch\/fr\/rubans\/emballage\/ruban-arme\/#primaryimage"},"thumbnailUrl":"https:\/\/www.incomsa.ch\/wp-content\/uploads\/2013\/09\/IMG_1434.jpg","datePublished":"2013-09-13T08:14:47+00:00","dateModified":"2013-09-23T07:52:42+00:00","breadcrumb":{"@id":"https:\/\/www.incomsa.ch\/fr\/rubans\/emballage\/ruban-arme\/#breadcrumb"},"inLanguage":"fr-FR","potentialAction":[{"@type":"ReadAction","target":["https:\/\/www.incomsa.ch\/fr\/rubans\/emballage\/ruban-arme\/"]}]},{"@type":"ImageObject","inLanguage":"fr-FR","@id":"https:\/\/www.incomsa.ch\/fr\/rubans\/emballage\/ruban-arme\/#primaryimage","url":"https:\/\/www.incomsa.ch\/wp-content\/uploads\/2013\/09\/IMG_1434.jpg","contentUrl":"https:\/\/www.incomsa.ch\/wp-content\/uploads\/2013\/09\/IMG_1434.jpg","width":900,"height":600},{"@type":"BreadcrumbList","@id":"https:\/\/www.incomsa.ch\/fr\/rubans\/emballage\/ruban-arme\/#breadcrumb","itemListElement":[{"@type":"ListItem","position":1,"name":"Home","item":"https:\/\/www.incomsa.ch\/fr\/"},{"@type":"ListItem","position":2,"name":"RUBAN ADH\u00c9SIF","item":"https:\/\/www.incomsa.ch\/fr\/rubans\/"},{"@type":"ListItem","position":3,"name":"Emballage","item":"https:\/\/www.incomsa.ch\/fr\/rubans\/emballage\/"},{"@type":"ListItem","position":4,"name":"Ruban arm\u00e9"}]},{"@type":"WebSite","@id":"https:\/\/www.incomsa.ch\/fr\/#website","url":"https:\/\/www.incomsa.ch\/fr\/","name":"INCOMSA SA - Nastri adesivi, Film estensibili e Imballaggio","description":"Nastri adesivi, Film estensibili e Imballaggio","publisher":{"@id":"https:\/\/www.incomsa.ch\/fr\/#organization"},"alternateName":"Nastri adesivi, Film estensibili e Imballaggio - Svizzara","potentialAction":[{"@type":"SearchAction","target":{"@type":"EntryPoint","urlTemplate":"https:\/\/www.incomsa.ch\/fr\/?s={search_term_string}"},"query-input":{"@type":"PropertyValueSpecification","valueRequired":true,"valueName":"search_term_string"}}],"inLanguage":"fr-FR"},{"@type":"Organization","@id":"https:\/\/www.incomsa.ch\/fr\/#organization","name":"INCOMSA SA - Nastri adesivi, Film estensibili e Imballaggio","alternateName":"Nastri adesivi, Film estensibili e Imballaggio - Svizzera","url":"https:\/\/www.incomsa.ch\/fr\/","logo":{"@type":"ImageObject","inLanguage":"fr-FR","@id":"https:\/\/www.incomsa.ch\/fr\/#\/schema\/logo\/image\/","url":"https:\/\/www.incomsa.ch\/wp-content\/uploads\/2021\/06\/incomsa-logo.jpg","contentUrl":"https:\/\/www.incomsa.ch\/wp-content\/uploads\/2021\/06\/incomsa-logo.jpg","width":1200,"height":1200,"caption":"INCOMSA SA - Nastri adesivi, Film estensibili e Imballaggio"},"image":{"@id":"https:\/\/www.incomsa.ch\/fr\/#\/schema\/logo\/image\/"}}]}},"_links":{"self":[{"href":"https:\/\/www.incomsa.ch\/fr\/wp-json\/wp\/v2\/pages\/1096","targetHints":{"allow":["GET"]}}],"collection":[{"href":"https:\/\/www.incomsa.ch\/fr\/wp-json\/wp\/v2\/pages"}],"about":[{"href":"https:\/\/www.incomsa.ch\/fr\/wp-json\/wp\/v2\/types\/page"}],"author":[{"embeddable":true,"href":"https:\/\/www.incomsa.ch\/fr\/wp-json\/wp\/v2\/users\/3"}],"replies":[{"embeddable":true,"href":"https:\/\/www.incomsa.ch\/fr\/wp-json\/wp\/v2\/comments?post=1096"}],"version-history":[{"count":3,"href":"https:\/\/www.incomsa.ch\/fr\/wp-json\/wp\/v2\/pages\/1096\/revisions"}],"predecessor-version":[{"id":2345,"href":"https:\/\/www.incomsa.ch\/fr\/wp-json\/wp\/v2\/pages\/1096\/revisions\/2345"}],"up":[{"embeddable":true,"href":"https:\/\/www.incomsa.ch\/fr\/wp-json\/wp\/v2\/pages\/3777"}],"wp:featuredmedia":[{"embeddable":true,"href":"https:\/\/www.incomsa.ch\/fr\/wp-json\/wp\/v2\/media\/402"}],"wp:attachment":[{"href":"https:\/\/www.incomsa.ch\/fr\/wp-json\/wp\/v2\/media?parent=1096"}],"curies":[{"name":"wp","href":"https:\/\/api.w.org\/{rel}","templated":true}]}}