{"id":1156,"date":"2013-09-13T13:20:56","date_gmt":"2013-09-13T11:20:56","guid":{"rendered":"http:\/\/www.incomsa.ch\/produits\/rubans-divers\/nastri-in-tessuto-colorato\/"},"modified":"2013-09-23T10:02:13","modified_gmt":"2013-09-23T08:02:13","slug":"ruban-en-toile-plastifiee-couleur","status":"publish","type":"page","link":"https:\/\/www.incomsa.ch\/fr\/rubans\/papeterie\/ruban-en-toile-plastifiee-couleur\/","title":{"rendered":"Ruban en toile plastifi\u00e9e, couleur"},"content":{"rendered":"<p>Ruban en toile plastifi\u00e9e \u00e0 usages multiples, pour lier, border, d\u00e9corer etc. Se d\u00e9chire \u00e0 la main. Couleurs assorties.<\/p>\n","protected":false},"excerpt":{"rendered":"<p>Ruban en toile plastifi\u00e9e \u00e0 usages multiples, pour lier, border, d\u00e9corer etc. Se d\u00e9chire \u00e0 la main. Couleurs assorties.<\/p>\n","protected":false},"author":3,"featured_media":423,"parent":3788,"menu_order":0,"comment_status":"open","ping_status":"closed","template":"","meta":{"footnotes":""},"class_list":["post-1156","page","type-page","status-publish","has-post-thumbnail","hentry"],"yoast_head":"<!-- This site is optimized with the Yoast SEO plugin v27.5 - https:\/\/yoast.com\/product\/yoast-seo-wordpress\/ -->\n<title>Ruban en toile plastifi\u00e9e, couleur - INCOMSA<\/title>\n<meta name=\"robots\" content=\"index, follow, max-snippet:-1, max-image-preview:large, max-video-preview:-1\" \/>\n<link rel=\"canonical\" href=\"https:\/\/www.incomsa.ch\/fr\/rubans\/papeterie\/ruban-en-toile-plastifiee-couleur\/\" \/>\n<meta property=\"og:locale\" content=\"fr_FR\" \/>\n<meta property=\"og:type\" content=\"article\" \/>\n<meta property=\"og:title\" content=\"Ruban en toile plastifi\u00e9e, couleur - INCOMSA\" \/>\n<meta property=\"og:description\" content=\"Ruban en toile plastifi\u00e9e \u00e0 usages multiples, pour lier, border, d\u00e9corer etc. Se d\u00e9chire \u00e0 la main. Couleurs assorties.\" \/>\n<meta property=\"og:url\" content=\"https:\/\/www.incomsa.ch\/fr\/rubans\/papeterie\/ruban-en-toile-plastifiee-couleur\/\" \/>\n<meta property=\"og:site_name\" content=\"INCOMSA\" \/>\n<meta property=\"article:modified_time\" content=\"2013-09-23T08:02:13+00:00\" \/>\n<meta property=\"og:image\" content=\"https:\/\/www.incomsa.ch\/wp-content\/uploads\/2013\/09\/IMG_15381.jpg\" \/>\n\t<meta property=\"og:image:width\" content=\"900\" \/>\n\t<meta property=\"og:image:height\" content=\"600\" \/>\n\t<meta property=\"og:image:type\" content=\"image\/jpeg\" \/>\n<meta name=\"twitter:card\" content=\"summary_large_image\" \/>\n<script type=\"application\/ld+json\" class=\"yoast-schema-graph\">{\"@context\":\"https:\\\/\\\/schema.org\",\"@graph\":[{\"@type\":\"WebPage\",\"@id\":\"https:\\\/\\\/www.incomsa.ch\\\/fr\\\/rubans\\\/papeterie\\\/ruban-en-toile-plastifiee-couleur\\\/\",\"url\":\"https:\\\/\\\/www.incomsa.ch\\\/fr\\\/rubans\\\/papeterie\\\/ruban-en-toile-plastifiee-couleur\\\/\",\"name\":\"Ruban en toile plastifi\u00e9e, couleur - INCOMSA\",\"isPartOf\":{\"@id\":\"https:\\\/\\\/www.incomsa.ch\\\/fr\\\/#website\"},\"primaryImageOfPage\":{\"@id\":\"https:\\\/\\\/www.incomsa.ch\\\/fr\\\/rubans\\\/papeterie\\\/ruban-en-toile-plastifiee-couleur\\\/#primaryimage\"},\"image\":{\"@id\":\"https:\\\/\\\/www.incomsa.ch\\\/fr\\\/rubans\\\/papeterie\\\/ruban-en-toile-plastifiee-couleur\\\/#primaryimage\"},\"thumbnailUrl\":\"https:\\\/\\\/www.incomsa.ch\\\/wp-content\\\/uploads\\\/2013\\\/09\\\/IMG_15381.jpg\",\"datePublished\":\"2013-09-13T11:20:56+00:00\",\"dateModified\":\"2013-09-23T08:02:13+00:00\",\"breadcrumb\":{\"@id\":\"https:\\\/\\\/www.incomsa.ch\\\/fr\\\/rubans\\\/papeterie\\\/ruban-en-toile-plastifiee-couleur\\\/#breadcrumb\"},\"inLanguage\":\"fr-FR\",\"potentialAction\":[{\"@type\":\"ReadAction\",\"target\":[\"https:\\\/\\\/www.incomsa.ch\\\/fr\\\/rubans\\\/papeterie\\\/ruban-en-toile-plastifiee-couleur\\\/\"]}]},{\"@type\":\"ImageObject\",\"inLanguage\":\"fr-FR\",\"@id\":\"https:\\\/\\\/www.incomsa.ch\\\/fr\\\/rubans\\\/papeterie\\\/ruban-en-toile-plastifiee-couleur\\\/#primaryimage\",\"url\":\"https:\\\/\\\/www.incomsa.ch\\\/wp-content\\\/uploads\\\/2013\\\/09\\\/IMG_15381.jpg\",\"contentUrl\":\"https:\\\/\\\/www.incomsa.ch\\\/wp-content\\\/uploads\\\/2013\\\/09\\\/IMG_15381.jpg\",\"width\":900,\"height\":600},{\"@type\":\"BreadcrumbList\",\"@id\":\"https:\\\/\\\/www.incomsa.ch\\\/fr\\\/rubans\\\/papeterie\\\/ruban-en-toile-plastifiee-couleur\\\/#breadcrumb\",\"itemListElement\":[{\"@type\":\"ListItem\",\"position\":1,\"name\":\"Home\",\"item\":\"https:\\\/\\\/www.incomsa.ch\\\/fr\\\/\"},{\"@type\":\"ListItem\",\"position\":2,\"name\":\"RUBAN ADH\u00c9SIF\",\"item\":\"https:\\\/\\\/www.incomsa.ch\\\/fr\\\/rubans\\\/\"},{\"@type\":\"ListItem\",\"position\":3,\"name\":\"Papeterie\",\"item\":\"https:\\\/\\\/www.incomsa.ch\\\/fr\\\/rubans\\\/papeterie\\\/\"},{\"@type\":\"ListItem\",\"position\":4,\"name\":\"Ruban en toile plastifi\u00e9e, couleur\"}]},{\"@type\":\"WebSite\",\"@id\":\"https:\\\/\\\/www.incomsa.ch\\\/fr\\\/#website\",\"url\":\"https:\\\/\\\/www.incomsa.ch\\\/fr\\\/\",\"name\":\"INCOMSA SA - Nastri adesivi, Film estensibili e Imballaggio\",\"description\":\"Nastri adesivi, Film estensibili e Imballaggio\",\"publisher\":{\"@id\":\"https:\\\/\\\/www.incomsa.ch\\\/fr\\\/#organization\"},\"alternateName\":\"Nastri adesivi, Film estensibili e Imballaggio - Svizzara\",\"potentialAction\":[{\"@type\":\"SearchAction\",\"target\":{\"@type\":\"EntryPoint\",\"urlTemplate\":\"https:\\\/\\\/www.incomsa.ch\\\/fr\\\/?s={search_term_string}\"},\"query-input\":{\"@type\":\"PropertyValueSpecification\",\"valueRequired\":true,\"valueName\":\"search_term_string\"}}],\"inLanguage\":\"fr-FR\"},{\"@type\":\"Organization\",\"@id\":\"https:\\\/\\\/www.incomsa.ch\\\/fr\\\/#organization\",\"name\":\"INCOMSA SA - Nastri adesivi, Film estensibili e Imballaggio\",\"alternateName\":\"Nastri adesivi, Film estensibili e Imballaggio - Svizzera\",\"url\":\"https:\\\/\\\/www.incomsa.ch\\\/fr\\\/\",\"logo\":{\"@type\":\"ImageObject\",\"inLanguage\":\"fr-FR\",\"@id\":\"https:\\\/\\\/www.incomsa.ch\\\/fr\\\/#\\\/schema\\\/logo\\\/image\\\/\",\"url\":\"https:\\\/\\\/www.incomsa.ch\\\/wp-content\\\/uploads\\\/2021\\\/06\\\/incomsa-logo.jpg\",\"contentUrl\":\"https:\\\/\\\/www.incomsa.ch\\\/wp-content\\\/uploads\\\/2021\\\/06\\\/incomsa-logo.jpg\",\"width\":1200,\"height\":1200,\"caption\":\"INCOMSA SA - Nastri adesivi, Film estensibili e Imballaggio\"},\"image\":{\"@id\":\"https:\\\/\\\/www.incomsa.ch\\\/fr\\\/#\\\/schema\\\/logo\\\/image\\\/\"}}]}<\/script>\n<!-- \/ Yoast SEO plugin. -->","yoast_head_json":{"title":"Ruban en toile plastifi\u00e9e, couleur - INCOMSA","robots":{"index":"index","follow":"follow","max-snippet":"max-snippet:-1","max-image-preview":"max-image-preview:large","max-video-preview":"max-video-preview:-1"},"canonical":"https:\/\/www.incomsa.ch\/fr\/rubans\/papeterie\/ruban-en-toile-plastifiee-couleur\/","og_locale":"fr_FR","og_type":"article","og_title":"Ruban en toile plastifi\u00e9e, couleur - INCOMSA","og_description":"Ruban en toile plastifi\u00e9e \u00e0 usages multiples, pour lier, border, d\u00e9corer etc. Se d\u00e9chire \u00e0 la main. Couleurs assorties.","og_url":"https:\/\/www.incomsa.ch\/fr\/rubans\/papeterie\/ruban-en-toile-plastifiee-couleur\/","og_site_name":"INCOMSA","article_modified_time":"2013-09-23T08:02:13+00:00","og_image":[{"width":900,"height":600,"url":"https:\/\/www.incomsa.ch\/wp-content\/uploads\/2013\/09\/IMG_15381.jpg","type":"image\/jpeg"}],"twitter_card":"summary_large_image","schema":{"@context":"https:\/\/schema.org","@graph":[{"@type":"WebPage","@id":"https:\/\/www.incomsa.ch\/fr\/rubans\/papeterie\/ruban-en-toile-plastifiee-couleur\/","url":"https:\/\/www.incomsa.ch\/fr\/rubans\/papeterie\/ruban-en-toile-plastifiee-couleur\/","name":"Ruban en toile plastifi\u00e9e, couleur - INCOMSA","isPartOf":{"@id":"https:\/\/www.incomsa.ch\/fr\/#website"},"primaryImageOfPage":{"@id":"https:\/\/www.incomsa.ch\/fr\/rubans\/papeterie\/ruban-en-toile-plastifiee-couleur\/#primaryimage"},"image":{"@id":"https:\/\/www.incomsa.ch\/fr\/rubans\/papeterie\/ruban-en-toile-plastifiee-couleur\/#primaryimage"},"thumbnailUrl":"https:\/\/www.incomsa.ch\/wp-content\/uploads\/2013\/09\/IMG_15381.jpg","datePublished":"2013-09-13T11:20:56+00:00","dateModified":"2013-09-23T08:02:13+00:00","breadcrumb":{"@id":"https:\/\/www.incomsa.ch\/fr\/rubans\/papeterie\/ruban-en-toile-plastifiee-couleur\/#breadcrumb"},"inLanguage":"fr-FR","potentialAction":[{"@type":"ReadAction","target":["https:\/\/www.incomsa.ch\/fr\/rubans\/papeterie\/ruban-en-toile-plastifiee-couleur\/"]}]},{"@type":"ImageObject","inLanguage":"fr-FR","@id":"https:\/\/www.incomsa.ch\/fr\/rubans\/papeterie\/ruban-en-toile-plastifiee-couleur\/#primaryimage","url":"https:\/\/www.incomsa.ch\/wp-content\/uploads\/2013\/09\/IMG_15381.jpg","contentUrl":"https:\/\/www.incomsa.ch\/wp-content\/uploads\/2013\/09\/IMG_15381.jpg","width":900,"height":600},{"@type":"BreadcrumbList","@id":"https:\/\/www.incomsa.ch\/fr\/rubans\/papeterie\/ruban-en-toile-plastifiee-couleur\/#breadcrumb","itemListElement":[{"@type":"ListItem","position":1,"name":"Home","item":"https:\/\/www.incomsa.ch\/fr\/"},{"@type":"ListItem","position":2,"name":"RUBAN ADH\u00c9SIF","item":"https:\/\/www.incomsa.ch\/fr\/rubans\/"},{"@type":"ListItem","position":3,"name":"Papeterie","item":"https:\/\/www.incomsa.ch\/fr\/rubans\/papeterie\/"},{"@type":"ListItem","position":4,"name":"Ruban en toile plastifi\u00e9e, couleur"}]},{"@type":"WebSite","@id":"https:\/\/www.incomsa.ch\/fr\/#website","url":"https:\/\/www.incomsa.ch\/fr\/","name":"INCOMSA SA - Nastri adesivi, Film estensibili e Imballaggio","description":"Nastri adesivi, Film estensibili e Imballaggio","publisher":{"@id":"https:\/\/www.incomsa.ch\/fr\/#organization"},"alternateName":"Nastri adesivi, Film estensibili e Imballaggio - Svizzara","potentialAction":[{"@type":"SearchAction","target":{"@type":"EntryPoint","urlTemplate":"https:\/\/www.incomsa.ch\/fr\/?s={search_term_string}"},"query-input":{"@type":"PropertyValueSpecification","valueRequired":true,"valueName":"search_term_string"}}],"inLanguage":"fr-FR"},{"@type":"Organization","@id":"https:\/\/www.incomsa.ch\/fr\/#organization","name":"INCOMSA SA - Nastri adesivi, Film estensibili e Imballaggio","alternateName":"Nastri adesivi, Film estensibili e Imballaggio - Svizzera","url":"https:\/\/www.incomsa.ch\/fr\/","logo":{"@type":"ImageObject","inLanguage":"fr-FR","@id":"https:\/\/www.incomsa.ch\/fr\/#\/schema\/logo\/image\/","url":"https:\/\/www.incomsa.ch\/wp-content\/uploads\/2021\/06\/incomsa-logo.jpg","contentUrl":"https:\/\/www.incomsa.ch\/wp-content\/uploads\/2021\/06\/incomsa-logo.jpg","width":1200,"height":1200,"caption":"INCOMSA SA - Nastri adesivi, Film estensibili e Imballaggio"},"image":{"@id":"https:\/\/www.incomsa.ch\/fr\/#\/schema\/logo\/image\/"}}]}},"_links":{"self":[{"href":"https:\/\/www.incomsa.ch\/fr\/wp-json\/wp\/v2\/pages\/1156","targetHints":{"allow":["GET"]}}],"collection":[{"href":"https:\/\/www.incomsa.ch\/fr\/wp-json\/wp\/v2\/pages"}],"about":[{"href":"https:\/\/www.incomsa.ch\/fr\/wp-json\/wp\/v2\/types\/page"}],"author":[{"embeddable":true,"href":"https:\/\/www.incomsa.ch\/fr\/wp-json\/wp\/v2\/users\/3"}],"replies":[{"embeddable":true,"href":"https:\/\/www.incomsa.ch\/fr\/wp-json\/wp\/v2\/comments?post=1156"}],"version-history":[{"count":4,"href":"https:\/\/www.incomsa.ch\/fr\/wp-json\/wp\/v2\/pages\/1156\/revisions"}],"predecessor-version":[{"id":1163,"href":"https:\/\/www.incomsa.ch\/fr\/wp-json\/wp\/v2\/pages\/1156\/revisions\/1163"}],"up":[{"embeddable":true,"href":"https:\/\/www.incomsa.ch\/fr\/wp-json\/wp\/v2\/pages\/3788"}],"wp:featuredmedia":[{"embeddable":true,"href":"https:\/\/www.incomsa.ch\/fr\/wp-json\/wp\/v2\/media\/423"}],"wp:attachment":[{"href":"https:\/\/www.incomsa.ch\/fr\/wp-json\/wp\/v2\/media?parent=1156"}],"curies":[{"name":"wp","href":"https:\/\/api.w.org\/{rel}","templated":true}]}}