{"id":1178,"date":"2013-09-13T13:43:04","date_gmt":"2013-09-13T11:43:04","guid":{"rendered":"http:\/\/www.incomsa.ch\/produits\/film-estensibile\/"},"modified":"2013-09-23T10:10:05","modified_gmt":"2013-09-23T08:10:05","slug":"stretch-film-etirable","status":"publish","type":"page","link":"https:\/\/www.incomsa.ch\/fr\/produits\/stretch-film-etirable\/","title":{"rendered":"Stretch &#8211; Film \u00e9tirable"},"content":{"rendered":"<p style=\"text-align: justify;\">[thumbnailFiglie]<\/p>\n<p style=\"text-align: justify;\">\u00a0Film \u00e9tirable co-extrud\u00e9 pour la palettisation, multicouches. R\u00e9alis\u00e9 en poly\u00e9thyl\u00e8ne lin\u00e9aire avec la technologie \u201ccast \u201c qui garantit une grande constance de qualit\u00e9.<br \/>\nIl est caract\u00e9ris\u00e9 par d&rsquo;excellentes r\u00e9sistances m\u00e9caniques et donc il a une tenue exceptionnelle au d\u00e9chirement et \u00e0 la perforation. L&rsquo;allongement \u00e9lev\u00e9 permet une r\u00e9duction importante de quantit\u00e9 de produit employ\u00e9. Il ne contient pas de substances toxiques et il est recyclable \u00e0 100%.<\/p>\n","protected":false},"excerpt":{"rendered":"<p>[thumbnailFiglie] \u00a0Film \u00e9tirable co-extrud\u00e9 pour la palettisation, multicouches. R\u00e9alis\u00e9 en poly\u00e9thyl\u00e8ne lin\u00e9aire avec la technologie \u201ccast \u201c qui garantit une grande constance de qualit\u00e9. Il est caract\u00e9ris\u00e9 par d&rsquo;excellentes r\u00e9sistances m\u00e9caniques et donc il a une tenue exceptionnelle au d\u00e9chirement et \u00e0 la perforation. L&rsquo;allongement \u00e9lev\u00e9 permet une r\u00e9duction importante de quantit\u00e9 de produit employ\u00e9.  [&#8230;]<\/p>\n","protected":false},"author":3,"featured_media":443,"parent":75,"menu_order":0,"comment_status":"open","ping_status":"closed","template":"","meta":{"footnotes":""},"class_list":["post-1178","page","type-page","status-publish","has-post-thumbnail","hentry"],"yoast_head":"<!-- This site is optimized with the Yoast SEO plugin v27.5 - https:\/\/yoast.com\/product\/yoast-seo-wordpress\/ -->\n<title>Stretch - Film \u00e9tirable - INCOMSA<\/title>\n<meta name=\"robots\" content=\"index, follow, max-snippet:-1, max-image-preview:large, max-video-preview:-1\" \/>\n<link rel=\"canonical\" href=\"https:\/\/www.incomsa.ch\/fr\/produits\/stretch-film-etirable\/\" \/>\n<meta property=\"og:locale\" content=\"fr_FR\" \/>\n<meta property=\"og:type\" content=\"article\" \/>\n<meta property=\"og:title\" content=\"Stretch - Film \u00e9tirable - INCOMSA\" \/>\n<meta property=\"og:description\" content=\"[thumbnailFiglie] \u00a0Film \u00e9tirable co-extrud\u00e9 pour la palettisation, multicouches. R\u00e9alis\u00e9 en poly\u00e9thyl\u00e8ne lin\u00e9aire avec la technologie \u201ccast \u201c qui garantit une grande constance de qualit\u00e9. Il est caract\u00e9ris\u00e9 par d&rsquo;excellentes r\u00e9sistances m\u00e9caniques et donc il a une tenue exceptionnelle au d\u00e9chirement et \u00e0 la perforation. L&rsquo;allongement \u00e9lev\u00e9 permet une r\u00e9duction importante de quantit\u00e9 de produit employ\u00e9. [...]\" \/>\n<meta property=\"og:url\" content=\"https:\/\/www.incomsa.ch\/fr\/produits\/stretch-film-etirable\/\" \/>\n<meta property=\"og:site_name\" content=\"INCOMSA\" \/>\n<meta property=\"article:modified_time\" content=\"2013-09-23T08:10:05+00:00\" \/>\n<meta property=\"og:image\" content=\"https:\/\/www.incomsa.ch\/wp-content\/uploads\/2013\/09\/IMG_1711.jpg\" \/>\n\t<meta property=\"og:image:width\" content=\"900\" \/>\n\t<meta property=\"og:image:height\" content=\"600\" \/>\n\t<meta property=\"og:image:type\" content=\"image\/jpeg\" \/>\n<meta name=\"twitter:card\" content=\"summary_large_image\" \/>\n<script type=\"application\/ld+json\" class=\"yoast-schema-graph\">{\"@context\":\"https:\\\/\\\/schema.org\",\"@graph\":[{\"@type\":\"WebPage\",\"@id\":\"https:\\\/\\\/www.incomsa.ch\\\/fr\\\/produits\\\/stretch-film-etirable\\\/\",\"url\":\"https:\\\/\\\/www.incomsa.ch\\\/fr\\\/produits\\\/stretch-film-etirable\\\/\",\"name\":\"Stretch - Film \u00e9tirable - INCOMSA\",\"isPartOf\":{\"@id\":\"https:\\\/\\\/www.incomsa.ch\\\/fr\\\/#website\"},\"primaryImageOfPage\":{\"@id\":\"https:\\\/\\\/www.incomsa.ch\\\/fr\\\/produits\\\/stretch-film-etirable\\\/#primaryimage\"},\"image\":{\"@id\":\"https:\\\/\\\/www.incomsa.ch\\\/fr\\\/produits\\\/stretch-film-etirable\\\/#primaryimage\"},\"thumbnailUrl\":\"https:\\\/\\\/www.incomsa.ch\\\/wp-content\\\/uploads\\\/2013\\\/09\\\/IMG_1711.jpg\",\"datePublished\":\"2013-09-13T11:43:04+00:00\",\"dateModified\":\"2013-09-23T08:10:05+00:00\",\"breadcrumb\":{\"@id\":\"https:\\\/\\\/www.incomsa.ch\\\/fr\\\/produits\\\/stretch-film-etirable\\\/#breadcrumb\"},\"inLanguage\":\"fr-FR\",\"potentialAction\":[{\"@type\":\"ReadAction\",\"target\":[\"https:\\\/\\\/www.incomsa.ch\\\/fr\\\/produits\\\/stretch-film-etirable\\\/\"]}]},{\"@type\":\"ImageObject\",\"inLanguage\":\"fr-FR\",\"@id\":\"https:\\\/\\\/www.incomsa.ch\\\/fr\\\/produits\\\/stretch-film-etirable\\\/#primaryimage\",\"url\":\"https:\\\/\\\/www.incomsa.ch\\\/wp-content\\\/uploads\\\/2013\\\/09\\\/IMG_1711.jpg\",\"contentUrl\":\"https:\\\/\\\/www.incomsa.ch\\\/wp-content\\\/uploads\\\/2013\\\/09\\\/IMG_1711.jpg\",\"width\":900,\"height\":600},{\"@type\":\"BreadcrumbList\",\"@id\":\"https:\\\/\\\/www.incomsa.ch\\\/fr\\\/produits\\\/stretch-film-etirable\\\/#breadcrumb\",\"itemListElement\":[{\"@type\":\"ListItem\",\"position\":1,\"name\":\"Home\",\"item\":\"https:\\\/\\\/www.incomsa.ch\\\/fr\\\/\"},{\"@type\":\"ListItem\",\"position\":2,\"name\":\"Produits\",\"item\":\"https:\\\/\\\/www.incomsa.ch\\\/fr\\\/produits\\\/\"},{\"@type\":\"ListItem\",\"position\":3,\"name\":\"Stretch &#8211; Film \u00e9tirable\"}]},{\"@type\":\"WebSite\",\"@id\":\"https:\\\/\\\/www.incomsa.ch\\\/fr\\\/#website\",\"url\":\"https:\\\/\\\/www.incomsa.ch\\\/fr\\\/\",\"name\":\"INCOMSA SA - Nastri adesivi, Film estensibili e Imballaggio\",\"description\":\"Nastri adesivi, Film estensibili e Imballaggio\",\"publisher\":{\"@id\":\"https:\\\/\\\/www.incomsa.ch\\\/fr\\\/#organization\"},\"alternateName\":\"Nastri adesivi, Film estensibili e Imballaggio - Svizzara\",\"potentialAction\":[{\"@type\":\"SearchAction\",\"target\":{\"@type\":\"EntryPoint\",\"urlTemplate\":\"https:\\\/\\\/www.incomsa.ch\\\/fr\\\/?s={search_term_string}\"},\"query-input\":{\"@type\":\"PropertyValueSpecification\",\"valueRequired\":true,\"valueName\":\"search_term_string\"}}],\"inLanguage\":\"fr-FR\"},{\"@type\":\"Organization\",\"@id\":\"https:\\\/\\\/www.incomsa.ch\\\/fr\\\/#organization\",\"name\":\"INCOMSA SA - Nastri adesivi, Film estensibili e Imballaggio\",\"alternateName\":\"Nastri adesivi, Film estensibili e Imballaggio - Svizzera\",\"url\":\"https:\\\/\\\/www.incomsa.ch\\\/fr\\\/\",\"logo\":{\"@type\":\"ImageObject\",\"inLanguage\":\"fr-FR\",\"@id\":\"https:\\\/\\\/www.incomsa.ch\\\/fr\\\/#\\\/schema\\\/logo\\\/image\\\/\",\"url\":\"https:\\\/\\\/www.incomsa.ch\\\/wp-content\\\/uploads\\\/2021\\\/06\\\/incomsa-logo.jpg\",\"contentUrl\":\"https:\\\/\\\/www.incomsa.ch\\\/wp-content\\\/uploads\\\/2021\\\/06\\\/incomsa-logo.jpg\",\"width\":1200,\"height\":1200,\"caption\":\"INCOMSA SA - Nastri adesivi, Film estensibili e Imballaggio\"},\"image\":{\"@id\":\"https:\\\/\\\/www.incomsa.ch\\\/fr\\\/#\\\/schema\\\/logo\\\/image\\\/\"}}]}<\/script>\n<!-- \/ Yoast SEO plugin. -->","yoast_head_json":{"title":"Stretch - Film \u00e9tirable - INCOMSA","robots":{"index":"index","follow":"follow","max-snippet":"max-snippet:-1","max-image-preview":"max-image-preview:large","max-video-preview":"max-video-preview:-1"},"canonical":"https:\/\/www.incomsa.ch\/fr\/produits\/stretch-film-etirable\/","og_locale":"fr_FR","og_type":"article","og_title":"Stretch - Film \u00e9tirable - INCOMSA","og_description":"[thumbnailFiglie] \u00a0Film \u00e9tirable co-extrud\u00e9 pour la palettisation, multicouches. R\u00e9alis\u00e9 en poly\u00e9thyl\u00e8ne lin\u00e9aire avec la technologie \u201ccast \u201c qui garantit une grande constance de qualit\u00e9. Il est caract\u00e9ris\u00e9 par d&rsquo;excellentes r\u00e9sistances m\u00e9caniques et donc il a une tenue exceptionnelle au d\u00e9chirement et \u00e0 la perforation. L&rsquo;allongement \u00e9lev\u00e9 permet une r\u00e9duction importante de quantit\u00e9 de produit employ\u00e9. [...]","og_url":"https:\/\/www.incomsa.ch\/fr\/produits\/stretch-film-etirable\/","og_site_name":"INCOMSA","article_modified_time":"2013-09-23T08:10:05+00:00","og_image":[{"width":900,"height":600,"url":"https:\/\/www.incomsa.ch\/wp-content\/uploads\/2013\/09\/IMG_1711.jpg","type":"image\/jpeg"}],"twitter_card":"summary_large_image","schema":{"@context":"https:\/\/schema.org","@graph":[{"@type":"WebPage","@id":"https:\/\/www.incomsa.ch\/fr\/produits\/stretch-film-etirable\/","url":"https:\/\/www.incomsa.ch\/fr\/produits\/stretch-film-etirable\/","name":"Stretch - Film \u00e9tirable - INCOMSA","isPartOf":{"@id":"https:\/\/www.incomsa.ch\/fr\/#website"},"primaryImageOfPage":{"@id":"https:\/\/www.incomsa.ch\/fr\/produits\/stretch-film-etirable\/#primaryimage"},"image":{"@id":"https:\/\/www.incomsa.ch\/fr\/produits\/stretch-film-etirable\/#primaryimage"},"thumbnailUrl":"https:\/\/www.incomsa.ch\/wp-content\/uploads\/2013\/09\/IMG_1711.jpg","datePublished":"2013-09-13T11:43:04+00:00","dateModified":"2013-09-23T08:10:05+00:00","breadcrumb":{"@id":"https:\/\/www.incomsa.ch\/fr\/produits\/stretch-film-etirable\/#breadcrumb"},"inLanguage":"fr-FR","potentialAction":[{"@type":"ReadAction","target":["https:\/\/www.incomsa.ch\/fr\/produits\/stretch-film-etirable\/"]}]},{"@type":"ImageObject","inLanguage":"fr-FR","@id":"https:\/\/www.incomsa.ch\/fr\/produits\/stretch-film-etirable\/#primaryimage","url":"https:\/\/www.incomsa.ch\/wp-content\/uploads\/2013\/09\/IMG_1711.jpg","contentUrl":"https:\/\/www.incomsa.ch\/wp-content\/uploads\/2013\/09\/IMG_1711.jpg","width":900,"height":600},{"@type":"BreadcrumbList","@id":"https:\/\/www.incomsa.ch\/fr\/produits\/stretch-film-etirable\/#breadcrumb","itemListElement":[{"@type":"ListItem","position":1,"name":"Home","item":"https:\/\/www.incomsa.ch\/fr\/"},{"@type":"ListItem","position":2,"name":"Produits","item":"https:\/\/www.incomsa.ch\/fr\/produits\/"},{"@type":"ListItem","position":3,"name":"Stretch &#8211; Film \u00e9tirable"}]},{"@type":"WebSite","@id":"https:\/\/www.incomsa.ch\/fr\/#website","url":"https:\/\/www.incomsa.ch\/fr\/","name":"INCOMSA SA - Nastri adesivi, Film estensibili e Imballaggio","description":"Nastri adesivi, Film estensibili e Imballaggio","publisher":{"@id":"https:\/\/www.incomsa.ch\/fr\/#organization"},"alternateName":"Nastri adesivi, Film estensibili e Imballaggio - Svizzara","potentialAction":[{"@type":"SearchAction","target":{"@type":"EntryPoint","urlTemplate":"https:\/\/www.incomsa.ch\/fr\/?s={search_term_string}"},"query-input":{"@type":"PropertyValueSpecification","valueRequired":true,"valueName":"search_term_string"}}],"inLanguage":"fr-FR"},{"@type":"Organization","@id":"https:\/\/www.incomsa.ch\/fr\/#organization","name":"INCOMSA SA - Nastri adesivi, Film estensibili e Imballaggio","alternateName":"Nastri adesivi, Film estensibili e Imballaggio - Svizzera","url":"https:\/\/www.incomsa.ch\/fr\/","logo":{"@type":"ImageObject","inLanguage":"fr-FR","@id":"https:\/\/www.incomsa.ch\/fr\/#\/schema\/logo\/image\/","url":"https:\/\/www.incomsa.ch\/wp-content\/uploads\/2021\/06\/incomsa-logo.jpg","contentUrl":"https:\/\/www.incomsa.ch\/wp-content\/uploads\/2021\/06\/incomsa-logo.jpg","width":1200,"height":1200,"caption":"INCOMSA SA - Nastri adesivi, Film estensibili e Imballaggio"},"image":{"@id":"https:\/\/www.incomsa.ch\/fr\/#\/schema\/logo\/image\/"}}]}},"_links":{"self":[{"href":"https:\/\/www.incomsa.ch\/fr\/wp-json\/wp\/v2\/pages\/1178","targetHints":{"allow":["GET"]}}],"collection":[{"href":"https:\/\/www.incomsa.ch\/fr\/wp-json\/wp\/v2\/pages"}],"about":[{"href":"https:\/\/www.incomsa.ch\/fr\/wp-json\/wp\/v2\/types\/page"}],"author":[{"embeddable":true,"href":"https:\/\/www.incomsa.ch\/fr\/wp-json\/wp\/v2\/users\/3"}],"replies":[{"embeddable":true,"href":"https:\/\/www.incomsa.ch\/fr\/wp-json\/wp\/v2\/comments?post=1178"}],"version-history":[{"count":7,"href":"https:\/\/www.incomsa.ch\/fr\/wp-json\/wp\/v2\/pages\/1178\/revisions"}],"predecessor-version":[{"id":1192,"href":"https:\/\/www.incomsa.ch\/fr\/wp-json\/wp\/v2\/pages\/1178\/revisions\/1192"}],"up":[{"embeddable":true,"href":"https:\/\/www.incomsa.ch\/fr\/wp-json\/wp\/v2\/pages\/75"}],"wp:featuredmedia":[{"embeddable":true,"href":"https:\/\/www.incomsa.ch\/fr\/wp-json\/wp\/v2\/media\/443"}],"wp:attachment":[{"href":"https:\/\/www.incomsa.ch\/fr\/wp-json\/wp\/v2\/media?parent=1178"}],"curies":[{"name":"wp","href":"https:\/\/api.w.org\/{rel}","templated":true}]}}