{"id":1243,"date":"2013-09-17T10:42:42","date_gmt":"2013-09-17T08:42:42","guid":{"rendered":"http:\/\/www.incomsa.ch\/produits\/stretch-film-etirable\/sveltopack\/"},"modified":"2013-09-23T10:21:29","modified_gmt":"2013-09-23T08:21:29","slug":"sveltopack","status":"publish","type":"page","link":"https:\/\/www.incomsa.ch\/fr\/film-etirables-et-feuillard\/sveltopack\/","title":{"rendered":"Sveltopack"},"content":{"rendered":"<p>Film \u00e9tirable transparent en petits rouleaux, largeur 100 et 125mm. Employ\u00e9 dans l&rsquo;industrie pour ficeler, envelopper ou prot\u00e9ger tubes en caoutchouc ou m\u00e9tal, barres en plastique ou bois etc. Tr\u00e8s utile aussi \u00e0 la maison pour de petits emballages.<\/p>\n<p>Dim.: 100\/125 mm x 150 m, 23 my<\/p>\n","protected":false},"excerpt":{"rendered":"<p>Film \u00e9tirable transparent en petits rouleaux, largeur 100 et 125mm. Employ\u00e9 dans l&rsquo;industrie pour ficeler, envelopper ou prot\u00e9ger tubes en caoutchouc ou m\u00e9tal, barres en plastique ou bois etc. Tr\u00e8s utile aussi \u00e0 la maison pour de petits emballages. Dim.: 100\/125 mm x 150 m, 23 my<\/p>\n","protected":false},"author":3,"featured_media":439,"parent":3798,"menu_order":0,"comment_status":"open","ping_status":"closed","template":"","meta":{"footnotes":""},"class_list":["post-1243","page","type-page","status-publish","has-post-thumbnail","hentry"],"yoast_head":"<!-- This site is optimized with the Yoast SEO plugin v27.4 - https:\/\/yoast.com\/product\/yoast-seo-wordpress\/ -->\n<title>Sveltopack - INCOMSA<\/title>\n<meta name=\"robots\" content=\"index, follow, max-snippet:-1, max-image-preview:large, max-video-preview:-1\" \/>\n<link rel=\"canonical\" href=\"https:\/\/www.incomsa.ch\/fr\/film-etirables-et-feuillard\/sveltopack\/\" \/>\n<meta property=\"og:locale\" content=\"fr_FR\" \/>\n<meta property=\"og:type\" content=\"article\" \/>\n<meta property=\"og:title\" content=\"Sveltopack - INCOMSA\" \/>\n<meta property=\"og:description\" content=\"Film \u00e9tirable transparent en petits rouleaux, largeur 100 et 125mm. Employ\u00e9 dans l&rsquo;industrie pour ficeler, envelopper ou prot\u00e9ger tubes en caoutchouc ou m\u00e9tal, barres en plastique ou bois etc. Tr\u00e8s utile aussi \u00e0 la maison pour de petits emballages. Dim.: 100\/125 mm x 150 m, 23 my\" \/>\n<meta property=\"og:url\" content=\"https:\/\/www.incomsa.ch\/fr\/film-etirables-et-feuillard\/sveltopack\/\" \/>\n<meta property=\"og:site_name\" content=\"INCOMSA\" \/>\n<meta property=\"article:modified_time\" content=\"2013-09-23T08:21:29+00:00\" \/>\n<meta property=\"og:image\" content=\"https:\/\/www.incomsa.ch\/wp-content\/uploads\/2013\/09\/IMG_1641-1.jpg\" \/>\n\t<meta property=\"og:image:width\" content=\"900\" \/>\n\t<meta property=\"og:image:height\" content=\"600\" \/>\n\t<meta property=\"og:image:type\" content=\"image\/jpeg\" \/>\n<meta name=\"twitter:card\" content=\"summary_large_image\" \/>\n<script type=\"application\/ld+json\" class=\"yoast-schema-graph\">{\"@context\":\"https:\\\/\\\/schema.org\",\"@graph\":[{\"@type\":\"WebPage\",\"@id\":\"https:\\\/\\\/www.incomsa.ch\\\/fr\\\/film-etirables-et-feuillard\\\/sveltopack\\\/\",\"url\":\"https:\\\/\\\/www.incomsa.ch\\\/fr\\\/film-etirables-et-feuillard\\\/sveltopack\\\/\",\"name\":\"Sveltopack - INCOMSA\",\"isPartOf\":{\"@id\":\"https:\\\/\\\/www.incomsa.ch\\\/fr\\\/#website\"},\"primaryImageOfPage\":{\"@id\":\"https:\\\/\\\/www.incomsa.ch\\\/fr\\\/film-etirables-et-feuillard\\\/sveltopack\\\/#primaryimage\"},\"image\":{\"@id\":\"https:\\\/\\\/www.incomsa.ch\\\/fr\\\/film-etirables-et-feuillard\\\/sveltopack\\\/#primaryimage\"},\"thumbnailUrl\":\"https:\\\/\\\/www.incomsa.ch\\\/wp-content\\\/uploads\\\/2013\\\/09\\\/IMG_1641-1.jpg\",\"datePublished\":\"2013-09-17T08:42:42+00:00\",\"dateModified\":\"2013-09-23T08:21:29+00:00\",\"breadcrumb\":{\"@id\":\"https:\\\/\\\/www.incomsa.ch\\\/fr\\\/film-etirables-et-feuillard\\\/sveltopack\\\/#breadcrumb\"},\"inLanguage\":\"fr-FR\",\"potentialAction\":[{\"@type\":\"ReadAction\",\"target\":[\"https:\\\/\\\/www.incomsa.ch\\\/fr\\\/film-etirables-et-feuillard\\\/sveltopack\\\/\"]}]},{\"@type\":\"ImageObject\",\"inLanguage\":\"fr-FR\",\"@id\":\"https:\\\/\\\/www.incomsa.ch\\\/fr\\\/film-etirables-et-feuillard\\\/sveltopack\\\/#primaryimage\",\"url\":\"https:\\\/\\\/www.incomsa.ch\\\/wp-content\\\/uploads\\\/2013\\\/09\\\/IMG_1641-1.jpg\",\"contentUrl\":\"https:\\\/\\\/www.incomsa.ch\\\/wp-content\\\/uploads\\\/2013\\\/09\\\/IMG_1641-1.jpg\",\"width\":900,\"height\":600},{\"@type\":\"BreadcrumbList\",\"@id\":\"https:\\\/\\\/www.incomsa.ch\\\/fr\\\/film-etirables-et-feuillard\\\/sveltopack\\\/#breadcrumb\",\"itemListElement\":[{\"@type\":\"ListItem\",\"position\":1,\"name\":\"Home\",\"item\":\"https:\\\/\\\/www.incomsa.ch\\\/fr\\\/\"},{\"@type\":\"ListItem\",\"position\":2,\"name\":\"Film \u00e9tirable\",\"item\":\"https:\\\/\\\/www.incomsa.ch\\\/fr\\\/film-etirables-et-feuillard\\\/\"},{\"@type\":\"ListItem\",\"position\":3,\"name\":\"Sveltopack\"}]},{\"@type\":\"WebSite\",\"@id\":\"https:\\\/\\\/www.incomsa.ch\\\/fr\\\/#website\",\"url\":\"https:\\\/\\\/www.incomsa.ch\\\/fr\\\/\",\"name\":\"INCOMSA SA - Nastri adesivi, Film estensibili e Imballaggio\",\"description\":\"Nastri adesivi, Film estensibili e Imballaggio\",\"publisher\":{\"@id\":\"https:\\\/\\\/www.incomsa.ch\\\/fr\\\/#organization\"},\"alternateName\":\"Nastri adesivi, Film estensibili e Imballaggio - Svizzara\",\"potentialAction\":[{\"@type\":\"SearchAction\",\"target\":{\"@type\":\"EntryPoint\",\"urlTemplate\":\"https:\\\/\\\/www.incomsa.ch\\\/fr\\\/?s={search_term_string}\"},\"query-input\":{\"@type\":\"PropertyValueSpecification\",\"valueRequired\":true,\"valueName\":\"search_term_string\"}}],\"inLanguage\":\"fr-FR\"},{\"@type\":\"Organization\",\"@id\":\"https:\\\/\\\/www.incomsa.ch\\\/fr\\\/#organization\",\"name\":\"INCOMSA SA - Nastri adesivi, Film estensibili e Imballaggio\",\"alternateName\":\"Nastri adesivi, Film estensibili e Imballaggio - Svizzera\",\"url\":\"https:\\\/\\\/www.incomsa.ch\\\/fr\\\/\",\"logo\":{\"@type\":\"ImageObject\",\"inLanguage\":\"fr-FR\",\"@id\":\"https:\\\/\\\/www.incomsa.ch\\\/fr\\\/#\\\/schema\\\/logo\\\/image\\\/\",\"url\":\"https:\\\/\\\/www.incomsa.ch\\\/wp-content\\\/uploads\\\/2021\\\/06\\\/incomsa-logo.jpg\",\"contentUrl\":\"https:\\\/\\\/www.incomsa.ch\\\/wp-content\\\/uploads\\\/2021\\\/06\\\/incomsa-logo.jpg\",\"width\":1200,\"height\":1200,\"caption\":\"INCOMSA SA - Nastri adesivi, Film estensibili e Imballaggio\"},\"image\":{\"@id\":\"https:\\\/\\\/www.incomsa.ch\\\/fr\\\/#\\\/schema\\\/logo\\\/image\\\/\"}}]}<\/script>\n<!-- \/ Yoast SEO plugin. -->","yoast_head_json":{"title":"Sveltopack - INCOMSA","robots":{"index":"index","follow":"follow","max-snippet":"max-snippet:-1","max-image-preview":"max-image-preview:large","max-video-preview":"max-video-preview:-1"},"canonical":"https:\/\/www.incomsa.ch\/fr\/film-etirables-et-feuillard\/sveltopack\/","og_locale":"fr_FR","og_type":"article","og_title":"Sveltopack - INCOMSA","og_description":"Film \u00e9tirable transparent en petits rouleaux, largeur 100 et 125mm. Employ\u00e9 dans l&rsquo;industrie pour ficeler, envelopper ou prot\u00e9ger tubes en caoutchouc ou m\u00e9tal, barres en plastique ou bois etc. Tr\u00e8s utile aussi \u00e0 la maison pour de petits emballages. Dim.: 100\/125 mm x 150 m, 23 my","og_url":"https:\/\/www.incomsa.ch\/fr\/film-etirables-et-feuillard\/sveltopack\/","og_site_name":"INCOMSA","article_modified_time":"2013-09-23T08:21:29+00:00","og_image":[{"width":900,"height":600,"url":"https:\/\/www.incomsa.ch\/wp-content\/uploads\/2013\/09\/IMG_1641-1.jpg","type":"image\/jpeg"}],"twitter_card":"summary_large_image","schema":{"@context":"https:\/\/schema.org","@graph":[{"@type":"WebPage","@id":"https:\/\/www.incomsa.ch\/fr\/film-etirables-et-feuillard\/sveltopack\/","url":"https:\/\/www.incomsa.ch\/fr\/film-etirables-et-feuillard\/sveltopack\/","name":"Sveltopack - INCOMSA","isPartOf":{"@id":"https:\/\/www.incomsa.ch\/fr\/#website"},"primaryImageOfPage":{"@id":"https:\/\/www.incomsa.ch\/fr\/film-etirables-et-feuillard\/sveltopack\/#primaryimage"},"image":{"@id":"https:\/\/www.incomsa.ch\/fr\/film-etirables-et-feuillard\/sveltopack\/#primaryimage"},"thumbnailUrl":"https:\/\/www.incomsa.ch\/wp-content\/uploads\/2013\/09\/IMG_1641-1.jpg","datePublished":"2013-09-17T08:42:42+00:00","dateModified":"2013-09-23T08:21:29+00:00","breadcrumb":{"@id":"https:\/\/www.incomsa.ch\/fr\/film-etirables-et-feuillard\/sveltopack\/#breadcrumb"},"inLanguage":"fr-FR","potentialAction":[{"@type":"ReadAction","target":["https:\/\/www.incomsa.ch\/fr\/film-etirables-et-feuillard\/sveltopack\/"]}]},{"@type":"ImageObject","inLanguage":"fr-FR","@id":"https:\/\/www.incomsa.ch\/fr\/film-etirables-et-feuillard\/sveltopack\/#primaryimage","url":"https:\/\/www.incomsa.ch\/wp-content\/uploads\/2013\/09\/IMG_1641-1.jpg","contentUrl":"https:\/\/www.incomsa.ch\/wp-content\/uploads\/2013\/09\/IMG_1641-1.jpg","width":900,"height":600},{"@type":"BreadcrumbList","@id":"https:\/\/www.incomsa.ch\/fr\/film-etirables-et-feuillard\/sveltopack\/#breadcrumb","itemListElement":[{"@type":"ListItem","position":1,"name":"Home","item":"https:\/\/www.incomsa.ch\/fr\/"},{"@type":"ListItem","position":2,"name":"Film \u00e9tirable","item":"https:\/\/www.incomsa.ch\/fr\/film-etirables-et-feuillard\/"},{"@type":"ListItem","position":3,"name":"Sveltopack"}]},{"@type":"WebSite","@id":"https:\/\/www.incomsa.ch\/fr\/#website","url":"https:\/\/www.incomsa.ch\/fr\/","name":"INCOMSA SA - Nastri adesivi, Film estensibili e Imballaggio","description":"Nastri adesivi, Film estensibili e Imballaggio","publisher":{"@id":"https:\/\/www.incomsa.ch\/fr\/#organization"},"alternateName":"Nastri adesivi, Film estensibili e Imballaggio - Svizzara","potentialAction":[{"@type":"SearchAction","target":{"@type":"EntryPoint","urlTemplate":"https:\/\/www.incomsa.ch\/fr\/?s={search_term_string}"},"query-input":{"@type":"PropertyValueSpecification","valueRequired":true,"valueName":"search_term_string"}}],"inLanguage":"fr-FR"},{"@type":"Organization","@id":"https:\/\/www.incomsa.ch\/fr\/#organization","name":"INCOMSA SA - Nastri adesivi, Film estensibili e Imballaggio","alternateName":"Nastri adesivi, Film estensibili e Imballaggio - Svizzera","url":"https:\/\/www.incomsa.ch\/fr\/","logo":{"@type":"ImageObject","inLanguage":"fr-FR","@id":"https:\/\/www.incomsa.ch\/fr\/#\/schema\/logo\/image\/","url":"https:\/\/www.incomsa.ch\/wp-content\/uploads\/2021\/06\/incomsa-logo.jpg","contentUrl":"https:\/\/www.incomsa.ch\/wp-content\/uploads\/2021\/06\/incomsa-logo.jpg","width":1200,"height":1200,"caption":"INCOMSA SA - Nastri adesivi, Film estensibili e Imballaggio"},"image":{"@id":"https:\/\/www.incomsa.ch\/fr\/#\/schema\/logo\/image\/"}}]}},"_links":{"self":[{"href":"https:\/\/www.incomsa.ch\/fr\/wp-json\/wp\/v2\/pages\/1243","targetHints":{"allow":["GET"]}}],"collection":[{"href":"https:\/\/www.incomsa.ch\/fr\/wp-json\/wp\/v2\/pages"}],"about":[{"href":"https:\/\/www.incomsa.ch\/fr\/wp-json\/wp\/v2\/types\/page"}],"author":[{"embeddable":true,"href":"https:\/\/www.incomsa.ch\/fr\/wp-json\/wp\/v2\/users\/3"}],"replies":[{"embeddable":true,"href":"https:\/\/www.incomsa.ch\/fr\/wp-json\/wp\/v2\/comments?post=1243"}],"version-history":[{"count":2,"href":"https:\/\/www.incomsa.ch\/fr\/wp-json\/wp\/v2\/pages\/1243\/revisions"}],"predecessor-version":[{"id":1247,"href":"https:\/\/www.incomsa.ch\/fr\/wp-json\/wp\/v2\/pages\/1243\/revisions\/1247"}],"up":[{"embeddable":true,"href":"https:\/\/www.incomsa.ch\/fr\/wp-json\/wp\/v2\/pages\/3798"}],"wp:featuredmedia":[{"embeddable":true,"href":"https:\/\/www.incomsa.ch\/fr\/wp-json\/wp\/v2\/media\/439"}],"wp:attachment":[{"href":"https:\/\/www.incomsa.ch\/fr\/wp-json\/wp\/v2\/media?parent=1243"}],"curies":[{"name":"wp","href":"https:\/\/api.w.org\/{rel}","templated":true}]}}