{"id":1271,"date":"2013-09-17T10:46:35","date_gmt":"2013-09-17T08:46:35","guid":{"rendered":"http:\/\/www.incomsa.ch\/produits\/plastique\/chips-per-imballaggio\/"},"modified":"2023-02-20T13:50:13","modified_gmt":"2023-02-20T12:50:13","slug":"chips-pour-l-emballage","status":"publish","type":"page","link":"https:\/\/www.incomsa.ch\/fr\/protection\/chips-pour-l-emballage\/","title":{"rendered":"Chips pour l&rsquo; emballage"},"content":{"rendered":"<div class=\"fusion-fullwidth fullwidth-box fusion-builder-row-1 fusion-flex-container nonhundred-percent-fullwidth non-hundred-percent-height-scrolling\" style=\"--awb-border-radius-top-left:0px;--awb-border-radius-top-right:0px;--awb-border-radius-bottom-right:0px;--awb-border-radius-bottom-left:0px;--awb-flex-wrap:wrap;\" ><div class=\"fusion-builder-row fusion-row fusion-flex-align-items-flex-start fusion-flex-content-wrap\" style=\"max-width:1144px;margin-left: calc(-4% \/ 2 );margin-right: calc(-4% \/ 2 );\"><div class=\"fusion-layout-column fusion_builder_column fusion-builder-column-0 fusion_builder_column_1_1 1_1 fusion-flex-column\" style=\"--awb-bg-size:cover;--awb-width-large:100%;--awb-margin-top-large:0px;--awb-spacing-right-large:1.92%;--awb-margin-bottom-large:0px;--awb-spacing-left-large:1.92%;--awb-width-medium:100%;--awb-spacing-right-medium:1.92%;--awb-spacing-left-medium:1.92%;--awb-width-small:100%;--awb-spacing-right-small:1.92%;--awb-spacing-left-small:1.92%;\"><div class=\"fusion-column-wrapper fusion-flex-justify-content-flex-start fusion-content-layout-column\"><div class=\"fusion-text fusion-text-1\"><h1>Chips pour l\u2019 emballage<\/h1>\n<p style=\"text-align: justify;\">Particules de polysthyr\u00e8ne expanse auto-extinguible neutre pour l\u2019environnement; s\u2019il est br\u00fbl\u00e9 il ne d\u00e9gage pas des substances toxiques. Id\u00e9al pour remplir les vides dans les cartons et les bo\u00eetes tout en prot\u00e9geant les objets pendant le transport. Leur poids \u00e9tant insignifiant elles n\u2019alt\u00e8rent pas le poids total de la marchandise emball\u00e9e.<br \/>\nContenu : 500 l\/sac<\/p>\n<\/div><\/div><\/div><\/div><\/div>\n","protected":false},"excerpt":{"rendered":"","protected":false},"author":3,"featured_media":448,"parent":3796,"menu_order":0,"comment_status":"open","ping_status":"closed","template":"","meta":{"footnotes":""},"class_list":["post-1271","page","type-page","status-publish","has-post-thumbnail","hentry"],"yoast_head":"<!-- This site is optimized with the Yoast SEO plugin v27.5 - https:\/\/yoast.com\/product\/yoast-seo-wordpress\/ -->\n<title>Chips pour l&#039; emballage - INCOMSA<\/title>\n<meta name=\"robots\" content=\"index, follow, max-snippet:-1, max-image-preview:large, max-video-preview:-1\" \/>\n<link rel=\"canonical\" href=\"https:\/\/www.incomsa.ch\/fr\/protection\/chips-pour-l-emballage\/\" \/>\n<meta property=\"og:locale\" content=\"fr_FR\" \/>\n<meta property=\"og:type\" content=\"article\" \/>\n<meta property=\"og:title\" content=\"Chips pour l&#039; emballage - INCOMSA\" \/>\n<meta property=\"og:url\" content=\"https:\/\/www.incomsa.ch\/fr\/protection\/chips-pour-l-emballage\/\" \/>\n<meta property=\"og:site_name\" content=\"INCOMSA\" \/>\n<meta property=\"article:modified_time\" content=\"2023-02-20T12:50:13+00:00\" \/>\n<meta property=\"og:image\" content=\"https:\/\/www.incomsa.ch\/wp-content\/uploads\/2013\/09\/IMG_19541.jpg\" \/>\n\t<meta property=\"og:image:width\" content=\"900\" \/>\n\t<meta property=\"og:image:height\" content=\"600\" \/>\n\t<meta property=\"og:image:type\" content=\"image\/jpeg\" \/>\n<meta name=\"twitter:card\" content=\"summary_large_image\" \/>\n<meta name=\"twitter:label1\" content=\"Dur\u00e9e de lecture estim\u00e9e\" \/>\n\t<meta name=\"twitter:data1\" content=\"2 minutes\" \/>\n<script type=\"application\/ld+json\" class=\"yoast-schema-graph\">{\"@context\":\"https:\\\/\\\/schema.org\",\"@graph\":[{\"@type\":\"WebPage\",\"@id\":\"https:\\\/\\\/www.incomsa.ch\\\/fr\\\/protection\\\/chips-pour-l-emballage\\\/\",\"url\":\"https:\\\/\\\/www.incomsa.ch\\\/fr\\\/protection\\\/chips-pour-l-emballage\\\/\",\"name\":\"Chips pour l' emballage - INCOMSA\",\"isPartOf\":{\"@id\":\"https:\\\/\\\/www.incomsa.ch\\\/fr\\\/#website\"},\"primaryImageOfPage\":{\"@id\":\"https:\\\/\\\/www.incomsa.ch\\\/fr\\\/protection\\\/chips-pour-l-emballage\\\/#primaryimage\"},\"image\":{\"@id\":\"https:\\\/\\\/www.incomsa.ch\\\/fr\\\/protection\\\/chips-pour-l-emballage\\\/#primaryimage\"},\"thumbnailUrl\":\"https:\\\/\\\/www.incomsa.ch\\\/wp-content\\\/uploads\\\/2013\\\/09\\\/IMG_19541.jpg\",\"datePublished\":\"2013-09-17T08:46:35+00:00\",\"dateModified\":\"2023-02-20T12:50:13+00:00\",\"breadcrumb\":{\"@id\":\"https:\\\/\\\/www.incomsa.ch\\\/fr\\\/protection\\\/chips-pour-l-emballage\\\/#breadcrumb\"},\"inLanguage\":\"fr-FR\",\"potentialAction\":[{\"@type\":\"ReadAction\",\"target\":[\"https:\\\/\\\/www.incomsa.ch\\\/fr\\\/protection\\\/chips-pour-l-emballage\\\/\"]}]},{\"@type\":\"ImageObject\",\"inLanguage\":\"fr-FR\",\"@id\":\"https:\\\/\\\/www.incomsa.ch\\\/fr\\\/protection\\\/chips-pour-l-emballage\\\/#primaryimage\",\"url\":\"https:\\\/\\\/www.incomsa.ch\\\/wp-content\\\/uploads\\\/2013\\\/09\\\/IMG_19541.jpg\",\"contentUrl\":\"https:\\\/\\\/www.incomsa.ch\\\/wp-content\\\/uploads\\\/2013\\\/09\\\/IMG_19541.jpg\",\"width\":900,\"height\":600},{\"@type\":\"BreadcrumbList\",\"@id\":\"https:\\\/\\\/www.incomsa.ch\\\/fr\\\/protection\\\/chips-pour-l-emballage\\\/#breadcrumb\",\"itemListElement\":[{\"@type\":\"ListItem\",\"position\":1,\"name\":\"Home\",\"item\":\"https:\\\/\\\/www.incomsa.ch\\\/fr\\\/\"},{\"@type\":\"ListItem\",\"position\":2,\"name\":\"Protection\",\"item\":\"https:\\\/\\\/www.incomsa.ch\\\/fr\\\/protection\\\/\"},{\"@type\":\"ListItem\",\"position\":3,\"name\":\"Chips pour l&#8217; emballage\"}]},{\"@type\":\"WebSite\",\"@id\":\"https:\\\/\\\/www.incomsa.ch\\\/fr\\\/#website\",\"url\":\"https:\\\/\\\/www.incomsa.ch\\\/fr\\\/\",\"name\":\"INCOMSA SA - Nastri adesivi, Film estensibili e Imballaggio\",\"description\":\"Nastri adesivi, Film estensibili e Imballaggio\",\"publisher\":{\"@id\":\"https:\\\/\\\/www.incomsa.ch\\\/fr\\\/#organization\"},\"alternateName\":\"Nastri adesivi, Film estensibili e Imballaggio - Svizzara\",\"potentialAction\":[{\"@type\":\"SearchAction\",\"target\":{\"@type\":\"EntryPoint\",\"urlTemplate\":\"https:\\\/\\\/www.incomsa.ch\\\/fr\\\/?s={search_term_string}\"},\"query-input\":{\"@type\":\"PropertyValueSpecification\",\"valueRequired\":true,\"valueName\":\"search_term_string\"}}],\"inLanguage\":\"fr-FR\"},{\"@type\":\"Organization\",\"@id\":\"https:\\\/\\\/www.incomsa.ch\\\/fr\\\/#organization\",\"name\":\"INCOMSA SA - Nastri adesivi, Film estensibili e Imballaggio\",\"alternateName\":\"Nastri adesivi, Film estensibili e Imballaggio - Svizzera\",\"url\":\"https:\\\/\\\/www.incomsa.ch\\\/fr\\\/\",\"logo\":{\"@type\":\"ImageObject\",\"inLanguage\":\"fr-FR\",\"@id\":\"https:\\\/\\\/www.incomsa.ch\\\/fr\\\/#\\\/schema\\\/logo\\\/image\\\/\",\"url\":\"https:\\\/\\\/www.incomsa.ch\\\/wp-content\\\/uploads\\\/2021\\\/06\\\/incomsa-logo.jpg\",\"contentUrl\":\"https:\\\/\\\/www.incomsa.ch\\\/wp-content\\\/uploads\\\/2021\\\/06\\\/incomsa-logo.jpg\",\"width\":1200,\"height\":1200,\"caption\":\"INCOMSA SA - Nastri adesivi, Film estensibili e Imballaggio\"},\"image\":{\"@id\":\"https:\\\/\\\/www.incomsa.ch\\\/fr\\\/#\\\/schema\\\/logo\\\/image\\\/\"}}]}<\/script>\n<!-- \/ Yoast SEO plugin. -->","yoast_head_json":{"title":"Chips pour l' emballage - INCOMSA","robots":{"index":"index","follow":"follow","max-snippet":"max-snippet:-1","max-image-preview":"max-image-preview:large","max-video-preview":"max-video-preview:-1"},"canonical":"https:\/\/www.incomsa.ch\/fr\/protection\/chips-pour-l-emballage\/","og_locale":"fr_FR","og_type":"article","og_title":"Chips pour l' emballage - INCOMSA","og_url":"https:\/\/www.incomsa.ch\/fr\/protection\/chips-pour-l-emballage\/","og_site_name":"INCOMSA","article_modified_time":"2023-02-20T12:50:13+00:00","og_image":[{"width":900,"height":600,"url":"https:\/\/www.incomsa.ch\/wp-content\/uploads\/2013\/09\/IMG_19541.jpg","type":"image\/jpeg"}],"twitter_card":"summary_large_image","twitter_misc":{"Dur\u00e9e de lecture estim\u00e9e":"2 minutes"},"schema":{"@context":"https:\/\/schema.org","@graph":[{"@type":"WebPage","@id":"https:\/\/www.incomsa.ch\/fr\/protection\/chips-pour-l-emballage\/","url":"https:\/\/www.incomsa.ch\/fr\/protection\/chips-pour-l-emballage\/","name":"Chips pour l' emballage - INCOMSA","isPartOf":{"@id":"https:\/\/www.incomsa.ch\/fr\/#website"},"primaryImageOfPage":{"@id":"https:\/\/www.incomsa.ch\/fr\/protection\/chips-pour-l-emballage\/#primaryimage"},"image":{"@id":"https:\/\/www.incomsa.ch\/fr\/protection\/chips-pour-l-emballage\/#primaryimage"},"thumbnailUrl":"https:\/\/www.incomsa.ch\/wp-content\/uploads\/2013\/09\/IMG_19541.jpg","datePublished":"2013-09-17T08:46:35+00:00","dateModified":"2023-02-20T12:50:13+00:00","breadcrumb":{"@id":"https:\/\/www.incomsa.ch\/fr\/protection\/chips-pour-l-emballage\/#breadcrumb"},"inLanguage":"fr-FR","potentialAction":[{"@type":"ReadAction","target":["https:\/\/www.incomsa.ch\/fr\/protection\/chips-pour-l-emballage\/"]}]},{"@type":"ImageObject","inLanguage":"fr-FR","@id":"https:\/\/www.incomsa.ch\/fr\/protection\/chips-pour-l-emballage\/#primaryimage","url":"https:\/\/www.incomsa.ch\/wp-content\/uploads\/2013\/09\/IMG_19541.jpg","contentUrl":"https:\/\/www.incomsa.ch\/wp-content\/uploads\/2013\/09\/IMG_19541.jpg","width":900,"height":600},{"@type":"BreadcrumbList","@id":"https:\/\/www.incomsa.ch\/fr\/protection\/chips-pour-l-emballage\/#breadcrumb","itemListElement":[{"@type":"ListItem","position":1,"name":"Home","item":"https:\/\/www.incomsa.ch\/fr\/"},{"@type":"ListItem","position":2,"name":"Protection","item":"https:\/\/www.incomsa.ch\/fr\/protection\/"},{"@type":"ListItem","position":3,"name":"Chips pour l&#8217; emballage"}]},{"@type":"WebSite","@id":"https:\/\/www.incomsa.ch\/fr\/#website","url":"https:\/\/www.incomsa.ch\/fr\/","name":"INCOMSA SA - Nastri adesivi, Film estensibili e Imballaggio","description":"Nastri adesivi, Film estensibili e Imballaggio","publisher":{"@id":"https:\/\/www.incomsa.ch\/fr\/#organization"},"alternateName":"Nastri adesivi, Film estensibili e Imballaggio - Svizzara","potentialAction":[{"@type":"SearchAction","target":{"@type":"EntryPoint","urlTemplate":"https:\/\/www.incomsa.ch\/fr\/?s={search_term_string}"},"query-input":{"@type":"PropertyValueSpecification","valueRequired":true,"valueName":"search_term_string"}}],"inLanguage":"fr-FR"},{"@type":"Organization","@id":"https:\/\/www.incomsa.ch\/fr\/#organization","name":"INCOMSA SA - Nastri adesivi, Film estensibili e Imballaggio","alternateName":"Nastri adesivi, Film estensibili e Imballaggio - Svizzera","url":"https:\/\/www.incomsa.ch\/fr\/","logo":{"@type":"ImageObject","inLanguage":"fr-FR","@id":"https:\/\/www.incomsa.ch\/fr\/#\/schema\/logo\/image\/","url":"https:\/\/www.incomsa.ch\/wp-content\/uploads\/2021\/06\/incomsa-logo.jpg","contentUrl":"https:\/\/www.incomsa.ch\/wp-content\/uploads\/2021\/06\/incomsa-logo.jpg","width":1200,"height":1200,"caption":"INCOMSA SA - Nastri adesivi, Film estensibili e Imballaggio"},"image":{"@id":"https:\/\/www.incomsa.ch\/fr\/#\/schema\/logo\/image\/"}}]}},"_links":{"self":[{"href":"https:\/\/www.incomsa.ch\/fr\/wp-json\/wp\/v2\/pages\/1271","targetHints":{"allow":["GET"]}}],"collection":[{"href":"https:\/\/www.incomsa.ch\/fr\/wp-json\/wp\/v2\/pages"}],"about":[{"href":"https:\/\/www.incomsa.ch\/fr\/wp-json\/wp\/v2\/types\/page"}],"author":[{"embeddable":true,"href":"https:\/\/www.incomsa.ch\/fr\/wp-json\/wp\/v2\/users\/3"}],"replies":[{"embeddable":true,"href":"https:\/\/www.incomsa.ch\/fr\/wp-json\/wp\/v2\/comments?post=1271"}],"version-history":[{"count":8,"href":"https:\/\/www.incomsa.ch\/fr\/wp-json\/wp\/v2\/pages\/1271\/revisions"}],"predecessor-version":[{"id":18315,"href":"https:\/\/www.incomsa.ch\/fr\/wp-json\/wp\/v2\/pages\/1271\/revisions\/18315"}],"up":[{"embeddable":true,"href":"https:\/\/www.incomsa.ch\/fr\/wp-json\/wp\/v2\/pages\/3796"}],"wp:featuredmedia":[{"embeddable":true,"href":"https:\/\/www.incomsa.ch\/fr\/wp-json\/wp\/v2\/media\/448"}],"wp:attachment":[{"href":"https:\/\/www.incomsa.ch\/fr\/wp-json\/wp\/v2\/media?parent=1271"}],"curies":[{"name":"wp","href":"https:\/\/api.w.org\/{rel}","templated":true}]}}