{"id":1359,"date":"2013-09-17T10:53:15","date_gmt":"2013-09-17T08:53:15","guid":{"rendered":"http:\/\/www.incomsa.ch\/produits\/accessoires\/manopole-manicotti\/"},"modified":"2013-09-23T10:36:16","modified_gmt":"2013-09-23T08:36:16","slug":"derouleur-pour-film-etirable-manuel","status":"publish","type":"page","link":"https:\/\/www.incomsa.ch\/fr\/accessoires-2\/derouleur-pour-film-etirable-manuel\/","title":{"rendered":"D\u00e9rouleur pour film \u00e9tirable manuel"},"content":{"rendered":"<p>D\u00e9rouleur pour film \u00e9tirable manuel<\/p>\n","protected":false},"excerpt":{"rendered":"<p>D\u00e9rouleur pour film \u00e9tirable manuel<\/p>\n","protected":false},"author":3,"featured_media":434,"parent":3800,"menu_order":0,"comment_status":"open","ping_status":"closed","template":"","meta":{"footnotes":""},"class_list":["post-1359","page","type-page","status-publish","has-post-thumbnail","hentry"],"yoast_head":"<!-- This site is optimized with the Yoast SEO plugin v27.5 - https:\/\/yoast.com\/product\/yoast-seo-wordpress\/ -->\n<title>D\u00e9rouleur pour film \u00e9tirable manuel - INCOMSA<\/title>\n<meta name=\"robots\" content=\"index, follow, max-snippet:-1, max-image-preview:large, max-video-preview:-1\" \/>\n<link rel=\"canonical\" href=\"https:\/\/www.incomsa.ch\/fr\/accessoires-2\/derouleur-pour-film-etirable-manuel\/\" \/>\n<meta property=\"og:locale\" content=\"fr_FR\" \/>\n<meta property=\"og:type\" content=\"article\" \/>\n<meta property=\"og:title\" content=\"D\u00e9rouleur pour film \u00e9tirable manuel - INCOMSA\" \/>\n<meta property=\"og:description\" content=\"D\u00e9rouleur pour film \u00e9tirable manuel\" \/>\n<meta property=\"og:url\" content=\"https:\/\/www.incomsa.ch\/fr\/accessoires-2\/derouleur-pour-film-etirable-manuel\/\" \/>\n<meta property=\"og:site_name\" content=\"INCOMSA\" \/>\n<meta property=\"article:modified_time\" content=\"2013-09-23T08:36:16+00:00\" \/>\n<meta property=\"og:image\" content=\"https:\/\/www.incomsa.ch\/wp-content\/uploads\/2013\/09\/IMG_1620-1.jpg\" \/>\n\t<meta property=\"og:image:width\" content=\"900\" \/>\n\t<meta property=\"og:image:height\" content=\"600\" \/>\n\t<meta property=\"og:image:type\" content=\"image\/jpeg\" \/>\n<meta name=\"twitter:card\" content=\"summary_large_image\" \/>\n<script type=\"application\/ld+json\" class=\"yoast-schema-graph\">{\"@context\":\"https:\\\/\\\/schema.org\",\"@graph\":[{\"@type\":\"WebPage\",\"@id\":\"https:\\\/\\\/www.incomsa.ch\\\/fr\\\/accessoires-2\\\/derouleur-pour-film-etirable-manuel\\\/\",\"url\":\"https:\\\/\\\/www.incomsa.ch\\\/fr\\\/accessoires-2\\\/derouleur-pour-film-etirable-manuel\\\/\",\"name\":\"D\u00e9rouleur pour film \u00e9tirable manuel - INCOMSA\",\"isPartOf\":{\"@id\":\"https:\\\/\\\/www.incomsa.ch\\\/fr\\\/#website\"},\"primaryImageOfPage\":{\"@id\":\"https:\\\/\\\/www.incomsa.ch\\\/fr\\\/accessoires-2\\\/derouleur-pour-film-etirable-manuel\\\/#primaryimage\"},\"image\":{\"@id\":\"https:\\\/\\\/www.incomsa.ch\\\/fr\\\/accessoires-2\\\/derouleur-pour-film-etirable-manuel\\\/#primaryimage\"},\"thumbnailUrl\":\"https:\\\/\\\/www.incomsa.ch\\\/wp-content\\\/uploads\\\/2013\\\/09\\\/IMG_1620-1.jpg\",\"datePublished\":\"2013-09-17T08:53:15+00:00\",\"dateModified\":\"2013-09-23T08:36:16+00:00\",\"breadcrumb\":{\"@id\":\"https:\\\/\\\/www.incomsa.ch\\\/fr\\\/accessoires-2\\\/derouleur-pour-film-etirable-manuel\\\/#breadcrumb\"},\"inLanguage\":\"fr-FR\",\"potentialAction\":[{\"@type\":\"ReadAction\",\"target\":[\"https:\\\/\\\/www.incomsa.ch\\\/fr\\\/accessoires-2\\\/derouleur-pour-film-etirable-manuel\\\/\"]}]},{\"@type\":\"ImageObject\",\"inLanguage\":\"fr-FR\",\"@id\":\"https:\\\/\\\/www.incomsa.ch\\\/fr\\\/accessoires-2\\\/derouleur-pour-film-etirable-manuel\\\/#primaryimage\",\"url\":\"https:\\\/\\\/www.incomsa.ch\\\/wp-content\\\/uploads\\\/2013\\\/09\\\/IMG_1620-1.jpg\",\"contentUrl\":\"https:\\\/\\\/www.incomsa.ch\\\/wp-content\\\/uploads\\\/2013\\\/09\\\/IMG_1620-1.jpg\",\"width\":900,\"height\":600},{\"@type\":\"BreadcrumbList\",\"@id\":\"https:\\\/\\\/www.incomsa.ch\\\/fr\\\/accessoires-2\\\/derouleur-pour-film-etirable-manuel\\\/#breadcrumb\",\"itemListElement\":[{\"@type\":\"ListItem\",\"position\":1,\"name\":\"Home\",\"item\":\"https:\\\/\\\/www.incomsa.ch\\\/fr\\\/\"},{\"@type\":\"ListItem\",\"position\":2,\"name\":\"Accessoires\",\"item\":\"https:\\\/\\\/www.incomsa.ch\\\/fr\\\/accessoires-2\\\/\"},{\"@type\":\"ListItem\",\"position\":3,\"name\":\"D\u00e9rouleur pour film \u00e9tirable manuel\"}]},{\"@type\":\"WebSite\",\"@id\":\"https:\\\/\\\/www.incomsa.ch\\\/fr\\\/#website\",\"url\":\"https:\\\/\\\/www.incomsa.ch\\\/fr\\\/\",\"name\":\"INCOMSA SA - Nastri adesivi, Film estensibili e Imballaggio\",\"description\":\"Nastri adesivi, Film estensibili e Imballaggio\",\"publisher\":{\"@id\":\"https:\\\/\\\/www.incomsa.ch\\\/fr\\\/#organization\"},\"alternateName\":\"Nastri adesivi, Film estensibili e Imballaggio - Svizzara\",\"potentialAction\":[{\"@type\":\"SearchAction\",\"target\":{\"@type\":\"EntryPoint\",\"urlTemplate\":\"https:\\\/\\\/www.incomsa.ch\\\/fr\\\/?s={search_term_string}\"},\"query-input\":{\"@type\":\"PropertyValueSpecification\",\"valueRequired\":true,\"valueName\":\"search_term_string\"}}],\"inLanguage\":\"fr-FR\"},{\"@type\":\"Organization\",\"@id\":\"https:\\\/\\\/www.incomsa.ch\\\/fr\\\/#organization\",\"name\":\"INCOMSA SA - Nastri adesivi, Film estensibili e Imballaggio\",\"alternateName\":\"Nastri adesivi, Film estensibili e Imballaggio - Svizzera\",\"url\":\"https:\\\/\\\/www.incomsa.ch\\\/fr\\\/\",\"logo\":{\"@type\":\"ImageObject\",\"inLanguage\":\"fr-FR\",\"@id\":\"https:\\\/\\\/www.incomsa.ch\\\/fr\\\/#\\\/schema\\\/logo\\\/image\\\/\",\"url\":\"https:\\\/\\\/www.incomsa.ch\\\/wp-content\\\/uploads\\\/2021\\\/06\\\/incomsa-logo.jpg\",\"contentUrl\":\"https:\\\/\\\/www.incomsa.ch\\\/wp-content\\\/uploads\\\/2021\\\/06\\\/incomsa-logo.jpg\",\"width\":1200,\"height\":1200,\"caption\":\"INCOMSA SA - Nastri adesivi, Film estensibili e Imballaggio\"},\"image\":{\"@id\":\"https:\\\/\\\/www.incomsa.ch\\\/fr\\\/#\\\/schema\\\/logo\\\/image\\\/\"}}]}<\/script>\n<!-- \/ Yoast SEO plugin. -->","yoast_head_json":{"title":"D\u00e9rouleur pour film \u00e9tirable manuel - INCOMSA","robots":{"index":"index","follow":"follow","max-snippet":"max-snippet:-1","max-image-preview":"max-image-preview:large","max-video-preview":"max-video-preview:-1"},"canonical":"https:\/\/www.incomsa.ch\/fr\/accessoires-2\/derouleur-pour-film-etirable-manuel\/","og_locale":"fr_FR","og_type":"article","og_title":"D\u00e9rouleur pour film \u00e9tirable manuel - INCOMSA","og_description":"D\u00e9rouleur pour film \u00e9tirable manuel","og_url":"https:\/\/www.incomsa.ch\/fr\/accessoires-2\/derouleur-pour-film-etirable-manuel\/","og_site_name":"INCOMSA","article_modified_time":"2013-09-23T08:36:16+00:00","og_image":[{"width":900,"height":600,"url":"https:\/\/www.incomsa.ch\/wp-content\/uploads\/2013\/09\/IMG_1620-1.jpg","type":"image\/jpeg"}],"twitter_card":"summary_large_image","schema":{"@context":"https:\/\/schema.org","@graph":[{"@type":"WebPage","@id":"https:\/\/www.incomsa.ch\/fr\/accessoires-2\/derouleur-pour-film-etirable-manuel\/","url":"https:\/\/www.incomsa.ch\/fr\/accessoires-2\/derouleur-pour-film-etirable-manuel\/","name":"D\u00e9rouleur pour film \u00e9tirable manuel - INCOMSA","isPartOf":{"@id":"https:\/\/www.incomsa.ch\/fr\/#website"},"primaryImageOfPage":{"@id":"https:\/\/www.incomsa.ch\/fr\/accessoires-2\/derouleur-pour-film-etirable-manuel\/#primaryimage"},"image":{"@id":"https:\/\/www.incomsa.ch\/fr\/accessoires-2\/derouleur-pour-film-etirable-manuel\/#primaryimage"},"thumbnailUrl":"https:\/\/www.incomsa.ch\/wp-content\/uploads\/2013\/09\/IMG_1620-1.jpg","datePublished":"2013-09-17T08:53:15+00:00","dateModified":"2013-09-23T08:36:16+00:00","breadcrumb":{"@id":"https:\/\/www.incomsa.ch\/fr\/accessoires-2\/derouleur-pour-film-etirable-manuel\/#breadcrumb"},"inLanguage":"fr-FR","potentialAction":[{"@type":"ReadAction","target":["https:\/\/www.incomsa.ch\/fr\/accessoires-2\/derouleur-pour-film-etirable-manuel\/"]}]},{"@type":"ImageObject","inLanguage":"fr-FR","@id":"https:\/\/www.incomsa.ch\/fr\/accessoires-2\/derouleur-pour-film-etirable-manuel\/#primaryimage","url":"https:\/\/www.incomsa.ch\/wp-content\/uploads\/2013\/09\/IMG_1620-1.jpg","contentUrl":"https:\/\/www.incomsa.ch\/wp-content\/uploads\/2013\/09\/IMG_1620-1.jpg","width":900,"height":600},{"@type":"BreadcrumbList","@id":"https:\/\/www.incomsa.ch\/fr\/accessoires-2\/derouleur-pour-film-etirable-manuel\/#breadcrumb","itemListElement":[{"@type":"ListItem","position":1,"name":"Home","item":"https:\/\/www.incomsa.ch\/fr\/"},{"@type":"ListItem","position":2,"name":"Accessoires","item":"https:\/\/www.incomsa.ch\/fr\/accessoires-2\/"},{"@type":"ListItem","position":3,"name":"D\u00e9rouleur pour film \u00e9tirable manuel"}]},{"@type":"WebSite","@id":"https:\/\/www.incomsa.ch\/fr\/#website","url":"https:\/\/www.incomsa.ch\/fr\/","name":"INCOMSA SA - Nastri adesivi, Film estensibili e Imballaggio","description":"Nastri adesivi, Film estensibili e Imballaggio","publisher":{"@id":"https:\/\/www.incomsa.ch\/fr\/#organization"},"alternateName":"Nastri adesivi, Film estensibili e Imballaggio - Svizzara","potentialAction":[{"@type":"SearchAction","target":{"@type":"EntryPoint","urlTemplate":"https:\/\/www.incomsa.ch\/fr\/?s={search_term_string}"},"query-input":{"@type":"PropertyValueSpecification","valueRequired":true,"valueName":"search_term_string"}}],"inLanguage":"fr-FR"},{"@type":"Organization","@id":"https:\/\/www.incomsa.ch\/fr\/#organization","name":"INCOMSA SA - Nastri adesivi, Film estensibili e Imballaggio","alternateName":"Nastri adesivi, Film estensibili e Imballaggio - Svizzera","url":"https:\/\/www.incomsa.ch\/fr\/","logo":{"@type":"ImageObject","inLanguage":"fr-FR","@id":"https:\/\/www.incomsa.ch\/fr\/#\/schema\/logo\/image\/","url":"https:\/\/www.incomsa.ch\/wp-content\/uploads\/2021\/06\/incomsa-logo.jpg","contentUrl":"https:\/\/www.incomsa.ch\/wp-content\/uploads\/2021\/06\/incomsa-logo.jpg","width":1200,"height":1200,"caption":"INCOMSA SA - Nastri adesivi, Film estensibili e Imballaggio"},"image":{"@id":"https:\/\/www.incomsa.ch\/fr\/#\/schema\/logo\/image\/"}}]}},"_links":{"self":[{"href":"https:\/\/www.incomsa.ch\/fr\/wp-json\/wp\/v2\/pages\/1359","targetHints":{"allow":["GET"]}}],"collection":[{"href":"https:\/\/www.incomsa.ch\/fr\/wp-json\/wp\/v2\/pages"}],"about":[{"href":"https:\/\/www.incomsa.ch\/fr\/wp-json\/wp\/v2\/types\/page"}],"author":[{"embeddable":true,"href":"https:\/\/www.incomsa.ch\/fr\/wp-json\/wp\/v2\/users\/3"}],"replies":[{"embeddable":true,"href":"https:\/\/www.incomsa.ch\/fr\/wp-json\/wp\/v2\/comments?post=1359"}],"version-history":[{"count":2,"href":"https:\/\/www.incomsa.ch\/fr\/wp-json\/wp\/v2\/pages\/1359\/revisions"}],"predecessor-version":[{"id":1363,"href":"https:\/\/www.incomsa.ch\/fr\/wp-json\/wp\/v2\/pages\/1359\/revisions\/1363"}],"up":[{"embeddable":true,"href":"https:\/\/www.incomsa.ch\/fr\/wp-json\/wp\/v2\/pages\/3800"}],"wp:featuredmedia":[{"embeddable":true,"href":"https:\/\/www.incomsa.ch\/fr\/wp-json\/wp\/v2\/media\/434"}],"wp:attachment":[{"href":"https:\/\/www.incomsa.ch\/fr\/wp-json\/wp\/v2\/media?parent=1359"}],"curies":[{"name":"wp","href":"https:\/\/api.w.org\/{rel}","templated":true}]}}