{"id":1378,"date":"2013-09-17T10:56:00","date_gmt":"2013-09-17T08:56:00","guid":{"rendered":"http:\/\/www.incomsa.ch\/produits\/linea-adesivi-scotch-3m\/"},"modified":"2017-04-27T10:49:37","modified_gmt":"2017-04-27T08:49:37","slug":"ruban-adhesif-ligne-scotch-3m","status":"publish","type":"page","link":"https:\/\/www.incomsa.ch\/fr\/ruban-adhesif-ligne-scotch-3m\/","title":{"rendered":"Ruban adh\u00e9sif ligne Scotch 3M"},"content":{"rendered":"<div class=\"fusion-fullwidth fullwidth-box fusion-builder-row-1 nonhundred-percent-fullwidth non-hundred-percent-height-scrolling\" style=\"--awb-border-radius-top-left:0px;--awb-border-radius-top-right:0px;--awb-border-radius-bottom-right:0px;--awb-border-radius-bottom-left:0px;--awb-flex-wrap:wrap;\" ><div class=\"fusion-builder-row fusion-row\"><div class=\"fusion-layout-column fusion_builder_column fusion-builder-column-0 fusion_builder_column_1_1 1_1 fusion-one-full fusion-column-first fusion-column-last\" style=\"--awb-bg-size:cover;--awb-margin-bottom:0px;\"><div class=\"fusion-column-wrapper fusion-flex-column-wrapper-legacy\"><div class=\"fusion-text fusion-text-1\"><p><span lang=\"fr-FR\">Des d\u00e9cennies d&rsquo;exp\u00e9rience<\/span> <span lang=\"fr-FR\">et de recherche<\/span> <span lang=\"fr-FR\">innovante<\/span> <span lang=\"fr-FR\">dans la technologie<\/span> <span lang=\"fr-FR\">des colles<\/span> <span lang=\"fr-FR\">et des rubans adh\u00e9sifs<\/span> <span lang=\"fr-FR\">ont fait que<\/span><span lang=\"fr-FR\">, <\/span><span lang=\"fr-FR\">la c\u00e9l\u00e8bre<\/span> <span lang=\"fr-FR\">soci\u00e9t\u00e9 am\u00e9ricaine<\/span> <span lang=\"fr-FR\">3M<\/span> <span lang=\"fr-FR\">(<\/span><span lang=\"fr-FR\">Minnesota Mining &amp; <\/span><span lang=\"fr-FR\">Manufacturing Company<\/span><span lang=\"fr-FR\">), <\/span><span lang=\"fr-FR\">nous offre<\/span> <span lang=\"fr-FR\">une gamme infinie de<\/span> <span lang=\"fr-FR\">solutions de fixage<\/span> <span lang=\"fr-FR\">sp\u00e9cifiques<\/span> <span lang=\"fr-FR\">dans diff\u00e9rents secteurs<\/span><span lang=\"fr-FR\">.<\/span><\/p>\n<p><strong>Secteur industriel:<\/strong><\/p>\n<ul>\n<li>Rubans adh\u00e9sifs double face<\/li>\n<li>Mousses et supports de toutes sortes<\/li>\n<li>Rubans adh\u00e9sifs pour emballage<\/li>\n<li>Signalisation<\/li>\n<li>Colles acryliques \u00e0 base d&rsquo;eau, de caoutchouc synth\u00e9tique, Hotmelt, etc.<\/li>\n<\/ul>\n<p style=\"text-align: justify;\"><strong>Construction:<\/strong><\/p>\n<ul>\n<li><span lang=\"fr-FR\">Rubans adh\u00e9sifs de masquage<\/span><\/li>\n<li><span lang=\"fr-FR\">Rubans r\u00e9fl\u00e9chissant<\/span><\/li>\n<li><span lang=\"fr-FR\">Rubans r\u00e9sistants aux rayons UV<\/span><\/li>\n<li><span lang=\"fr-FR\">Rubans de<\/span> <span lang=\"fr-FR\">faible<\/span> <span lang=\"fr-FR\">\u00e9paisseur<\/span> <span lang=\"fr-FR\">pour les finitions<\/span> <span lang=\"fr-FR\">fines et<\/span><span lang=\"fr-FR\"> de <\/span><span lang=\"fr-FR\">pr\u00e9cision<\/span><\/li>\n<li><span lang=\"fr-FR\">Bandes de haute<\/span> <span lang=\"fr-FR\">ou<\/span> <span lang=\"fr-FR\">basse adh\u00e9sivit\u00e9 en fonction de l&rsquo;application<\/span><\/li>\n<li><span lang=\"fr-FR\">Syst\u00e8mes<\/span> <span lang=\"fr-FR\">abrasifs<\/span><\/li>\n<li><span lang=\"fr-FR\">Produits de la gamme Scotch<\/span> <span lang=\"fr-FR\">Brite<\/span><\/li>\n<li><span lang=\"fr-FR\">Bandes<\/span> <span lang=\"fr-FR\">antid\u00e9rapantes<\/span><\/li>\n<li><span lang=\"fr-FR\">Articles<\/span> <span lang=\"fr-FR\">de protection, Masques etc.<\/span>.<\/li>\n<\/ul>\n<p>&nbsp;<\/p>\n<\/div><div class=\"fusion-clearfix\"><\/div><\/div><\/div><\/div><\/div>\n","protected":false},"excerpt":{"rendered":"","protected":false},"author":3,"featured_media":589,"parent":0,"menu_order":0,"comment_status":"open","ping_status":"closed","template":"","meta":{"footnotes":""},"class_list":["post-1378","page","type-page","status-publish","has-post-thumbnail","hentry"],"yoast_head":"<!-- This site is optimized with the Yoast SEO plugin v27.4 - https:\/\/yoast.com\/product\/yoast-seo-wordpress\/ -->\n<title>Ruban adh\u00e9sif ligne Scotch 3M - INCOMSA<\/title>\n<meta name=\"robots\" content=\"index, follow, max-snippet:-1, max-image-preview:large, max-video-preview:-1\" \/>\n<link rel=\"canonical\" href=\"https:\/\/www.incomsa.ch\/fr\/ruban-adhesif-ligne-scotch-3m\/\" \/>\n<meta property=\"og:locale\" content=\"fr_FR\" \/>\n<meta property=\"og:type\" content=\"article\" \/>\n<meta property=\"og:title\" content=\"Ruban adh\u00e9sif ligne Scotch 3M - INCOMSA\" \/>\n<meta property=\"og:url\" content=\"https:\/\/www.incomsa.ch\/fr\/ruban-adhesif-ligne-scotch-3m\/\" \/>\n<meta property=\"og:site_name\" content=\"INCOMSA\" \/>\n<meta property=\"article:modified_time\" content=\"2017-04-27T08:49:37+00:00\" \/>\n<meta property=\"og:image\" content=\"https:\/\/www.incomsa.ch\/wp-content\/uploads\/2013\/09\/IMG_1599-11.jpg\" \/>\n\t<meta property=\"og:image:width\" content=\"900\" \/>\n\t<meta property=\"og:image:height\" content=\"600\" \/>\n\t<meta property=\"og:image:type\" content=\"image\/jpeg\" \/>\n<meta name=\"twitter:card\" content=\"summary_large_image\" \/>\n<meta name=\"twitter:label1\" content=\"Dur\u00e9e de lecture estim\u00e9e\" \/>\n\t<meta name=\"twitter:data1\" content=\"1 minute\" \/>\n<script type=\"application\/ld+json\" class=\"yoast-schema-graph\">{\"@context\":\"https:\\\/\\\/schema.org\",\"@graph\":[{\"@type\":\"WebPage\",\"@id\":\"https:\\\/\\\/www.incomsa.ch\\\/fr\\\/ruban-adhesif-ligne-scotch-3m\\\/\",\"url\":\"https:\\\/\\\/www.incomsa.ch\\\/fr\\\/ruban-adhesif-ligne-scotch-3m\\\/\",\"name\":\"Ruban adh\u00e9sif ligne Scotch 3M - INCOMSA\",\"isPartOf\":{\"@id\":\"https:\\\/\\\/www.incomsa.ch\\\/fr\\\/#website\"},\"primaryImageOfPage\":{\"@id\":\"https:\\\/\\\/www.incomsa.ch\\\/fr\\\/ruban-adhesif-ligne-scotch-3m\\\/#primaryimage\"},\"image\":{\"@id\":\"https:\\\/\\\/www.incomsa.ch\\\/fr\\\/ruban-adhesif-ligne-scotch-3m\\\/#primaryimage\"},\"thumbnailUrl\":\"https:\\\/\\\/www.incomsa.ch\\\/wp-content\\\/uploads\\\/2013\\\/09\\\/IMG_1599-11.jpg\",\"datePublished\":\"2013-09-17T08:56:00+00:00\",\"dateModified\":\"2017-04-27T08:49:37+00:00\",\"breadcrumb\":{\"@id\":\"https:\\\/\\\/www.incomsa.ch\\\/fr\\\/ruban-adhesif-ligne-scotch-3m\\\/#breadcrumb\"},\"inLanguage\":\"fr-FR\",\"potentialAction\":[{\"@type\":\"ReadAction\",\"target\":[\"https:\\\/\\\/www.incomsa.ch\\\/fr\\\/ruban-adhesif-ligne-scotch-3m\\\/\"]}]},{\"@type\":\"ImageObject\",\"inLanguage\":\"fr-FR\",\"@id\":\"https:\\\/\\\/www.incomsa.ch\\\/fr\\\/ruban-adhesif-ligne-scotch-3m\\\/#primaryimage\",\"url\":\"https:\\\/\\\/www.incomsa.ch\\\/wp-content\\\/uploads\\\/2013\\\/09\\\/IMG_1599-11.jpg\",\"contentUrl\":\"https:\\\/\\\/www.incomsa.ch\\\/wp-content\\\/uploads\\\/2013\\\/09\\\/IMG_1599-11.jpg\",\"width\":900,\"height\":600},{\"@type\":\"BreadcrumbList\",\"@id\":\"https:\\\/\\\/www.incomsa.ch\\\/fr\\\/ruban-adhesif-ligne-scotch-3m\\\/#breadcrumb\",\"itemListElement\":[{\"@type\":\"ListItem\",\"position\":1,\"name\":\"Home\",\"item\":\"https:\\\/\\\/www.incomsa.ch\\\/fr\\\/\"},{\"@type\":\"ListItem\",\"position\":2,\"name\":\"Ruban adh\u00e9sif ligne Scotch 3M\"}]},{\"@type\":\"WebSite\",\"@id\":\"https:\\\/\\\/www.incomsa.ch\\\/fr\\\/#website\",\"url\":\"https:\\\/\\\/www.incomsa.ch\\\/fr\\\/\",\"name\":\"INCOMSA SA - Nastri adesivi, Film estensibili e Imballaggio\",\"description\":\"Nastri adesivi, Film estensibili e Imballaggio\",\"publisher\":{\"@id\":\"https:\\\/\\\/www.incomsa.ch\\\/fr\\\/#organization\"},\"alternateName\":\"Nastri adesivi, Film estensibili e Imballaggio - Svizzara\",\"potentialAction\":[{\"@type\":\"SearchAction\",\"target\":{\"@type\":\"EntryPoint\",\"urlTemplate\":\"https:\\\/\\\/www.incomsa.ch\\\/fr\\\/?s={search_term_string}\"},\"query-input\":{\"@type\":\"PropertyValueSpecification\",\"valueRequired\":true,\"valueName\":\"search_term_string\"}}],\"inLanguage\":\"fr-FR\"},{\"@type\":\"Organization\",\"@id\":\"https:\\\/\\\/www.incomsa.ch\\\/fr\\\/#organization\",\"name\":\"INCOMSA SA - Nastri adesivi, Film estensibili e Imballaggio\",\"alternateName\":\"Nastri adesivi, Film estensibili e Imballaggio - Svizzera\",\"url\":\"https:\\\/\\\/www.incomsa.ch\\\/fr\\\/\",\"logo\":{\"@type\":\"ImageObject\",\"inLanguage\":\"fr-FR\",\"@id\":\"https:\\\/\\\/www.incomsa.ch\\\/fr\\\/#\\\/schema\\\/logo\\\/image\\\/\",\"url\":\"https:\\\/\\\/www.incomsa.ch\\\/wp-content\\\/uploads\\\/2021\\\/06\\\/incomsa-logo.jpg\",\"contentUrl\":\"https:\\\/\\\/www.incomsa.ch\\\/wp-content\\\/uploads\\\/2021\\\/06\\\/incomsa-logo.jpg\",\"width\":1200,\"height\":1200,\"caption\":\"INCOMSA SA - Nastri adesivi, Film estensibili e Imballaggio\"},\"image\":{\"@id\":\"https:\\\/\\\/www.incomsa.ch\\\/fr\\\/#\\\/schema\\\/logo\\\/image\\\/\"}}]}<\/script>\n<!-- \/ Yoast SEO plugin. -->","yoast_head_json":{"title":"Ruban adh\u00e9sif ligne Scotch 3M - INCOMSA","robots":{"index":"index","follow":"follow","max-snippet":"max-snippet:-1","max-image-preview":"max-image-preview:large","max-video-preview":"max-video-preview:-1"},"canonical":"https:\/\/www.incomsa.ch\/fr\/ruban-adhesif-ligne-scotch-3m\/","og_locale":"fr_FR","og_type":"article","og_title":"Ruban adh\u00e9sif ligne Scotch 3M - INCOMSA","og_url":"https:\/\/www.incomsa.ch\/fr\/ruban-adhesif-ligne-scotch-3m\/","og_site_name":"INCOMSA","article_modified_time":"2017-04-27T08:49:37+00:00","og_image":[{"width":900,"height":600,"url":"https:\/\/www.incomsa.ch\/wp-content\/uploads\/2013\/09\/IMG_1599-11.jpg","type":"image\/jpeg"}],"twitter_card":"summary_large_image","twitter_misc":{"Dur\u00e9e de lecture estim\u00e9e":"1 minute"},"schema":{"@context":"https:\/\/schema.org","@graph":[{"@type":"WebPage","@id":"https:\/\/www.incomsa.ch\/fr\/ruban-adhesif-ligne-scotch-3m\/","url":"https:\/\/www.incomsa.ch\/fr\/ruban-adhesif-ligne-scotch-3m\/","name":"Ruban adh\u00e9sif ligne Scotch 3M - INCOMSA","isPartOf":{"@id":"https:\/\/www.incomsa.ch\/fr\/#website"},"primaryImageOfPage":{"@id":"https:\/\/www.incomsa.ch\/fr\/ruban-adhesif-ligne-scotch-3m\/#primaryimage"},"image":{"@id":"https:\/\/www.incomsa.ch\/fr\/ruban-adhesif-ligne-scotch-3m\/#primaryimage"},"thumbnailUrl":"https:\/\/www.incomsa.ch\/wp-content\/uploads\/2013\/09\/IMG_1599-11.jpg","datePublished":"2013-09-17T08:56:00+00:00","dateModified":"2017-04-27T08:49:37+00:00","breadcrumb":{"@id":"https:\/\/www.incomsa.ch\/fr\/ruban-adhesif-ligne-scotch-3m\/#breadcrumb"},"inLanguage":"fr-FR","potentialAction":[{"@type":"ReadAction","target":["https:\/\/www.incomsa.ch\/fr\/ruban-adhesif-ligne-scotch-3m\/"]}]},{"@type":"ImageObject","inLanguage":"fr-FR","@id":"https:\/\/www.incomsa.ch\/fr\/ruban-adhesif-ligne-scotch-3m\/#primaryimage","url":"https:\/\/www.incomsa.ch\/wp-content\/uploads\/2013\/09\/IMG_1599-11.jpg","contentUrl":"https:\/\/www.incomsa.ch\/wp-content\/uploads\/2013\/09\/IMG_1599-11.jpg","width":900,"height":600},{"@type":"BreadcrumbList","@id":"https:\/\/www.incomsa.ch\/fr\/ruban-adhesif-ligne-scotch-3m\/#breadcrumb","itemListElement":[{"@type":"ListItem","position":1,"name":"Home","item":"https:\/\/www.incomsa.ch\/fr\/"},{"@type":"ListItem","position":2,"name":"Ruban adh\u00e9sif ligne Scotch 3M"}]},{"@type":"WebSite","@id":"https:\/\/www.incomsa.ch\/fr\/#website","url":"https:\/\/www.incomsa.ch\/fr\/","name":"INCOMSA SA - Nastri adesivi, Film estensibili e Imballaggio","description":"Nastri adesivi, Film estensibili e Imballaggio","publisher":{"@id":"https:\/\/www.incomsa.ch\/fr\/#organization"},"alternateName":"Nastri adesivi, Film estensibili e Imballaggio - Svizzara","potentialAction":[{"@type":"SearchAction","target":{"@type":"EntryPoint","urlTemplate":"https:\/\/www.incomsa.ch\/fr\/?s={search_term_string}"},"query-input":{"@type":"PropertyValueSpecification","valueRequired":true,"valueName":"search_term_string"}}],"inLanguage":"fr-FR"},{"@type":"Organization","@id":"https:\/\/www.incomsa.ch\/fr\/#organization","name":"INCOMSA SA - Nastri adesivi, Film estensibili e Imballaggio","alternateName":"Nastri adesivi, Film estensibili e Imballaggio - Svizzera","url":"https:\/\/www.incomsa.ch\/fr\/","logo":{"@type":"ImageObject","inLanguage":"fr-FR","@id":"https:\/\/www.incomsa.ch\/fr\/#\/schema\/logo\/image\/","url":"https:\/\/www.incomsa.ch\/wp-content\/uploads\/2021\/06\/incomsa-logo.jpg","contentUrl":"https:\/\/www.incomsa.ch\/wp-content\/uploads\/2021\/06\/incomsa-logo.jpg","width":1200,"height":1200,"caption":"INCOMSA SA - Nastri adesivi, Film estensibili e Imballaggio"},"image":{"@id":"https:\/\/www.incomsa.ch\/fr\/#\/schema\/logo\/image\/"}}]}},"_links":{"self":[{"href":"https:\/\/www.incomsa.ch\/fr\/wp-json\/wp\/v2\/pages\/1378","targetHints":{"allow":["GET"]}}],"collection":[{"href":"https:\/\/www.incomsa.ch\/fr\/wp-json\/wp\/v2\/pages"}],"about":[{"href":"https:\/\/www.incomsa.ch\/fr\/wp-json\/wp\/v2\/types\/page"}],"author":[{"embeddable":true,"href":"https:\/\/www.incomsa.ch\/fr\/wp-json\/wp\/v2\/users\/3"}],"replies":[{"embeddable":true,"href":"https:\/\/www.incomsa.ch\/fr\/wp-json\/wp\/v2\/comments?post=1378"}],"version-history":[{"count":17,"href":"https:\/\/www.incomsa.ch\/fr\/wp-json\/wp\/v2\/pages\/1378\/revisions"}],"predecessor-version":[{"id":3899,"href":"https:\/\/www.incomsa.ch\/fr\/wp-json\/wp\/v2\/pages\/1378\/revisions\/3899"}],"wp:featuredmedia":[{"embeddable":true,"href":"https:\/\/www.incomsa.ch\/fr\/wp-json\/wp\/v2\/media\/589"}],"wp:attachment":[{"href":"https:\/\/www.incomsa.ch\/fr\/wp-json\/wp\/v2\/media?parent=1378"}],"curies":[{"name":"wp","href":"https:\/\/api.w.org\/{rel}","templated":true}]}}