{"id":15711,"date":"2021-06-30T10:41:00","date_gmt":"2021-06-30T08:41:00","guid":{"rendered":"https:\/\/www.incomsa.ch\/nastri-adesivi\/"},"modified":"2023-02-21T21:08:06","modified_gmt":"2023-02-21T20:08:06","slug":"rubans","status":"publish","type":"page","link":"https:\/\/www.incomsa.ch\/fr\/rubans\/","title":{"rendered":"RUBAN ADH\u00c9SIF"},"content":{"rendered":"<div class=\"fusion-fullwidth fullwidth-box fusion-builder-row-1 fusion-flex-container hundred-percent-fullwidth non-hundred-percent-height-scrolling\" style=\"--awb-border-radius-top-left:0px;--awb-border-radius-top-right:0px;--awb-border-radius-bottom-right:0px;--awb-border-radius-bottom-left:0px;--awb-padding-top-small:0px;--awb-margin-top-small:0px;--awb-flex-wrap:wrap;\" ><div class=\"fusion-builder-row fusion-row fusion-flex-align-items-flex-start fusion-flex-content-wrap\" style=\"width:104% !important;max-width:104% !important;margin-left: calc(-4% \/ 2 );margin-right: calc(-4% \/ 2 );\"><div class=\"fusion-layout-column fusion_builder_column fusion-builder-column-0 fusion_builder_column_1_1 1_1 fusion-flex-column\" style=\"--awb-bg-size:cover;--awb-width-large:100%;--awb-margin-top-large:0px;--awb-spacing-right-large:1.92%;--awb-margin-bottom-large:20px;--awb-spacing-left-large:1.92%;--awb-width-medium:100%;--awb-order-medium:0;--awb-spacing-right-medium:1.92%;--awb-spacing-left-medium:1.92%;--awb-width-small:100%;--awb-order-small:0;--awb-spacing-right-small:1.92%;--awb-spacing-left-small:1.92%;\"><div class=\"fusion-column-wrapper fusion-column-has-shadow fusion-flex-justify-content-flex-start fusion-content-layout-column\"><div class=\"fusion-title title fusion-title-1 fusion-title-center fusion-title-text fusion-title-size-one\"><div class=\"title-sep-container title-sep-container-left\"><div class=\"title-sep sep-single sep-solid\" style=\"border-color:#e2e2e2;\"><\/div><\/div><span class=\"awb-title-spacer\"><\/span><h1 class=\"fusion-title-heading title-heading-center\" style=\"margin:0;\"><p style=\"text-align: center;\">RUBAN ADH\u00c9SIF<\/p><\/h1><span class=\"awb-title-spacer\"><\/span><div class=\"title-sep-container title-sep-container-right\"><div class=\"title-sep sep-single sep-solid\" style=\"border-color:#e2e2e2;\"><\/div><\/div><\/div><div class=\"fusion-text fusion-text-1\"><p style=\"text-align: center;\">Pour sceller ou emballer des emballages l\u00e9gers et lourds,<br \/>\nnous vous proposons une large gamme de produits de haute qualit\u00e9.<\/p>\n<\/div><\/div><\/div><div class=\"fusion-layout-column fusion_builder_column fusion-builder-column-1 fusion_builder_column_1_3 1_3 fusion-flex-column fusion-column-inner-bg-wrapper\" style=\"--awb-inner-bg-size:cover;--awb-width-large:33.333333333333%;--awb-margin-top-large:0px;--awb-spacing-right-large:5.76%;--awb-margin-bottom-large:20px;--awb-spacing-left-large:5.76%;--awb-width-medium:33.333333333333%;--awb-order-medium:0;--awb-spacing-right-medium:5.76%;--awb-spacing-left-medium:5.76%;--awb-width-small:100%;--awb-order-small:0;--awb-spacing-right-small:1.92%;--awb-spacing-left-small:1.92%;\"><span class=\"fusion-column-inner-bg hover-type-none\"><a class=\"fusion-column-anchor\" href=\"https:\/\/www.incomsa.ch\/fr\/rubans\/emballage\/\"><span class=\"fusion-column-inner-bg-image\"><\/span><\/a><\/span><div class=\"fusion-column-wrapper fusion-column-has-shadow fusion-flex-justify-content-flex-start fusion-content-layout-column\"><div class=\"fusion-image-element \" style=\"--awb-caption-title-font-family:var(--h2_typography-font-family);--awb-caption-title-font-weight:var(--h2_typography-font-weight);--awb-caption-title-font-style:var(--h2_typography-font-style);--awb-caption-title-size:var(--h2_typography-font-size);--awb-caption-title-transform:var(--h2_typography-text-transform);--awb-caption-title-line-height:var(--h2_typography-line-height);--awb-caption-title-letter-spacing:var(--h2_typography-letter-spacing);\"><span class=\" fusion-imageframe imageframe-none imageframe-1 hover-type-none\"><a class=\"fusion-no-lightbox\" href=\"https:\/\/www.incomsa.ch\/fr\/rubans\/imballaggio\/\" target=\"_self\" aria-label=\"slider_imballaggio\"><img decoding=\"async\" width=\"1024\" height=\"671\" alt=\"RUBAN ADH\u00c9SIF POUR L\u2019EMBALLAGE\" src=\"https:\/\/www.incomsa.ch\/wp-content\/uploads\/2017\/03\/slider_imballaggio-1-1024x671.jpg\" class=\"img-responsive wp-image-3241\" srcset=\"https:\/\/www.incomsa.ch\/wp-content\/uploads\/2017\/03\/slider_imballaggio-1-200x131.jpg 200w, https:\/\/www.incomsa.ch\/wp-content\/uploads\/2017\/03\/slider_imballaggio-1-400x262.jpg 400w, https:\/\/www.incomsa.ch\/wp-content\/uploads\/2017\/03\/slider_imballaggio-1-600x393.jpg 600w, https:\/\/www.incomsa.ch\/wp-content\/uploads\/2017\/03\/slider_imballaggio-1-800x525.jpg 800w, https:\/\/www.incomsa.ch\/wp-content\/uploads\/2017\/03\/slider_imballaggio-1-1200x787.jpg 1200w, https:\/\/www.incomsa.ch\/wp-content\/uploads\/2017\/03\/slider_imballaggio-1.jpg 1600w\" sizes=\"(max-width: 1024px) 100vw, (max-width: 640px) 100vw, 400px\" \/><\/a><\/span><\/div><div class=\"fusion-text fusion-text-2\"><h3 style=\"text-align: center;\">EMBALLAGE<\/h3>\n<\/div><\/div><\/div><div class=\"fusion-layout-column fusion_builder_column fusion-builder-column-2 fusion_builder_column_1_3 1_3 fusion-flex-column fusion-column-inner-bg-wrapper\" style=\"--awb-inner-bg-size:cover;--awb-width-large:33.333333333333%;--awb-margin-top-large:0px;--awb-spacing-right-large:5.76%;--awb-margin-bottom-large:20px;--awb-spacing-left-large:5.76%;--awb-width-medium:33.333333333333%;--awb-order-medium:0;--awb-spacing-right-medium:5.76%;--awb-spacing-left-medium:5.76%;--awb-width-small:100%;--awb-order-small:0;--awb-spacing-right-small:1.92%;--awb-spacing-left-small:1.92%;\"><span class=\"fusion-column-inner-bg hover-type-none\"><a class=\"fusion-column-anchor\" href=\"https:\/\/www.incomsa.ch\/fr\/rubans\/peintres\/\"><span class=\"fusion-column-inner-bg-image\"><\/span><\/a><\/span><div class=\"fusion-column-wrapper fusion-column-has-shadow fusion-flex-justify-content-flex-start fusion-content-layout-column\"><div class=\"fusion-image-element \" style=\"--awb-caption-title-font-family:var(--h2_typography-font-family);--awb-caption-title-font-weight:var(--h2_typography-font-weight);--awb-caption-title-font-style:var(--h2_typography-font-style);--awb-caption-title-size:var(--h2_typography-font-size);--awb-caption-title-transform:var(--h2_typography-text-transform);--awb-caption-title-line-height:var(--h2_typography-line-height);--awb-caption-title-letter-spacing:var(--h2_typography-letter-spacing);\"><span class=\" fusion-imageframe imageframe-none imageframe-2 hover-type-none\"><a class=\"fusion-no-lightbox\" href=\"https:\/\/www.incomsa.ch\/fr\/rubans\/pittori\/\" target=\"_self\" aria-label=\"slider1b\"><img decoding=\"async\" width=\"1024\" height=\"671\" alt=\"RUBANS POUR LES PEINTRES\" src=\"https:\/\/www.incomsa.ch\/wp-content\/uploads\/2017\/02\/slider1b-1024x671.jpg\" class=\"img-responsive wp-image-2906\" srcset=\"https:\/\/www.incomsa.ch\/wp-content\/uploads\/2017\/02\/slider1b-200x131.jpg 200w, https:\/\/www.incomsa.ch\/wp-content\/uploads\/2017\/02\/slider1b-400x262.jpg 400w, https:\/\/www.incomsa.ch\/wp-content\/uploads\/2017\/02\/slider1b-600x393.jpg 600w, https:\/\/www.incomsa.ch\/wp-content\/uploads\/2017\/02\/slider1b-800x525.jpg 800w, https:\/\/www.incomsa.ch\/wp-content\/uploads\/2017\/02\/slider1b-1200x787.jpg 1200w, https:\/\/www.incomsa.ch\/wp-content\/uploads\/2017\/02\/slider1b.jpg 1600w\" sizes=\"(max-width: 1024px) 100vw, (max-width: 640px) 100vw, 400px\" \/><\/a><\/span><\/div><div class=\"fusion-text fusion-text-3\"><h3 style=\"text-align: center;\">PEINTRES<\/h3>\n<\/div><\/div><\/div><div class=\"fusion-layout-column fusion_builder_column fusion-builder-column-3 fusion_builder_column_1_3 1_3 fusion-flex-column fusion-column-inner-bg-wrapper\" style=\"--awb-inner-bg-size:cover;--awb-width-large:33.333333333333%;--awb-margin-top-large:0px;--awb-spacing-right-large:5.76%;--awb-margin-bottom-large:20px;--awb-spacing-left-large:5.76%;--awb-width-medium:33.333333333333%;--awb-order-medium:0;--awb-spacing-right-medium:5.76%;--awb-spacing-left-medium:5.76%;--awb-width-small:100%;--awb-order-small:0;--awb-spacing-right-small:1.92%;--awb-spacing-left-small:1.92%;\"><span class=\"fusion-column-inner-bg hover-type-none\"><a class=\"fusion-column-anchor\" href=\"https:\/\/www.incomsa.ch\/fr\/rubans\/carrosserie\/\"><span class=\"fusion-column-inner-bg-image\"><\/span><\/a><\/span><div class=\"fusion-column-wrapper fusion-column-has-shadow fusion-flex-justify-content-flex-start fusion-content-layout-column\"><div class=\"fusion-image-element \" style=\"--awb-caption-title-font-family:var(--h2_typography-font-family);--awb-caption-title-font-weight:var(--h2_typography-font-weight);--awb-caption-title-font-style:var(--h2_typography-font-style);--awb-caption-title-size:var(--h2_typography-font-size);--awb-caption-title-transform:var(--h2_typography-text-transform);--awb-caption-title-line-height:var(--h2_typography-line-height);--awb-caption-title-letter-spacing:var(--h2_typography-letter-spacing);\"><span class=\" fusion-imageframe imageframe-none imageframe-3 hover-type-none\"><a class=\"fusion-no-lightbox\" href=\"https:\/\/www.incomsa.ch\/fr\/rubans\/carrozzeria\/\" target=\"_self\" aria-label=\"slider1b\"><img decoding=\"async\" width=\"1024\" height=\"671\" alt=\"RUBANS POUR CARROSSERIES\" src=\"https:\/\/www.incomsa.ch\/wp-content\/uploads\/2017\/02\/slider1b-1-1024x671.jpg\" class=\"img-responsive wp-image-2919\" srcset=\"https:\/\/www.incomsa.ch\/wp-content\/uploads\/2017\/02\/slider1b-1-200x131.jpg 200w, https:\/\/www.incomsa.ch\/wp-content\/uploads\/2017\/02\/slider1b-1-400x262.jpg 400w, https:\/\/www.incomsa.ch\/wp-content\/uploads\/2017\/02\/slider1b-1-600x393.jpg 600w, https:\/\/www.incomsa.ch\/wp-content\/uploads\/2017\/02\/slider1b-1-800x525.jpg 800w, https:\/\/www.incomsa.ch\/wp-content\/uploads\/2017\/02\/slider1b-1-1200x787.jpg 1200w, https:\/\/www.incomsa.ch\/wp-content\/uploads\/2017\/02\/slider1b-1.jpg 1600w\" sizes=\"(max-width: 1024px) 100vw, (max-width: 640px) 100vw, 400px\" \/><\/a><\/span><\/div><div class=\"fusion-text fusion-text-4\"><h3 style=\"text-align: center;\">CARROSSERIES<\/h3>\n<\/div><\/div><\/div><div class=\"fusion-layout-column fusion_builder_column fusion-builder-column-4 fusion_builder_column_1_2 1_2 fusion-flex-column fusion-column-inner-bg-wrapper\" style=\"--awb-inner-bg-size:cover;--awb-width-large:50%;--awb-margin-top-large:0px;--awb-spacing-right-large:3.84%;--awb-margin-bottom-large:20px;--awb-spacing-left-large:3.84%;--awb-width-medium:50%;--awb-order-medium:0;--awb-spacing-right-medium:3.84%;--awb-spacing-left-medium:3.84%;--awb-width-small:100%;--awb-order-small:0;--awb-spacing-right-small:1.92%;--awb-spacing-left-small:1.92%;\"><span class=\"fusion-column-inner-bg hover-type-none\"><a class=\"fusion-column-anchor\" href=\"https:\/\/www.incomsa.ch\/fr\/rubans\/batiment\/\"><span class=\"fusion-column-inner-bg-image\"><\/span><\/a><\/span><div class=\"fusion-column-wrapper fusion-column-has-shadow fusion-flex-justify-content-flex-start fusion-content-layout-column\"><div class=\"fusion-image-element \" style=\"--awb-caption-title-font-family:var(--h2_typography-font-family);--awb-caption-title-font-weight:var(--h2_typography-font-weight);--awb-caption-title-font-style:var(--h2_typography-font-style);--awb-caption-title-size:var(--h2_typography-font-size);--awb-caption-title-transform:var(--h2_typography-text-transform);--awb-caption-title-line-height:var(--h2_typography-line-height);--awb-caption-title-letter-spacing:var(--h2_typography-letter-spacing);\"><span class=\" fusion-imageframe imageframe-none imageframe-4 hover-type-none\"><a class=\"fusion-no-lightbox\" href=\"https:\/\/www.incomsa.ch\/fr\/rubans\/edilizia\/\" target=\"_self\" aria-label=\"slider_edilizia\"><img decoding=\"async\" width=\"1024\" height=\"671\" alt=\"RUBANS POUR B\u00c2TIMENT\" src=\"https:\/\/www.incomsa.ch\/wp-content\/uploads\/2017\/03\/slider_edilizia-1024x671.jpg\" class=\"img-responsive wp-image-3228\" srcset=\"https:\/\/www.incomsa.ch\/wp-content\/uploads\/2017\/03\/slider_edilizia-200x131.jpg 200w, https:\/\/www.incomsa.ch\/wp-content\/uploads\/2017\/03\/slider_edilizia-400x262.jpg 400w, https:\/\/www.incomsa.ch\/wp-content\/uploads\/2017\/03\/slider_edilizia-600x393.jpg 600w, https:\/\/www.incomsa.ch\/wp-content\/uploads\/2017\/03\/slider_edilizia-800x525.jpg 800w, https:\/\/www.incomsa.ch\/wp-content\/uploads\/2017\/03\/slider_edilizia-1200x787.jpg 1200w, https:\/\/www.incomsa.ch\/wp-content\/uploads\/2017\/03\/slider_edilizia.jpg 1600w\" sizes=\"(max-width: 1024px) 100vw, (max-width: 640px) 100vw, 600px\" \/><\/a><\/span><\/div><div class=\"fusion-text fusion-text-5\"><h3 style=\"text-align: center;\">B\u00c2TIMENT<\/h3>\n<\/div><\/div><\/div><div class=\"fusion-layout-column fusion_builder_column fusion-builder-column-5 fusion_builder_column_1_2 1_2 fusion-flex-column fusion-column-inner-bg-wrapper\" style=\"--awb-inner-bg-size:cover;--awb-width-large:50%;--awb-margin-top-large:0px;--awb-spacing-right-large:3.84%;--awb-margin-bottom-large:20px;--awb-spacing-left-large:3.84%;--awb-width-medium:50%;--awb-order-medium:0;--awb-spacing-right-medium:3.84%;--awb-spacing-left-medium:3.84%;--awb-width-small:100%;--awb-order-small:0;--awb-spacing-right-small:1.92%;--awb-spacing-left-small:1.92%;\"><span class=\"fusion-column-inner-bg hover-type-none\"><a class=\"fusion-column-anchor\" href=\"https:\/\/www.incomsa.ch\/fr\/rubans\/papeterie\/\"><span class=\"fusion-column-inner-bg-image\"><\/span><\/a><\/span><div class=\"fusion-column-wrapper fusion-column-has-shadow fusion-flex-justify-content-flex-start fusion-content-layout-column\"><div class=\"fusion-image-element \" style=\"--awb-caption-title-font-family:var(--h2_typography-font-family);--awb-caption-title-font-weight:var(--h2_typography-font-weight);--awb-caption-title-font-style:var(--h2_typography-font-style);--awb-caption-title-size:var(--h2_typography-font-size);--awb-caption-title-transform:var(--h2_typography-text-transform);--awb-caption-title-line-height:var(--h2_typography-line-height);--awb-caption-title-letter-spacing:var(--h2_typography-letter-spacing);\"><span class=\" fusion-imageframe imageframe-none imageframe-5 hover-type-none\"><a class=\"fusion-no-lightbox\" href=\"https:\/\/www.incomsa.ch\/fr\/rubans\/cartoleria\/\" target=\"_self\" aria-label=\"slider_cartoleria\"><img decoding=\"async\" width=\"1024\" height=\"671\" alt=\"RUBANS POUR PAPETERIE\" src=\"https:\/\/www.incomsa.ch\/wp-content\/uploads\/2017\/03\/slider_cartoleria-1024x671.jpg\" class=\"img-responsive wp-image-3225\" srcset=\"https:\/\/www.incomsa.ch\/wp-content\/uploads\/2017\/03\/slider_cartoleria-200x131.jpg 200w, https:\/\/www.incomsa.ch\/wp-content\/uploads\/2017\/03\/slider_cartoleria-400x262.jpg 400w, https:\/\/www.incomsa.ch\/wp-content\/uploads\/2017\/03\/slider_cartoleria-600x393.jpg 600w, https:\/\/www.incomsa.ch\/wp-content\/uploads\/2017\/03\/slider_cartoleria-800x525.jpg 800w, https:\/\/www.incomsa.ch\/wp-content\/uploads\/2017\/03\/slider_cartoleria-1200x787.jpg 1200w, https:\/\/www.incomsa.ch\/wp-content\/uploads\/2017\/03\/slider_cartoleria.jpg 1600w\" sizes=\"(max-width: 1024px) 100vw, (max-width: 640px) 100vw, 600px\" \/><\/a><\/span><\/div><div class=\"fusion-text fusion-text-6\"><h3 style=\"text-align: center;\">PAPETERIE<\/h3>\n<\/div><\/div><\/div><\/div><\/div>\n","protected":false},"excerpt":{"rendered":"","protected":false},"author":3,"featured_media":0,"parent":0,"menu_order":0,"comment_status":"closed","ping_status":"closed","template":"100-width.php","meta":{"footnotes":""},"class_list":["post-15711","page","type-page","status-publish","hentry"],"yoast_head":"<!-- This site is optimized with the Yoast SEO plugin v27.3 - https:\/\/yoast.com\/product\/yoast-seo-wordpress\/ -->\n<title>RUBAN ADH\u00c9SIF - INCOMSA<\/title>\n<meta name=\"description\" content=\"Pour sceller ou emballer des emballages l\u00e9gers et lourds. Nous vous offrons une large gamme de ruban adh\u00e9sif de haute qualit\u00e9.\" \/>\n<meta name=\"robots\" content=\"index, follow, max-snippet:-1, max-image-preview:large, max-video-preview:-1\" \/>\n<link rel=\"canonical\" href=\"https:\/\/www.incomsa.ch\/fr\/rubans\/\" \/>\n<meta property=\"og:locale\" content=\"fr_FR\" \/>\n<meta property=\"og:type\" content=\"article\" \/>\n<meta property=\"og:title\" content=\"RUBAN ADH\u00c9SIF - INCOMSA\" \/>\n<meta property=\"og:description\" content=\"Pour sceller ou emballer des emballages l\u00e9gers et lourds. Nous vous offrons une large gamme de ruban adh\u00e9sif de haute qualit\u00e9.\" \/>\n<meta property=\"og:url\" content=\"https:\/\/www.incomsa.ch\/fr\/rubans\/\" \/>\n<meta property=\"og:site_name\" content=\"INCOMSA\" \/>\n<meta property=\"article:modified_time\" content=\"2023-02-21T20:08:06+00:00\" \/>\n<meta property=\"og:image\" content=\"https:\/\/www.incomsa.ch\/wp-content\/uploads\/2022\/05\/nastri-personalizzati-1.jpg\" \/>\n\t<meta property=\"og:image:width\" content=\"900\" \/>\n\t<meta property=\"og:image:height\" content=\"600\" \/>\n\t<meta property=\"og:image:type\" content=\"image\/jpeg\" \/>\n<meta name=\"twitter:card\" content=\"summary_large_image\" \/>\n<meta name=\"twitter:label1\" content=\"Dur\u00e9e de lecture estim\u00e9e\" \/>\n\t<meta name=\"twitter:data1\" content=\"6 minutes\" \/>\n<script type=\"application\/ld+json\" class=\"yoast-schema-graph\">{\"@context\":\"https:\\\/\\\/schema.org\",\"@graph\":[{\"@type\":\"WebPage\",\"@id\":\"https:\\\/\\\/www.incomsa.ch\\\/fr\\\/rubans\\\/\",\"url\":\"https:\\\/\\\/www.incomsa.ch\\\/fr\\\/rubans\\\/\",\"name\":\"RUBAN ADH\u00c9SIF - INCOMSA\",\"isPartOf\":{\"@id\":\"https:\\\/\\\/www.incomsa.ch\\\/fr\\\/#website\"},\"datePublished\":\"2021-06-30T08:41:00+00:00\",\"dateModified\":\"2023-02-21T20:08:06+00:00\",\"description\":\"Pour sceller ou emballer des emballages l\u00e9gers et lourds. Nous vous offrons une large gamme de ruban adh\u00e9sif de haute qualit\u00e9.\",\"breadcrumb\":{\"@id\":\"https:\\\/\\\/www.incomsa.ch\\\/fr\\\/rubans\\\/#breadcrumb\"},\"inLanguage\":\"fr-FR\",\"potentialAction\":[{\"@type\":\"ReadAction\",\"target\":[\"https:\\\/\\\/www.incomsa.ch\\\/fr\\\/rubans\\\/\"]}]},{\"@type\":\"BreadcrumbList\",\"@id\":\"https:\\\/\\\/www.incomsa.ch\\\/fr\\\/rubans\\\/#breadcrumb\",\"itemListElement\":[{\"@type\":\"ListItem\",\"position\":1,\"name\":\"Home\",\"item\":\"https:\\\/\\\/www.incomsa.ch\\\/fr\\\/\"},{\"@type\":\"ListItem\",\"position\":2,\"name\":\"RUBAN ADH\u00c9SIF\"}]},{\"@type\":\"WebSite\",\"@id\":\"https:\\\/\\\/www.incomsa.ch\\\/fr\\\/#website\",\"url\":\"https:\\\/\\\/www.incomsa.ch\\\/fr\\\/\",\"name\":\"INCOMSA SA - Nastri adesivi, Film estensibili e Imballaggio\",\"description\":\"Nastri adesivi, Film estensibili e Imballaggio\",\"publisher\":{\"@id\":\"https:\\\/\\\/www.incomsa.ch\\\/fr\\\/#organization\"},\"alternateName\":\"Nastri adesivi, Film estensibili e Imballaggio - Svizzara\",\"potentialAction\":[{\"@type\":\"SearchAction\",\"target\":{\"@type\":\"EntryPoint\",\"urlTemplate\":\"https:\\\/\\\/www.incomsa.ch\\\/fr\\\/?s={search_term_string}\"},\"query-input\":{\"@type\":\"PropertyValueSpecification\",\"valueRequired\":true,\"valueName\":\"search_term_string\"}}],\"inLanguage\":\"fr-FR\"},{\"@type\":\"Organization\",\"@id\":\"https:\\\/\\\/www.incomsa.ch\\\/fr\\\/#organization\",\"name\":\"INCOMSA SA - Nastri adesivi, Film estensibili e Imballaggio\",\"alternateName\":\"Nastri adesivi, Film estensibili e Imballaggio - Svizzera\",\"url\":\"https:\\\/\\\/www.incomsa.ch\\\/fr\\\/\",\"logo\":{\"@type\":\"ImageObject\",\"inLanguage\":\"fr-FR\",\"@id\":\"https:\\\/\\\/www.incomsa.ch\\\/fr\\\/#\\\/schema\\\/logo\\\/image\\\/\",\"url\":\"https:\\\/\\\/www.incomsa.ch\\\/wp-content\\\/uploads\\\/2021\\\/06\\\/incomsa-logo.jpg\",\"contentUrl\":\"https:\\\/\\\/www.incomsa.ch\\\/wp-content\\\/uploads\\\/2021\\\/06\\\/incomsa-logo.jpg\",\"width\":1200,\"height\":1200,\"caption\":\"INCOMSA SA - Nastri adesivi, Film estensibili e Imballaggio\"},\"image\":{\"@id\":\"https:\\\/\\\/www.incomsa.ch\\\/fr\\\/#\\\/schema\\\/logo\\\/image\\\/\"}}]}<\/script>\n<!-- \/ Yoast SEO plugin. -->","yoast_head_json":{"title":"RUBAN ADH\u00c9SIF - INCOMSA","description":"Pour sceller ou emballer des emballages l\u00e9gers et lourds. Nous vous offrons une large gamme de ruban adh\u00e9sif de haute qualit\u00e9.","robots":{"index":"index","follow":"follow","max-snippet":"max-snippet:-1","max-image-preview":"max-image-preview:large","max-video-preview":"max-video-preview:-1"},"canonical":"https:\/\/www.incomsa.ch\/fr\/rubans\/","og_locale":"fr_FR","og_type":"article","og_title":"RUBAN ADH\u00c9SIF - INCOMSA","og_description":"Pour sceller ou emballer des emballages l\u00e9gers et lourds. Nous vous offrons une large gamme de ruban adh\u00e9sif de haute qualit\u00e9.","og_url":"https:\/\/www.incomsa.ch\/fr\/rubans\/","og_site_name":"INCOMSA","article_modified_time":"2023-02-21T20:08:06+00:00","og_image":[{"width":900,"height":600,"url":"https:\/\/www.incomsa.ch\/wp-content\/uploads\/2022\/05\/nastri-personalizzati-1.jpg","type":"image\/jpeg"}],"twitter_card":"summary_large_image","twitter_misc":{"Dur\u00e9e de lecture estim\u00e9e":"6 minutes"},"schema":{"@context":"https:\/\/schema.org","@graph":[{"@type":"WebPage","@id":"https:\/\/www.incomsa.ch\/fr\/rubans\/","url":"https:\/\/www.incomsa.ch\/fr\/rubans\/","name":"RUBAN ADH\u00c9SIF - INCOMSA","isPartOf":{"@id":"https:\/\/www.incomsa.ch\/fr\/#website"},"datePublished":"2021-06-30T08:41:00+00:00","dateModified":"2023-02-21T20:08:06+00:00","description":"Pour sceller ou emballer des emballages l\u00e9gers et lourds. Nous vous offrons une large gamme de ruban adh\u00e9sif de haute qualit\u00e9.","breadcrumb":{"@id":"https:\/\/www.incomsa.ch\/fr\/rubans\/#breadcrumb"},"inLanguage":"fr-FR","potentialAction":[{"@type":"ReadAction","target":["https:\/\/www.incomsa.ch\/fr\/rubans\/"]}]},{"@type":"BreadcrumbList","@id":"https:\/\/www.incomsa.ch\/fr\/rubans\/#breadcrumb","itemListElement":[{"@type":"ListItem","position":1,"name":"Home","item":"https:\/\/www.incomsa.ch\/fr\/"},{"@type":"ListItem","position":2,"name":"RUBAN ADH\u00c9SIF"}]},{"@type":"WebSite","@id":"https:\/\/www.incomsa.ch\/fr\/#website","url":"https:\/\/www.incomsa.ch\/fr\/","name":"INCOMSA SA - Nastri adesivi, Film estensibili e Imballaggio","description":"Nastri adesivi, Film estensibili e Imballaggio","publisher":{"@id":"https:\/\/www.incomsa.ch\/fr\/#organization"},"alternateName":"Nastri adesivi, Film estensibili e Imballaggio - Svizzara","potentialAction":[{"@type":"SearchAction","target":{"@type":"EntryPoint","urlTemplate":"https:\/\/www.incomsa.ch\/fr\/?s={search_term_string}"},"query-input":{"@type":"PropertyValueSpecification","valueRequired":true,"valueName":"search_term_string"}}],"inLanguage":"fr-FR"},{"@type":"Organization","@id":"https:\/\/www.incomsa.ch\/fr\/#organization","name":"INCOMSA SA - Nastri adesivi, Film estensibili e Imballaggio","alternateName":"Nastri adesivi, Film estensibili e Imballaggio - Svizzera","url":"https:\/\/www.incomsa.ch\/fr\/","logo":{"@type":"ImageObject","inLanguage":"fr-FR","@id":"https:\/\/www.incomsa.ch\/fr\/#\/schema\/logo\/image\/","url":"https:\/\/www.incomsa.ch\/wp-content\/uploads\/2021\/06\/incomsa-logo.jpg","contentUrl":"https:\/\/www.incomsa.ch\/wp-content\/uploads\/2021\/06\/incomsa-logo.jpg","width":1200,"height":1200,"caption":"INCOMSA SA - Nastri adesivi, Film estensibili e Imballaggio"},"image":{"@id":"https:\/\/www.incomsa.ch\/fr\/#\/schema\/logo\/image\/"}}]}},"_links":{"self":[{"href":"https:\/\/www.incomsa.ch\/fr\/wp-json\/wp\/v2\/pages\/15711","targetHints":{"allow":["GET"]}}],"collection":[{"href":"https:\/\/www.incomsa.ch\/fr\/wp-json\/wp\/v2\/pages"}],"about":[{"href":"https:\/\/www.incomsa.ch\/fr\/wp-json\/wp\/v2\/types\/page"}],"author":[{"embeddable":true,"href":"https:\/\/www.incomsa.ch\/fr\/wp-json\/wp\/v2\/users\/3"}],"replies":[{"embeddable":true,"href":"https:\/\/www.incomsa.ch\/fr\/wp-json\/wp\/v2\/comments?post=15711"}],"version-history":[{"count":17,"href":"https:\/\/www.incomsa.ch\/fr\/wp-json\/wp\/v2\/pages\/15711\/revisions"}],"predecessor-version":[{"id":18517,"href":"https:\/\/www.incomsa.ch\/fr\/wp-json\/wp\/v2\/pages\/15711\/revisions\/18517"}],"wp:attachment":[{"href":"https:\/\/www.incomsa.ch\/fr\/wp-json\/wp\/v2\/media?parent=15711"}],"curies":[{"name":"wp","href":"https:\/\/api.w.org\/{rel}","templated":true}]}}