{"id":16285,"date":"2021-12-21T12:22:09","date_gmt":"2021-12-21T11:22:09","guid":{"rendered":"https:\/\/www.incomsa.ch\/conditions-generales-de-vente-et-de-livraison\/"},"modified":"2021-12-21T18:14:43","modified_gmt":"2021-12-21T17:14:43","slug":"conditions-generales-de-vente-et-de-livraison","status":"publish","type":"page","link":"https:\/\/www.incomsa.ch\/fr\/conditions-generales-de-vente-et-de-livraison\/","title":{"rendered":"CONDITIONS GENERALES DE VENTE ET DE LIVRAISON"},"content":{"rendered":"<div class=\"fusion-fullwidth fullwidth-box fusion-builder-row-1 fusion-flex-container nonhundred-percent-fullwidth non-hundred-percent-height-scrolling\" style=\"--awb-border-radius-top-left:0px;--awb-border-radius-top-right:0px;--awb-border-radius-bottom-right:0px;--awb-border-radius-bottom-left:0px;--awb-flex-wrap:wrap;\" ><div class=\"fusion-builder-row fusion-row fusion-flex-align-items-flex-start fusion-flex-content-wrap\" style=\"max-width:1144px;margin-left: calc(-4% \/ 2 );margin-right: calc(-4% \/ 2 );\"><div class=\"fusion-layout-column fusion_builder_column fusion-builder-column-0 fusion_builder_column_1_1 1_1 fusion-flex-column\" style=\"--awb-bg-size:cover;--awb-width-large:100%;--awb-margin-top-large:0px;--awb-spacing-right-large:1.92%;--awb-margin-bottom-large:20px;--awb-spacing-left-large:1.92%;--awb-width-medium:100%;--awb-order-medium:0;--awb-spacing-right-medium:1.92%;--awb-spacing-left-medium:1.92%;--awb-width-small:100%;--awb-order-small:0;--awb-spacing-right-small:1.92%;--awb-spacing-left-small:1.92%;\"><div class=\"fusion-column-wrapper fusion-column-has-shadow fusion-flex-justify-content-flex-start fusion-content-layout-column\"><div class=\"fusion-text fusion-text-1\" style=\"--awb-text-transform:none;\"><p style=\"text-align: center;\"><strong>CONDITIONS GENERALES DE VENTE ET DE LIVRAISON<\/strong><\/p>\n<\/div><div class=\"fusion-text fusion-text-2\" style=\"--awb-text-transform:none;\"><ol>\n<li>Les pr\u00e9sentes Conditions g\u00e9n\u00e9rales (CGVL) font partie int\u00e9grante de tous les contrats de vente et de livraison conclus entre Incomsa SA et ses clients. Les conditions g\u00e9n\u00e9rales du client ne s&rsquo;appliquent pas m\u00eame si les clients devait y faire r\u00e9f\u00e9rence. Les CGVL mises \u00e0 jour sont publi\u00e9es dans les offres, dans les tarifs et sur le site www.incomsa.ch Toute modification et\/ou amendement \u00e0 ces CGVL implique la forme \u00e9crite pour \u00eatre valide.<\/li>\n<li>Les fournitures et \u00e9ventuels services sont \u00e9num\u00e9r\u00e9s de fa\u00e7on exhaustive dans la confirmation de commande. Incomsa se r\u00e9serve le droit de modifier les quantit\u00e9s command\u00e9es d&rsquo;un pourcentage compris entre +\/- 10% (dix) pour s&rsquo;assurer que la quantit\u00e9 corresponde aux emballages standards. Les modifications autres que celles sp\u00e9cifi\u00e9es au paragraphe pr\u00e9c\u00e9dent doivent \u00eatre communiqu\u00e9es par \u00e9crit et accept\u00e9es par \u00e9crit par le client.<\/li>\n<li>Les indications contenues dans les prospectus et catalogues ne sont pas contraignantes. Les offres ne sont pas consid\u00e9r\u00e9es comme contraignantes tant que Incomsa SA n&rsquo;aura pas confirm\u00e9 par \u00e9crit la commande du client. Les commandes pass\u00e9es par le client ne s&rsquo;appliquent \u00e9galement qu&rsquo;en consid\u00e9ration des CGVL respectives en vigueur et uniquement apr\u00e8s leur acceptation \u00e9crite expresse d&rsquo;Incomsa SA.<\/li>\n<li>Les prix en vigueur au moment de la r\u00e9ception de la commande sont valables, toutefois Incomsa SA se r\u00e9serve le droit de les ajuster si, au moment de la facturation, les conditions du march\u00e9 devaient avoir fluctu\u00e9. Le client est toujours inform\u00e9 par \u00e9crit au moment de la facturation de toute modification n\u00e9cessaire de prix. Les prix catalogue sont exempts de toute TVA.<\/li>\n<li>Incomsa se r\u00e9serve le droit d&rsquo;annuler des commandes d\u00e9j\u00e0 confirm\u00e9es par suite d&rsquo;un cas fortuit ou de force majeure. Les conditions de livraison sont purement indicatives dans la mesure o\u00f9 des obstacles que Incomsa SA n\u2019est pas en mesure d\u2019emp\u00eacher malgr\u00e9 la diligence raisonnable pourraient survenir. Le non-respect des dates et d\u00e9lais de livraison n&rsquo;autorise pas le client \u00e0 r\u00e9clamer un d\u00e9dommagement.<\/li>\n<li>Toutes les factures doivent \u00eatre pay\u00e9es conform\u00e9ment aux conditions figurant sur lesdites factures. Le client est tenu, en cas de non-paiement dans les d\u00e9lais fix\u00e9s, de payer un int\u00e9r\u00eat de retard \u00e0 compter de la date d&rsquo;\u00e9ch\u00e9ance et ce, sans aucun rappel formel de la part d&rsquo;Incomsa SA.<\/li>\n<li>Sauf accord \u00e9crit contraire, les avantages et les risques sont transf\u00e9r\u00e9s au client \u00e0 la sortie des marchandises de l&rsquo;entrep\u00f4t Incomsa. L&rsquo;exp\u00e9dition a lieu aux risques et p\u00e9rils du client. Incomsa organise le transport des marchandises \u00e0 sa seule discr\u00e9tion, en tenant compte, dans la mesure du possible, des besoins sp\u00e9cifiques du client. Tous frais d&rsquo;exp\u00e9dition et services logistiques suppl\u00e9mentaires sont \u00e0 la charge du client, \u00e0 moins qu\u2019il ne s\u2019agisse de frais d&rsquo;ex\u00e9cution ult\u00e9rieurs r\u00e9sultant de d\u00e9fauts.<\/li>\n<li>Le client doit imm\u00e9diatement v\u00e9rifier les marchandises livr\u00e9es et leur facture en contestant imm\u00e9diatement tout d\u00e9faut concernant les produits, services et\/ou erreurs de facturation. Cela doit avoir lieu au plus tard dans les 8 (huit) jours \u00e0 compter de la r\u00e9ception des produits ou de la facture ou de l&rsquo;ex\u00e9cution des services fournis. Tout vice cach\u00e9 doit \u00eatre imm\u00e9diatement contest\u00e9 une fois d\u00e9couvert.<\/li>\n<li>Incomsa SA garantit l\u2019absence de d\u00e9fauts et d&rsquo;erreurs de fabrication dans les produits livr\u00e9s. La garantie n&rsquo;est toutefois valable que dans la mesure o\u00f9 le produit est utilis\u00e9, manipul\u00e9 et stock\u00e9 correctement en fonction de l\u2019utilisation sp\u00e9cifique \u00e0 laquelle il est destin\u00e9 et conform\u00e9ment aux instructions sp\u00e9cifiques d&rsquo;Incomsa SA. Les droits de garantie doivent \u00eatre revendiqu\u00e9s par \u00e9crit avec une indication de la date d&rsquo;achat et une description d\u00e9taill\u00e9e du d\u00e9faut.<br \/>\nLe client a droit au remplacement de la marchandise en cas de d\u00e9fauts av\u00e9r\u00e9s. Toute autre demande est express\u00e9ment exclue, en particulier le droit \u00e0 r\u00e9paration, la r\u00e9duction des frais et\/ou la r\u00e9vocation du contrat.<\/li>\n<li>Incomsa SA se r\u00e9serve le droit d&rsquo;apporter \u00e0 tout moment des modifications aux pr\u00e9sentes conditions g\u00e9n\u00e9rales de vente et de livraison.<\/li>\n<li>La relation contractuelle est r\u00e9gie par le droit suisse et le tribunal comp\u00e9tent en cas de litige d\u00e9coulant de l&rsquo;ex\u00e9cution et\/ou de l&rsquo;interpr\u00e9tation de celui-ci est celui de Mendrisio.<\/li>\n<\/ol>\n<\/div><\/div><\/div><\/div><\/div>\n","protected":false},"excerpt":{"rendered":"","protected":false},"author":3,"featured_media":0,"parent":0,"menu_order":0,"comment_status":"closed","ping_status":"closed","template":"","meta":{"footnotes":""},"class_list":["post-16285","page","type-page","status-publish","hentry"],"yoast_head":"<!-- This site is optimized with the Yoast SEO plugin v27.4 - https:\/\/yoast.com\/product\/yoast-seo-wordpress\/ -->\n<title>CONDITIONS GENERALES DE VENTE ET DE LIVRAISON - INCOMSA<\/title>\n<meta name=\"robots\" content=\"index, follow, max-snippet:-1, max-image-preview:large, max-video-preview:-1\" \/>\n<link rel=\"canonical\" href=\"https:\/\/www.incomsa.ch\/fr\/conditions-generales-de-vente-et-de-livraison\/\" \/>\n<meta property=\"og:locale\" content=\"fr_FR\" \/>\n<meta property=\"og:type\" content=\"article\" \/>\n<meta property=\"og:title\" content=\"CONDITIONS GENERALES DE VENTE ET DE LIVRAISON - INCOMSA\" \/>\n<meta property=\"og:url\" content=\"https:\/\/www.incomsa.ch\/fr\/conditions-generales-de-vente-et-de-livraison\/\" \/>\n<meta property=\"og:site_name\" content=\"INCOMSA\" \/>\n<meta property=\"article:modified_time\" content=\"2021-12-21T17:14:43+00:00\" \/>\n<meta property=\"og:image\" content=\"https:\/\/www.incomsa.ch\/wp-content\/uploads\/2022\/05\/nastri-personalizzati-1.jpg\" \/>\n\t<meta property=\"og:image:width\" content=\"900\" \/>\n\t<meta property=\"og:image:height\" content=\"600\" \/>\n\t<meta property=\"og:image:type\" content=\"image\/jpeg\" \/>\n<meta name=\"twitter:card\" content=\"summary_large_image\" \/>\n<meta name=\"twitter:label1\" content=\"Dur\u00e9e de lecture estim\u00e9e\" \/>\n\t<meta name=\"twitter:data1\" content=\"7 minutes\" \/>\n<script type=\"application\/ld+json\" class=\"yoast-schema-graph\">{\"@context\":\"https:\\\/\\\/schema.org\",\"@graph\":[{\"@type\":\"WebPage\",\"@id\":\"https:\\\/\\\/www.incomsa.ch\\\/fr\\\/conditions-generales-de-vente-et-de-livraison\\\/\",\"url\":\"https:\\\/\\\/www.incomsa.ch\\\/fr\\\/conditions-generales-de-vente-et-de-livraison\\\/\",\"name\":\"CONDITIONS GENERALES DE VENTE ET DE LIVRAISON - INCOMSA\",\"isPartOf\":{\"@id\":\"https:\\\/\\\/www.incomsa.ch\\\/fr\\\/#website\"},\"datePublished\":\"2021-12-21T11:22:09+00:00\",\"dateModified\":\"2021-12-21T17:14:43+00:00\",\"breadcrumb\":{\"@id\":\"https:\\\/\\\/www.incomsa.ch\\\/fr\\\/conditions-generales-de-vente-et-de-livraison\\\/#breadcrumb\"},\"inLanguage\":\"fr-FR\",\"potentialAction\":[{\"@type\":\"ReadAction\",\"target\":[\"https:\\\/\\\/www.incomsa.ch\\\/fr\\\/conditions-generales-de-vente-et-de-livraison\\\/\"]}]},{\"@type\":\"BreadcrumbList\",\"@id\":\"https:\\\/\\\/www.incomsa.ch\\\/fr\\\/conditions-generales-de-vente-et-de-livraison\\\/#breadcrumb\",\"itemListElement\":[{\"@type\":\"ListItem\",\"position\":1,\"name\":\"Home\",\"item\":\"https:\\\/\\\/www.incomsa.ch\\\/fr\\\/\"},{\"@type\":\"ListItem\",\"position\":2,\"name\":\"CONDITIONS GENERALES DE VENTE ET DE LIVRAISON\"}]},{\"@type\":\"WebSite\",\"@id\":\"https:\\\/\\\/www.incomsa.ch\\\/fr\\\/#website\",\"url\":\"https:\\\/\\\/www.incomsa.ch\\\/fr\\\/\",\"name\":\"INCOMSA SA - Nastri adesivi, Film estensibili e Imballaggio\",\"description\":\"Nastri adesivi, Film estensibili e Imballaggio\",\"publisher\":{\"@id\":\"https:\\\/\\\/www.incomsa.ch\\\/fr\\\/#organization\"},\"alternateName\":\"Nastri adesivi, Film estensibili e Imballaggio - Svizzara\",\"potentialAction\":[{\"@type\":\"SearchAction\",\"target\":{\"@type\":\"EntryPoint\",\"urlTemplate\":\"https:\\\/\\\/www.incomsa.ch\\\/fr\\\/?s={search_term_string}\"},\"query-input\":{\"@type\":\"PropertyValueSpecification\",\"valueRequired\":true,\"valueName\":\"search_term_string\"}}],\"inLanguage\":\"fr-FR\"},{\"@type\":\"Organization\",\"@id\":\"https:\\\/\\\/www.incomsa.ch\\\/fr\\\/#organization\",\"name\":\"INCOMSA SA - Nastri adesivi, Film estensibili e Imballaggio\",\"alternateName\":\"Nastri adesivi, Film estensibili e Imballaggio - Svizzera\",\"url\":\"https:\\\/\\\/www.incomsa.ch\\\/fr\\\/\",\"logo\":{\"@type\":\"ImageObject\",\"inLanguage\":\"fr-FR\",\"@id\":\"https:\\\/\\\/www.incomsa.ch\\\/fr\\\/#\\\/schema\\\/logo\\\/image\\\/\",\"url\":\"https:\\\/\\\/www.incomsa.ch\\\/wp-content\\\/uploads\\\/2021\\\/06\\\/incomsa-logo.jpg\",\"contentUrl\":\"https:\\\/\\\/www.incomsa.ch\\\/wp-content\\\/uploads\\\/2021\\\/06\\\/incomsa-logo.jpg\",\"width\":1200,\"height\":1200,\"caption\":\"INCOMSA SA - Nastri adesivi, Film estensibili e Imballaggio\"},\"image\":{\"@id\":\"https:\\\/\\\/www.incomsa.ch\\\/fr\\\/#\\\/schema\\\/logo\\\/image\\\/\"}}]}<\/script>\n<!-- \/ Yoast SEO plugin. -->","yoast_head_json":{"title":"CONDITIONS GENERALES DE VENTE ET DE LIVRAISON - INCOMSA","robots":{"index":"index","follow":"follow","max-snippet":"max-snippet:-1","max-image-preview":"max-image-preview:large","max-video-preview":"max-video-preview:-1"},"canonical":"https:\/\/www.incomsa.ch\/fr\/conditions-generales-de-vente-et-de-livraison\/","og_locale":"fr_FR","og_type":"article","og_title":"CONDITIONS GENERALES DE VENTE ET DE LIVRAISON - INCOMSA","og_url":"https:\/\/www.incomsa.ch\/fr\/conditions-generales-de-vente-et-de-livraison\/","og_site_name":"INCOMSA","article_modified_time":"2021-12-21T17:14:43+00:00","og_image":[{"width":900,"height":600,"url":"https:\/\/www.incomsa.ch\/wp-content\/uploads\/2022\/05\/nastri-personalizzati-1.jpg","type":"image\/jpeg"}],"twitter_card":"summary_large_image","twitter_misc":{"Dur\u00e9e de lecture estim\u00e9e":"7 minutes"},"schema":{"@context":"https:\/\/schema.org","@graph":[{"@type":"WebPage","@id":"https:\/\/www.incomsa.ch\/fr\/conditions-generales-de-vente-et-de-livraison\/","url":"https:\/\/www.incomsa.ch\/fr\/conditions-generales-de-vente-et-de-livraison\/","name":"CONDITIONS GENERALES DE VENTE ET DE LIVRAISON - INCOMSA","isPartOf":{"@id":"https:\/\/www.incomsa.ch\/fr\/#website"},"datePublished":"2021-12-21T11:22:09+00:00","dateModified":"2021-12-21T17:14:43+00:00","breadcrumb":{"@id":"https:\/\/www.incomsa.ch\/fr\/conditions-generales-de-vente-et-de-livraison\/#breadcrumb"},"inLanguage":"fr-FR","potentialAction":[{"@type":"ReadAction","target":["https:\/\/www.incomsa.ch\/fr\/conditions-generales-de-vente-et-de-livraison\/"]}]},{"@type":"BreadcrumbList","@id":"https:\/\/www.incomsa.ch\/fr\/conditions-generales-de-vente-et-de-livraison\/#breadcrumb","itemListElement":[{"@type":"ListItem","position":1,"name":"Home","item":"https:\/\/www.incomsa.ch\/fr\/"},{"@type":"ListItem","position":2,"name":"CONDITIONS GENERALES DE VENTE ET DE LIVRAISON"}]},{"@type":"WebSite","@id":"https:\/\/www.incomsa.ch\/fr\/#website","url":"https:\/\/www.incomsa.ch\/fr\/","name":"INCOMSA SA - Nastri adesivi, Film estensibili e Imballaggio","description":"Nastri adesivi, Film estensibili e Imballaggio","publisher":{"@id":"https:\/\/www.incomsa.ch\/fr\/#organization"},"alternateName":"Nastri adesivi, Film estensibili e Imballaggio - Svizzara","potentialAction":[{"@type":"SearchAction","target":{"@type":"EntryPoint","urlTemplate":"https:\/\/www.incomsa.ch\/fr\/?s={search_term_string}"},"query-input":{"@type":"PropertyValueSpecification","valueRequired":true,"valueName":"search_term_string"}}],"inLanguage":"fr-FR"},{"@type":"Organization","@id":"https:\/\/www.incomsa.ch\/fr\/#organization","name":"INCOMSA SA - Nastri adesivi, Film estensibili e Imballaggio","alternateName":"Nastri adesivi, Film estensibili e Imballaggio - Svizzera","url":"https:\/\/www.incomsa.ch\/fr\/","logo":{"@type":"ImageObject","inLanguage":"fr-FR","@id":"https:\/\/www.incomsa.ch\/fr\/#\/schema\/logo\/image\/","url":"https:\/\/www.incomsa.ch\/wp-content\/uploads\/2021\/06\/incomsa-logo.jpg","contentUrl":"https:\/\/www.incomsa.ch\/wp-content\/uploads\/2021\/06\/incomsa-logo.jpg","width":1200,"height":1200,"caption":"INCOMSA SA - Nastri adesivi, Film estensibili e Imballaggio"},"image":{"@id":"https:\/\/www.incomsa.ch\/fr\/#\/schema\/logo\/image\/"}}]}},"_links":{"self":[{"href":"https:\/\/www.incomsa.ch\/fr\/wp-json\/wp\/v2\/pages\/16285","targetHints":{"allow":["GET"]}}],"collection":[{"href":"https:\/\/www.incomsa.ch\/fr\/wp-json\/wp\/v2\/pages"}],"about":[{"href":"https:\/\/www.incomsa.ch\/fr\/wp-json\/wp\/v2\/types\/page"}],"author":[{"embeddable":true,"href":"https:\/\/www.incomsa.ch\/fr\/wp-json\/wp\/v2\/users\/3"}],"replies":[{"embeddable":true,"href":"https:\/\/www.incomsa.ch\/fr\/wp-json\/wp\/v2\/comments?post=16285"}],"version-history":[{"count":4,"href":"https:\/\/www.incomsa.ch\/fr\/wp-json\/wp\/v2\/pages\/16285\/revisions"}],"predecessor-version":[{"id":16299,"href":"https:\/\/www.incomsa.ch\/fr\/wp-json\/wp\/v2\/pages\/16285\/revisions\/16299"}],"wp:attachment":[{"href":"https:\/\/www.incomsa.ch\/fr\/wp-json\/wp\/v2\/media?parent=16285"}],"curies":[{"name":"wp","href":"https:\/\/api.w.org\/{rel}","templated":true}]}}