{"id":2480,"date":"2014-01-20T14:43:33","date_gmt":"2014-01-20T13:43:33","guid":{"rendered":"http:\/\/www.incomsa.ch\/notre-societe\/team\/"},"modified":"2024-04-28T11:14:17","modified_gmt":"2024-04-28T09:14:17","slug":"notre-societe","status":"publish","type":"page","link":"https:\/\/www.incomsa.ch\/fr\/notre-societe\/","title":{"rendered":"N\u00f4tre societ\u00e9"},"content":{"rendered":"<p><div class=\"fusion-fullwidth fullwidth-box fusion-builder-row-1 nonhundred-percent-fullwidth non-hundred-percent-height-scrolling\" style=\"--awb-border-radius-top-left:0px;--awb-border-radius-top-right:0px;--awb-border-radius-bottom-right:0px;--awb-border-radius-bottom-left:0px;--awb-padding-top:20px;--awb-padding-bottom:20px;--awb-flex-wrap:wrap;\" ><div class=\"fusion-builder-row fusion-row\"><div class=\"fusion-layout-column fusion_builder_column fusion-builder-column-0 fusion_builder_column_3_4 3_4 fusion-three-fourth fusion-column-first\" style=\"--awb-bg-blend:overlay;--awb-bg-size:cover;width:75%;width:calc(75% - ( ( 4% ) * 0.75 ) );margin-right: 4%;\"><div class=\"fusion-column-wrapper fusion-flex-column-wrapper-legacy\"><div class=\"fusion-title title fusion-title-1 fusion-title-text fusion-title-size-one\" style=\"--awb-sep-color:#099146;\"><h1 class=\"fusion-title-heading title-heading-left\" style=\"margin:0;\"><h1>NOTRE SOCIET\u00c9<\/h1><\/h1><span class=\"awb-title-spacer\"><\/span><div class=\"title-sep-container\"><div class=\"title-sep sep-double sep-solid\" style=\"border-color:#099146;\"><\/div><\/div><\/div><div class=\"fusion-text fusion-text-1\"><p><img decoding=\"async\" class=\"size-full wp-image-2840 alignleft\" src=\"https:\/\/www.incomsa.ch\/wp-content\/uploads\/2014\/01\/img_2.jpg\" alt=\"\" width=\"375\" height=\"250\" srcset=\"https:\/\/www.incomsa.ch\/wp-content\/uploads\/2014\/01\/img_2-200x133.jpg 200w, https:\/\/www.incomsa.ch\/wp-content\/uploads\/2014\/01\/img_2-300x200.jpg 300w, https:\/\/www.incomsa.ch\/wp-content\/uploads\/2014\/01\/img_2.jpg 375w\" sizes=\"(max-width: 375px) 100vw, 375px\" \/>Incomsa sa, a \u00e9t\u00e9 cr\u00e9\u00e9 en 1964 avec l\u2019intention d\u2019offrir une large distribution de rubans adh\u00e9sifs (Comet) et d\u2019 \u00e9tiquettes sur toute la Suisse et en particulier dans le canton du Tessin.<\/p>\n<p>A ce jour, Incomsa distribue une large gamme de plus de 2000 produits pour l\u2019emballage et rubans auto-adh\u00e9sifs, \u00e0 l\u2019usage priv\u00e9 et industriel et distribu\u00e9 depuis ses entrep\u00f4ts de Riva San Vitale sur l\u2019ensemble du territoire national.<\/p>\n<p>Nous op\u00e9rons depuis plus de 15 ans en tant que distributeurs exclusifs de la marque 3M pour le secteur industriel sur l\u2019ensemble du canton Tessin.<\/p>\n<p>Notre personnel qualifi\u00e9 et motiv\u00e9, travaille en harmonie pour atteindre des objectifs de plus en plus importants.<\/p>\n<p>La pleine satisfaction de nos clients est pour nous incontournable !<\/p>\n<\/div><div class=\"fusion-image-element in-legacy-container\" style=\"--awb-caption-title-font-family:var(--h2_typography-font-family);--awb-caption-title-font-weight:var(--h2_typography-font-weight);--awb-caption-title-font-style:var(--h2_typography-font-style);--awb-caption-title-size:var(--h2_typography-font-size);--awb-caption-title-transform:var(--h2_typography-text-transform);--awb-caption-title-line-height:var(--h2_typography-line-height);--awb-caption-title-letter-spacing:var(--h2_typography-letter-spacing);\"><span class=\" fusion-imageframe imageframe-none imageframe-1 hover-type-none\" style=\"border:3px solid #e2e2e2;\"><img decoding=\"async\" width=\"1050\" height=\"788\" title=\"Joseph\" src=\"https:\/\/www.incomsa.ch\/wp-content\/uploads\/2013\/03\/Joseph.jpg\" alt class=\"img-responsive wp-image-2831\" srcset=\"https:\/\/www.incomsa.ch\/wp-content\/uploads\/2013\/03\/Joseph-220x165.jpg 220w, https:\/\/www.incomsa.ch\/wp-content\/uploads\/2013\/03\/Joseph-300x225.jpg 300w, https:\/\/www.incomsa.ch\/wp-content\/uploads\/2013\/03\/Joseph-1024x768.jpg 1024w, https:\/\/www.incomsa.ch\/wp-content\/uploads\/2013\/03\/Joseph.jpg 1050w\" sizes=\"(max-width: 1050px) 100vw, 1050px\" \/><\/span><\/div><div class=\"fusion-text fusion-text-2\"><p>(Sur la photo, <em>Joseph Fortunato<\/em>, qui \u00e9tait le membre fondateur de Incomsa SA)<\/p>\n<\/div><div class=\"fusion-clearfix\"><\/div><\/div><\/div><div class=\"fusion-layout-column fusion_builder_column fusion-builder-column-1 fusion_builder_column_1_4 1_4 fusion-one-fourth fusion-column-last\" style=\"--awb-bg-blend:overlay;--awb-bg-size:cover;width:25%;width:calc(25% - ( ( 4% ) * 0.25 ) );\"><div class=\"fusion-column-wrapper fusion-flex-column-wrapper-legacy\"><div class=\"fusion-title title fusion-title-2 fusion-sep-none fusion-title-text fusion-title-size-one\"><h1 class=\"fusion-title-heading title-heading-left\" style=\"margin:0;\"><h1>CONTACT<\/h1><\/h1><\/div><p class=\"wpcf7-contact-form-not-found\"><strong>Erreur\u00a0:<\/strong> Formulaire de contact non trouv\u00e9\u00a0!<\/p><div class=\"fusion-image-element fusion-image-align-center in-legacy-container\" style=\"text-align:center;--awb-max-width:400px;--awb-caption-title-font-family:var(--h2_typography-font-family);--awb-caption-title-font-weight:var(--h2_typography-font-weight);--awb-caption-title-font-style:var(--h2_typography-font-style);--awb-caption-title-size:var(--h2_typography-font-size);--awb-caption-title-transform:var(--h2_typography-text-transform);--awb-caption-title-line-height:var(--h2_typography-line-height);--awb-caption-title-letter-spacing:var(--h2_typography-letter-spacing);\"><div class=\"imageframe-align-center\"><span class=\" fusion-imageframe imageframe-none imageframe-2 hover-type-none\"><img decoding=\"async\" width=\"800\" height=\"800\" title=\"incomsa-50-anniversatio\" src=\"https:\/\/www.incomsa.ch\/wp-content\/uploads\/2021\/01\/incomsa-50-anniversatio.jpg\" alt class=\"img-responsive wp-image-16872\" srcset=\"https:\/\/www.incomsa.ch\/wp-content\/uploads\/2021\/01\/incomsa-50-anniversatio-200x200.jpg 200w, https:\/\/www.incomsa.ch\/wp-content\/uploads\/2021\/01\/incomsa-50-anniversatio-400x400.jpg 400w, https:\/\/www.incomsa.ch\/wp-content\/uploads\/2021\/01\/incomsa-50-anniversatio-600x600.jpg 600w, https:\/\/www.incomsa.ch\/wp-content\/uploads\/2021\/01\/incomsa-50-anniversatio.jpg 800w\" sizes=\"(max-width: 800px) 100vw, 400px\" \/><\/span><\/div><\/div><div class=\"fusion-clearfix\"><\/div><\/div><\/div><div class=\"fusion-layout-column fusion_builder_column fusion-builder-column-2 fusion_builder_column_1_3 1_3 fusion-one-third fusion-column-first\" style=\"--awb-bg-blend:overlay;--awb-bg-size:cover;--awb-border-color:#dddddd;--awb-border-top:1px;--awb-border-right:1px;--awb-border-bottom:1px;--awb-border-left:1px;--awb-border-style:solid;width:33.333333333333%;width:calc(33.333333333333% - ( ( 4% + 4% ) * 0.33333333333333 ) );margin-right: 4%;\"><div class=\"fusion-column-wrapper fusion-flex-column-wrapper-legacy\"><div class=\"fusion-image-element in-legacy-container\" style=\"--awb-max-width:270px;--awb-caption-title-font-family:var(--h2_typography-font-family);--awb-caption-title-font-weight:var(--h2_typography-font-weight);--awb-caption-title-font-style:var(--h2_typography-font-style);--awb-caption-title-size:var(--h2_typography-font-size);--awb-caption-title-transform:var(--h2_typography-text-transform);--awb-caption-title-line-height:var(--h2_typography-line-height);--awb-caption-title-letter-spacing:var(--h2_typography-letter-spacing);\"><span class=\" fusion-imageframe imageframe-none imageframe-3 hover-type-none\"><img decoding=\"async\" width=\"300\" height=\"200\" alt=\"manuela caspani fortunato\" title=\"manuela-caspani-fortunato\" src=\"https:\/\/www.incomsa.ch\/wp-content\/uploads\/2024\/04\/manuela-caspani-fortunato-300x200.jpg\" class=\"img-responsive wp-image-20806\" srcset=\"https:\/\/www.incomsa.ch\/wp-content\/uploads\/2024\/04\/manuela-caspani-fortunato-200x133.jpg 200w, https:\/\/www.incomsa.ch\/wp-content\/uploads\/2024\/04\/manuela-caspani-fortunato-400x267.jpg 400w, https:\/\/www.incomsa.ch\/wp-content\/uploads\/2024\/04\/manuela-caspani-fortunato.jpg 540w\" sizes=\"(max-width: 800px) 100vw, 400px\" \/><\/span><\/div><div class=\"fusion-title title fusion-title-3 fusion-sep-none fusion-title-text fusion-title-size-three\" style=\"--awb-margin-top:2%;\"><h3 class=\"fusion-title-heading title-heading-left\" style=\"margin:0;\"><h3 style=\"padding: 4%;\">MANUELA CASPANI-FORTUNATO<\/h3><\/h3><\/div><div class=\"fusion-title title fusion-title-4 fusion-sep-none fusion-title-text fusion-title-size-five\" style=\"--awb-margin-top:2%;\"><h5 class=\"fusion-title-heading title-heading-left\" style=\"margin:0;\"><h4 style=\"padding: 4%;\">DIRECTRICE<\/h4><\/h5><\/div><div class=\"fusion-clearfix\"><\/div><\/div><\/div><div class=\"fusion-layout-column fusion_builder_column fusion-builder-column-3 fusion_builder_column_1_3 1_3 fusion-one-third\" style=\"--awb-bg-blend:overlay;--awb-bg-size:cover;--awb-border-color:#dddddd;--awb-border-top:1px;--awb-border-right:1px;--awb-border-bottom:1px;--awb-border-left:1px;--awb-border-style:solid;width:33.333333333333%;width:calc(33.333333333333% - ( ( 4% + 4% ) * 0.33333333333333 ) );margin-right: 4%;\"><div class=\"fusion-column-wrapper fusion-flex-column-wrapper-legacy\"><div class=\"fusion-image-element in-legacy-container\" style=\"--awb-max-width:270px;--awb-caption-title-font-family:var(--h2_typography-font-family);--awb-caption-title-font-weight:var(--h2_typography-font-weight);--awb-caption-title-font-style:var(--h2_typography-font-style);--awb-caption-title-size:var(--h2_typography-font-size);--awb-caption-title-transform:var(--h2_typography-text-transform);--awb-caption-title-line-height:var(--h2_typography-line-height);--awb-caption-title-letter-spacing:var(--h2_typography-letter-spacing);\"><span class=\" fusion-imageframe imageframe-none imageframe-4 hover-type-none\"><img decoding=\"async\" width=\"540\" height=\"360\" title=\"caola-angelika\" src=\"https:\/\/www.incomsa.ch\/wp-content\/uploads\/2021\/07\/caola-angelika.jpg\" alt class=\"img-responsive wp-image-15801\" srcset=\"https:\/\/www.incomsa.ch\/wp-content\/uploads\/2021\/07\/caola-angelika-200x133.jpg 200w, https:\/\/www.incomsa.ch\/wp-content\/uploads\/2021\/07\/caola-angelika-400x267.jpg 400w, https:\/\/www.incomsa.ch\/wp-content\/uploads\/2021\/07\/caola-angelika.jpg 540w\" sizes=\"(max-width: 800px) 100vw, 400px\" \/><\/span><\/div><div class=\"fusion-title title fusion-title-5 fusion-sep-none fusion-title-text fusion-title-size-three\" style=\"--awb-margin-top:2%;\"><h3 class=\"fusion-title-heading title-heading-left\" style=\"margin:0;\"><h3 style=\"padding: 4%;\">ANGELIKA CAOLA<\/h3><\/h3><\/div><div class=\"fusion-title title fusion-title-6 fusion-sep-none fusion-title-text fusion-title-size-five\" style=\"--awb-margin-top:2%;\"><h5 class=\"fusion-title-heading title-heading-left\" style=\"margin:0;\"><h4 style=\"padding: 4%;\">ADMINISTRATION<\/h4><\/h5><\/div><div class=\"fusion-clearfix\"><\/div><\/div><\/div><div class=\"fusion-layout-column fusion_builder_column fusion-builder-column-4 fusion_builder_column_1_3 1_3 fusion-one-third fusion-column-last\" style=\"--awb-bg-blend:overlay;--awb-bg-size:cover;--awb-border-color:#dddddd;--awb-border-top:1px;--awb-border-right:1px;--awb-border-bottom:1px;--awb-border-left:1px;--awb-border-style:solid;width:33.333333333333%;width:calc(33.333333333333% - ( ( 4% + 4% ) * 0.33333333333333 ) );\"><div class=\"fusion-column-wrapper fusion-flex-column-wrapper-legacy\"><div class=\"fusion-image-element in-legacy-container\" style=\"--awb-caption-title-font-family:var(--h2_typography-font-family);--awb-caption-title-font-weight:var(--h2_typography-font-weight);--awb-caption-title-font-style:var(--h2_typography-font-style);--awb-caption-title-size:var(--h2_typography-font-size);--awb-caption-title-transform:var(--h2_typography-text-transform);--awb-caption-title-line-height:var(--h2_typography-line-height);--awb-caption-title-letter-spacing:var(--h2_typography-letter-spacing);\"><span class=\" fusion-imageframe imageframe-none imageframe-5 hover-type-none\"><img decoding=\"async\" width=\"270\" height=\"180\" title=\"IMG_4065\" src=\"https:\/\/www.incomsa.ch\/wp-content\/uploads\/2014\/01\/IMG_4065.jpg\" alt class=\"img-responsive wp-image-3720\" srcset=\"https:\/\/www.incomsa.ch\/wp-content\/uploads\/2014\/01\/IMG_4065-220x146.jpg 220w, https:\/\/www.incomsa.ch\/wp-content\/uploads\/2014\/01\/IMG_4065.jpg 270w\" sizes=\"(max-width: 270px) 100vw, 270px\" \/><\/span><\/div><div class=\"fusion-title title fusion-title-7 fusion-sep-none fusion-title-text fusion-title-size-three\" style=\"--awb-margin-top:2%;\"><h3 class=\"fusion-title-heading title-heading-left\" style=\"margin:0;\"><h3 style=\"padding: 4%;\">SABATO FERRARA<\/h3><\/h3><\/div><div class=\"fusion-title title fusion-title-8 fusion-sep-none fusion-title-text fusion-title-size-five\" style=\"--awb-margin-top:2%;\"><h5 class=\"fusion-title-heading title-heading-left\" style=\"margin:0;\"><h4 style=\"padding: 4%;\">MAGASINIER<\/h4><\/h5><\/div><div class=\"fusion-clearfix\"><\/div><\/div><\/div><\/div><\/div><div class=\"fusion-fullwidth fullwidth-box fusion-builder-row-2 nonhundred-percent-fullwidth non-hundred-percent-height-scrolling\" style=\"--awb-border-radius-top-left:0px;--awb-border-radius-top-right:0px;--awb-border-radius-bottom-right:0px;--awb-border-radius-bottom-left:0px;--awb-padding-top:20px;--awb-padding-bottom:20px;--awb-flex-wrap:wrap;\" ><div class=\"fusion-builder-row fusion-row\"><\/div><\/div><\/p>\n","protected":false},"excerpt":{"rendered":"","protected":false},"author":3,"featured_media":0,"parent":0,"menu_order":0,"comment_status":"closed","ping_status":"closed","template":"","meta":{"footnotes":""},"class_list":["post-2480","page","type-page","status-publish","hentry"],"yoast_head":"<!-- This site is optimized with the Yoast SEO plugin v27.4 - https:\/\/yoast.com\/product\/yoast-seo-wordpress\/ -->\n<title>N\u00f4tre societ\u00e9 - INCOMSA<\/title>\n<meta name=\"robots\" content=\"index, follow, max-snippet:-1, max-image-preview:large, max-video-preview:-1\" \/>\n<link rel=\"canonical\" href=\"https:\/\/www.incomsa.ch\/fr\/notre-societe\/\" \/>\n<meta property=\"og:locale\" content=\"fr_FR\" \/>\n<meta property=\"og:type\" content=\"article\" \/>\n<meta property=\"og:title\" content=\"N\u00f4tre societ\u00e9 - INCOMSA\" \/>\n<meta property=\"og:url\" content=\"https:\/\/www.incomsa.ch\/fr\/notre-societe\/\" \/>\n<meta property=\"og:site_name\" content=\"INCOMSA\" \/>\n<meta property=\"article:modified_time\" content=\"2024-04-28T09:14:17+00:00\" \/>\n<meta property=\"og:image\" content=\"https:\/\/www.incomsa.ch\/wp-content\/uploads\/2014\/01\/img_2.jpg\" \/>\n<meta name=\"twitter:card\" content=\"summary_large_image\" \/>\n<meta name=\"twitter:label1\" content=\"Dur\u00e9e de lecture estim\u00e9e\" \/>\n\t<meta name=\"twitter:data1\" content=\"3 minutes\" \/>\n<script type=\"application\/ld+json\" class=\"yoast-schema-graph\">{\"@context\":\"https:\\\/\\\/schema.org\",\"@graph\":[{\"@type\":\"WebPage\",\"@id\":\"https:\\\/\\\/www.incomsa.ch\\\/fr\\\/notre-societe\\\/\",\"url\":\"https:\\\/\\\/www.incomsa.ch\\\/fr\\\/notre-societe\\\/\",\"name\":\"N\u00f4tre societ\u00e9 - INCOMSA\",\"isPartOf\":{\"@id\":\"https:\\\/\\\/www.incomsa.ch\\\/fr\\\/#website\"},\"primaryImageOfPage\":{\"@id\":\"https:\\\/\\\/www.incomsa.ch\\\/fr\\\/notre-societe\\\/#primaryimage\"},\"image\":{\"@id\":\"https:\\\/\\\/www.incomsa.ch\\\/fr\\\/notre-societe\\\/#primaryimage\"},\"thumbnailUrl\":\"https:\\\/\\\/www.incomsa.ch\\\/wp-content\\\/uploads\\\/2014\\\/01\\\/img_2.jpg\",\"datePublished\":\"2014-01-20T13:43:33+00:00\",\"dateModified\":\"2024-04-28T09:14:17+00:00\",\"breadcrumb\":{\"@id\":\"https:\\\/\\\/www.incomsa.ch\\\/fr\\\/notre-societe\\\/#breadcrumb\"},\"inLanguage\":\"fr-FR\",\"potentialAction\":[{\"@type\":\"ReadAction\",\"target\":[\"https:\\\/\\\/www.incomsa.ch\\\/fr\\\/notre-societe\\\/\"]}]},{\"@type\":\"ImageObject\",\"inLanguage\":\"fr-FR\",\"@id\":\"https:\\\/\\\/www.incomsa.ch\\\/fr\\\/notre-societe\\\/#primaryimage\",\"url\":\"https:\\\/\\\/www.incomsa.ch\\\/wp-content\\\/uploads\\\/2014\\\/01\\\/img_2.jpg\",\"contentUrl\":\"https:\\\/\\\/www.incomsa.ch\\\/wp-content\\\/uploads\\\/2014\\\/01\\\/img_2.jpg\"},{\"@type\":\"BreadcrumbList\",\"@id\":\"https:\\\/\\\/www.incomsa.ch\\\/fr\\\/notre-societe\\\/#breadcrumb\",\"itemListElement\":[{\"@type\":\"ListItem\",\"position\":1,\"name\":\"Home\",\"item\":\"https:\\\/\\\/www.incomsa.ch\\\/fr\\\/\"},{\"@type\":\"ListItem\",\"position\":2,\"name\":\"N\u00f4tre societ\u00e9\"}]},{\"@type\":\"WebSite\",\"@id\":\"https:\\\/\\\/www.incomsa.ch\\\/fr\\\/#website\",\"url\":\"https:\\\/\\\/www.incomsa.ch\\\/fr\\\/\",\"name\":\"INCOMSA SA - Nastri adesivi, Film estensibili e Imballaggio\",\"description\":\"Nastri adesivi, Film estensibili e Imballaggio\",\"publisher\":{\"@id\":\"https:\\\/\\\/www.incomsa.ch\\\/fr\\\/#organization\"},\"alternateName\":\"Nastri adesivi, Film estensibili e Imballaggio - Svizzara\",\"potentialAction\":[{\"@type\":\"SearchAction\",\"target\":{\"@type\":\"EntryPoint\",\"urlTemplate\":\"https:\\\/\\\/www.incomsa.ch\\\/fr\\\/?s={search_term_string}\"},\"query-input\":{\"@type\":\"PropertyValueSpecification\",\"valueRequired\":true,\"valueName\":\"search_term_string\"}}],\"inLanguage\":\"fr-FR\"},{\"@type\":\"Organization\",\"@id\":\"https:\\\/\\\/www.incomsa.ch\\\/fr\\\/#organization\",\"name\":\"INCOMSA SA - Nastri adesivi, Film estensibili e Imballaggio\",\"alternateName\":\"Nastri adesivi, Film estensibili e Imballaggio - Svizzera\",\"url\":\"https:\\\/\\\/www.incomsa.ch\\\/fr\\\/\",\"logo\":{\"@type\":\"ImageObject\",\"inLanguage\":\"fr-FR\",\"@id\":\"https:\\\/\\\/www.incomsa.ch\\\/fr\\\/#\\\/schema\\\/logo\\\/image\\\/\",\"url\":\"https:\\\/\\\/www.incomsa.ch\\\/wp-content\\\/uploads\\\/2021\\\/06\\\/incomsa-logo.jpg\",\"contentUrl\":\"https:\\\/\\\/www.incomsa.ch\\\/wp-content\\\/uploads\\\/2021\\\/06\\\/incomsa-logo.jpg\",\"width\":1200,\"height\":1200,\"caption\":\"INCOMSA SA - Nastri adesivi, Film estensibili e Imballaggio\"},\"image\":{\"@id\":\"https:\\\/\\\/www.incomsa.ch\\\/fr\\\/#\\\/schema\\\/logo\\\/image\\\/\"}}]}<\/script>\n<!-- \/ Yoast SEO plugin. -->","yoast_head_json":{"title":"N\u00f4tre societ\u00e9 - INCOMSA","robots":{"index":"index","follow":"follow","max-snippet":"max-snippet:-1","max-image-preview":"max-image-preview:large","max-video-preview":"max-video-preview:-1"},"canonical":"https:\/\/www.incomsa.ch\/fr\/notre-societe\/","og_locale":"fr_FR","og_type":"article","og_title":"N\u00f4tre societ\u00e9 - INCOMSA","og_url":"https:\/\/www.incomsa.ch\/fr\/notre-societe\/","og_site_name":"INCOMSA","article_modified_time":"2024-04-28T09:14:17+00:00","og_image":[{"url":"https:\/\/www.incomsa.ch\/wp-content\/uploads\/2014\/01\/img_2.jpg","type":"","width":"","height":""}],"twitter_card":"summary_large_image","twitter_misc":{"Dur\u00e9e de lecture estim\u00e9e":"3 minutes"},"schema":{"@context":"https:\/\/schema.org","@graph":[{"@type":"WebPage","@id":"https:\/\/www.incomsa.ch\/fr\/notre-societe\/","url":"https:\/\/www.incomsa.ch\/fr\/notre-societe\/","name":"N\u00f4tre societ\u00e9 - INCOMSA","isPartOf":{"@id":"https:\/\/www.incomsa.ch\/fr\/#website"},"primaryImageOfPage":{"@id":"https:\/\/www.incomsa.ch\/fr\/notre-societe\/#primaryimage"},"image":{"@id":"https:\/\/www.incomsa.ch\/fr\/notre-societe\/#primaryimage"},"thumbnailUrl":"https:\/\/www.incomsa.ch\/wp-content\/uploads\/2014\/01\/img_2.jpg","datePublished":"2014-01-20T13:43:33+00:00","dateModified":"2024-04-28T09:14:17+00:00","breadcrumb":{"@id":"https:\/\/www.incomsa.ch\/fr\/notre-societe\/#breadcrumb"},"inLanguage":"fr-FR","potentialAction":[{"@type":"ReadAction","target":["https:\/\/www.incomsa.ch\/fr\/notre-societe\/"]}]},{"@type":"ImageObject","inLanguage":"fr-FR","@id":"https:\/\/www.incomsa.ch\/fr\/notre-societe\/#primaryimage","url":"https:\/\/www.incomsa.ch\/wp-content\/uploads\/2014\/01\/img_2.jpg","contentUrl":"https:\/\/www.incomsa.ch\/wp-content\/uploads\/2014\/01\/img_2.jpg"},{"@type":"BreadcrumbList","@id":"https:\/\/www.incomsa.ch\/fr\/notre-societe\/#breadcrumb","itemListElement":[{"@type":"ListItem","position":1,"name":"Home","item":"https:\/\/www.incomsa.ch\/fr\/"},{"@type":"ListItem","position":2,"name":"N\u00f4tre societ\u00e9"}]},{"@type":"WebSite","@id":"https:\/\/www.incomsa.ch\/fr\/#website","url":"https:\/\/www.incomsa.ch\/fr\/","name":"INCOMSA SA - Nastri adesivi, Film estensibili e Imballaggio","description":"Nastri adesivi, Film estensibili e Imballaggio","publisher":{"@id":"https:\/\/www.incomsa.ch\/fr\/#organization"},"alternateName":"Nastri adesivi, Film estensibili e Imballaggio - Svizzara","potentialAction":[{"@type":"SearchAction","target":{"@type":"EntryPoint","urlTemplate":"https:\/\/www.incomsa.ch\/fr\/?s={search_term_string}"},"query-input":{"@type":"PropertyValueSpecification","valueRequired":true,"valueName":"search_term_string"}}],"inLanguage":"fr-FR"},{"@type":"Organization","@id":"https:\/\/www.incomsa.ch\/fr\/#organization","name":"INCOMSA SA - Nastri adesivi, Film estensibili e Imballaggio","alternateName":"Nastri adesivi, Film estensibili e Imballaggio - Svizzera","url":"https:\/\/www.incomsa.ch\/fr\/","logo":{"@type":"ImageObject","inLanguage":"fr-FR","@id":"https:\/\/www.incomsa.ch\/fr\/#\/schema\/logo\/image\/","url":"https:\/\/www.incomsa.ch\/wp-content\/uploads\/2021\/06\/incomsa-logo.jpg","contentUrl":"https:\/\/www.incomsa.ch\/wp-content\/uploads\/2021\/06\/incomsa-logo.jpg","width":1200,"height":1200,"caption":"INCOMSA SA - Nastri adesivi, Film estensibili e Imballaggio"},"image":{"@id":"https:\/\/www.incomsa.ch\/fr\/#\/schema\/logo\/image\/"}}]}},"_links":{"self":[{"href":"https:\/\/www.incomsa.ch\/fr\/wp-json\/wp\/v2\/pages\/2480","targetHints":{"allow":["GET"]}}],"collection":[{"href":"https:\/\/www.incomsa.ch\/fr\/wp-json\/wp\/v2\/pages"}],"about":[{"href":"https:\/\/www.incomsa.ch\/fr\/wp-json\/wp\/v2\/types\/page"}],"author":[{"embeddable":true,"href":"https:\/\/www.incomsa.ch\/fr\/wp-json\/wp\/v2\/users\/3"}],"replies":[{"embeddable":true,"href":"https:\/\/www.incomsa.ch\/fr\/wp-json\/wp\/v2\/comments?post=2480"}],"version-history":[{"count":46,"href":"https:\/\/www.incomsa.ch\/fr\/wp-json\/wp\/v2\/pages\/2480\/revisions"}],"predecessor-version":[{"id":20815,"href":"https:\/\/www.incomsa.ch\/fr\/wp-json\/wp\/v2\/pages\/2480\/revisions\/20815"}],"wp:attachment":[{"href":"https:\/\/www.incomsa.ch\/fr\/wp-json\/wp\/v2\/media?parent=2480"}],"curies":[{"name":"wp","href":"https:\/\/api.w.org\/{rel}","templated":true}]}}