{"id":3773,"date":"2017-02-20T14:35:38","date_gmt":"2017-02-20T13:35:38","guid":{"rendered":"http:\/\/www.incomsa.ch\/carrozzeria\/"},"modified":"2023-02-21T20:12:37","modified_gmt":"2023-02-21T19:12:37","slug":"carrosserie","status":"publish","type":"page","link":"https:\/\/www.incomsa.ch\/fr\/rubans\/carrosserie\/","title":{"rendered":"Carrosserie"},"content":{"rendered":"<p><div class=\"fusion-fullwidth fullwidth-box fusion-builder-row-1 nonhundred-percent-fullwidth non-hundred-percent-height-scrolling\" style=\"--awb-border-radius-top-left:0px;--awb-border-radius-top-right:0px;--awb-border-radius-bottom-right:0px;--awb-border-radius-bottom-left:0px;--awb-padding-top:5%;--awb-padding-bottom:20px;--awb-flex-wrap:wrap;\" ><div class=\"fusion-builder-row fusion-row\"><div class=\"fusion-layout-column fusion_builder_column fusion-builder-column-0 fusion_builder_column_1_1 1_1 fusion-one-full fusion-column-first fusion-column-last\" style=\"--awb-bg-size:cover;\"><div class=\"fusion-column-wrapper fusion-flex-column-wrapper-legacy\"><div class=\"fusion-text fusion-text-1\"><p>Dans le secteur de la carrosserie sont utilis\u00e9s rubans adh\u00e9sifs qui doivent assurer une r\u00e9sistance \u00e9lev\u00e9e pendant les travaux de la peinture, la pulv\u00e9risation et le s\u00e9chage des peintures.<\/p>\n<p>Le ruban adh\u00e9sif est ensuite soumis \u00e0 deux agents chimiques, \u00e0 la fois aux temp\u00e9ratures \u00e9lev\u00e9es des fours et ne doit pas laisser de r\u00e9sidu d\u2019adh\u00e9sif sur les surfaces trait\u00e9es.<\/p>\n<p>Notre gamme :<\/p>\n<p>Ruban de masquage en papier cr\u00eape avec r\u00e9sistance de 60\u00b0C \u00e0 80\u00b0C<br \/>\nRubans de masquage en papier japonais, tr\u00e8s mince, appropri\u00e9 pour de travail de haute pr\u00e9cision, r\u00e9sistance jusqu\u2019\u00e0 120\u00b0C<br \/>\nRubans de masquage anti-UV, pour l\u2019application internes et externes, r\u00e9sistance jusqu\u2019\u00e0 120\u00b0C.<\/p>\n<\/div><div class=\"fusion-clearfix\"><\/div><\/div><\/div><div class=\"fusion-layout-column fusion_builder_column fusion-builder-column-1 fusion_builder_column_1_1 1_1 fusion-one-full fusion-column-first fusion-column-last\" style=\"--awb-bg-blend:overlay;--awb-bg-size:cover;\"><div class=\"fusion-column-wrapper fusion-flex-column-wrapper-legacy\"><div class=\"fusion-builder-row fusion-builder-row-inner fusion-row\"><div class=\"fusion-layout-column fusion_builder_column_inner fusion-builder-nested-column-0 fusion_builder_column_inner_1_2 1_2 fusion-one-half fusion-column-first fusion-column-inner-bg-wrapper\" style=\"--awb-inner-bg-size:cover;width:50%;width:calc(50% - ( ( 4% ) * 0.5 ) );margin-right: 4%;\"><span class=\"fusion-column-inner-bg hover-type-none\"><a class=\"fusion-column-anchor\" href=\"https:\/\/www.incomsa.ch\/fr\/rubans\/carrozzeria\/ruban-en-papier-pour-la-carrosserie\/\" aria-label=\"nastro per CARROZZERIA\"><span class=\"fusion-column-inner-bg-image\"><\/span><\/a><\/span><div class=\"fusion-column-wrapper fusion-column-has-shadow fusion-flex-column-wrapper-legacy\"><div class=\"fusion-image-element fusion-image-align-center in-legacy-container\" style=\"text-align:center;--awb-caption-title-font-family:var(--h2_typography-font-family);--awb-caption-title-font-weight:var(--h2_typography-font-weight);--awb-caption-title-font-style:var(--h2_typography-font-style);--awb-caption-title-size:var(--h2_typography-font-size);--awb-caption-title-transform:var(--h2_typography-text-transform);--awb-caption-title-line-height:var(--h2_typography-line-height);--awb-caption-title-letter-spacing:var(--h2_typography-letter-spacing);\"><div class=\"imageframe-align-center\"><span class=\" fusion-imageframe imageframe-none imageframe-1 hover-type-none\"><img decoding=\"async\" width=\"900\" height=\"600\" alt=\"RUBAN DE MASQUAGE\" title=\"NASTRO PER CARROZZERIA\" src=\"https:\/\/www.incomsa.ch\/wp-content\/uploads\/2023\/02\/NASTRO-PER-CARROZZERIA.jpg\" class=\"img-responsive wp-image-18365\" srcset=\"https:\/\/www.incomsa.ch\/wp-content\/uploads\/2023\/02\/NASTRO-PER-CARROZZERIA-200x133.jpg 200w, https:\/\/www.incomsa.ch\/wp-content\/uploads\/2023\/02\/NASTRO-PER-CARROZZERIA-400x267.jpg 400w, https:\/\/www.incomsa.ch\/wp-content\/uploads\/2023\/02\/NASTRO-PER-CARROZZERIA-600x400.jpg 600w, https:\/\/www.incomsa.ch\/wp-content\/uploads\/2023\/02\/NASTRO-PER-CARROZZERIA-800x533.jpg 800w, https:\/\/www.incomsa.ch\/wp-content\/uploads\/2023\/02\/NASTRO-PER-CARROZZERIA.jpg 900w\" sizes=\"(max-width: 800px) 100vw, 600px\" \/><\/span><\/div><\/div><div class=\"fusion-sep-clear\"><\/div><div class=\"fusion-separator fusion-full-width-sep\" style=\"margin-left: auto;margin-right: auto;margin-top:10px;width:100%;\"><div class=\"fusion-separator-border sep-single sep-solid\" style=\"--awb-height:20px;--awb-amount:20px;--awb-sep-color:var(--awb-color6);border-color:var(--awb-color6);border-top-width:1px;\"><\/div><\/div><div class=\"fusion-sep-clear\"><\/div><div class=\"fusion-text fusion-text-2\" style=\"--awb-margin-top:10px;\"><p style=\"text-align: center;\">RUBAN DE MASQUAGE<\/p>\n<\/div><div class=\"fusion-text fusion-text-3\" style=\"--awb-margin-top:-10px;\"><p style=\"text-align: justify;\">Ruban en papier impr\u00e9gn\u00e9, l\u00e9g\u00e8rement cr\u00eap\u00e9, indiqu\u00e9 pour masquage de surfaces lisses pour toutes op\u00e9rations de peinture, notamment dans l\u2019industrie de l\u2019automobile. S\u00e9chage au four jusqu\u2019\u00e0 80\u00b0C. Il s\u2019enl\u00e8ve sans traces apr\u00e8s refroidissement.<\/p>\n<\/div><div class=\"fusion-clearfix\"><\/div><\/div><\/div><div class=\"fusion-layout-column fusion_builder_column_inner fusion-builder-nested-column-1 fusion_builder_column_inner_1_2 1_2 fusion-one-half fusion-column-last fusion-column-inner-bg-wrapper\" style=\"--awb-inner-bg-size:cover;width:50%;width:calc(50% - ( ( 4% ) * 0.5 ) );\"><span class=\"fusion-column-inner-bg hover-type-none\"><a class=\"fusion-column-anchor\" href=\"https:\/\/www.incomsa.ch\/fr\/rubans\/carrozzeria\/papier-de-masquage\/\" aria-label=\"carta per mascheratura\"><span class=\"fusion-column-inner-bg-image\"><\/span><\/a><\/span><div class=\"fusion-column-wrapper fusion-column-has-shadow fusion-flex-column-wrapper-legacy\"><div class=\"fusion-image-element fusion-image-align-center in-legacy-container\" style=\"text-align:center;--awb-caption-title-font-family:var(--h2_typography-font-family);--awb-caption-title-font-weight:var(--h2_typography-font-weight);--awb-caption-title-font-style:var(--h2_typography-font-style);--awb-caption-title-size:var(--h2_typography-font-size);--awb-caption-title-transform:var(--h2_typography-text-transform);--awb-caption-title-line-height:var(--h2_typography-line-height);--awb-caption-title-letter-spacing:var(--h2_typography-letter-spacing);\"><div class=\"imageframe-align-center\"><span class=\" fusion-imageframe imageframe-none imageframe-2 hover-type-none\"><img decoding=\"async\" width=\"900\" height=\"600\" alt=\"PAPIER DE MASQUAGE\" title=\"CARTA PER MASCHERATURA\" src=\"https:\/\/www.incomsa.ch\/wp-content\/uploads\/2023\/02\/CARTA-PER-MASCHERATURA-1.jpg\" class=\"img-responsive wp-image-18352\" srcset=\"https:\/\/www.incomsa.ch\/wp-content\/uploads\/2023\/02\/CARTA-PER-MASCHERATURA-1-200x133.jpg 200w, https:\/\/www.incomsa.ch\/wp-content\/uploads\/2023\/02\/CARTA-PER-MASCHERATURA-1-400x267.jpg 400w, https:\/\/www.incomsa.ch\/wp-content\/uploads\/2023\/02\/CARTA-PER-MASCHERATURA-1-600x400.jpg 600w, https:\/\/www.incomsa.ch\/wp-content\/uploads\/2023\/02\/CARTA-PER-MASCHERATURA-1-800x533.jpg 800w, https:\/\/www.incomsa.ch\/wp-content\/uploads\/2023\/02\/CARTA-PER-MASCHERATURA-1.jpg 900w\" sizes=\"(max-width: 800px) 100vw, 600px\" \/><\/span><\/div><\/div><div class=\"fusion-sep-clear\"><\/div><div class=\"fusion-separator fusion-full-width-sep\" style=\"margin-left: auto;margin-right: auto;margin-top:10px;width:100%;\"><div class=\"fusion-separator-border sep-single sep-solid\" style=\"--awb-height:20px;--awb-amount:20px;--awb-sep-color:var(--awb-color6);border-color:var(--awb-color6);border-top-width:1px;\"><\/div><\/div><div class=\"fusion-sep-clear\"><\/div><div class=\"fusion-text fusion-text-4\" style=\"--awb-margin-top:10px;\"><p style=\"text-align: center;\">PAPIER DE MASQUAGE<\/p>\n<\/div><div class=\"fusion-text fusion-text-5\" style=\"--awb-margin-top:-10px;\"><p style=\"text-align: justify;\">Rouleaux de papier de diff\u00e9rentes dimensions pour la protection et le masquage de surfaces durant le vernissage. Haute capacit\u00e9 absorbante et r\u00e9sistance au d\u00e9chirage.<\/p>\n<\/div><div class=\"fusion-clearfix\"><\/div><\/div><\/div><\/div><div class=\"fusion-clearfix\"><\/div><\/div><\/div><\/div><\/div><div class=\"fusion-fullwidth fullwidth-box fusion-builder-row-2 hundred-percent-fullwidth non-hundred-percent-height-scrolling fusion-equal-height-columns\" style=\"--awb-border-radius-top-left:0px;--awb-border-radius-top-right:0px;--awb-border-radius-bottom-right:0px;--awb-border-radius-bottom-left:0px;--awb-padding-top:20px;--awb-padding-right:20px;--awb-padding-bottom:20px;--awb-padding-left:20px;--awb-background-color:#dddddd;--awb-flex-wrap:wrap;\" ><div class=\"fusion-builder-row fusion-row\"><div class=\"fusion-layout-column fusion_builder_column fusion-builder-column-2 fusion_builder_column_1_1 1_1 fusion-one-full fusion-column-first fusion-column-last\" style=\"--awb-bg-size:cover;\"><div class=\"fusion-column-wrapper fusion-flex-column-wrapper-legacy\"><div class=\"fusion-title title fusion-title-1 fusion-sep-none fusion-title-text fusion-title-size-one\" style=\"--awb-margin-top:0px;--awb-margin-bottom:0px;\"><h1 class=\"fusion-title-heading title-heading-left\" style=\"margin:0;\"><h1>DEMANDE UNE OFFRE GRATUIT<\/h1><\/h1><\/div><div class=\"fusion-text fusion-text-6\"><p>Remplissez le formulaire pour recevoir des informations et une offre personnalis\u00e9e.<br \/>\nNous serons heureux de r\u00e9pondre \u00e0 vos demandes de que possible!<\/p>\n<\/div>\n<div class=\"wpcf7 no-js\" id=\"wpcf7-f3903-o1\" lang=\"it-IT\" dir=\"ltr\" data-wpcf7-id=\"3903\">\n<div class=\"screen-reader-response\"><p role=\"status\" aria-live=\"polite\" aria-atomic=\"true\"><\/p> <ul><\/ul><\/div>\n<form action=\"\/fr\/wp-json\/wp\/v2\/pages\/3773#wpcf7-f3903-o1\" method=\"post\" class=\"wpcf7-form init\" aria-label=\"Modulo di contatto\" novalidate=\"novalidate\" data-status=\"init\">\n<fieldset class=\"hidden-fields-container\"><input type=\"hidden\" name=\"_wpcf7\" value=\"3903\" \/><input type=\"hidden\" name=\"_wpcf7_version\" value=\"6.1.5\" \/><input type=\"hidden\" name=\"_wpcf7_locale\" value=\"it_IT\" \/><input type=\"hidden\" name=\"_wpcf7_unit_tag\" value=\"wpcf7-f3903-o1\" \/><input type=\"hidden\" name=\"_wpcf7_container_post\" value=\"0\" \/><input type=\"hidden\" name=\"_wpcf7_posted_data_hash\" value=\"\" \/><input type=\"hidden\" name=\"_wpcf7_recaptcha_response\" value=\"\" \/>\n<\/fieldset>\n<p>Nom et pr\u00e9nom (requis) <span class=\"wpcf7-form-control-wrap\" data-name=\"your-name\"><input size=\"40\" maxlength=\"400\" class=\"wpcf7-form-control wpcf7-text wpcf7-validates-as-required\" aria-required=\"true\" aria-invalid=\"false\" placeholder=\"Indiquer nom et pr\u00e9nom de la personne de contact ou nom de l&#039;entreprise\" value=\"\" type=\"text\" name=\"your-name\" \/><\/span>\n<\/p>\n<p>EMAIL (requis) <span class=\"wpcf7-form-control-wrap\" data-name=\"your-email\"><input size=\"40\" maxlength=\"400\" class=\"wpcf7-form-control wpcf7-email wpcf7-validates-as-required wpcf7-text wpcf7-validates-as-email\" aria-required=\"true\" aria-invalid=\"false\" placeholder=\"Sp\u00e9cifier une adresse e-mail de r\u00e9f\u00e9rence\" value=\"\" type=\"email\" name=\"your-email\" \/><\/span>\n<\/p>\n<p>PRODUIT <span class=\"wpcf7-form-control-wrap\" data-name=\"prodotto\"><input size=\"40\" maxlength=\"400\" class=\"wpcf7-form-control wpcf7-text wpcf7-validates-as-required\" aria-required=\"true\" aria-invalid=\"false\" placeholder=\"Entrez le nom du produit pour lequel vous avez besoin de plus d&#039;informations\" value=\"\" type=\"text\" name=\"prodotto\" \/><\/span>\n<\/p>\n<p>MATERIAL <span class=\"wpcf7-form-control-wrap\" data-name=\"materiale-818\"><span class=\"wpcf7-form-control wpcf7-checkbox wpcf7-validates-as-required wpcf7-exclusive-checkbox\"><span class=\"wpcf7-list-item first\"><label><input type=\"checkbox\" name=\"materiale-818\" value=\"Rubans adh\u00e9sifs\" \/><span class=\"wpcf7-list-item-label\">Rubans adh\u00e9sifs<\/span><\/label><\/span><span class=\"wpcf7-list-item\"><label><input type=\"checkbox\" name=\"materiale-818\" value=\"Papier\" \/><span class=\"wpcf7-list-item-label\">Papier<\/span><\/label><\/span><span class=\"wpcf7-list-item\"><label><input type=\"checkbox\" name=\"materiale-818\" value=\"plastique\" \/><span class=\"wpcf7-list-item-label\">plastique<\/span><\/label><\/span><span class=\"wpcf7-list-item last\"><label><input type=\"checkbox\" name=\"materiale-818\" value=\"autre\" \/><span class=\"wpcf7-list-item-label\">autre<\/span><\/label><\/span><\/span><\/span>\n<\/p>\n<p style=\" width:40%;\">QUANTIT\u00c9 INDICATIF <span class=\"wpcf7-form-control-wrap\" data-name=\"quantita-272\"><select class=\"wpcf7-form-control wpcf7-select wpcf7-validates-as-required\" aria-required=\"true\" aria-invalid=\"false\" name=\"quantita-272\"><option value=\"Nombre de cartons\/palette\/emballage\">Nombre de cartons\/palette\/emballage<\/option><option value=\"1\">1<\/option><option value=\"5\">5<\/option><option value=\"10\">10<\/option><option value=\"20\">20<\/option><option value=\"50\">50<\/option><option value=\"80\">80<\/option><option value=\"100\">100<\/option><option value=\"200\">200<\/option><option value=\"&gt; 200\">&gt; 200<\/option><\/select><\/span>\n<\/p>\n<p>MESSAGE<br \/>\n<span class=\"wpcf7-form-control-wrap\" data-name=\"your-message\"><textarea cols=\"40\" rows=\"10\" maxlength=\"2000\" class=\"wpcf7-form-control wpcf7-textarea\" aria-invalid=\"false\" placeholder=\"Plus de d\u00e9tails ou demandes sp\u00e9cifiques\" name=\"your-message\"><\/textarea><\/span>\n<\/p>\n<p><input class=\"wpcf7-form-control wpcf7-submit has-spinner\" type=\"submit\" value=\"DEMANDE MAINTENANT!\" \/>\n<\/p><p style=\"display: none !important;\" class=\"akismet-fields-container\" data-prefix=\"_wpcf7_ak_\"><label>&#916;<textarea name=\"_wpcf7_ak_hp_textarea\" cols=\"45\" rows=\"8\" maxlength=\"100\"><\/textarea><\/label><input type=\"hidden\" id=\"ak_js_1\" name=\"_wpcf7_ak_js\" value=\"90\"\/><script>document.getElementById( \"ak_js_1\" ).setAttribute( \"value\", ( new Date() ).getTime() );<\/script><\/p><div class=\"fusion-alert alert custom alert-custom fusion-alert-center wpcf7-response-output fusion-alert-capitalize awb-alert-native-link-color alert-dismissable awb-alert-close-boxed\" style=\"--awb-border-top-left-radius:0px;--awb-border-top-right-radius:0px;--awb-border-bottom-left-radius:0px;--awb-border-bottom-right-radius:0px;\" role=\"alert\"><div class=\"fusion-alert-content-wrapper\"><span class=\"fusion-alert-content\"><\/span><\/div><button type=\"button\" class=\"close toggle-alert\" data-dismiss=\"alert\" aria-label=\"Chiudi\">&times;<\/button><\/div>\n<\/form>\n<\/div>\n<div class=\"fusion-clearfix\"><\/div><\/div><\/div><\/div><\/div><\/p>\n","protected":false},"excerpt":{"rendered":"","protected":false},"author":3,"featured_media":0,"parent":15711,"menu_order":0,"comment_status":"closed","ping_status":"closed","template":"","meta":{"footnotes":""},"class_list":["post-3773","page","type-page","status-publish","hentry"],"yoast_head":"<!-- This site is optimized with the Yoast SEO plugin v27.3 - https:\/\/yoast.com\/product\/yoast-seo-wordpress\/ -->\n<title>Carrosserie - INCOMSA<\/title>\n<meta name=\"robots\" content=\"index, follow, max-snippet:-1, max-image-preview:large, max-video-preview:-1\" \/>\n<link rel=\"canonical\" href=\"https:\/\/www.incomsa.ch\/fr\/rubans\/carrosserie\/\" \/>\n<meta property=\"og:locale\" content=\"fr_FR\" \/>\n<meta property=\"og:type\" content=\"article\" \/>\n<meta property=\"og:title\" content=\"Carrosserie - INCOMSA\" \/>\n<meta property=\"og:url\" content=\"https:\/\/www.incomsa.ch\/fr\/rubans\/carrosserie\/\" \/>\n<meta property=\"og:site_name\" content=\"INCOMSA\" \/>\n<meta property=\"article:modified_time\" content=\"2023-02-21T19:12:37+00:00\" \/>\n<meta property=\"og:image\" content=\"https:\/\/www.incomsa.ch\/wp-content\/uploads\/2022\/05\/nastri-personalizzati-1.jpg\" \/>\n\t<meta property=\"og:image:width\" content=\"900\" \/>\n\t<meta property=\"og:image:height\" content=\"600\" \/>\n\t<meta property=\"og:image:type\" content=\"image\/jpeg\" \/>\n<meta name=\"twitter:card\" content=\"summary_large_image\" \/>\n<meta name=\"twitter:label1\" content=\"Dur\u00e9e de lecture estim\u00e9e\" \/>\n\t<meta name=\"twitter:data1\" content=\"6 minutes\" \/>\n<script type=\"application\/ld+json\" class=\"yoast-schema-graph\">{\"@context\":\"https:\\\/\\\/schema.org\",\"@graph\":[{\"@type\":\"WebPage\",\"@id\":\"https:\\\/\\\/www.incomsa.ch\\\/fr\\\/rubans\\\/carrosserie\\\/\",\"url\":\"https:\\\/\\\/www.incomsa.ch\\\/fr\\\/rubans\\\/carrosserie\\\/\",\"name\":\"Carrosserie - INCOMSA\",\"isPartOf\":{\"@id\":\"https:\\\/\\\/www.incomsa.ch\\\/fr\\\/#website\"},\"datePublished\":\"2017-02-20T13:35:38+00:00\",\"dateModified\":\"2023-02-21T19:12:37+00:00\",\"breadcrumb\":{\"@id\":\"https:\\\/\\\/www.incomsa.ch\\\/fr\\\/rubans\\\/carrosserie\\\/#breadcrumb\"},\"inLanguage\":\"fr-FR\",\"potentialAction\":[{\"@type\":\"ReadAction\",\"target\":[\"https:\\\/\\\/www.incomsa.ch\\\/fr\\\/rubans\\\/carrosserie\\\/\"]}]},{\"@type\":\"BreadcrumbList\",\"@id\":\"https:\\\/\\\/www.incomsa.ch\\\/fr\\\/rubans\\\/carrosserie\\\/#breadcrumb\",\"itemListElement\":[{\"@type\":\"ListItem\",\"position\":1,\"name\":\"Home\",\"item\":\"https:\\\/\\\/www.incomsa.ch\\\/fr\\\/\"},{\"@type\":\"ListItem\",\"position\":2,\"name\":\"RUBAN ADH\u00c9SIF\",\"item\":\"https:\\\/\\\/www.incomsa.ch\\\/fr\\\/rubans\\\/\"},{\"@type\":\"ListItem\",\"position\":3,\"name\":\"Carrosserie\"}]},{\"@type\":\"WebSite\",\"@id\":\"https:\\\/\\\/www.incomsa.ch\\\/fr\\\/#website\",\"url\":\"https:\\\/\\\/www.incomsa.ch\\\/fr\\\/\",\"name\":\"INCOMSA SA - Nastri adesivi, Film estensibili e Imballaggio\",\"description\":\"Nastri adesivi, Film estensibili e Imballaggio\",\"publisher\":{\"@id\":\"https:\\\/\\\/www.incomsa.ch\\\/fr\\\/#organization\"},\"alternateName\":\"Nastri adesivi, Film estensibili e Imballaggio - Svizzara\",\"potentialAction\":[{\"@type\":\"SearchAction\",\"target\":{\"@type\":\"EntryPoint\",\"urlTemplate\":\"https:\\\/\\\/www.incomsa.ch\\\/fr\\\/?s={search_term_string}\"},\"query-input\":{\"@type\":\"PropertyValueSpecification\",\"valueRequired\":true,\"valueName\":\"search_term_string\"}}],\"inLanguage\":\"fr-FR\"},{\"@type\":\"Organization\",\"@id\":\"https:\\\/\\\/www.incomsa.ch\\\/fr\\\/#organization\",\"name\":\"INCOMSA SA - Nastri adesivi, Film estensibili e Imballaggio\",\"alternateName\":\"Nastri adesivi, Film estensibili e Imballaggio - Svizzera\",\"url\":\"https:\\\/\\\/www.incomsa.ch\\\/fr\\\/\",\"logo\":{\"@type\":\"ImageObject\",\"inLanguage\":\"fr-FR\",\"@id\":\"https:\\\/\\\/www.incomsa.ch\\\/fr\\\/#\\\/schema\\\/logo\\\/image\\\/\",\"url\":\"https:\\\/\\\/www.incomsa.ch\\\/wp-content\\\/uploads\\\/2021\\\/06\\\/incomsa-logo.jpg\",\"contentUrl\":\"https:\\\/\\\/www.incomsa.ch\\\/wp-content\\\/uploads\\\/2021\\\/06\\\/incomsa-logo.jpg\",\"width\":1200,\"height\":1200,\"caption\":\"INCOMSA SA - Nastri adesivi, Film estensibili e Imballaggio\"},\"image\":{\"@id\":\"https:\\\/\\\/www.incomsa.ch\\\/fr\\\/#\\\/schema\\\/logo\\\/image\\\/\"}}]}<\/script>\n<!-- \/ Yoast SEO plugin. -->","yoast_head_json":{"title":"Carrosserie - INCOMSA","robots":{"index":"index","follow":"follow","max-snippet":"max-snippet:-1","max-image-preview":"max-image-preview:large","max-video-preview":"max-video-preview:-1"},"canonical":"https:\/\/www.incomsa.ch\/fr\/rubans\/carrosserie\/","og_locale":"fr_FR","og_type":"article","og_title":"Carrosserie - INCOMSA","og_url":"https:\/\/www.incomsa.ch\/fr\/rubans\/carrosserie\/","og_site_name":"INCOMSA","article_modified_time":"2023-02-21T19:12:37+00:00","og_image":[{"width":900,"height":600,"url":"https:\/\/www.incomsa.ch\/wp-content\/uploads\/2022\/05\/nastri-personalizzati-1.jpg","type":"image\/jpeg"}],"twitter_card":"summary_large_image","twitter_misc":{"Dur\u00e9e de lecture estim\u00e9e":"6 minutes"},"schema":{"@context":"https:\/\/schema.org","@graph":[{"@type":"WebPage","@id":"https:\/\/www.incomsa.ch\/fr\/rubans\/carrosserie\/","url":"https:\/\/www.incomsa.ch\/fr\/rubans\/carrosserie\/","name":"Carrosserie - INCOMSA","isPartOf":{"@id":"https:\/\/www.incomsa.ch\/fr\/#website"},"datePublished":"2017-02-20T13:35:38+00:00","dateModified":"2023-02-21T19:12:37+00:00","breadcrumb":{"@id":"https:\/\/www.incomsa.ch\/fr\/rubans\/carrosserie\/#breadcrumb"},"inLanguage":"fr-FR","potentialAction":[{"@type":"ReadAction","target":["https:\/\/www.incomsa.ch\/fr\/rubans\/carrosserie\/"]}]},{"@type":"BreadcrumbList","@id":"https:\/\/www.incomsa.ch\/fr\/rubans\/carrosserie\/#breadcrumb","itemListElement":[{"@type":"ListItem","position":1,"name":"Home","item":"https:\/\/www.incomsa.ch\/fr\/"},{"@type":"ListItem","position":2,"name":"RUBAN ADH\u00c9SIF","item":"https:\/\/www.incomsa.ch\/fr\/rubans\/"},{"@type":"ListItem","position":3,"name":"Carrosserie"}]},{"@type":"WebSite","@id":"https:\/\/www.incomsa.ch\/fr\/#website","url":"https:\/\/www.incomsa.ch\/fr\/","name":"INCOMSA SA - Nastri adesivi, Film estensibili e Imballaggio","description":"Nastri adesivi, Film estensibili e Imballaggio","publisher":{"@id":"https:\/\/www.incomsa.ch\/fr\/#organization"},"alternateName":"Nastri adesivi, Film estensibili e Imballaggio - Svizzara","potentialAction":[{"@type":"SearchAction","target":{"@type":"EntryPoint","urlTemplate":"https:\/\/www.incomsa.ch\/fr\/?s={search_term_string}"},"query-input":{"@type":"PropertyValueSpecification","valueRequired":true,"valueName":"search_term_string"}}],"inLanguage":"fr-FR"},{"@type":"Organization","@id":"https:\/\/www.incomsa.ch\/fr\/#organization","name":"INCOMSA SA - Nastri adesivi, Film estensibili e Imballaggio","alternateName":"Nastri adesivi, Film estensibili e Imballaggio - Svizzera","url":"https:\/\/www.incomsa.ch\/fr\/","logo":{"@type":"ImageObject","inLanguage":"fr-FR","@id":"https:\/\/www.incomsa.ch\/fr\/#\/schema\/logo\/image\/","url":"https:\/\/www.incomsa.ch\/wp-content\/uploads\/2021\/06\/incomsa-logo.jpg","contentUrl":"https:\/\/www.incomsa.ch\/wp-content\/uploads\/2021\/06\/incomsa-logo.jpg","width":1200,"height":1200,"caption":"INCOMSA SA - Nastri adesivi, Film estensibili e Imballaggio"},"image":{"@id":"https:\/\/www.incomsa.ch\/fr\/#\/schema\/logo\/image\/"}}]}},"_links":{"self":[{"href":"https:\/\/www.incomsa.ch\/fr\/wp-json\/wp\/v2\/pages\/3773","targetHints":{"allow":["GET"]}}],"collection":[{"href":"https:\/\/www.incomsa.ch\/fr\/wp-json\/wp\/v2\/pages"}],"about":[{"href":"https:\/\/www.incomsa.ch\/fr\/wp-json\/wp\/v2\/types\/page"}],"author":[{"embeddable":true,"href":"https:\/\/www.incomsa.ch\/fr\/wp-json\/wp\/v2\/users\/3"}],"replies":[{"embeddable":true,"href":"https:\/\/www.incomsa.ch\/fr\/wp-json\/wp\/v2\/comments?post=3773"}],"version-history":[{"count":17,"href":"https:\/\/www.incomsa.ch\/fr\/wp-json\/wp\/v2\/pages\/3773\/revisions"}],"predecessor-version":[{"id":18466,"href":"https:\/\/www.incomsa.ch\/fr\/wp-json\/wp\/v2\/pages\/3773\/revisions\/18466"}],"up":[{"embeddable":true,"href":"https:\/\/www.incomsa.ch\/fr\/wp-json\/wp\/v2\/pages\/15711"}],"wp:attachment":[{"href":"https:\/\/www.incomsa.ch\/fr\/wp-json\/wp\/v2\/media?parent=3773"}],"curies":[{"name":"wp","href":"https:\/\/api.w.org\/{rel}","templated":true}]}}