{"id":4625,"date":"2018-09-25T12:27:34","date_gmt":"2018-09-25T10:27:34","guid":{"rendered":"http:\/\/www.incomsa.ch\/vhb-professionell-doppelseitiges-klebeband-3m\/"},"modified":"2018-10-09T10:44:27","modified_gmt":"2018-10-09T08:44:27","slug":"vhb-professionell-doppelseitiges-klebeband-3m","status":"publish","type":"page","link":"https:\/\/www.incomsa.ch\/fr\/vhb-professionell-doppelseitiges-klebeband-3m\/","title":{"rendered":"Ruban double face professionnel VHB 3M"},"content":{"rendered":"<p><div class=\"fusion-fullwidth fullwidth-box fusion-builder-row-1 nonhundred-percent-fullwidth non-hundred-percent-height-scrolling\" style=\"--awb-border-radius-top-left:0px;--awb-border-radius-top-right:0px;--awb-border-radius-bottom-right:0px;--awb-border-radius-bottom-left:0px;--awb-flex-wrap:wrap;\" ><div class=\"fusion-builder-row fusion-row\"><div class=\"fusion-layout-column fusion_builder_column fusion-builder-column-0 fusion_builder_column_1_1 1_1 fusion-one-full fusion-column-first fusion-column-last\" style=\"--awb-bg-size:cover;\"><div class=\"fusion-column-wrapper fusion-flex-column-wrapper-legacy\"><div class=\"fusion-image-carousel fusion-image-carousel-auto fusion-image-carousel-1\"><div class=\"awb-carousel awb-swiper awb-swiper-carousel awb-swiper-dots-position-bottom awb-carousel--carousel\" data-layout=\"carousel\" data-autoplay=\"yes\" data-autoplayspeed=\"2500\" data-autoplaypause=\"no\" data-columns=\"1\" data-itemmargin=\"13\" data-itemwidth=\"180\" data-touchscroll=\"no\" data-freemode=\"no\" data-imagesize=\"auto\" data-scrollitems=\"0\" data-centeredslides=\"no\" data-rotationangle=\"50\" data-depth=\"100\" data-speed=\"500\" data-shadow=\"no\" style=\"--awb-columns:1;\"><div class=\"swiper-wrapper awb-image-carousel-wrapper fusion-flex-align-items-center\"><div class=\"swiper-slide\"><div class=\"fusion-carousel-item-wrapper\"><div class=\"fusion-image-wrapper hover-type-none\"><img decoding=\"async\" src=\"http:\/\/www.incomsa.ch\/wp-content\/uploads\/2018\/09\/3m_tapetogo.jpg\" alt=\"\"\/><\/div><\/div><\/div><div class=\"swiper-slide\"><div class=\"fusion-carousel-item-wrapper\"><div class=\"fusion-image-wrapper hover-type-none\"><img decoding=\"async\" width=\"3000\" height=\"2000\" src=\"https:\/\/www.incomsa.ch\/wp-content\/uploads\/2018\/09\/IPS_06_Z.jpg\" class=\"attachment-full size-full\" alt=\"\" srcset=\"https:\/\/www.incomsa.ch\/wp-content\/uploads\/2018\/09\/IPS_06_Z-200x133.jpg 200w, https:\/\/www.incomsa.ch\/wp-content\/uploads\/2018\/09\/IPS_06_Z-300x200.jpg 300w, https:\/\/www.incomsa.ch\/wp-content\/uploads\/2018\/09\/IPS_06_Z-400x267.jpg 400w, https:\/\/www.incomsa.ch\/wp-content\/uploads\/2018\/09\/IPS_06_Z-600x400.jpg 600w, https:\/\/www.incomsa.ch\/wp-content\/uploads\/2018\/09\/IPS_06_Z-768x512.jpg 768w, https:\/\/www.incomsa.ch\/wp-content\/uploads\/2018\/09\/IPS_06_Z-800x533.jpg 800w, https:\/\/www.incomsa.ch\/wp-content\/uploads\/2018\/09\/IPS_06_Z-1024x683.jpg 1024w, https:\/\/www.incomsa.ch\/wp-content\/uploads\/2018\/09\/IPS_06_Z-1200x800.jpg 1200w, https:\/\/www.incomsa.ch\/wp-content\/uploads\/2018\/09\/IPS_06_Z.jpg 3000w\" sizes=\"(max-width: 3000px) 100vw, 3000px\" \/><\/div><\/div><\/div><div class=\"swiper-slide\"><div class=\"fusion-carousel-item-wrapper\"><div class=\"fusion-image-wrapper hover-type-none\"><img decoding=\"async\" width=\"3000\" height=\"2000\" src=\"https:\/\/www.incomsa.ch\/wp-content\/uploads\/2018\/09\/IPS_08_Z.jpg\" class=\"attachment-full size-full\" alt=\"\" srcset=\"https:\/\/www.incomsa.ch\/wp-content\/uploads\/2018\/09\/IPS_08_Z-200x133.jpg 200w, https:\/\/www.incomsa.ch\/wp-content\/uploads\/2018\/09\/IPS_08_Z-300x200.jpg 300w, https:\/\/www.incomsa.ch\/wp-content\/uploads\/2018\/09\/IPS_08_Z-400x267.jpg 400w, https:\/\/www.incomsa.ch\/wp-content\/uploads\/2018\/09\/IPS_08_Z-600x400.jpg 600w, https:\/\/www.incomsa.ch\/wp-content\/uploads\/2018\/09\/IPS_08_Z-768x512.jpg 768w, https:\/\/www.incomsa.ch\/wp-content\/uploads\/2018\/09\/IPS_08_Z-800x533.jpg 800w, https:\/\/www.incomsa.ch\/wp-content\/uploads\/2018\/09\/IPS_08_Z-1024x683.jpg 1024w, https:\/\/www.incomsa.ch\/wp-content\/uploads\/2018\/09\/IPS_08_Z-1200x800.jpg 1200w, https:\/\/www.incomsa.ch\/wp-content\/uploads\/2018\/09\/IPS_08_Z.jpg 3000w\" sizes=\"(max-width: 3000px) 100vw, 3000px\" \/><\/div><\/div><\/div><\/div><div class=\"awb-swiper-button awb-swiper-button-prev\"><i class=\"awb-icon-angle-left\" aria-hidden=\"true\"><\/i><\/div><div class=\"awb-swiper-button awb-swiper-button-next\"><i class=\"awb-icon-angle-right\" aria-hidden=\"true\"><\/i><\/div><\/div><\/div><div class=\"fusion-clearfix\"><\/div><\/div><\/div><\/div><\/div><div class=\"fusion-fullwidth fullwidth-box fusion-builder-row-2 nonhundred-percent-fullwidth non-hundred-percent-height-scrolling\" style=\"--awb-border-radius-top-left:0px;--awb-border-radius-top-right:0px;--awb-border-radius-bottom-right:0px;--awb-border-radius-bottom-left:0px;--awb-flex-wrap:wrap;\" ><div class=\"fusion-builder-row fusion-row\"><div class=\"fusion-layout-column fusion_builder_column fusion-builder-column-1 fusion_builder_column_1_2 1_2 fusion-one-half fusion-column-first\" style=\"--awb-bg-size:cover;width:50%;width:calc(50% - ( ( 4% ) * 0.5 ) );margin-right: 4%;\"><div class=\"fusion-column-wrapper fusion-flex-column-wrapper-legacy\"><div class=\"fusion-text fusion-text-1\"><h1>Nouveaut\u00e9 de 3M<\/h1>\n<p style=\"font-weight: 400;\">La ligne professionnelle VHB 3M double face de haute qualit\u00e9 offre un nouveau petit format. L\u2019emballage pratique et refermable garantit une meilleure conservation du produit.<\/p>\n<h2 style=\"font-weight: 400;\">Le nouvel emballage permet \u00e9galement une meilleure visibilit\u00e9 sur le point de vente, met en \u00e9vidence les informations sur les produits et est \u00e9quip\u00e9 d&rsquo;un trou pratique pour l&rsquo;affichage sur les \u00e9tag\u00e8res.<\/h2>\n<p>&nbsp;<\/p>\n<p>&nbsp;<\/p>\n<\/div><div class=\"fusion-clearfix\"><\/div><\/div><\/div><div class=\"fusion-layout-column fusion_builder_column fusion-builder-column-2 fusion_builder_column_1_2 1_2 fusion-one-half fusion-column-last\" style=\"--awb-bg-size:cover;width:50%;width:calc(50% - ( ( 4% ) * 0.5 ) );\"><div class=\"fusion-column-wrapper fusion-flex-column-wrapper-legacy\"><div class=\"fusion-image-element in-legacy-container\" style=\"--awb-caption-title-font-family:var(--h2_typography-font-family);--awb-caption-title-font-weight:var(--h2_typography-font-weight);--awb-caption-title-font-style:var(--h2_typography-font-style);--awb-caption-title-size:var(--h2_typography-font-size);--awb-caption-title-transform:var(--h2_typography-text-transform);--awb-caption-title-line-height:var(--h2_typography-line-height);--awb-caption-title-letter-spacing:var(--h2_typography-letter-spacing);\"><span class=\" fusion-imageframe imageframe-none imageframe-1 hover-type-none\"><img decoding=\"async\" width=\"3000\" height=\"2000\" title=\"IPS_08_Z\" src=\"http:\/\/www.incomsa.ch\/wp-content\/uploads\/2018\/09\/IPS_08_Z.jpg\" alt class=\"img-responsive wp-image-4596\" srcset=\"https:\/\/www.incomsa.ch\/wp-content\/uploads\/2018\/09\/IPS_08_Z-200x133.jpg 200w, https:\/\/www.incomsa.ch\/wp-content\/uploads\/2018\/09\/IPS_08_Z-400x267.jpg 400w, https:\/\/www.incomsa.ch\/wp-content\/uploads\/2018\/09\/IPS_08_Z-600x400.jpg 600w, https:\/\/www.incomsa.ch\/wp-content\/uploads\/2018\/09\/IPS_08_Z-800x533.jpg 800w, https:\/\/www.incomsa.ch\/wp-content\/uploads\/2018\/09\/IPS_08_Z-1200x800.jpg 1200w, https:\/\/www.incomsa.ch\/wp-content\/uploads\/2018\/09\/IPS_08_Z.jpg 3000w\" sizes=\"(max-width: 800px) 100vw, 600px\" \/><\/span><\/div><div class=\"fusion-clearfix\"><\/div><\/div><\/div><div class=\"fusion-layout-column fusion_builder_column fusion-builder-column-3 fusion_builder_column_1_2 1_2 fusion-one-half fusion-column-first\" style=\"--awb-padding-top:10px;--awb-padding-right:10px;--awb-padding-bottom:10px;--awb-padding-left:10px;--awb-bg-color:rgba(219,219,219,0.87);--awb-bg-color-hover:rgba(219,219,219,0.87);--awb-bg-size:cover;width:50%;width:calc(50% - ( ( 4% ) * 0.5 ) );margin-right: 4%;\"><div class=\"fusion-column-wrapper fusion-flex-column-wrapper-legacy\"><div class=\"fusion-text fusion-text-2\"><h1>Demande d&rsquo;information<\/h1>\n\n<div class=\"wpcf7 no-js\" id=\"wpcf7-f4627-o1\" lang=\"it-IT\" dir=\"ltr\" data-wpcf7-id=\"4627\">\n<div class=\"screen-reader-response\"><p role=\"status\" aria-live=\"polite\" aria-atomic=\"true\"><\/p> <ul><\/ul><\/div>\n<form action=\"\/fr\/wp-json\/wp\/v2\/pages\/4625#wpcf7-f4627-o1\" method=\"post\" class=\"wpcf7-form init\" aria-label=\"Modulo di contatto\" novalidate=\"novalidate\" data-status=\"init\">\n<fieldset class=\"hidden-fields-container\"><input type=\"hidden\" name=\"_wpcf7\" value=\"4627\" \/><input type=\"hidden\" name=\"_wpcf7_version\" value=\"6.1.5\" \/><input type=\"hidden\" name=\"_wpcf7_locale\" value=\"it_IT\" \/><input type=\"hidden\" name=\"_wpcf7_unit_tag\" value=\"wpcf7-f4627-o1\" \/><input type=\"hidden\" name=\"_wpcf7_container_post\" value=\"0\" \/><input type=\"hidden\" name=\"_wpcf7_posted_data_hash\" value=\"\" \/><input type=\"hidden\" name=\"_wpcf7_recaptcha_response\" value=\"\" \/>\n<\/fieldset>\n<p><label> Nom et pr\u00e9nom (requis) <span class=\"wpcf7-form-control-wrap\" data-name=\"your-name\"><input size=\"40\" maxlength=\"400\" class=\"wpcf7-form-control wpcf7-text wpcf7-validates-as-required\" aria-required=\"true\" aria-invalid=\"false\" placeholder=\"Indiquer nom et pr\u00e9nom de la personne de contact ou nom de l&#039;entreprise\" value=\"\" type=\"text\" name=\"your-name\" \/><\/span> <\/label>\n<\/p>\n<p><label> EMAIL (requis) <span class=\"wpcf7-form-control-wrap\" data-name=\"your-email\"><input size=\"40\" maxlength=\"400\" class=\"wpcf7-form-control wpcf7-email wpcf7-validates-as-required wpcf7-text wpcf7-validates-as-email\" aria-required=\"true\" aria-invalid=\"false\" placeholder=\"Sp\u00e9cifier une adresse e-mail de r\u00e9f\u00e9rence\" value=\"\" type=\"email\" name=\"your-email\" \/><\/span> <\/label>\n<\/p>\n<p><label> MESSAGE<br \/>\n<span class=\"wpcf7-form-control-wrap\" data-name=\"your-message\"><textarea cols=\"40\" rows=\"10\" maxlength=\"2000\" class=\"wpcf7-form-control wpcf7-textarea\" aria-invalid=\"false\" placeholder=\"Plus de d\u00e9tails ou demandes sp\u00e9cifiques\" name=\"your-message\"><\/textarea><\/span> <\/label>\n<\/p>\n<p><input class=\"wpcf7-form-control wpcf7-submit has-spinner\" type=\"submit\" value=\"DEMANDE MAINTENANT!\" \/>\n<\/p><p style=\"display: none !important;\" class=\"akismet-fields-container\" data-prefix=\"_wpcf7_ak_\"><label>&#916;<textarea name=\"_wpcf7_ak_hp_textarea\" cols=\"45\" rows=\"8\" maxlength=\"100\"><\/textarea><\/label><input type=\"hidden\" id=\"ak_js_1\" name=\"_wpcf7_ak_js\" value=\"118\"\/><script>document.getElementById( \"ak_js_1\" ).setAttribute( \"value\", ( new Date() ).getTime() );<\/script><\/p><div class=\"fusion-alert alert custom alert-custom fusion-alert-center wpcf7-response-output fusion-alert-capitalize awb-alert-native-link-color alert-dismissable awb-alert-close-boxed\" style=\"--awb-border-top-left-radius:0px;--awb-border-top-right-radius:0px;--awb-border-bottom-left-radius:0px;--awb-border-bottom-right-radius:0px;\" role=\"alert\"><div class=\"fusion-alert-content-wrapper\"><span class=\"fusion-alert-content\"><\/span><\/div><button type=\"button\" class=\"close toggle-alert\" data-dismiss=\"alert\" aria-label=\"Chiudi\">&times;<\/button><\/div>\n<\/form>\n<\/div>\n\n<\/div><div class=\"fusion-clearfix\"><\/div><\/div><\/div><div class=\"fusion-layout-column fusion_builder_column fusion-builder-column-4 fusion_builder_column_1_2 1_2 fusion-one-half fusion-column-last\" style=\"--awb-bg-size:cover;width:50%;width:calc(50% - ( ( 4% ) * 0.5 ) );\"><div class=\"fusion-column-wrapper fusion-flex-column-wrapper-legacy\"><div class=\"fusion-image-element in-legacy-container\" style=\"--awb-caption-title-font-family:var(--h2_typography-font-family);--awb-caption-title-font-weight:var(--h2_typography-font-weight);--awb-caption-title-font-style:var(--h2_typography-font-style);--awb-caption-title-size:var(--h2_typography-font-size);--awb-caption-title-transform:var(--h2_typography-text-transform);--awb-caption-title-line-height:var(--h2_typography-line-height);--awb-caption-title-letter-spacing:var(--h2_typography-letter-spacing);\"><span class=\" fusion-imageframe imageframe-none imageframe-2 hover-type-none\"><img decoding=\"async\" width=\"562\" height=\"452\" title=\"nastri3m\" src=\"http:\/\/www.incomsa.ch\/wp-content\/uploads\/2018\/09\/nastri3m.jpg\" alt class=\"img-responsive wp-image-4612\" srcset=\"https:\/\/www.incomsa.ch\/wp-content\/uploads\/2018\/09\/nastri3m-200x161.jpg 200w, https:\/\/www.incomsa.ch\/wp-content\/uploads\/2018\/09\/nastri3m-400x322.jpg 400w, https:\/\/www.incomsa.ch\/wp-content\/uploads\/2018\/09\/nastri3m.jpg 562w\" sizes=\"(max-width: 800px) 100vw, 562px\" \/><\/span><\/div><div class=\"fusion-clearfix\"><\/div><\/div><\/div><\/div><\/div><\/p>\n","protected":false},"excerpt":{"rendered":"","protected":false},"author":3,"featured_media":0,"parent":0,"menu_order":0,"comment_status":"closed","ping_status":"closed","template":"","meta":{"footnotes":""},"class_list":["post-4625","page","type-page","status-publish","hentry"],"yoast_head":"<!-- This site is optimized with the Yoast SEO plugin v27.4 - https:\/\/yoast.com\/product\/yoast-seo-wordpress\/ -->\n<title>Ruban double face professionnel VHB 3M - INCOMSA<\/title>\n<meta name=\"robots\" content=\"index, follow, max-snippet:-1, max-image-preview:large, max-video-preview:-1\" \/>\n<link rel=\"canonical\" href=\"https:\/\/www.incomsa.ch\/fr\/vhb-professionell-doppelseitiges-klebeband-3m\/\" \/>\n<meta property=\"og:locale\" content=\"fr_FR\" \/>\n<meta property=\"og:type\" content=\"article\" \/>\n<meta property=\"og:title\" content=\"Ruban double face professionnel VHB 3M - INCOMSA\" \/>\n<meta property=\"og:url\" content=\"https:\/\/www.incomsa.ch\/fr\/vhb-professionell-doppelseitiges-klebeband-3m\/\" \/>\n<meta property=\"og:site_name\" content=\"INCOMSA\" \/>\n<meta property=\"article:modified_time\" content=\"2018-10-09T08:44:27+00:00\" \/>\n<meta property=\"og:image\" content=\"https:\/\/www.incomsa.ch\/wp-content\/uploads\/2022\/05\/nastri-personalizzati-1.jpg\" \/>\n\t<meta property=\"og:image:width\" content=\"900\" \/>\n\t<meta property=\"og:image:height\" content=\"600\" \/>\n\t<meta property=\"og:image:type\" content=\"image\/jpeg\" \/>\n<meta name=\"twitter:card\" content=\"summary_large_image\" \/>\n<meta name=\"twitter:label1\" content=\"Dur\u00e9e de lecture estim\u00e9e\" \/>\n\t<meta name=\"twitter:data1\" content=\"4 minutes\" \/>\n<script type=\"application\/ld+json\" class=\"yoast-schema-graph\">{\"@context\":\"https:\\\/\\\/schema.org\",\"@graph\":[{\"@type\":\"WebPage\",\"@id\":\"https:\\\/\\\/www.incomsa.ch\\\/fr\\\/vhb-professionell-doppelseitiges-klebeband-3m\\\/\",\"url\":\"https:\\\/\\\/www.incomsa.ch\\\/fr\\\/vhb-professionell-doppelseitiges-klebeband-3m\\\/\",\"name\":\"Ruban double face professionnel VHB 3M - INCOMSA\",\"isPartOf\":{\"@id\":\"https:\\\/\\\/www.incomsa.ch\\\/fr\\\/#website\"},\"datePublished\":\"2018-09-25T10:27:34+00:00\",\"dateModified\":\"2018-10-09T08:44:27+00:00\",\"breadcrumb\":{\"@id\":\"https:\\\/\\\/www.incomsa.ch\\\/fr\\\/vhb-professionell-doppelseitiges-klebeband-3m\\\/#breadcrumb\"},\"inLanguage\":\"fr-FR\",\"potentialAction\":[{\"@type\":\"ReadAction\",\"target\":[\"https:\\\/\\\/www.incomsa.ch\\\/fr\\\/vhb-professionell-doppelseitiges-klebeband-3m\\\/\"]}]},{\"@type\":\"BreadcrumbList\",\"@id\":\"https:\\\/\\\/www.incomsa.ch\\\/fr\\\/vhb-professionell-doppelseitiges-klebeband-3m\\\/#breadcrumb\",\"itemListElement\":[{\"@type\":\"ListItem\",\"position\":1,\"name\":\"Home\",\"item\":\"https:\\\/\\\/www.incomsa.ch\\\/fr\\\/\"},{\"@type\":\"ListItem\",\"position\":2,\"name\":\"Ruban double face professionnel VHB 3M\"}]},{\"@type\":\"WebSite\",\"@id\":\"https:\\\/\\\/www.incomsa.ch\\\/fr\\\/#website\",\"url\":\"https:\\\/\\\/www.incomsa.ch\\\/fr\\\/\",\"name\":\"INCOMSA SA - Nastri adesivi, Film estensibili e Imballaggio\",\"description\":\"Nastri adesivi, Film estensibili e Imballaggio\",\"publisher\":{\"@id\":\"https:\\\/\\\/www.incomsa.ch\\\/fr\\\/#organization\"},\"alternateName\":\"Nastri adesivi, Film estensibili e Imballaggio - Svizzara\",\"potentialAction\":[{\"@type\":\"SearchAction\",\"target\":{\"@type\":\"EntryPoint\",\"urlTemplate\":\"https:\\\/\\\/www.incomsa.ch\\\/fr\\\/?s={search_term_string}\"},\"query-input\":{\"@type\":\"PropertyValueSpecification\",\"valueRequired\":true,\"valueName\":\"search_term_string\"}}],\"inLanguage\":\"fr-FR\"},{\"@type\":\"Organization\",\"@id\":\"https:\\\/\\\/www.incomsa.ch\\\/fr\\\/#organization\",\"name\":\"INCOMSA SA - Nastri adesivi, Film estensibili e Imballaggio\",\"alternateName\":\"Nastri adesivi, Film estensibili e Imballaggio - Svizzera\",\"url\":\"https:\\\/\\\/www.incomsa.ch\\\/fr\\\/\",\"logo\":{\"@type\":\"ImageObject\",\"inLanguage\":\"fr-FR\",\"@id\":\"https:\\\/\\\/www.incomsa.ch\\\/fr\\\/#\\\/schema\\\/logo\\\/image\\\/\",\"url\":\"https:\\\/\\\/www.incomsa.ch\\\/wp-content\\\/uploads\\\/2021\\\/06\\\/incomsa-logo.jpg\",\"contentUrl\":\"https:\\\/\\\/www.incomsa.ch\\\/wp-content\\\/uploads\\\/2021\\\/06\\\/incomsa-logo.jpg\",\"width\":1200,\"height\":1200,\"caption\":\"INCOMSA SA - Nastri adesivi, Film estensibili e Imballaggio\"},\"image\":{\"@id\":\"https:\\\/\\\/www.incomsa.ch\\\/fr\\\/#\\\/schema\\\/logo\\\/image\\\/\"}}]}<\/script>\n<!-- \/ Yoast SEO plugin. -->","yoast_head_json":{"title":"Ruban double face professionnel VHB 3M - INCOMSA","robots":{"index":"index","follow":"follow","max-snippet":"max-snippet:-1","max-image-preview":"max-image-preview:large","max-video-preview":"max-video-preview:-1"},"canonical":"https:\/\/www.incomsa.ch\/fr\/vhb-professionell-doppelseitiges-klebeband-3m\/","og_locale":"fr_FR","og_type":"article","og_title":"Ruban double face professionnel VHB 3M - INCOMSA","og_url":"https:\/\/www.incomsa.ch\/fr\/vhb-professionell-doppelseitiges-klebeband-3m\/","og_site_name":"INCOMSA","article_modified_time":"2018-10-09T08:44:27+00:00","og_image":[{"width":900,"height":600,"url":"https:\/\/www.incomsa.ch\/wp-content\/uploads\/2022\/05\/nastri-personalizzati-1.jpg","type":"image\/jpeg"}],"twitter_card":"summary_large_image","twitter_misc":{"Dur\u00e9e de lecture estim\u00e9e":"4 minutes"},"schema":{"@context":"https:\/\/schema.org","@graph":[{"@type":"WebPage","@id":"https:\/\/www.incomsa.ch\/fr\/vhb-professionell-doppelseitiges-klebeband-3m\/","url":"https:\/\/www.incomsa.ch\/fr\/vhb-professionell-doppelseitiges-klebeband-3m\/","name":"Ruban double face professionnel VHB 3M - INCOMSA","isPartOf":{"@id":"https:\/\/www.incomsa.ch\/fr\/#website"},"datePublished":"2018-09-25T10:27:34+00:00","dateModified":"2018-10-09T08:44:27+00:00","breadcrumb":{"@id":"https:\/\/www.incomsa.ch\/fr\/vhb-professionell-doppelseitiges-klebeband-3m\/#breadcrumb"},"inLanguage":"fr-FR","potentialAction":[{"@type":"ReadAction","target":["https:\/\/www.incomsa.ch\/fr\/vhb-professionell-doppelseitiges-klebeband-3m\/"]}]},{"@type":"BreadcrumbList","@id":"https:\/\/www.incomsa.ch\/fr\/vhb-professionell-doppelseitiges-klebeband-3m\/#breadcrumb","itemListElement":[{"@type":"ListItem","position":1,"name":"Home","item":"https:\/\/www.incomsa.ch\/fr\/"},{"@type":"ListItem","position":2,"name":"Ruban double face professionnel VHB 3M"}]},{"@type":"WebSite","@id":"https:\/\/www.incomsa.ch\/fr\/#website","url":"https:\/\/www.incomsa.ch\/fr\/","name":"INCOMSA SA - Nastri adesivi, Film estensibili e Imballaggio","description":"Nastri adesivi, Film estensibili e Imballaggio","publisher":{"@id":"https:\/\/www.incomsa.ch\/fr\/#organization"},"alternateName":"Nastri adesivi, Film estensibili e Imballaggio - Svizzara","potentialAction":[{"@type":"SearchAction","target":{"@type":"EntryPoint","urlTemplate":"https:\/\/www.incomsa.ch\/fr\/?s={search_term_string}"},"query-input":{"@type":"PropertyValueSpecification","valueRequired":true,"valueName":"search_term_string"}}],"inLanguage":"fr-FR"},{"@type":"Organization","@id":"https:\/\/www.incomsa.ch\/fr\/#organization","name":"INCOMSA SA - Nastri adesivi, Film estensibili e Imballaggio","alternateName":"Nastri adesivi, Film estensibili e Imballaggio - Svizzera","url":"https:\/\/www.incomsa.ch\/fr\/","logo":{"@type":"ImageObject","inLanguage":"fr-FR","@id":"https:\/\/www.incomsa.ch\/fr\/#\/schema\/logo\/image\/","url":"https:\/\/www.incomsa.ch\/wp-content\/uploads\/2021\/06\/incomsa-logo.jpg","contentUrl":"https:\/\/www.incomsa.ch\/wp-content\/uploads\/2021\/06\/incomsa-logo.jpg","width":1200,"height":1200,"caption":"INCOMSA SA - Nastri adesivi, Film estensibili e Imballaggio"},"image":{"@id":"https:\/\/www.incomsa.ch\/fr\/#\/schema\/logo\/image\/"}}]}},"_links":{"self":[{"href":"https:\/\/www.incomsa.ch\/fr\/wp-json\/wp\/v2\/pages\/4625","targetHints":{"allow":["GET"]}}],"collection":[{"href":"https:\/\/www.incomsa.ch\/fr\/wp-json\/wp\/v2\/pages"}],"about":[{"href":"https:\/\/www.incomsa.ch\/fr\/wp-json\/wp\/v2\/types\/page"}],"author":[{"embeddable":true,"href":"https:\/\/www.incomsa.ch\/fr\/wp-json\/wp\/v2\/users\/3"}],"replies":[{"embeddable":true,"href":"https:\/\/www.incomsa.ch\/fr\/wp-json\/wp\/v2\/comments?post=4625"}],"version-history":[{"count":3,"href":"https:\/\/www.incomsa.ch\/fr\/wp-json\/wp\/v2\/pages\/4625\/revisions"}],"predecessor-version":[{"id":4637,"href":"https:\/\/www.incomsa.ch\/fr\/wp-json\/wp\/v2\/pages\/4625\/revisions\/4637"}],"wp:attachment":[{"href":"https:\/\/www.incomsa.ch\/fr\/wp-json\/wp\/v2\/media?parent=4625"}],"curies":[{"name":"wp","href":"https:\/\/api.w.org\/{rel}","templated":true}]}}