{"id":4859,"date":"2019-06-25T16:34:45","date_gmt":"2019-06-25T14:34:45","guid":{"rendered":"http:\/\/www.incomsa.ch\/?page_id=4859"},"modified":"2019-07-03T14:46:23","modified_gmt":"2019-07-03T12:46:23","slug":"tesa","status":"publish","type":"page","link":"https:\/\/www.incomsa.ch\/fr\/tesa\/","title":{"rendered":"INNOVATION D\u2019EMBALLAGE AVEC FINGERLIFT"},"content":{"rendered":"<p><div class=\"fusion-fullwidth fullwidth-box fusion-builder-row-1 nonhundred-percent-fullwidth non-hundred-percent-height-scrolling\" style=\"--awb-border-radius-top-left:0px;--awb-border-radius-top-right:0px;--awb-border-radius-bottom-right:0px;--awb-border-radius-bottom-left:0px;--awb-flex-wrap:wrap;\" ><div class=\"fusion-builder-row fusion-row\"><div class=\"fusion-layout-column fusion_builder_column fusion-builder-column-0 fusion_builder_column_1_1 1_1 fusion-one-full fusion-column-first fusion-column-last\" style=\"--awb-bg-size:cover;\"><div class=\"fusion-column-wrapper fusion-flex-column-wrapper-legacy\"><div class=\"fusion-image-carousel fusion-image-carousel-auto fusion-image-carousel-1\"><div class=\"awb-carousel awb-swiper awb-swiper-carousel awb-swiper-dots-position-bottom awb-carousel--carousel\" data-layout=\"carousel\" data-autoplay=\"yes\" data-autoplayspeed=\"2500\" data-autoplaypause=\"no\" data-columns=\"1\" data-itemmargin=\"13\" data-itemwidth=\"180\" data-touchscroll=\"no\" data-freemode=\"no\" data-imagesize=\"auto\" data-scrollitems=\"0\" data-centeredslides=\"no\" data-rotationangle=\"50\" data-depth=\"100\" data-speed=\"500\" data-shadow=\"no\" style=\"--awb-columns:1;\"><div class=\"swiper-wrapper awb-image-carousel-wrapper fusion-flex-align-items-center\"><div class=\"swiper-slide\"><div class=\"fusion-carousel-item-wrapper\"><div class=\"fusion-image-wrapper hover-type-none\"><img decoding=\"async\" width=\"6006\" height=\"4004\" src=\"https:\/\/www.incomsa.ch\/wp-content\/uploads\/2019\/06\/INCOMSA_DE-01.jpg\" class=\"attachment-full size-full\" alt=\"\" srcset=\"https:\/\/www.incomsa.ch\/wp-content\/uploads\/2019\/06\/INCOMSA_DE-01-200x133.jpg 200w, https:\/\/www.incomsa.ch\/wp-content\/uploads\/2019\/06\/INCOMSA_DE-01-300x200.jpg 300w, https:\/\/www.incomsa.ch\/wp-content\/uploads\/2019\/06\/INCOMSA_DE-01-400x267.jpg 400w, https:\/\/www.incomsa.ch\/wp-content\/uploads\/2019\/06\/INCOMSA_DE-01-600x400.jpg 600w, https:\/\/www.incomsa.ch\/wp-content\/uploads\/2019\/06\/INCOMSA_DE-01-768x512.jpg 768w, https:\/\/www.incomsa.ch\/wp-content\/uploads\/2019\/06\/INCOMSA_DE-01-800x533.jpg 800w, https:\/\/www.incomsa.ch\/wp-content\/uploads\/2019\/06\/INCOMSA_DE-01-1024x683.jpg 1024w, https:\/\/www.incomsa.ch\/wp-content\/uploads\/2019\/06\/INCOMSA_DE-01-1200x800.jpg 1200w, https:\/\/www.incomsa.ch\/wp-content\/uploads\/2019\/06\/INCOMSA_DE-01.jpg 6006w\" sizes=\"(max-width: 6006px) 100vw, 6006px\" \/><\/div><\/div><\/div><\/div><div class=\"awb-swiper-button awb-swiper-button-prev\"><i class=\"awb-icon-angle-left\" aria-hidden=\"true\"><\/i><\/div><div class=\"awb-swiper-button awb-swiper-button-next\"><i class=\"awb-icon-angle-right\" aria-hidden=\"true\"><\/i><\/div><\/div><\/div><div class=\"fusion-clearfix\"><\/div><\/div><\/div><\/div><\/div><div class=\"fusion-fullwidth fullwidth-box fusion-builder-row-2 nonhundred-percent-fullwidth non-hundred-percent-height-scrolling\" style=\"--awb-border-radius-top-left:0px;--awb-border-radius-top-right:0px;--awb-border-radius-bottom-right:0px;--awb-border-radius-bottom-left:0px;--awb-flex-wrap:wrap;\" ><div class=\"fusion-builder-row fusion-row\"><div class=\"fusion-layout-column fusion_builder_column fusion-builder-column-1 fusion_builder_column_1_2 1_2 fusion-one-half fusion-column-first\" style=\"--awb-bg-size:cover;width:50%;width:calc(50% - ( ( 4% ) * 0.5 ) );margin-right: 4%;\"><div class=\"fusion-column-wrapper fusion-flex-column-wrapper-legacy\"><div class=\"fusion-text fusion-text-1\"><h1 class=\"p1\">Le bord Fingerlift brevet\u00e9 apporte une valeur ajout\u00e9e importante<\/h1>\n<p class=\"p1\">Oubliez cutters, ciseaux ou lames\u00a0: avec la nouvelle bande adh\u00e9sive d\u2019emballage innovante, l\u2019ouverture est plus facile, plus rapide et plus s\u00fbre. Vous pouvez retirer la bande adh\u00e9sive en un seul morceau. Le risque d\u2019endommager la pr\u00e9cieuse marchandise et l\u2019int\u00e9rieur de l\u2019emballage en d\u00e9coupant un paquet est ainsi diminu\u00e9e efficacement.<\/p>\n<p class=\"p1\"><strong>Propri\u00e9t\u00e9s du produit:<br \/>\n<\/strong>&#8211; Dot\u00e9 du Fingerlift bien visible (marqu\u00e9 en rouge) pour ouvrir les cartons sans lame<br \/>\n&#8211; Bonne adh\u00e9rence pour une fermeture s\u00fbre des cartons<br \/>\n&#8211; Facilement d\u00e9roulable<\/p>\n<p><strong>Domaines d\u2019application:<br \/>\n<\/strong>&#8211; Fermeture manuelle et automatique de cartons de poids l\u00e9ger \u00e0 moyen<br \/>\n&#8211; Ouverture sans lames de bo\u00eetes et cartons<br \/>\n&#8211; R\u00e9duit le risque de d\u00e9truire l\u2019emballage int\u00e9rieur des marchandises \u00e0 transporter<br \/>\n&#8211; R\u00e9duit le risque de blessures<br \/>\n&#8211; La bande adh\u00e9sive peut \u00eatre retir\u00e9e en une \u00e9tape et permet ainsi un recyclage facile<\/p>\n<\/div><div class=\"fusion-button-wrapper\"><a class=\"fusion-button button-flat fusion-button-default-size button-default fusion-button-default button-1 fusion-button-default-span fusion-button-default-type\" target=\"_self\" href=\"http:\/\/www.incomsa.ch\/wp-content\/uploads\/2019\/06\/Flyer_Salesblatt_tesapack4190_CH_FR.pdf\"><span class=\"fusion-button-text awb-button__text awb-button__text--default\">DOWNLOAD<\/span><\/a><\/div><div class=\"fusion-clearfix\"><\/div><\/div><\/div><div class=\"fusion-layout-column fusion_builder_column fusion-builder-column-2 fusion_builder_column_1_2 1_2 fusion-one-half fusion-column-last\" style=\"--awb-bg-size:cover;width:50%;width:calc(50% - ( ( 4% ) * 0.5 ) );\"><div class=\"fusion-column-wrapper fusion-flex-column-wrapper-legacy\"><div class=\"fusion-text fusion-text-2\"><h1>Demande d&rsquo;information<\/h1>\n\n<div class=\"wpcf7 no-js\" id=\"wpcf7-f4929-o1\" lang=\"it-IT\" dir=\"ltr\" data-wpcf7-id=\"4929\">\n<div class=\"screen-reader-response\"><p role=\"status\" aria-live=\"polite\" aria-atomic=\"true\"><\/p> <ul><\/ul><\/div>\n<form action=\"\/fr\/wp-json\/wp\/v2\/pages\/4859#wpcf7-f4929-o1\" method=\"post\" class=\"wpcf7-form init\" aria-label=\"Modulo di contatto\" novalidate=\"novalidate\" data-status=\"init\">\n<fieldset class=\"hidden-fields-container\"><input type=\"hidden\" name=\"_wpcf7\" value=\"4929\" \/><input type=\"hidden\" name=\"_wpcf7_version\" value=\"6.1.5\" \/><input type=\"hidden\" name=\"_wpcf7_locale\" value=\"it_IT\" \/><input type=\"hidden\" name=\"_wpcf7_unit_tag\" value=\"wpcf7-f4929-o1\" \/><input type=\"hidden\" name=\"_wpcf7_container_post\" value=\"0\" \/><input type=\"hidden\" name=\"_wpcf7_posted_data_hash\" value=\"\" \/><input type=\"hidden\" name=\"_wpcf7_recaptcha_response\" value=\"\" \/>\n<\/fieldset>\n<p><span class=\"wpcf7-form-control-wrap\" data-name=\"your-name\"><input size=\"40\" maxlength=\"400\" class=\"wpcf7-form-control wpcf7-text wpcf7-validates-as-required\" aria-required=\"true\" aria-invalid=\"false\" placeholder=\"NOM\" value=\"\" type=\"text\" name=\"your-name\" \/><\/span>\n<\/p>\n<p><span class=\"wpcf7-form-control-wrap\" data-name=\"your-email\"><input size=\"40\" maxlength=\"400\" class=\"wpcf7-form-control wpcf7-email wpcf7-validates-as-required wpcf7-text wpcf7-validates-as-email\" aria-required=\"true\" aria-invalid=\"false\" placeholder=\"EMAIL\" value=\"\" type=\"email\" name=\"your-email\" \/><\/span>\n<\/p>\n<p><span class=\"wpcf7-form-control-wrap\" data-name=\"your-message\"><textarea cols=\"40\" rows=\"10\" maxlength=\"2000\" class=\"wpcf7-form-control wpcf7-textarea\" aria-invalid=\"false\" placeholder=\"MESSAGE\" name=\"your-message\"><\/textarea><\/span>\n<\/p>\n<p><input class=\"wpcf7-form-control wpcf7-submit has-spinner\" type=\"submit\" value=\"ENVOYER\" \/>\n<\/p><p style=\"display: none !important;\" class=\"akismet-fields-container\" data-prefix=\"_wpcf7_ak_\"><label>&#916;<textarea name=\"_wpcf7_ak_hp_textarea\" cols=\"45\" rows=\"8\" maxlength=\"100\"><\/textarea><\/label><input type=\"hidden\" id=\"ak_js_1\" name=\"_wpcf7_ak_js\" value=\"32\"\/><script>document.getElementById( \"ak_js_1\" ).setAttribute( \"value\", ( new Date() ).getTime() );<\/script><\/p><div class=\"fusion-alert alert custom alert-custom fusion-alert-center wpcf7-response-output fusion-alert-capitalize awb-alert-native-link-color alert-dismissable awb-alert-close-boxed\" style=\"--awb-border-top-left-radius:0px;--awb-border-top-right-radius:0px;--awb-border-bottom-left-radius:0px;--awb-border-bottom-right-radius:0px;\" role=\"alert\"><div class=\"fusion-alert-content-wrapper\"><span class=\"fusion-alert-content\"><\/span><\/div><button type=\"button\" class=\"close toggle-alert\" data-dismiss=\"alert\" aria-label=\"Chiudi\">&times;<\/button><\/div>\n<\/form>\n<\/div>\n\n<\/div><div class=\"fusion-clearfix\"><\/div><\/div><\/div><div class=\"fusion-layout-column fusion_builder_column fusion-builder-column-3 fusion_builder_column_1_2 1_2 fusion-one-half fusion-column-first\" style=\"--awb-padding-top:10px;--awb-padding-right:10px;--awb-padding-bottom:10px;--awb-padding-left:10px;--awb-bg-color:rgba(219,219,219,0.87);--awb-bg-color-hover:rgba(219,219,219,0.87);--awb-bg-size:cover;width:50%;width:calc(50% - ( ( 4% ) * 0.5 ) );margin-right: 4%;\"><div class=\"fusion-column-wrapper fusion-flex-column-wrapper-legacy\"><div class=\"fusion-image-element in-legacy-container\" style=\"--awb-caption-title-font-family:var(--h2_typography-font-family);--awb-caption-title-font-weight:var(--h2_typography-font-weight);--awb-caption-title-font-style:var(--h2_typography-font-style);--awb-caption-title-size:var(--h2_typography-font-size);--awb-caption-title-transform:var(--h2_typography-text-transform);--awb-caption-title-line-height:var(--h2_typography-line-height);--awb-caption-title-letter-spacing:var(--h2_typography-letter-spacing);\"><span class=\" fusion-imageframe imageframe-none imageframe-1 hover-type-none\"><img decoding=\"async\" width=\"6096\" height=\"4280\" title=\"INCOMSA_DE-05\" src=\"http:\/\/www.incomsa.ch\/wp-content\/uploads\/2019\/06\/INCOMSA_DE-05.jpg\" alt class=\"img-responsive wp-image-4848\" srcset=\"https:\/\/www.incomsa.ch\/wp-content\/uploads\/2019\/06\/INCOMSA_DE-05-200x140.jpg 200w, https:\/\/www.incomsa.ch\/wp-content\/uploads\/2019\/06\/INCOMSA_DE-05-400x281.jpg 400w, https:\/\/www.incomsa.ch\/wp-content\/uploads\/2019\/06\/INCOMSA_DE-05-600x421.jpg 600w, https:\/\/www.incomsa.ch\/wp-content\/uploads\/2019\/06\/INCOMSA_DE-05-800x562.jpg 800w, https:\/\/www.incomsa.ch\/wp-content\/uploads\/2019\/06\/INCOMSA_DE-05-1200x843.jpg 1200w, https:\/\/www.incomsa.ch\/wp-content\/uploads\/2019\/06\/INCOMSA_DE-05.jpg 6096w\" sizes=\"(max-width: 800px) 100vw, 600px\" \/><\/span><\/div><div class=\"fusion-clearfix\"><\/div><\/div><\/div><div class=\"fusion-layout-column fusion_builder_column fusion-builder-column-4 fusion_builder_column_1_2 1_2 fusion-one-half fusion-column-last\" style=\"--awb-bg-size:cover;width:50%;width:calc(50% - ( ( 4% ) * 0.5 ) );\"><div class=\"fusion-column-wrapper fusion-flex-column-wrapper-legacy\"><div class=\"fusion-image-element in-legacy-container\" style=\"--awb-caption-title-font-family:var(--h2_typography-font-family);--awb-caption-title-font-weight:var(--h2_typography-font-weight);--awb-caption-title-font-style:var(--h2_typography-font-style);--awb-caption-title-size:var(--h2_typography-font-size);--awb-caption-title-transform:var(--h2_typography-text-transform);--awb-caption-title-line-height:var(--h2_typography-line-height);--awb-caption-title-letter-spacing:var(--h2_typography-letter-spacing);\"><span class=\" fusion-imageframe imageframe-none imageframe-2 hover-type-none\"><img decoding=\"async\" width=\"6006\" height=\"3649\" title=\"INCOMSA_DE-02\" src=\"http:\/\/www.incomsa.ch\/wp-content\/uploads\/2019\/06\/INCOMSA_DE-02.jpg\" alt class=\"img-responsive wp-image-4839\" srcset=\"https:\/\/www.incomsa.ch\/wp-content\/uploads\/2019\/06\/INCOMSA_DE-02-200x122.jpg 200w, https:\/\/www.incomsa.ch\/wp-content\/uploads\/2019\/06\/INCOMSA_DE-02-400x243.jpg 400w, https:\/\/www.incomsa.ch\/wp-content\/uploads\/2019\/06\/INCOMSA_DE-02-600x365.jpg 600w, https:\/\/www.incomsa.ch\/wp-content\/uploads\/2019\/06\/INCOMSA_DE-02-800x486.jpg 800w, https:\/\/www.incomsa.ch\/wp-content\/uploads\/2019\/06\/INCOMSA_DE-02-1200x729.jpg 1200w, https:\/\/www.incomsa.ch\/wp-content\/uploads\/2019\/06\/INCOMSA_DE-02.jpg 6006w\" sizes=\"(max-width: 800px) 100vw, 600px\" \/><\/span><\/div><div class=\"fusion-clearfix\"><\/div><\/div><\/div><\/div><\/div><\/p>\n","protected":false},"excerpt":{"rendered":"","protected":false},"author":3,"featured_media":0,"parent":0,"menu_order":0,"comment_status":"closed","ping_status":"closed","template":"","meta":{"footnotes":""},"class_list":["post-4859","page","type-page","status-publish","hentry"],"yoast_head":"<!-- This site is optimized with the Yoast SEO plugin v27.4 - https:\/\/yoast.com\/product\/yoast-seo-wordpress\/ -->\n<title>INNOVATION D\u2019EMBALLAGE AVEC FINGERLIFT - INCOMSA<\/title>\n<meta name=\"robots\" content=\"index, follow, max-snippet:-1, max-image-preview:large, max-video-preview:-1\" \/>\n<link rel=\"canonical\" href=\"https:\/\/www.incomsa.ch\/fr\/tesa\/\" \/>\n<meta property=\"og:locale\" content=\"fr_FR\" \/>\n<meta property=\"og:type\" content=\"article\" \/>\n<meta property=\"og:title\" content=\"INNOVATION D\u2019EMBALLAGE AVEC FINGERLIFT - INCOMSA\" \/>\n<meta property=\"og:url\" content=\"https:\/\/www.incomsa.ch\/fr\/tesa\/\" \/>\n<meta property=\"og:site_name\" content=\"INCOMSA\" \/>\n<meta property=\"article:modified_time\" content=\"2019-07-03T12:46:23+00:00\" \/>\n<meta property=\"og:image\" content=\"https:\/\/www.incomsa.ch\/wp-content\/uploads\/2022\/05\/nastri-personalizzati-1.jpg\" \/>\n\t<meta property=\"og:image:width\" content=\"900\" \/>\n\t<meta property=\"og:image:height\" content=\"600\" \/>\n\t<meta property=\"og:image:type\" content=\"image\/jpeg\" \/>\n<meta name=\"twitter:card\" content=\"summary_large_image\" \/>\n<meta name=\"twitter:label1\" content=\"Dur\u00e9e de lecture estim\u00e9e\" \/>\n\t<meta name=\"twitter:data1\" content=\"5 minutes\" \/>\n<script type=\"application\/ld+json\" class=\"yoast-schema-graph\">{\"@context\":\"https:\\\/\\\/schema.org\",\"@graph\":[{\"@type\":\"WebPage\",\"@id\":\"https:\\\/\\\/www.incomsa.ch\\\/fr\\\/tesa\\\/\",\"url\":\"https:\\\/\\\/www.incomsa.ch\\\/fr\\\/tesa\\\/\",\"name\":\"INNOVATION D\u2019EMBALLAGE AVEC FINGERLIFT - INCOMSA\",\"isPartOf\":{\"@id\":\"https:\\\/\\\/www.incomsa.ch\\\/fr\\\/#website\"},\"datePublished\":\"2019-06-25T14:34:45+00:00\",\"dateModified\":\"2019-07-03T12:46:23+00:00\",\"breadcrumb\":{\"@id\":\"https:\\\/\\\/www.incomsa.ch\\\/fr\\\/tesa\\\/#breadcrumb\"},\"inLanguage\":\"fr-FR\",\"potentialAction\":[{\"@type\":\"ReadAction\",\"target\":[\"https:\\\/\\\/www.incomsa.ch\\\/fr\\\/tesa\\\/\"]}]},{\"@type\":\"BreadcrumbList\",\"@id\":\"https:\\\/\\\/www.incomsa.ch\\\/fr\\\/tesa\\\/#breadcrumb\",\"itemListElement\":[{\"@type\":\"ListItem\",\"position\":1,\"name\":\"Home\",\"item\":\"https:\\\/\\\/www.incomsa.ch\\\/fr\\\/\"},{\"@type\":\"ListItem\",\"position\":2,\"name\":\"INNOVATION D\u2019EMBALLAGE AVEC FINGERLIFT\"}]},{\"@type\":\"WebSite\",\"@id\":\"https:\\\/\\\/www.incomsa.ch\\\/fr\\\/#website\",\"url\":\"https:\\\/\\\/www.incomsa.ch\\\/fr\\\/\",\"name\":\"INCOMSA SA - Nastri adesivi, Film estensibili e Imballaggio\",\"description\":\"Nastri adesivi, Film estensibili e Imballaggio\",\"publisher\":{\"@id\":\"https:\\\/\\\/www.incomsa.ch\\\/fr\\\/#organization\"},\"alternateName\":\"Nastri adesivi, Film estensibili e Imballaggio - Svizzara\",\"potentialAction\":[{\"@type\":\"SearchAction\",\"target\":{\"@type\":\"EntryPoint\",\"urlTemplate\":\"https:\\\/\\\/www.incomsa.ch\\\/fr\\\/?s={search_term_string}\"},\"query-input\":{\"@type\":\"PropertyValueSpecification\",\"valueRequired\":true,\"valueName\":\"search_term_string\"}}],\"inLanguage\":\"fr-FR\"},{\"@type\":\"Organization\",\"@id\":\"https:\\\/\\\/www.incomsa.ch\\\/fr\\\/#organization\",\"name\":\"INCOMSA SA - Nastri adesivi, Film estensibili e Imballaggio\",\"alternateName\":\"Nastri adesivi, Film estensibili e Imballaggio - Svizzera\",\"url\":\"https:\\\/\\\/www.incomsa.ch\\\/fr\\\/\",\"logo\":{\"@type\":\"ImageObject\",\"inLanguage\":\"fr-FR\",\"@id\":\"https:\\\/\\\/www.incomsa.ch\\\/fr\\\/#\\\/schema\\\/logo\\\/image\\\/\",\"url\":\"https:\\\/\\\/www.incomsa.ch\\\/wp-content\\\/uploads\\\/2021\\\/06\\\/incomsa-logo.jpg\",\"contentUrl\":\"https:\\\/\\\/www.incomsa.ch\\\/wp-content\\\/uploads\\\/2021\\\/06\\\/incomsa-logo.jpg\",\"width\":1200,\"height\":1200,\"caption\":\"INCOMSA SA - Nastri adesivi, Film estensibili e Imballaggio\"},\"image\":{\"@id\":\"https:\\\/\\\/www.incomsa.ch\\\/fr\\\/#\\\/schema\\\/logo\\\/image\\\/\"}}]}<\/script>\n<!-- \/ Yoast SEO plugin. -->","yoast_head_json":{"title":"INNOVATION D\u2019EMBALLAGE AVEC FINGERLIFT - INCOMSA","robots":{"index":"index","follow":"follow","max-snippet":"max-snippet:-1","max-image-preview":"max-image-preview:large","max-video-preview":"max-video-preview:-1"},"canonical":"https:\/\/www.incomsa.ch\/fr\/tesa\/","og_locale":"fr_FR","og_type":"article","og_title":"INNOVATION D\u2019EMBALLAGE AVEC FINGERLIFT - INCOMSA","og_url":"https:\/\/www.incomsa.ch\/fr\/tesa\/","og_site_name":"INCOMSA","article_modified_time":"2019-07-03T12:46:23+00:00","og_image":[{"width":900,"height":600,"url":"https:\/\/www.incomsa.ch\/wp-content\/uploads\/2022\/05\/nastri-personalizzati-1.jpg","type":"image\/jpeg"}],"twitter_card":"summary_large_image","twitter_misc":{"Dur\u00e9e de lecture estim\u00e9e":"5 minutes"},"schema":{"@context":"https:\/\/schema.org","@graph":[{"@type":"WebPage","@id":"https:\/\/www.incomsa.ch\/fr\/tesa\/","url":"https:\/\/www.incomsa.ch\/fr\/tesa\/","name":"INNOVATION D\u2019EMBALLAGE AVEC FINGERLIFT - INCOMSA","isPartOf":{"@id":"https:\/\/www.incomsa.ch\/fr\/#website"},"datePublished":"2019-06-25T14:34:45+00:00","dateModified":"2019-07-03T12:46:23+00:00","breadcrumb":{"@id":"https:\/\/www.incomsa.ch\/fr\/tesa\/#breadcrumb"},"inLanguage":"fr-FR","potentialAction":[{"@type":"ReadAction","target":["https:\/\/www.incomsa.ch\/fr\/tesa\/"]}]},{"@type":"BreadcrumbList","@id":"https:\/\/www.incomsa.ch\/fr\/tesa\/#breadcrumb","itemListElement":[{"@type":"ListItem","position":1,"name":"Home","item":"https:\/\/www.incomsa.ch\/fr\/"},{"@type":"ListItem","position":2,"name":"INNOVATION D\u2019EMBALLAGE AVEC FINGERLIFT"}]},{"@type":"WebSite","@id":"https:\/\/www.incomsa.ch\/fr\/#website","url":"https:\/\/www.incomsa.ch\/fr\/","name":"INCOMSA SA - Nastri adesivi, Film estensibili e Imballaggio","description":"Nastri adesivi, Film estensibili e Imballaggio","publisher":{"@id":"https:\/\/www.incomsa.ch\/fr\/#organization"},"alternateName":"Nastri adesivi, Film estensibili e Imballaggio - Svizzara","potentialAction":[{"@type":"SearchAction","target":{"@type":"EntryPoint","urlTemplate":"https:\/\/www.incomsa.ch\/fr\/?s={search_term_string}"},"query-input":{"@type":"PropertyValueSpecification","valueRequired":true,"valueName":"search_term_string"}}],"inLanguage":"fr-FR"},{"@type":"Organization","@id":"https:\/\/www.incomsa.ch\/fr\/#organization","name":"INCOMSA SA - Nastri adesivi, Film estensibili e Imballaggio","alternateName":"Nastri adesivi, Film estensibili e Imballaggio - Svizzera","url":"https:\/\/www.incomsa.ch\/fr\/","logo":{"@type":"ImageObject","inLanguage":"fr-FR","@id":"https:\/\/www.incomsa.ch\/fr\/#\/schema\/logo\/image\/","url":"https:\/\/www.incomsa.ch\/wp-content\/uploads\/2021\/06\/incomsa-logo.jpg","contentUrl":"https:\/\/www.incomsa.ch\/wp-content\/uploads\/2021\/06\/incomsa-logo.jpg","width":1200,"height":1200,"caption":"INCOMSA SA - Nastri adesivi, Film estensibili e Imballaggio"},"image":{"@id":"https:\/\/www.incomsa.ch\/fr\/#\/schema\/logo\/image\/"}}]}},"_links":{"self":[{"href":"https:\/\/www.incomsa.ch\/fr\/wp-json\/wp\/v2\/pages\/4859","targetHints":{"allow":["GET"]}}],"collection":[{"href":"https:\/\/www.incomsa.ch\/fr\/wp-json\/wp\/v2\/pages"}],"about":[{"href":"https:\/\/www.incomsa.ch\/fr\/wp-json\/wp\/v2\/types\/page"}],"author":[{"embeddable":true,"href":"https:\/\/www.incomsa.ch\/fr\/wp-json\/wp\/v2\/users\/3"}],"replies":[{"embeddable":true,"href":"https:\/\/www.incomsa.ch\/fr\/wp-json\/wp\/v2\/comments?post=4859"}],"version-history":[{"count":11,"href":"https:\/\/www.incomsa.ch\/fr\/wp-json\/wp\/v2\/pages\/4859\/revisions"}],"predecessor-version":[{"id":4938,"href":"https:\/\/www.incomsa.ch\/fr\/wp-json\/wp\/v2\/pages\/4859\/revisions\/4938"}],"wp:attachment":[{"href":"https:\/\/www.incomsa.ch\/fr\/wp-json\/wp\/v2\/media?parent=4859"}],"curies":[{"name":"wp","href":"https:\/\/api.w.org\/{rel}","templated":true}]}}