{"id":782,"date":"2013-09-13T09:45:19","date_gmt":"2013-09-13T07:45:19","guid":{"rendered":"http:\/\/www.incomsa.ch\/produits\/nastri-stampati\/"},"modified":"2013-09-23T09:42:59","modified_gmt":"2013-09-23T07:42:59","slug":"ruban-personalise","status":"publish","type":"page","link":"https:\/\/www.incomsa.ch\/fr\/personalisation\/ruban-personalise\/","title":{"rendered":"Ruban personalis\u00e9"},"content":{"rendered":"<p>Rubans adh\u00e9sifs en PVC\/PP-AC\/PP-H imprim\u00e9s \u00e0 l&rsquo;exigence du client avec texte et\/ou dessin. Ils permettent la personnalisation des emballages de mani\u00e8re \u00e9conomique avec messages<br \/>\npromotionnels, adresses, logos, etc. Impression \u00e0 une, deux, trois couleurs.<\/p>\n","protected":false},"excerpt":{"rendered":"<p>Rubans adh\u00e9sifs en PVC\/PP-AC\/PP-H imprim\u00e9s \u00e0 l&rsquo;exigence du client avec texte et\/ou dessin. Ils permettent la personnalisation des emballages de mani\u00e8re \u00e9conomique avec messages promotionnels, adresses, logos, etc. Impression \u00e0 une, deux, trois couleurs.<\/p>\n","protected":false},"author":3,"featured_media":438,"parent":3790,"menu_order":0,"comment_status":"open","ping_status":"closed","template":"","meta":{"footnotes":""},"class_list":["post-782","page","type-page","status-publish","has-post-thumbnail","hentry"],"yoast_head":"<!-- This site is optimized with the Yoast SEO plugin v27.5 - https:\/\/yoast.com\/product\/yoast-seo-wordpress\/ -->\n<title>Ruban personalis\u00e9 - INCOMSA<\/title>\n<meta name=\"robots\" content=\"index, follow, max-snippet:-1, max-image-preview:large, max-video-preview:-1\" \/>\n<link rel=\"canonical\" href=\"https:\/\/www.incomsa.ch\/fr\/personalisation\/ruban-personalise\/\" \/>\n<meta property=\"og:locale\" content=\"fr_FR\" \/>\n<meta property=\"og:type\" content=\"article\" \/>\n<meta property=\"og:title\" content=\"Ruban personalis\u00e9 - INCOMSA\" \/>\n<meta property=\"og:description\" content=\"Rubans adh\u00e9sifs en PVC\/PP-AC\/PP-H imprim\u00e9s \u00e0 l&rsquo;exigence du client avec texte et\/ou dessin. Ils permettent la personnalisation des emballages de mani\u00e8re \u00e9conomique avec messages promotionnels, adresses, logos, etc. Impression \u00e0 une, deux, trois couleurs.\" \/>\n<meta property=\"og:url\" content=\"https:\/\/www.incomsa.ch\/fr\/personalisation\/ruban-personalise\/\" \/>\n<meta property=\"og:site_name\" content=\"INCOMSA\" \/>\n<meta property=\"article:modified_time\" content=\"2013-09-23T07:42:59+00:00\" \/>\n<meta property=\"og:image\" content=\"https:\/\/www.incomsa.ch\/wp-content\/uploads\/2013\/09\/IMG_1630-1.jpg\" \/>\n\t<meta property=\"og:image:width\" content=\"900\" \/>\n\t<meta property=\"og:image:height\" content=\"600\" \/>\n\t<meta property=\"og:image:type\" content=\"image\/jpeg\" \/>\n<meta name=\"twitter:card\" content=\"summary_large_image\" \/>\n<script type=\"application\/ld+json\" class=\"yoast-schema-graph\">{\"@context\":\"https:\\\/\\\/schema.org\",\"@graph\":[{\"@type\":\"WebPage\",\"@id\":\"https:\\\/\\\/www.incomsa.ch\\\/fr\\\/personalisation\\\/ruban-personalise\\\/\",\"url\":\"https:\\\/\\\/www.incomsa.ch\\\/fr\\\/personalisation\\\/ruban-personalise\\\/\",\"name\":\"Ruban personalis\u00e9 - INCOMSA\",\"isPartOf\":{\"@id\":\"https:\\\/\\\/www.incomsa.ch\\\/fr\\\/#website\"},\"primaryImageOfPage\":{\"@id\":\"https:\\\/\\\/www.incomsa.ch\\\/fr\\\/personalisation\\\/ruban-personalise\\\/#primaryimage\"},\"image\":{\"@id\":\"https:\\\/\\\/www.incomsa.ch\\\/fr\\\/personalisation\\\/ruban-personalise\\\/#primaryimage\"},\"thumbnailUrl\":\"https:\\\/\\\/www.incomsa.ch\\\/wp-content\\\/uploads\\\/2013\\\/09\\\/IMG_1630-1.jpg\",\"datePublished\":\"2013-09-13T07:45:19+00:00\",\"dateModified\":\"2013-09-23T07:42:59+00:00\",\"breadcrumb\":{\"@id\":\"https:\\\/\\\/www.incomsa.ch\\\/fr\\\/personalisation\\\/ruban-personalise\\\/#breadcrumb\"},\"inLanguage\":\"fr-FR\",\"potentialAction\":[{\"@type\":\"ReadAction\",\"target\":[\"https:\\\/\\\/www.incomsa.ch\\\/fr\\\/personalisation\\\/ruban-personalise\\\/\"]}]},{\"@type\":\"ImageObject\",\"inLanguage\":\"fr-FR\",\"@id\":\"https:\\\/\\\/www.incomsa.ch\\\/fr\\\/personalisation\\\/ruban-personalise\\\/#primaryimage\",\"url\":\"https:\\\/\\\/www.incomsa.ch\\\/wp-content\\\/uploads\\\/2013\\\/09\\\/IMG_1630-1.jpg\",\"contentUrl\":\"https:\\\/\\\/www.incomsa.ch\\\/wp-content\\\/uploads\\\/2013\\\/09\\\/IMG_1630-1.jpg\",\"width\":900,\"height\":600},{\"@type\":\"BreadcrumbList\",\"@id\":\"https:\\\/\\\/www.incomsa.ch\\\/fr\\\/personalisation\\\/ruban-personalise\\\/#breadcrumb\",\"itemListElement\":[{\"@type\":\"ListItem\",\"position\":1,\"name\":\"Home\",\"item\":\"https:\\\/\\\/www.incomsa.ch\\\/fr\\\/\"},{\"@type\":\"ListItem\",\"position\":2,\"name\":\"Personalisation\",\"item\":\"https:\\\/\\\/www.incomsa.ch\\\/fr\\\/personalisation\\\/\"},{\"@type\":\"ListItem\",\"position\":3,\"name\":\"Ruban personalis\u00e9\"}]},{\"@type\":\"WebSite\",\"@id\":\"https:\\\/\\\/www.incomsa.ch\\\/fr\\\/#website\",\"url\":\"https:\\\/\\\/www.incomsa.ch\\\/fr\\\/\",\"name\":\"INCOMSA SA - Nastri adesivi, Film estensibili e Imballaggio\",\"description\":\"Nastri adesivi, Film estensibili e Imballaggio\",\"publisher\":{\"@id\":\"https:\\\/\\\/www.incomsa.ch\\\/fr\\\/#organization\"},\"alternateName\":\"Nastri adesivi, Film estensibili e Imballaggio - Svizzara\",\"potentialAction\":[{\"@type\":\"SearchAction\",\"target\":{\"@type\":\"EntryPoint\",\"urlTemplate\":\"https:\\\/\\\/www.incomsa.ch\\\/fr\\\/?s={search_term_string}\"},\"query-input\":{\"@type\":\"PropertyValueSpecification\",\"valueRequired\":true,\"valueName\":\"search_term_string\"}}],\"inLanguage\":\"fr-FR\"},{\"@type\":\"Organization\",\"@id\":\"https:\\\/\\\/www.incomsa.ch\\\/fr\\\/#organization\",\"name\":\"INCOMSA SA - Nastri adesivi, Film estensibili e Imballaggio\",\"alternateName\":\"Nastri adesivi, Film estensibili e Imballaggio - Svizzera\",\"url\":\"https:\\\/\\\/www.incomsa.ch\\\/fr\\\/\",\"logo\":{\"@type\":\"ImageObject\",\"inLanguage\":\"fr-FR\",\"@id\":\"https:\\\/\\\/www.incomsa.ch\\\/fr\\\/#\\\/schema\\\/logo\\\/image\\\/\",\"url\":\"https:\\\/\\\/www.incomsa.ch\\\/wp-content\\\/uploads\\\/2021\\\/06\\\/incomsa-logo.jpg\",\"contentUrl\":\"https:\\\/\\\/www.incomsa.ch\\\/wp-content\\\/uploads\\\/2021\\\/06\\\/incomsa-logo.jpg\",\"width\":1200,\"height\":1200,\"caption\":\"INCOMSA SA - Nastri adesivi, Film estensibili e Imballaggio\"},\"image\":{\"@id\":\"https:\\\/\\\/www.incomsa.ch\\\/fr\\\/#\\\/schema\\\/logo\\\/image\\\/\"}}]}<\/script>\n<!-- \/ Yoast SEO plugin. -->","yoast_head_json":{"title":"Ruban personalis\u00e9 - INCOMSA","robots":{"index":"index","follow":"follow","max-snippet":"max-snippet:-1","max-image-preview":"max-image-preview:large","max-video-preview":"max-video-preview:-1"},"canonical":"https:\/\/www.incomsa.ch\/fr\/personalisation\/ruban-personalise\/","og_locale":"fr_FR","og_type":"article","og_title":"Ruban personalis\u00e9 - INCOMSA","og_description":"Rubans adh\u00e9sifs en PVC\/PP-AC\/PP-H imprim\u00e9s \u00e0 l&rsquo;exigence du client avec texte et\/ou dessin. Ils permettent la personnalisation des emballages de mani\u00e8re \u00e9conomique avec messages promotionnels, adresses, logos, etc. Impression \u00e0 une, deux, trois couleurs.","og_url":"https:\/\/www.incomsa.ch\/fr\/personalisation\/ruban-personalise\/","og_site_name":"INCOMSA","article_modified_time":"2013-09-23T07:42:59+00:00","og_image":[{"width":900,"height":600,"url":"https:\/\/www.incomsa.ch\/wp-content\/uploads\/2013\/09\/IMG_1630-1.jpg","type":"image\/jpeg"}],"twitter_card":"summary_large_image","schema":{"@context":"https:\/\/schema.org","@graph":[{"@type":"WebPage","@id":"https:\/\/www.incomsa.ch\/fr\/personalisation\/ruban-personalise\/","url":"https:\/\/www.incomsa.ch\/fr\/personalisation\/ruban-personalise\/","name":"Ruban personalis\u00e9 - INCOMSA","isPartOf":{"@id":"https:\/\/www.incomsa.ch\/fr\/#website"},"primaryImageOfPage":{"@id":"https:\/\/www.incomsa.ch\/fr\/personalisation\/ruban-personalise\/#primaryimage"},"image":{"@id":"https:\/\/www.incomsa.ch\/fr\/personalisation\/ruban-personalise\/#primaryimage"},"thumbnailUrl":"https:\/\/www.incomsa.ch\/wp-content\/uploads\/2013\/09\/IMG_1630-1.jpg","datePublished":"2013-09-13T07:45:19+00:00","dateModified":"2013-09-23T07:42:59+00:00","breadcrumb":{"@id":"https:\/\/www.incomsa.ch\/fr\/personalisation\/ruban-personalise\/#breadcrumb"},"inLanguage":"fr-FR","potentialAction":[{"@type":"ReadAction","target":["https:\/\/www.incomsa.ch\/fr\/personalisation\/ruban-personalise\/"]}]},{"@type":"ImageObject","inLanguage":"fr-FR","@id":"https:\/\/www.incomsa.ch\/fr\/personalisation\/ruban-personalise\/#primaryimage","url":"https:\/\/www.incomsa.ch\/wp-content\/uploads\/2013\/09\/IMG_1630-1.jpg","contentUrl":"https:\/\/www.incomsa.ch\/wp-content\/uploads\/2013\/09\/IMG_1630-1.jpg","width":900,"height":600},{"@type":"BreadcrumbList","@id":"https:\/\/www.incomsa.ch\/fr\/personalisation\/ruban-personalise\/#breadcrumb","itemListElement":[{"@type":"ListItem","position":1,"name":"Home","item":"https:\/\/www.incomsa.ch\/fr\/"},{"@type":"ListItem","position":2,"name":"Personalisation","item":"https:\/\/www.incomsa.ch\/fr\/personalisation\/"},{"@type":"ListItem","position":3,"name":"Ruban personalis\u00e9"}]},{"@type":"WebSite","@id":"https:\/\/www.incomsa.ch\/fr\/#website","url":"https:\/\/www.incomsa.ch\/fr\/","name":"INCOMSA SA - Nastri adesivi, Film estensibili e Imballaggio","description":"Nastri adesivi, Film estensibili e Imballaggio","publisher":{"@id":"https:\/\/www.incomsa.ch\/fr\/#organization"},"alternateName":"Nastri adesivi, Film estensibili e Imballaggio - Svizzara","potentialAction":[{"@type":"SearchAction","target":{"@type":"EntryPoint","urlTemplate":"https:\/\/www.incomsa.ch\/fr\/?s={search_term_string}"},"query-input":{"@type":"PropertyValueSpecification","valueRequired":true,"valueName":"search_term_string"}}],"inLanguage":"fr-FR"},{"@type":"Organization","@id":"https:\/\/www.incomsa.ch\/fr\/#organization","name":"INCOMSA SA - Nastri adesivi, Film estensibili e Imballaggio","alternateName":"Nastri adesivi, Film estensibili e Imballaggio - Svizzera","url":"https:\/\/www.incomsa.ch\/fr\/","logo":{"@type":"ImageObject","inLanguage":"fr-FR","@id":"https:\/\/www.incomsa.ch\/fr\/#\/schema\/logo\/image\/","url":"https:\/\/www.incomsa.ch\/wp-content\/uploads\/2021\/06\/incomsa-logo.jpg","contentUrl":"https:\/\/www.incomsa.ch\/wp-content\/uploads\/2021\/06\/incomsa-logo.jpg","width":1200,"height":1200,"caption":"INCOMSA SA - Nastri adesivi, Film estensibili e Imballaggio"},"image":{"@id":"https:\/\/www.incomsa.ch\/fr\/#\/schema\/logo\/image\/"}}]}},"_links":{"self":[{"href":"https:\/\/www.incomsa.ch\/fr\/wp-json\/wp\/v2\/pages\/782","targetHints":{"allow":["GET"]}}],"collection":[{"href":"https:\/\/www.incomsa.ch\/fr\/wp-json\/wp\/v2\/pages"}],"about":[{"href":"https:\/\/www.incomsa.ch\/fr\/wp-json\/wp\/v2\/types\/page"}],"author":[{"embeddable":true,"href":"https:\/\/www.incomsa.ch\/fr\/wp-json\/wp\/v2\/users\/3"}],"replies":[{"embeddable":true,"href":"https:\/\/www.incomsa.ch\/fr\/wp-json\/wp\/v2\/comments?post=782"}],"version-history":[{"count":18,"href":"https:\/\/www.incomsa.ch\/fr\/wp-json\/wp\/v2\/pages\/782\/revisions"}],"predecessor-version":[{"id":2180,"href":"https:\/\/www.incomsa.ch\/fr\/wp-json\/wp\/v2\/pages\/782\/revisions\/2180"}],"up":[{"embeddable":true,"href":"https:\/\/www.incomsa.ch\/fr\/wp-json\/wp\/v2\/pages\/3790"}],"wp:featuredmedia":[{"embeddable":true,"href":"https:\/\/www.incomsa.ch\/fr\/wp-json\/wp\/v2\/media\/438"}],"wp:attachment":[{"href":"https:\/\/www.incomsa.ch\/fr\/wp-json\/wp\/v2\/media?parent=782"}],"curies":[{"name":"wp","href":"https:\/\/api.w.org\/{rel}","templated":true}]}}