{"id":801,"date":"2013-09-13T09:47:30","date_gmt":"2013-09-13T07:47:30","guid":{"rendered":"http:\/\/www.incomsa.ch\/produits\/ruban-personnalise\/nastro-di-sbarramento-per-cantieri\/"},"modified":"2013-10-25T10:45:51","modified_gmt":"2013-10-25T08:45:51","slug":"bande-pour-barriere-des-chantiers","status":"publish","type":"page","link":"https:\/\/www.incomsa.ch\/fr\/personalisation\/bande-pour-barriere-des-chantiers\/","title":{"rendered":"Bande pour barri\u00e8re des chantiers"},"content":{"rendered":"<p>Bande en poly\u00e9thyl\u00e8ne pour barri\u00e8re non-adh\u00e9sif, imprim\u00e9 ray\u00e9 blanc \/rouge. Excellente r\u00e9sistance \u00e0 la d\u00e9chirure, est largement utilis\u00e9e pour d\u00e9limiter les sites, les zones avec des travaux en cours et o\u00f9 il est n\u00e9cessaire de signaler l&rsquo;interdiction d&rsquo;acc\u00e8s aux personnes non autoris\u00e9es.<br \/>\nDim.: 80 mm x 200 m<br \/>\nLa variante avec impression personnalis\u00e9e est disponible sur demande.<\/p>\n","protected":false},"excerpt":{"rendered":"<p>Bande en poly\u00e9thyl\u00e8ne pour barri\u00e8re non-adh\u00e9sif, imprim\u00e9 ray\u00e9 blanc \/rouge. Excellente r\u00e9sistance \u00e0 la d\u00e9chirure, est largement utilis\u00e9e pour d\u00e9limiter les sites, les zones avec des travaux en cours et o\u00f9 il est n\u00e9cessaire de signaler l&rsquo;interdiction d&rsquo;acc\u00e8s aux personnes non autoris\u00e9es. Dim.: 80 mm x 200 m La variante avec impression personnalis\u00e9e est disponible  [&#8230;]<\/p>\n","protected":false},"author":3,"featured_media":428,"parent":3790,"menu_order":0,"comment_status":"open","ping_status":"closed","template":"","meta":{"footnotes":""},"class_list":["post-801","page","type-page","status-publish","has-post-thumbnail","hentry"],"yoast_head":"<!-- This site is optimized with the Yoast SEO plugin v27.4 - https:\/\/yoast.com\/product\/yoast-seo-wordpress\/ -->\n<title>Bande pour barri\u00e8re des chantiers  - INCOMSA<\/title>\n<meta name=\"robots\" content=\"index, follow, max-snippet:-1, max-image-preview:large, max-video-preview:-1\" \/>\n<link rel=\"canonical\" href=\"https:\/\/www.incomsa.ch\/fr\/personalisation\/bande-pour-barriere-des-chantiers\/\" \/>\n<meta property=\"og:locale\" content=\"fr_FR\" \/>\n<meta property=\"og:type\" content=\"article\" \/>\n<meta property=\"og:title\" content=\"Bande pour barri\u00e8re des chantiers  - INCOMSA\" \/>\n<meta property=\"og:description\" content=\"Bande en poly\u00e9thyl\u00e8ne pour barri\u00e8re non-adh\u00e9sif, imprim\u00e9 ray\u00e9 blanc \/rouge. Excellente r\u00e9sistance \u00e0 la d\u00e9chirure, est largement utilis\u00e9e pour d\u00e9limiter les sites, les zones avec des travaux en cours et o\u00f9 il est n\u00e9cessaire de signaler l&rsquo;interdiction d&rsquo;acc\u00e8s aux personnes non autoris\u00e9es. Dim.: 80 mm x 200 m La variante avec impression personnalis\u00e9e est disponible [...]\" \/>\n<meta property=\"og:url\" content=\"https:\/\/www.incomsa.ch\/fr\/personalisation\/bande-pour-barriere-des-chantiers\/\" \/>\n<meta property=\"og:site_name\" content=\"INCOMSA\" \/>\n<meta property=\"article:modified_time\" content=\"2013-10-25T08:45:51+00:00\" \/>\n<meta property=\"og:image\" content=\"https:\/\/www.incomsa.ch\/wp-content\/uploads\/2013\/09\/IMG_15631.jpg\" \/>\n\t<meta property=\"og:image:width\" content=\"900\" \/>\n\t<meta property=\"og:image:height\" content=\"600\" \/>\n\t<meta property=\"og:image:type\" content=\"image\/jpeg\" \/>\n<meta name=\"twitter:card\" content=\"summary_large_image\" \/>\n<script type=\"application\/ld+json\" class=\"yoast-schema-graph\">{\"@context\":\"https:\\\/\\\/schema.org\",\"@graph\":[{\"@type\":\"WebPage\",\"@id\":\"https:\\\/\\\/www.incomsa.ch\\\/fr\\\/personalisation\\\/bande-pour-barriere-des-chantiers\\\/\",\"url\":\"https:\\\/\\\/www.incomsa.ch\\\/fr\\\/personalisation\\\/bande-pour-barriere-des-chantiers\\\/\",\"name\":\"Bande pour barri\u00e8re des chantiers - INCOMSA\",\"isPartOf\":{\"@id\":\"https:\\\/\\\/www.incomsa.ch\\\/fr\\\/#website\"},\"primaryImageOfPage\":{\"@id\":\"https:\\\/\\\/www.incomsa.ch\\\/fr\\\/personalisation\\\/bande-pour-barriere-des-chantiers\\\/#primaryimage\"},\"image\":{\"@id\":\"https:\\\/\\\/www.incomsa.ch\\\/fr\\\/personalisation\\\/bande-pour-barriere-des-chantiers\\\/#primaryimage\"},\"thumbnailUrl\":\"https:\\\/\\\/www.incomsa.ch\\\/wp-content\\\/uploads\\\/2013\\\/09\\\/IMG_15631.jpg\",\"datePublished\":\"2013-09-13T07:47:30+00:00\",\"dateModified\":\"2013-10-25T08:45:51+00:00\",\"breadcrumb\":{\"@id\":\"https:\\\/\\\/www.incomsa.ch\\\/fr\\\/personalisation\\\/bande-pour-barriere-des-chantiers\\\/#breadcrumb\"},\"inLanguage\":\"fr-FR\",\"potentialAction\":[{\"@type\":\"ReadAction\",\"target\":[\"https:\\\/\\\/www.incomsa.ch\\\/fr\\\/personalisation\\\/bande-pour-barriere-des-chantiers\\\/\"]}]},{\"@type\":\"ImageObject\",\"inLanguage\":\"fr-FR\",\"@id\":\"https:\\\/\\\/www.incomsa.ch\\\/fr\\\/personalisation\\\/bande-pour-barriere-des-chantiers\\\/#primaryimage\",\"url\":\"https:\\\/\\\/www.incomsa.ch\\\/wp-content\\\/uploads\\\/2013\\\/09\\\/IMG_15631.jpg\",\"contentUrl\":\"https:\\\/\\\/www.incomsa.ch\\\/wp-content\\\/uploads\\\/2013\\\/09\\\/IMG_15631.jpg\",\"width\":900,\"height\":600},{\"@type\":\"BreadcrumbList\",\"@id\":\"https:\\\/\\\/www.incomsa.ch\\\/fr\\\/personalisation\\\/bande-pour-barriere-des-chantiers\\\/#breadcrumb\",\"itemListElement\":[{\"@type\":\"ListItem\",\"position\":1,\"name\":\"Home\",\"item\":\"https:\\\/\\\/www.incomsa.ch\\\/fr\\\/\"},{\"@type\":\"ListItem\",\"position\":2,\"name\":\"Personalisation\",\"item\":\"https:\\\/\\\/www.incomsa.ch\\\/fr\\\/personalisation\\\/\"},{\"@type\":\"ListItem\",\"position\":3,\"name\":\"Bande pour barri\u00e8re des chantiers\"}]},{\"@type\":\"WebSite\",\"@id\":\"https:\\\/\\\/www.incomsa.ch\\\/fr\\\/#website\",\"url\":\"https:\\\/\\\/www.incomsa.ch\\\/fr\\\/\",\"name\":\"INCOMSA SA - Nastri adesivi, Film estensibili e Imballaggio\",\"description\":\"Nastri adesivi, Film estensibili e Imballaggio\",\"publisher\":{\"@id\":\"https:\\\/\\\/www.incomsa.ch\\\/fr\\\/#organization\"},\"alternateName\":\"Nastri adesivi, Film estensibili e Imballaggio - Svizzara\",\"potentialAction\":[{\"@type\":\"SearchAction\",\"target\":{\"@type\":\"EntryPoint\",\"urlTemplate\":\"https:\\\/\\\/www.incomsa.ch\\\/fr\\\/?s={search_term_string}\"},\"query-input\":{\"@type\":\"PropertyValueSpecification\",\"valueRequired\":true,\"valueName\":\"search_term_string\"}}],\"inLanguage\":\"fr-FR\"},{\"@type\":\"Organization\",\"@id\":\"https:\\\/\\\/www.incomsa.ch\\\/fr\\\/#organization\",\"name\":\"INCOMSA SA - Nastri adesivi, Film estensibili e Imballaggio\",\"alternateName\":\"Nastri adesivi, Film estensibili e Imballaggio - Svizzera\",\"url\":\"https:\\\/\\\/www.incomsa.ch\\\/fr\\\/\",\"logo\":{\"@type\":\"ImageObject\",\"inLanguage\":\"fr-FR\",\"@id\":\"https:\\\/\\\/www.incomsa.ch\\\/fr\\\/#\\\/schema\\\/logo\\\/image\\\/\",\"url\":\"https:\\\/\\\/www.incomsa.ch\\\/wp-content\\\/uploads\\\/2021\\\/06\\\/incomsa-logo.jpg\",\"contentUrl\":\"https:\\\/\\\/www.incomsa.ch\\\/wp-content\\\/uploads\\\/2021\\\/06\\\/incomsa-logo.jpg\",\"width\":1200,\"height\":1200,\"caption\":\"INCOMSA SA - Nastri adesivi, Film estensibili e Imballaggio\"},\"image\":{\"@id\":\"https:\\\/\\\/www.incomsa.ch\\\/fr\\\/#\\\/schema\\\/logo\\\/image\\\/\"}}]}<\/script>\n<!-- \/ Yoast SEO plugin. -->","yoast_head_json":{"title":"Bande pour barri\u00e8re des chantiers  - INCOMSA","robots":{"index":"index","follow":"follow","max-snippet":"max-snippet:-1","max-image-preview":"max-image-preview:large","max-video-preview":"max-video-preview:-1"},"canonical":"https:\/\/www.incomsa.ch\/fr\/personalisation\/bande-pour-barriere-des-chantiers\/","og_locale":"fr_FR","og_type":"article","og_title":"Bande pour barri\u00e8re des chantiers  - INCOMSA","og_description":"Bande en poly\u00e9thyl\u00e8ne pour barri\u00e8re non-adh\u00e9sif, imprim\u00e9 ray\u00e9 blanc \/rouge. Excellente r\u00e9sistance \u00e0 la d\u00e9chirure, est largement utilis\u00e9e pour d\u00e9limiter les sites, les zones avec des travaux en cours et o\u00f9 il est n\u00e9cessaire de signaler l&rsquo;interdiction d&rsquo;acc\u00e8s aux personnes non autoris\u00e9es. Dim.: 80 mm x 200 m La variante avec impression personnalis\u00e9e est disponible [...]","og_url":"https:\/\/www.incomsa.ch\/fr\/personalisation\/bande-pour-barriere-des-chantiers\/","og_site_name":"INCOMSA","article_modified_time":"2013-10-25T08:45:51+00:00","og_image":[{"width":900,"height":600,"url":"https:\/\/www.incomsa.ch\/wp-content\/uploads\/2013\/09\/IMG_15631.jpg","type":"image\/jpeg"}],"twitter_card":"summary_large_image","schema":{"@context":"https:\/\/schema.org","@graph":[{"@type":"WebPage","@id":"https:\/\/www.incomsa.ch\/fr\/personalisation\/bande-pour-barriere-des-chantiers\/","url":"https:\/\/www.incomsa.ch\/fr\/personalisation\/bande-pour-barriere-des-chantiers\/","name":"Bande pour barri\u00e8re des chantiers - INCOMSA","isPartOf":{"@id":"https:\/\/www.incomsa.ch\/fr\/#website"},"primaryImageOfPage":{"@id":"https:\/\/www.incomsa.ch\/fr\/personalisation\/bande-pour-barriere-des-chantiers\/#primaryimage"},"image":{"@id":"https:\/\/www.incomsa.ch\/fr\/personalisation\/bande-pour-barriere-des-chantiers\/#primaryimage"},"thumbnailUrl":"https:\/\/www.incomsa.ch\/wp-content\/uploads\/2013\/09\/IMG_15631.jpg","datePublished":"2013-09-13T07:47:30+00:00","dateModified":"2013-10-25T08:45:51+00:00","breadcrumb":{"@id":"https:\/\/www.incomsa.ch\/fr\/personalisation\/bande-pour-barriere-des-chantiers\/#breadcrumb"},"inLanguage":"fr-FR","potentialAction":[{"@type":"ReadAction","target":["https:\/\/www.incomsa.ch\/fr\/personalisation\/bande-pour-barriere-des-chantiers\/"]}]},{"@type":"ImageObject","inLanguage":"fr-FR","@id":"https:\/\/www.incomsa.ch\/fr\/personalisation\/bande-pour-barriere-des-chantiers\/#primaryimage","url":"https:\/\/www.incomsa.ch\/wp-content\/uploads\/2013\/09\/IMG_15631.jpg","contentUrl":"https:\/\/www.incomsa.ch\/wp-content\/uploads\/2013\/09\/IMG_15631.jpg","width":900,"height":600},{"@type":"BreadcrumbList","@id":"https:\/\/www.incomsa.ch\/fr\/personalisation\/bande-pour-barriere-des-chantiers\/#breadcrumb","itemListElement":[{"@type":"ListItem","position":1,"name":"Home","item":"https:\/\/www.incomsa.ch\/fr\/"},{"@type":"ListItem","position":2,"name":"Personalisation","item":"https:\/\/www.incomsa.ch\/fr\/personalisation\/"},{"@type":"ListItem","position":3,"name":"Bande pour barri\u00e8re des chantiers"}]},{"@type":"WebSite","@id":"https:\/\/www.incomsa.ch\/fr\/#website","url":"https:\/\/www.incomsa.ch\/fr\/","name":"INCOMSA SA - Nastri adesivi, Film estensibili e Imballaggio","description":"Nastri adesivi, Film estensibili e Imballaggio","publisher":{"@id":"https:\/\/www.incomsa.ch\/fr\/#organization"},"alternateName":"Nastri adesivi, Film estensibili e Imballaggio - Svizzara","potentialAction":[{"@type":"SearchAction","target":{"@type":"EntryPoint","urlTemplate":"https:\/\/www.incomsa.ch\/fr\/?s={search_term_string}"},"query-input":{"@type":"PropertyValueSpecification","valueRequired":true,"valueName":"search_term_string"}}],"inLanguage":"fr-FR"},{"@type":"Organization","@id":"https:\/\/www.incomsa.ch\/fr\/#organization","name":"INCOMSA SA - Nastri adesivi, Film estensibili e Imballaggio","alternateName":"Nastri adesivi, Film estensibili e Imballaggio - Svizzera","url":"https:\/\/www.incomsa.ch\/fr\/","logo":{"@type":"ImageObject","inLanguage":"fr-FR","@id":"https:\/\/www.incomsa.ch\/fr\/#\/schema\/logo\/image\/","url":"https:\/\/www.incomsa.ch\/wp-content\/uploads\/2021\/06\/incomsa-logo.jpg","contentUrl":"https:\/\/www.incomsa.ch\/wp-content\/uploads\/2021\/06\/incomsa-logo.jpg","width":1200,"height":1200,"caption":"INCOMSA SA - Nastri adesivi, Film estensibili e Imballaggio"},"image":{"@id":"https:\/\/www.incomsa.ch\/fr\/#\/schema\/logo\/image\/"}}]}},"_links":{"self":[{"href":"https:\/\/www.incomsa.ch\/fr\/wp-json\/wp\/v2\/pages\/801","targetHints":{"allow":["GET"]}}],"collection":[{"href":"https:\/\/www.incomsa.ch\/fr\/wp-json\/wp\/v2\/pages"}],"about":[{"href":"https:\/\/www.incomsa.ch\/fr\/wp-json\/wp\/v2\/types\/page"}],"author":[{"embeddable":true,"href":"https:\/\/www.incomsa.ch\/fr\/wp-json\/wp\/v2\/users\/3"}],"replies":[{"embeddable":true,"href":"https:\/\/www.incomsa.ch\/fr\/wp-json\/wp\/v2\/comments?post=801"}],"version-history":[{"count":12,"href":"https:\/\/www.incomsa.ch\/fr\/wp-json\/wp\/v2\/pages\/801\/revisions"}],"predecessor-version":[{"id":2383,"href":"https:\/\/www.incomsa.ch\/fr\/wp-json\/wp\/v2\/pages\/801\/revisions\/2383"}],"up":[{"embeddable":true,"href":"https:\/\/www.incomsa.ch\/fr\/wp-json\/wp\/v2\/pages\/3790"}],"wp:featuredmedia":[{"embeddable":true,"href":"https:\/\/www.incomsa.ch\/fr\/wp-json\/wp\/v2\/media\/428"}],"wp:attachment":[{"href":"https:\/\/www.incomsa.ch\/fr\/wp-json\/wp\/v2\/media?parent=801"}],"curies":[{"name":"wp","href":"https:\/\/api.w.org\/{rel}","templated":true}]}}