{"id":866,"date":"2013-09-13T10:09:53","date_gmt":"2013-09-13T08:09:53","guid":{"rendered":"http:\/\/www.incomsa.ch\/produits\/ruban-en-papier\/nastro-per-carrozzeria\/"},"modified":"2013-09-23T09:48:34","modified_gmt":"2013-09-23T07:48:34","slug":"ruban-en-papier-pour-la-carrosserie","status":"publish","type":"page","link":"https:\/\/www.incomsa.ch\/fr\/rubans\/carrosserie\/ruban-en-papier-pour-la-carrosserie\/","title":{"rendered":"Ruban en papier pour la carrosserie"},"content":{"rendered":"<p>Ruban en papier impr\u00e9gn\u00e9, l\u00e9g\u00e8rement cr\u00eap\u00e9, indiqu\u00e9 pour masquage de surfaces lisses pour toutes op\u00e9rations de peinture, notamment dans l&rsquo;industrie de l&rsquo;automobile. S\u00e9chage au four jusqu&rsquo;\u00e0 80\u00b0C. Il s&rsquo;enl\u00e8ve sans traces apr\u00e8s refroidissement.<\/p>\n","protected":false},"excerpt":{"rendered":"<p>Ruban en papier impr\u00e9gn\u00e9, l\u00e9g\u00e8rement cr\u00eap\u00e9, indiqu\u00e9 pour masquage de surfaces lisses pour toutes op\u00e9rations de peinture, notamment dans l&rsquo;industrie de l&rsquo;automobile. S\u00e9chage au four jusqu&rsquo;\u00e0 80\u00b0C. Il s&rsquo;enl\u00e8ve sans traces apr\u00e8s refroidissement.<\/p>\n","protected":false},"author":3,"featured_media":3305,"parent":3773,"menu_order":0,"comment_status":"open","ping_status":"closed","template":"","meta":{"footnotes":""},"class_list":["post-866","page","type-page","status-publish","has-post-thumbnail","hentry"],"yoast_head":"<!-- This site is optimized with the Yoast SEO plugin v27.3 - https:\/\/yoast.com\/product\/yoast-seo-wordpress\/ -->\n<title>Ruban en papier pour la carrosserie - INCOMSA<\/title>\n<meta name=\"robots\" content=\"index, follow, max-snippet:-1, max-image-preview:large, max-video-preview:-1\" \/>\n<link rel=\"canonical\" href=\"https:\/\/www.incomsa.ch\/fr\/rubans\/carrosserie\/ruban-en-papier-pour-la-carrosserie\/\" \/>\n<meta property=\"og:locale\" content=\"fr_FR\" \/>\n<meta property=\"og:type\" content=\"article\" \/>\n<meta property=\"og:title\" content=\"Ruban en papier pour la carrosserie - INCOMSA\" \/>\n<meta property=\"og:description\" content=\"Ruban en papier impr\u00e9gn\u00e9, l\u00e9g\u00e8rement cr\u00eap\u00e9, indiqu\u00e9 pour masquage de surfaces lisses pour toutes op\u00e9rations de peinture, notamment dans l&rsquo;industrie de l&rsquo;automobile. S\u00e9chage au four jusqu&rsquo;\u00e0 80\u00b0C. Il s&rsquo;enl\u00e8ve sans traces apr\u00e8s refroidissement.\" \/>\n<meta property=\"og:url\" content=\"https:\/\/www.incomsa.ch\/fr\/rubans\/carrosserie\/ruban-en-papier-pour-la-carrosserie\/\" \/>\n<meta property=\"og:site_name\" content=\"INCOMSA\" \/>\n<meta property=\"article:modified_time\" content=\"2013-09-23T07:48:34+00:00\" \/>\n<meta property=\"og:image\" content=\"https:\/\/www.incomsa.ch\/wp-content\/uploads\/2013\/09\/IMG_14851.jpg\" \/>\n\t<meta property=\"og:image:width\" content=\"900\" \/>\n\t<meta property=\"og:image:height\" content=\"600\" \/>\n\t<meta property=\"og:image:type\" content=\"image\/jpeg\" \/>\n<meta name=\"twitter:card\" content=\"summary_large_image\" \/>\n<script type=\"application\/ld+json\" class=\"yoast-schema-graph\">{\"@context\":\"https:\\\/\\\/schema.org\",\"@graph\":[{\"@type\":\"WebPage\",\"@id\":\"https:\\\/\\\/www.incomsa.ch\\\/fr\\\/rubans\\\/carrosserie\\\/ruban-en-papier-pour-la-carrosserie\\\/\",\"url\":\"https:\\\/\\\/www.incomsa.ch\\\/fr\\\/rubans\\\/carrosserie\\\/ruban-en-papier-pour-la-carrosserie\\\/\",\"name\":\"Ruban en papier pour la carrosserie - INCOMSA\",\"isPartOf\":{\"@id\":\"https:\\\/\\\/www.incomsa.ch\\\/fr\\\/#website\"},\"primaryImageOfPage\":{\"@id\":\"https:\\\/\\\/www.incomsa.ch\\\/fr\\\/rubans\\\/carrosserie\\\/ruban-en-papier-pour-la-carrosserie\\\/#primaryimage\"},\"image\":{\"@id\":\"https:\\\/\\\/www.incomsa.ch\\\/fr\\\/rubans\\\/carrosserie\\\/ruban-en-papier-pour-la-carrosserie\\\/#primaryimage\"},\"thumbnailUrl\":\"https:\\\/\\\/www.incomsa.ch\\\/wp-content\\\/uploads\\\/2013\\\/09\\\/IMG_14851.jpg\",\"datePublished\":\"2013-09-13T08:09:53+00:00\",\"dateModified\":\"2013-09-23T07:48:34+00:00\",\"breadcrumb\":{\"@id\":\"https:\\\/\\\/www.incomsa.ch\\\/fr\\\/rubans\\\/carrosserie\\\/ruban-en-papier-pour-la-carrosserie\\\/#breadcrumb\"},\"inLanguage\":\"fr-FR\",\"potentialAction\":[{\"@type\":\"ReadAction\",\"target\":[\"https:\\\/\\\/www.incomsa.ch\\\/fr\\\/rubans\\\/carrosserie\\\/ruban-en-papier-pour-la-carrosserie\\\/\"]}]},{\"@type\":\"ImageObject\",\"inLanguage\":\"fr-FR\",\"@id\":\"https:\\\/\\\/www.incomsa.ch\\\/fr\\\/rubans\\\/carrosserie\\\/ruban-en-papier-pour-la-carrosserie\\\/#primaryimage\",\"url\":\"https:\\\/\\\/www.incomsa.ch\\\/wp-content\\\/uploads\\\/2013\\\/09\\\/IMG_14851.jpg\",\"contentUrl\":\"https:\\\/\\\/www.incomsa.ch\\\/wp-content\\\/uploads\\\/2013\\\/09\\\/IMG_14851.jpg\",\"width\":900,\"height\":600},{\"@type\":\"BreadcrumbList\",\"@id\":\"https:\\\/\\\/www.incomsa.ch\\\/fr\\\/rubans\\\/carrosserie\\\/ruban-en-papier-pour-la-carrosserie\\\/#breadcrumb\",\"itemListElement\":[{\"@type\":\"ListItem\",\"position\":1,\"name\":\"Home\",\"item\":\"https:\\\/\\\/www.incomsa.ch\\\/fr\\\/\"},{\"@type\":\"ListItem\",\"position\":2,\"name\":\"RUBAN ADH\u00c9SIF\",\"item\":\"https:\\\/\\\/www.incomsa.ch\\\/fr\\\/rubans\\\/\"},{\"@type\":\"ListItem\",\"position\":3,\"name\":\"Carrosserie\",\"item\":\"https:\\\/\\\/www.incomsa.ch\\\/fr\\\/rubans\\\/carrosserie\\\/\"},{\"@type\":\"ListItem\",\"position\":4,\"name\":\"Ruban en papier pour la carrosserie\"}]},{\"@type\":\"WebSite\",\"@id\":\"https:\\\/\\\/www.incomsa.ch\\\/fr\\\/#website\",\"url\":\"https:\\\/\\\/www.incomsa.ch\\\/fr\\\/\",\"name\":\"INCOMSA SA - Nastri adesivi, Film estensibili e Imballaggio\",\"description\":\"Nastri adesivi, Film estensibili e Imballaggio\",\"publisher\":{\"@id\":\"https:\\\/\\\/www.incomsa.ch\\\/fr\\\/#organization\"},\"alternateName\":\"Nastri adesivi, Film estensibili e Imballaggio - Svizzara\",\"potentialAction\":[{\"@type\":\"SearchAction\",\"target\":{\"@type\":\"EntryPoint\",\"urlTemplate\":\"https:\\\/\\\/www.incomsa.ch\\\/fr\\\/?s={search_term_string}\"},\"query-input\":{\"@type\":\"PropertyValueSpecification\",\"valueRequired\":true,\"valueName\":\"search_term_string\"}}],\"inLanguage\":\"fr-FR\"},{\"@type\":\"Organization\",\"@id\":\"https:\\\/\\\/www.incomsa.ch\\\/fr\\\/#organization\",\"name\":\"INCOMSA SA - Nastri adesivi, Film estensibili e Imballaggio\",\"alternateName\":\"Nastri adesivi, Film estensibili e Imballaggio - Svizzera\",\"url\":\"https:\\\/\\\/www.incomsa.ch\\\/fr\\\/\",\"logo\":{\"@type\":\"ImageObject\",\"inLanguage\":\"fr-FR\",\"@id\":\"https:\\\/\\\/www.incomsa.ch\\\/fr\\\/#\\\/schema\\\/logo\\\/image\\\/\",\"url\":\"https:\\\/\\\/www.incomsa.ch\\\/wp-content\\\/uploads\\\/2021\\\/06\\\/incomsa-logo.jpg\",\"contentUrl\":\"https:\\\/\\\/www.incomsa.ch\\\/wp-content\\\/uploads\\\/2021\\\/06\\\/incomsa-logo.jpg\",\"width\":1200,\"height\":1200,\"caption\":\"INCOMSA SA - Nastri adesivi, Film estensibili e Imballaggio\"},\"image\":{\"@id\":\"https:\\\/\\\/www.incomsa.ch\\\/fr\\\/#\\\/schema\\\/logo\\\/image\\\/\"}}]}<\/script>\n<!-- \/ Yoast SEO plugin. -->","yoast_head_json":{"title":"Ruban en papier pour la carrosserie - INCOMSA","robots":{"index":"index","follow":"follow","max-snippet":"max-snippet:-1","max-image-preview":"max-image-preview:large","max-video-preview":"max-video-preview:-1"},"canonical":"https:\/\/www.incomsa.ch\/fr\/rubans\/carrosserie\/ruban-en-papier-pour-la-carrosserie\/","og_locale":"fr_FR","og_type":"article","og_title":"Ruban en papier pour la carrosserie - INCOMSA","og_description":"Ruban en papier impr\u00e9gn\u00e9, l\u00e9g\u00e8rement cr\u00eap\u00e9, indiqu\u00e9 pour masquage de surfaces lisses pour toutes op\u00e9rations de peinture, notamment dans l&rsquo;industrie de l&rsquo;automobile. S\u00e9chage au four jusqu&rsquo;\u00e0 80\u00b0C. Il s&rsquo;enl\u00e8ve sans traces apr\u00e8s refroidissement.","og_url":"https:\/\/www.incomsa.ch\/fr\/rubans\/carrosserie\/ruban-en-papier-pour-la-carrosserie\/","og_site_name":"INCOMSA","article_modified_time":"2013-09-23T07:48:34+00:00","og_image":[{"width":900,"height":600,"url":"https:\/\/www.incomsa.ch\/wp-content\/uploads\/2013\/09\/IMG_14851.jpg","type":"image\/jpeg"}],"twitter_card":"summary_large_image","schema":{"@context":"https:\/\/schema.org","@graph":[{"@type":"WebPage","@id":"https:\/\/www.incomsa.ch\/fr\/rubans\/carrosserie\/ruban-en-papier-pour-la-carrosserie\/","url":"https:\/\/www.incomsa.ch\/fr\/rubans\/carrosserie\/ruban-en-papier-pour-la-carrosserie\/","name":"Ruban en papier pour la carrosserie - INCOMSA","isPartOf":{"@id":"https:\/\/www.incomsa.ch\/fr\/#website"},"primaryImageOfPage":{"@id":"https:\/\/www.incomsa.ch\/fr\/rubans\/carrosserie\/ruban-en-papier-pour-la-carrosserie\/#primaryimage"},"image":{"@id":"https:\/\/www.incomsa.ch\/fr\/rubans\/carrosserie\/ruban-en-papier-pour-la-carrosserie\/#primaryimage"},"thumbnailUrl":"https:\/\/www.incomsa.ch\/wp-content\/uploads\/2013\/09\/IMG_14851.jpg","datePublished":"2013-09-13T08:09:53+00:00","dateModified":"2013-09-23T07:48:34+00:00","breadcrumb":{"@id":"https:\/\/www.incomsa.ch\/fr\/rubans\/carrosserie\/ruban-en-papier-pour-la-carrosserie\/#breadcrumb"},"inLanguage":"fr-FR","potentialAction":[{"@type":"ReadAction","target":["https:\/\/www.incomsa.ch\/fr\/rubans\/carrosserie\/ruban-en-papier-pour-la-carrosserie\/"]}]},{"@type":"ImageObject","inLanguage":"fr-FR","@id":"https:\/\/www.incomsa.ch\/fr\/rubans\/carrosserie\/ruban-en-papier-pour-la-carrosserie\/#primaryimage","url":"https:\/\/www.incomsa.ch\/wp-content\/uploads\/2013\/09\/IMG_14851.jpg","contentUrl":"https:\/\/www.incomsa.ch\/wp-content\/uploads\/2013\/09\/IMG_14851.jpg","width":900,"height":600},{"@type":"BreadcrumbList","@id":"https:\/\/www.incomsa.ch\/fr\/rubans\/carrosserie\/ruban-en-papier-pour-la-carrosserie\/#breadcrumb","itemListElement":[{"@type":"ListItem","position":1,"name":"Home","item":"https:\/\/www.incomsa.ch\/fr\/"},{"@type":"ListItem","position":2,"name":"RUBAN ADH\u00c9SIF","item":"https:\/\/www.incomsa.ch\/fr\/rubans\/"},{"@type":"ListItem","position":3,"name":"Carrosserie","item":"https:\/\/www.incomsa.ch\/fr\/rubans\/carrosserie\/"},{"@type":"ListItem","position":4,"name":"Ruban en papier pour la carrosserie"}]},{"@type":"WebSite","@id":"https:\/\/www.incomsa.ch\/fr\/#website","url":"https:\/\/www.incomsa.ch\/fr\/","name":"INCOMSA SA - Nastri adesivi, Film estensibili e Imballaggio","description":"Nastri adesivi, Film estensibili e Imballaggio","publisher":{"@id":"https:\/\/www.incomsa.ch\/fr\/#organization"},"alternateName":"Nastri adesivi, Film estensibili e Imballaggio - Svizzara","potentialAction":[{"@type":"SearchAction","target":{"@type":"EntryPoint","urlTemplate":"https:\/\/www.incomsa.ch\/fr\/?s={search_term_string}"},"query-input":{"@type":"PropertyValueSpecification","valueRequired":true,"valueName":"search_term_string"}}],"inLanguage":"fr-FR"},{"@type":"Organization","@id":"https:\/\/www.incomsa.ch\/fr\/#organization","name":"INCOMSA SA - Nastri adesivi, Film estensibili e Imballaggio","alternateName":"Nastri adesivi, Film estensibili e Imballaggio - Svizzera","url":"https:\/\/www.incomsa.ch\/fr\/","logo":{"@type":"ImageObject","inLanguage":"fr-FR","@id":"https:\/\/www.incomsa.ch\/fr\/#\/schema\/logo\/image\/","url":"https:\/\/www.incomsa.ch\/wp-content\/uploads\/2021\/06\/incomsa-logo.jpg","contentUrl":"https:\/\/www.incomsa.ch\/wp-content\/uploads\/2021\/06\/incomsa-logo.jpg","width":1200,"height":1200,"caption":"INCOMSA SA - Nastri adesivi, Film estensibili e Imballaggio"},"image":{"@id":"https:\/\/www.incomsa.ch\/fr\/#\/schema\/logo\/image\/"}}]}},"_links":{"self":[{"href":"https:\/\/www.incomsa.ch\/fr\/wp-json\/wp\/v2\/pages\/866","targetHints":{"allow":["GET"]}}],"collection":[{"href":"https:\/\/www.incomsa.ch\/fr\/wp-json\/wp\/v2\/pages"}],"about":[{"href":"https:\/\/www.incomsa.ch\/fr\/wp-json\/wp\/v2\/types\/page"}],"author":[{"embeddable":true,"href":"https:\/\/www.incomsa.ch\/fr\/wp-json\/wp\/v2\/users\/3"}],"replies":[{"embeddable":true,"href":"https:\/\/www.incomsa.ch\/fr\/wp-json\/wp\/v2\/comments?post=866"}],"version-history":[{"count":11,"href":"https:\/\/www.incomsa.ch\/fr\/wp-json\/wp\/v2\/pages\/866\/revisions"}],"predecessor-version":[{"id":1081,"href":"https:\/\/www.incomsa.ch\/fr\/wp-json\/wp\/v2\/pages\/866\/revisions\/1081"}],"up":[{"embeddable":true,"href":"https:\/\/www.incomsa.ch\/fr\/wp-json\/wp\/v2\/pages\/3773"}],"wp:featuredmedia":[{"embeddable":true,"href":"https:\/\/www.incomsa.ch\/fr\/wp-json\/wp\/v2\/media\/3305"}],"wp:attachment":[{"href":"https:\/\/www.incomsa.ch\/fr\/wp-json\/wp\/v2\/media?parent=866"}],"curies":[{"name":"wp","href":"https:\/\/api.w.org\/{rel}","templated":true}]}}